{"id":58069,"date":"2021-08-25T14:14:40","date_gmt":"2021-08-25T11:14:40","guid":{"rendered":"http:\/\/www.xn--tuksimaailm-ffb.ee\/shop\/joyride-pneumatic-tyre-puncture-resistant-tyre-10x2\/"},"modified":"2021-08-25T14:14:40","modified_gmt":"2021-08-25T11:14:40","slug":"joyride-pneumatic-tyre-puncture-resistant-tyre-10x2","status":"publish","type":"product","link":"https:\/\/www.xn--tuksimaailm-ffb.ee\/en\/product\/joyride-pneumatic-tyre-puncture-resistant-tyre-10x2\/","title":{"rendered":"Joyride pneumatic tyre - puncture resistant tyre 10x2\""},"content":{"rendered":"<p><b><strong>Joyride <\/strong><\/b>Honeycomb tyre (solid) - puncture resistant tyre <b><strong>10x2\"<\/strong><\/b>. Suitable for replacement of <b><strong>pneumatic tyres<\/strong><\/b> (outer and inner) and all <b><strong>10\"<\/strong><\/b> pneumatic tyres <b><strong>.<\/strong><\/b> Very well suited to replace <b><strong>10x2\"<\/strong><\/b>, <b><strong>10x2.125<\/strong><\/b> \" and <b><strong>10x2.25<\/strong><\/b> \" tyres. The inner <b><strong>width<\/strong><\/b>(the part that sits on the rim) of this solid tyre <b><strong>is 35 mm.<\/strong><\/b> The puncture resistant bead tyre is suitable for all electric scooters with original <b><strong>10\" <\/strong><\/b>tyres, including the following popular electric scooters: <b><strong>Gpad Joyride<\/strong><\/b> (<b><strong>Eco<\/strong><\/b>, <b><strong>Max<\/strong><\/b> and <b><strong>Fix<\/strong><\/b>), <b><strong>Joyor X1<\/strong><\/b>. The electric scooter bead tyre is the solution when the pneumatic tyres tend to puncture too often and the constant tyre replacement is tiring. If you are struggling to <a href=\"https:\/\/www.youtube.com\/watch?v=PlW6PiG1asY\">fit an<\/a> electric scooter <a href=\"https:\/\/www.youtube.com\/watch?v=PlW6PiG1asY\">tyre<\/a> on your own, our <a href=\"http:\/\/www.xn--tuksimaailm-ffb.ee\/elektrilise-toukeratta-remont\/\">workshop<\/a> specialising in electric scooters can help. You can read more about pneumatic VS solid tyres in our <a href=\"http:\/\/www.xn--tuksimaailm-ffb.ee\/ohkrehv-vs-purunemiskindel-taiskumm\/\">blog post<\/a>.<\/p>\n","protected":false},"excerpt":{"rendered":"<p>Joyride Honeycomb tyre (solid) - puncture resistant tyre 10x2\". Suitable for replacement of pneumatic tyres (outer and inner) and all 10\" pneumatic tyres . Very well suited to replace 10x2\", 10x2.125 \" and 10x2.25 \" tyres. The inner width(the part that sits on the rim) of this solid tyre is &hellip;<\/p>\n","protected":false},"featured_media":57731,"template":"","meta":[],"product_brand":[],"product_cat":[726],"product_tag":[],"filter_elektritoukeratas":[2686,2687,2730,2732,2610,2705,2704,2706,2697,2714,2715,2717,2726,2724,2679,2668,2755,2694,2695,2693,2691,2692,2646,2750],"class_list":{"0":"post-58069","1":"product","2":"type-product","3":"status-publish","4":"has-post-thumbnail","6":"product_cat-spare-parts","7":"pa_tootetuup-solid-tyres-honeycomb-tyres","8":"filter_elektritoukeratas-ft_blaupunkt_esc808","9":"filter_elektritoukeratas-ft_blaupunkt_esc910","10":"filter_elektritoukeratas-ft_dualtron_eagle","11":"filter_elektritoukeratas-ft_dualtron_spider","12":"filter_elektritoukeratas-ft_dualtron_victor","13":"filter_elektritoukeratas-ft_gpad_foxen","14":"filter_elektritoukeratas-ft_gpad_joyride","15":"filter_elektritoukeratas-ft_gpad_storm","16":"filter_elektritoukeratas-ft_hx_x7","17":"filter_elektritoukeratas-ft_inokim_ox_eco_hero_super","18":"filter_elektritoukeratas-ft_inokim_oxo","19":"filter_elektritoukeratas-ft_joyor_x1_x5s","20":"filter_elektritoukeratas-ft_kaabo_mantis_10","21":"filter_elektritoukeratas-ft_kaabo_skywalker","22":"filter_elektritoukeratas-ft_kugoo_g1","23":"filter_elektritoukeratas-ft_kugoo_m4_m4_pro","24":"filter_elektritoukeratas-ft_techlife_x7_x7_lite_x7s","25":"filter_elektritoukeratas-ft_velt_smart_eco","26":"filter_elektritoukeratas-ft_velt_smart_pro","27":"filter_elektritoukeratas-ft_velt_smart_x7","28":"filter_elektritoukeratas-ft_velt_smart_x8","29":"filter_elektritoukeratas-ft_velt_smart_x8_pro","30":"filter_elektritoukeratas-ft_vsett_10_plus","31":"filter_elektritoukeratas-ft_zero_10x","33":"first","34":"instock","35":"taxable","36":"shipping-taxable","37":"purchasable","38":"product-type-simple"},"yoast_head":"<!-- This site is optimized with the Yoast SEO Premium plugin v26.8 (Yoast SEO v27.5) - https:\/\/yoast.com\/product\/yoast-seo-premium-wordpress\/ -->\n<title>Joyride pneumatic tyre - puncture resistant tyre 10x2&quot; &#8212; T\u00f5uksimaailm<\/title>\n<meta name=\"description\" content=\"Joyride honeycomb tyre - 10x2&quot; puncture resistant tyre (solid) - 10x2&quot; puncture resistant tyre (60\/70-6.5). Suitable for Ninebot Max G30, Gpad Joyride.\" \/>\n<meta name=\"robots\" content=\"index, follow, max-snippet:-1, max-image-preview:large, max-video-preview:-1\" \/>\n<link rel=\"canonical\" href=\"https:\/\/www.xn--tuksimaailm-ffb.ee\/en\/product\/joyride-pneumatic-tyre-puncture-resistant-tyre-10x2\/\" \/>\n<meta property=\"og:locale\" content=\"en_US\" \/>\n<meta property=\"og:type\" content=\"article\" \/>\n<meta property=\"og:title\" content=\"Joyride pneumatic tyre - puncture resistant tyre 10x2&quot;\" \/>\n<meta property=\"og:description\" content=\"Joyride honeycomb tyre - 10x2&quot; puncture resistant tyre (solid) - 10x2&quot; puncture resistant tyre (60\/70-6.5). Suitable for Ninebot Max G30, Gpad Joyride.\" \/>\n<meta property=\"og:url\" content=\"https:\/\/www.xn--tuksimaailm-ffb.ee\/en\/product\/joyride-pneumatic-tyre-puncture-resistant-tyre-10x2\/\" \/>\n<meta property=\"og:site_name\" content=\"T\u00f5uksimaailm\" \/>\n<meta property=\"article:publisher\" content=\"https:\/\/www.facebook.com\/touksimaailm\/\" \/>\n<meta property=\"og:image\" content=\"https:\/\/www.xn--tuksimaailm-ffb.ee\/wp-content\/uploads\/2021\/08\/Screenshot-2025-02-18-130656.webp\" \/>\n\t<meta property=\"og:image:width\" content=\"1279\" \/>\n\t<meta property=\"og:image:height\" content=\"1014\" \/>\n\t<meta property=\"og:image:type\" content=\"image\/webp\" \/>\n<meta name=\"twitter:card\" content=\"summary_large_image\" \/>\n<meta name=\"twitter:label1\" content=\"Price\" \/>\n\t<meta name=\"twitter:data1\" content=\"&euro;28.00\" \/>\n\t<meta name=\"twitter:label2\" content=\"Availability\" \/>\n\t<meta name=\"twitter:data2\" content=\"In stock\" \/>\n<meta property=\"product:price:amount\" content=\"28.00\" \/>\n<meta property=\"product:price:currency\" content=\"EUR\" \/>\n<meta property=\"og:availability\" content=\"instock\" \/>\n<meta property=\"product:availability\" content=\"instock\" \/>\n<meta property=\"product:condition\" content=\"new\" \/>\n<!-- \/ Yoast SEO Premium plugin. -->","yoast_head_json":{"title":"Joyride pneumatic tyre - puncture resistant tyre 10x2\" &#8212; T\u00f5uksimaailm","description":"Joyride honeycomb tyre - 10x2\" puncture resistant tyre (solid) - 10x2\" puncture resistant tyre (60\/70-6.5). Suitable for Ninebot Max G30, Gpad Joyride.","robots":{"index":"index","follow":"follow","max-snippet":"max-snippet:-1","max-image-preview":"max-image-preview:large","max-video-preview":"max-video-preview:-1"},"canonical":"https:\/\/www.xn--tuksimaailm-ffb.ee\/en\/product\/joyride-pneumatic-tyre-puncture-resistant-tyre-10x2\/","og_locale":"en_US","og_type":"article","og_title":"Joyride pneumatic tyre - puncture resistant tyre 10x2\"","og_description":"Joyride honeycomb tyre - 10x2\" puncture resistant tyre (solid) - 10x2\" puncture resistant tyre (60\/70-6.5). Suitable for Ninebot Max G30, Gpad Joyride.","og_url":"https:\/\/www.xn--tuksimaailm-ffb.ee\/en\/product\/joyride-pneumatic-tyre-puncture-resistant-tyre-10x2\/","og_site_name":"T\u00f5uksimaailm","article_publisher":"https:\/\/www.facebook.com\/touksimaailm\/","og_image":[{"width":1279,"height":1014,"url":"https:\/\/www.xn--tuksimaailm-ffb.ee\/wp-content\/uploads\/2021\/08\/Screenshot-2025-02-18-130656.webp","type":"image\/webp"}],"twitter_card":"summary_large_image","twitter_misc":{"Price":"&euro;28.00","Availability":"In stock"},"schema":{"@context":"https:\/\/schema.org","@graph":[{"@type":"WebPage","@id":"https:\/\/www.xn--tuksimaailm-ffb.ee\/en\/product\/joyride-pneumatic-tyre-puncture-resistant-tyre-10x2\/","url":"https:\/\/www.xn--tuksimaailm-ffb.ee\/en\/product\/joyride-pneumatic-tyre-puncture-resistant-tyre-10x2\/","name":"Joyride pneumatic tyre - puncture resistant tyre 10x2\" &#8212; T\u00f5uksimaailm","isPartOf":{"@id":"https:\/\/www.xn--tuksimaailm-ffb.ee\/en\/#website"},"primaryImageOfPage":{"@id":"https:\/\/www.xn--tuksimaailm-ffb.ee\/en\/product\/joyride-pneumatic-tyre-puncture-resistant-tyre-10x2\/#primaryimage"},"image":{"@id":"https:\/\/www.xn--tuksimaailm-ffb.ee\/en\/product\/joyride-pneumatic-tyre-puncture-resistant-tyre-10x2\/#primaryimage"},"thumbnailUrl":"https:\/\/www.xn--tuksimaailm-ffb.ee\/wp-content\/uploads\/2021\/08\/Screenshot-2025-02-18-130656.webp","datePublished":"2021-08-25T11:14:40+00:00","description":"Joyride honeycomb tyre - 10x2\" puncture resistant tyre (solid) - 10x2\" puncture resistant tyre (60\/70-6.5). Suitable for Ninebot Max G30, Gpad Joyride.","breadcrumb":{"@id":"https:\/\/www.xn--tuksimaailm-ffb.ee\/en\/product\/joyride-pneumatic-tyre-puncture-resistant-tyre-10x2\/#breadcrumb"},"inLanguage":"en-US","potentialAction":[{"@type":"ReadAction","target":["https:\/\/www.xn--tuksimaailm-ffb.ee\/en\/product\/joyride-pneumatic-tyre-puncture-resistant-tyre-10x2\/"]}]},{"@type":"ImageObject","inLanguage":"en-US","@id":"https:\/\/www.xn--tuksimaailm-ffb.ee\/en\/product\/joyride-pneumatic-tyre-puncture-resistant-tyre-10x2\/#primaryimage","url":"https:\/\/www.xn--tuksimaailm-ffb.ee\/wp-content\/uploads\/2021\/08\/Screenshot-2025-02-18-130656.webp","contentUrl":"https:\/\/www.xn--tuksimaailm-ffb.ee\/wp-content\/uploads\/2021\/08\/Screenshot-2025-02-18-130656.webp","width":1279,"height":1014,"caption":"Joyride pneumatic tyre - puncture resistant tyre 10x2\""},{"@type":"BreadcrumbList","@id":"https:\/\/www.xn--tuksimaailm-ffb.ee\/en\/product\/joyride-pneumatic-tyre-puncture-resistant-tyre-10x2\/#breadcrumb","itemListElement":[{"@type":"ListItem","position":1,"name":"Home","item":"https:\/\/www.xn--tuksimaailm-ffb.ee\/en\/main-page\/"},{"@type":"ListItem","position":2,"name":"Shop","item":"https:\/\/www.xn--tuksimaailm-ffb.ee\/elektritoukerataste-pood\/"},{"@type":"ListItem","position":3,"name":"Joyride pneumatic tyre - puncture resistant tyre 10x2\""}]},{"@type":"WebSite","@id":"https:\/\/www.xn--tuksimaailm-ffb.ee\/en\/#website","url":"https:\/\/www.xn--tuksimaailm-ffb.ee\/en\/","name":"T\u00f5uksimaailm","description":"Elektrit\u00f5ukerataste m\u00fc\u00fck, remont ja rent","publisher":{"@id":"https:\/\/www.xn--tuksimaailm-ffb.ee\/en\/#organization"},"potentialAction":[{"@type":"SearchAction","target":{"@type":"EntryPoint","urlTemplate":"https:\/\/www.xn--tuksimaailm-ffb.ee\/en\/?s={search_term_string}"},"query-input":{"@type":"PropertyValueSpecification","valueRequired":true,"valueName":"search_term_string"}}],"inLanguage":"en-US"},{"@type":"Organization","@id":"https:\/\/www.xn--tuksimaailm-ffb.ee\/en\/#organization","name":"T\u00f5uksimaailm","url":"https:\/\/www.xn--tuksimaailm-ffb.ee\/en\/","logo":{"@type":"ImageObject","inLanguage":"en-US","@id":"https:\/\/www.xn--tuksimaailm-ffb.ee\/en\/#\/schema\/logo\/image\/","url":"https:\/\/www.xn--tuksimaailm-ffb.ee\/wp-content\/uploads\/2020\/01\/logoz-e1579792875517.png","contentUrl":"https:\/\/www.xn--tuksimaailm-ffb.ee\/wp-content\/uploads\/2020\/01\/logoz-e1579792875517.png","width":250,"height":250,"caption":"T\u00f5uksimaailm"},"image":{"@id":"https:\/\/www.xn--tuksimaailm-ffb.ee\/en\/#\/schema\/logo\/image\/"},"sameAs":["https:\/\/www.facebook.com\/touksimaailm\/","https:\/\/www.instagram.com\/touksimaailm_\/","https:\/\/www.youtube.com\/channel\/UC18ml0EKIDLP1xGuQjFzcXQ"]}]},"product_price_amount":"28.00","product_price_currency":"EUR","og_availability":"instock","product_availability":"instock","product_condition":"new"},"jetpack_sharing_enabled":true,"_links":{"self":[{"href":"https:\/\/www.xn--tuksimaailm-ffb.ee\/en\/wp-json\/wp\/v2\/product\/58069","targetHints":{"allow":["GET"]}}],"collection":[{"href":"https:\/\/www.xn--tuksimaailm-ffb.ee\/en\/wp-json\/wp\/v2\/product"}],"about":[{"href":"https:\/\/www.xn--tuksimaailm-ffb.ee\/en\/wp-json\/wp\/v2\/types\/product"}],"wp:featuredmedia":[{"embeddable":true,"href":"https:\/\/www.xn--tuksimaailm-ffb.ee\/en\/wp-json\/wp\/v2\/media\/57731"}],"wp:attachment":[{"href":"https:\/\/www.xn--tuksimaailm-ffb.ee\/en\/wp-json\/wp\/v2\/media?parent=58069"}],"wp:term":[{"taxonomy":"product_brand","embeddable":true,"href":"https:\/\/www.xn--tuksimaailm-ffb.ee\/en\/wp-json\/wp\/v2\/product_brand?post=58069"},{"taxonomy":"product_cat","embeddable":true,"href":"https:\/\/www.xn--tuksimaailm-ffb.ee\/en\/wp-json\/wp\/v2\/product_cat?post=58069"},{"taxonomy":"product_tag","embeddable":true,"href":"https:\/\/www.xn--tuksimaailm-ffb.ee\/en\/wp-json\/wp\/v2\/product_tag?post=58069"},{"taxonomy":"filter_elektritoukeratas","embeddable":true,"href":"https:\/\/www.xn--tuksimaailm-ffb.ee\/en\/wp-json\/wp\/v2\/filter_elektritoukeratas?post=58069"}],"curies":[{"name":"wp","href":"https:\/\/api.w.org\/{rel}","templated":true}]}}