{"id":58071,"date":"2021-11-28T17:22:59","date_gmt":"2021-11-28T14:22:59","guid":{"rendered":"http:\/\/www.xn--tuksimaailm-ffb.ee\/shop\/xiaomi-rear-wheel-with-full-tyre-m365-pro-2-8-1-2x2\/"},"modified":"2021-11-28T17:22:59","modified_gmt":"2021-11-28T14:22:59","slug":"xiaomi-rear-wheel-with-full-tyre-m365-pro-2-8-1-2x2","status":"publish","type":"product","link":"https:\/\/www.xn--tuksimaailm-ffb.ee\/en\/product\/xiaomi-rear-wheel-with-full-tyre-m365-pro-2-8-1-2x2\/","title":{"rendered":"Xiaomi Rear wheel with full tyre M365 Pro 2 8 1\/2x2\""},"content":{"rendered":"<p>Xiaomi rear wheel <b><strong>with full tire <\/strong><\/b>(rear wheel with honeycomb tire \/ full tire, shatterproof) - suitable for Xiaomi Mi electric scooter. Wheel tire diameter is<b><strong> 8.5 inches, <\/strong><\/b>tire<b><strong> 8.5x2\" 8 1\/2x2\"<\/strong><\/b>. Xiaomi Pro rear wheel with honeycomb tire has a longer wheel axle compared to the <a href=\"http:\/\/www.xn--tuksimaailm-ffb.ee\/shop\/xiaomi-tagumine-ratas-kargrehviga-m365-1s-8-1-2x2\/\"><b><strong>Xiaomi M365 1S<\/strong><\/b><\/a> rear wheel to fit the wider platform<b> <\/b> for<a href=\"http:\/\/www.xn--tuksimaailm-ffb.ee\/shop\/xiaomi-pro-2-elektritoukeratas\/\"><b><strong>Xiaomi Pro 2<\/strong><\/b><\/a> and <a href=\"http:\/\/www.xn--tuksimaailm-ffb.ee\/shop\/elektriline-toukeratas-xiaomi-mi-m365-pro\/\"><b><strong>Xiaomi M365 Pro<\/strong><\/b><\/a> electric pushchairs. We also offer a <a href=\"http:\/\/www.xn--tuksimaailm-ffb.ee\/shop\/xiaomi-tagaratas-rehviga-m365-1s-8-5x2-8-1-2x2\/\">rear wheel with inner tube and outer tyre<\/a>. Xiaomi electric scooters are originally equipped with pneumatic tires that break quite easily due to bumps and punctures. It is also very practical to replace the rear wheel if the inner rear tyre is broken, you don't have the tools or space to replace it yourself and it would be difficult to get to the <a href=\"http:\/\/www.xn--tuksimaailm-ffb.ee\/elektrilise-toukeratta-remont\/\">workshop.<\/a> It is also a good idea to replace the rear wheel if the electric scooter has been in use for a long time and the wheel bearings are worn out.<\/p>\n","protected":false},"excerpt":{"rendered":"<p>Xiaomi rear wheel with full tire (rear wheel with honeycomb tire \/ full tire, shatterproof) - suitable for Xiaomi Mi electric scooter. Wheel tire diameter is 8.5 inches, tire 8.5x2\" 8 1\/2x2\". Xiaomi Pro rear wheel with honeycomb tire has a longer wheel axle compared to the Xiaomi M365 1S &hellip;<\/p>\n","protected":false},"featured_media":14623,"template":"","meta":[],"product_brand":[],"product_cat":[726],"product_tag":[3209],"filter_elektritoukeratas":[2613,2612],"class_list":{"0":"post-58071","1":"product","2":"type-product","3":"status-publish","4":"has-post-thumbnail","6":"product_cat-spare-parts","7":"product_tag-xiaomi-spare-parts","8":"filter_elektritoukeratas-ft_xiaomi_1s_mi3_pro_2_3_lite","9":"filter_elektritoukeratas-ft_xiaomi_m365_m365_pro_essential","11":"first","12":"instock","13":"taxable","14":"shipping-taxable","15":"purchasable","16":"product-type-simple"},"yoast_head":"<!-- This site is optimized with the Yoast SEO Premium plugin v26.8 (Yoast SEO v27.5) - https:\/\/yoast.com\/product\/yoast-seo-premium-wordpress\/ -->\n<title>Xiaomi Rear wheel with full tyre M365 Pro 2 8 1\/2x2&quot; &#8212; T\u00f5uksimaailm<\/title>\n<meta name=\"description\" content=\"Xiaomi rear wheel with full tire - suitable for Xiaomi Mi electric scooters, electric scooter M365 Pro and electric scooter Xiaomi Pro 2.\" \/>\n<meta name=\"robots\" content=\"index, follow, max-snippet:-1, max-image-preview:large, max-video-preview:-1\" \/>\n<link rel=\"canonical\" href=\"https:\/\/www.xn--tuksimaailm-ffb.ee\/en\/product\/xiaomi-rear-wheel-with-full-tyre-m365-pro-2-8-1-2x2\/\" \/>\n<meta property=\"og:locale\" content=\"en_US\" \/>\n<meta property=\"og:type\" content=\"article\" \/>\n<meta property=\"og:title\" content=\"Xiaomi Rear wheel with full tyre M365 Pro 2 8 1\/2x2&quot;\" \/>\n<meta property=\"og:description\" content=\"Xiaomi rear wheel with full tire - suitable for Xiaomi Mi electric scooters, electric scooter M365 Pro and electric scooter Xiaomi Pro 2.\" \/>\n<meta property=\"og:url\" content=\"https:\/\/www.xn--tuksimaailm-ffb.ee\/en\/product\/xiaomi-rear-wheel-with-full-tyre-m365-pro-2-8-1-2x2\/\" \/>\n<meta property=\"og:site_name\" content=\"T\u00f5uksimaailm\" \/>\n<meta property=\"article:publisher\" content=\"https:\/\/www.facebook.com\/touksimaailm\/\" \/>\n<meta property=\"og:image\" content=\"https:\/\/www.xn--tuksimaailm-ffb.ee\/wp-content\/uploads\/2021\/11\/kargrehviga-tagar-1.jpg\" \/>\n\t<meta property=\"og:image:width\" content=\"608\" \/>\n\t<meta property=\"og:image:height\" content=\"546\" \/>\n\t<meta property=\"og:image:type\" content=\"image\/jpeg\" \/>\n<meta name=\"twitter:card\" content=\"summary_large_image\" \/>\n<meta name=\"twitter:label1\" content=\"Price\" \/>\n\t<meta name=\"twitter:data1\" content=\"&euro;69.50\" \/>\n\t<meta name=\"twitter:label2\" content=\"Availability\" \/>\n\t<meta name=\"twitter:data2\" content=\"In stock\" \/>\n<meta property=\"product:price:amount\" content=\"69.50\" \/>\n<meta property=\"product:price:currency\" content=\"EUR\" \/>\n<meta property=\"og:availability\" content=\"instock\" \/>\n<meta property=\"product:availability\" content=\"instock\" \/>\n<meta property=\"product:retailer_item_id\" content=\"RATAS-T\u00c4ISREHVIGA-M365\" \/>\n<meta property=\"product:condition\" content=\"new\" \/>\n<!-- \/ Yoast SEO Premium plugin. -->","yoast_head_json":{"title":"Xiaomi Rear wheel with full tyre M365 Pro 2 8 1\/2x2\" &#8212; T\u00f5uksimaailm","description":"Xiaomi rear wheel with full tire - suitable for Xiaomi Mi electric scooters, electric scooter M365 Pro and electric scooter Xiaomi Pro 2.","robots":{"index":"index","follow":"follow","max-snippet":"max-snippet:-1","max-image-preview":"max-image-preview:large","max-video-preview":"max-video-preview:-1"},"canonical":"https:\/\/www.xn--tuksimaailm-ffb.ee\/en\/product\/xiaomi-rear-wheel-with-full-tyre-m365-pro-2-8-1-2x2\/","og_locale":"en_US","og_type":"article","og_title":"Xiaomi Rear wheel with full tyre M365 Pro 2 8 1\/2x2\"","og_description":"Xiaomi rear wheel with full tire - suitable for Xiaomi Mi electric scooters, electric scooter M365 Pro and electric scooter Xiaomi Pro 2.","og_url":"https:\/\/www.xn--tuksimaailm-ffb.ee\/en\/product\/xiaomi-rear-wheel-with-full-tyre-m365-pro-2-8-1-2x2\/","og_site_name":"T\u00f5uksimaailm","article_publisher":"https:\/\/www.facebook.com\/touksimaailm\/","og_image":[{"width":608,"height":546,"url":"https:\/\/www.xn--tuksimaailm-ffb.ee\/wp-content\/uploads\/2021\/11\/kargrehviga-tagar-1.jpg","type":"image\/jpeg"}],"twitter_card":"summary_large_image","twitter_misc":{"Price":"&euro;69.50","Availability":"In stock"},"schema":{"@context":"https:\/\/schema.org","@graph":[{"@type":"WebPage","@id":"https:\/\/www.xn--tuksimaailm-ffb.ee\/en\/product\/xiaomi-rear-wheel-with-full-tyre-m365-pro-2-8-1-2x2\/","url":"https:\/\/www.xn--tuksimaailm-ffb.ee\/en\/product\/xiaomi-rear-wheel-with-full-tyre-m365-pro-2-8-1-2x2\/","name":"Xiaomi Rear wheel with full tyre M365 Pro 2 8 1\/2x2\" &#8212; T\u00f5uksimaailm","isPartOf":{"@id":"https:\/\/www.xn--tuksimaailm-ffb.ee\/en\/#website"},"primaryImageOfPage":{"@id":"https:\/\/www.xn--tuksimaailm-ffb.ee\/en\/product\/xiaomi-rear-wheel-with-full-tyre-m365-pro-2-8-1-2x2\/#primaryimage"},"image":{"@id":"https:\/\/www.xn--tuksimaailm-ffb.ee\/en\/product\/xiaomi-rear-wheel-with-full-tyre-m365-pro-2-8-1-2x2\/#primaryimage"},"thumbnailUrl":"https:\/\/www.xn--tuksimaailm-ffb.ee\/wp-content\/uploads\/2021\/11\/kargrehviga-tagar-1.jpg","datePublished":"2021-11-28T14:22:59+00:00","description":"Xiaomi rear wheel with full tire - suitable for Xiaomi Mi electric scooters, electric scooter M365 Pro and electric scooter Xiaomi Pro 2.","breadcrumb":{"@id":"https:\/\/www.xn--tuksimaailm-ffb.ee\/en\/product\/xiaomi-rear-wheel-with-full-tyre-m365-pro-2-8-1-2x2\/#breadcrumb"},"inLanguage":"en-US","potentialAction":[{"@type":"ReadAction","target":["https:\/\/www.xn--tuksimaailm-ffb.ee\/en\/product\/xiaomi-rear-wheel-with-full-tyre-m365-pro-2-8-1-2x2\/"]}]},{"@type":"ImageObject","inLanguage":"en-US","@id":"https:\/\/www.xn--tuksimaailm-ffb.ee\/en\/product\/xiaomi-rear-wheel-with-full-tyre-m365-pro-2-8-1-2x2\/#primaryimage","url":"https:\/\/www.xn--tuksimaailm-ffb.ee\/wp-content\/uploads\/2021\/11\/kargrehviga-tagar-1.jpg","contentUrl":"https:\/\/www.xn--tuksimaailm-ffb.ee\/wp-content\/uploads\/2021\/11\/kargrehviga-tagar-1.jpg","width":608,"height":546,"caption":"Xiaomi Rear wheel with full tyre M365 Pro 2 8 1\/2x2\""},{"@type":"BreadcrumbList","@id":"https:\/\/www.xn--tuksimaailm-ffb.ee\/en\/product\/xiaomi-rear-wheel-with-full-tyre-m365-pro-2-8-1-2x2\/#breadcrumb","itemListElement":[{"@type":"ListItem","position":1,"name":"Home","item":"https:\/\/www.xn--tuksimaailm-ffb.ee\/en\/main-page\/"},{"@type":"ListItem","position":2,"name":"Shop","item":"https:\/\/www.xn--tuksimaailm-ffb.ee\/elektritoukerataste-pood\/"},{"@type":"ListItem","position":3,"name":"Xiaomi Rear wheel with full tyre M365 Pro 2 8 1\/2x2\""}]},{"@type":"WebSite","@id":"https:\/\/www.xn--tuksimaailm-ffb.ee\/en\/#website","url":"https:\/\/www.xn--tuksimaailm-ffb.ee\/en\/","name":"T\u00f5uksimaailm","description":"Elektrit\u00f5ukerataste m\u00fc\u00fck, remont ja rent","publisher":{"@id":"https:\/\/www.xn--tuksimaailm-ffb.ee\/en\/#organization"},"potentialAction":[{"@type":"SearchAction","target":{"@type":"EntryPoint","urlTemplate":"https:\/\/www.xn--tuksimaailm-ffb.ee\/en\/?s={search_term_string}"},"query-input":{"@type":"PropertyValueSpecification","valueRequired":true,"valueName":"search_term_string"}}],"inLanguage":"en-US"},{"@type":"Organization","@id":"https:\/\/www.xn--tuksimaailm-ffb.ee\/en\/#organization","name":"T\u00f5uksimaailm","url":"https:\/\/www.xn--tuksimaailm-ffb.ee\/en\/","logo":{"@type":"ImageObject","inLanguage":"en-US","@id":"https:\/\/www.xn--tuksimaailm-ffb.ee\/en\/#\/schema\/logo\/image\/","url":"https:\/\/www.xn--tuksimaailm-ffb.ee\/wp-content\/uploads\/2020\/01\/logoz-e1579792875517.png","contentUrl":"https:\/\/www.xn--tuksimaailm-ffb.ee\/wp-content\/uploads\/2020\/01\/logoz-e1579792875517.png","width":250,"height":250,"caption":"T\u00f5uksimaailm"},"image":{"@id":"https:\/\/www.xn--tuksimaailm-ffb.ee\/en\/#\/schema\/logo\/image\/"},"sameAs":["https:\/\/www.facebook.com\/touksimaailm\/","https:\/\/www.instagram.com\/touksimaailm_\/","https:\/\/www.youtube.com\/channel\/UC18ml0EKIDLP1xGuQjFzcXQ"]}]},"product_price_amount":"69.50","product_price_currency":"EUR","og_availability":"instock","product_availability":"instock","product_retailer_item_id":"RATAS-T\u00c4ISREHVIGA-M365","product_condition":"new"},"jetpack_sharing_enabled":true,"_links":{"self":[{"href":"https:\/\/www.xn--tuksimaailm-ffb.ee\/en\/wp-json\/wp\/v2\/product\/58071","targetHints":{"allow":["GET"]}}],"collection":[{"href":"https:\/\/www.xn--tuksimaailm-ffb.ee\/en\/wp-json\/wp\/v2\/product"}],"about":[{"href":"https:\/\/www.xn--tuksimaailm-ffb.ee\/en\/wp-json\/wp\/v2\/types\/product"}],"wp:featuredmedia":[{"embeddable":true,"href":"https:\/\/www.xn--tuksimaailm-ffb.ee\/en\/wp-json\/wp\/v2\/media\/14623"}],"wp:attachment":[{"href":"https:\/\/www.xn--tuksimaailm-ffb.ee\/en\/wp-json\/wp\/v2\/media?parent=58071"}],"wp:term":[{"taxonomy":"product_brand","embeddable":true,"href":"https:\/\/www.xn--tuksimaailm-ffb.ee\/en\/wp-json\/wp\/v2\/product_brand?post=58071"},{"taxonomy":"product_cat","embeddable":true,"href":"https:\/\/www.xn--tuksimaailm-ffb.ee\/en\/wp-json\/wp\/v2\/product_cat?post=58071"},{"taxonomy":"product_tag","embeddable":true,"href":"https:\/\/www.xn--tuksimaailm-ffb.ee\/en\/wp-json\/wp\/v2\/product_tag?post=58071"},{"taxonomy":"filter_elektritoukeratas","embeddable":true,"href":"https:\/\/www.xn--tuksimaailm-ffb.ee\/en\/wp-json\/wp\/v2\/filter_elektritoukeratas?post=58071"}],"curies":[{"name":"wp","href":"https:\/\/api.w.org\/{rel}","templated":true}]}}