{"id":58072,"date":"2021-11-28T17:55:14","date_gmt":"2021-11-28T14:55:14","guid":{"rendered":"http:\/\/www.xn--tuksimaailm-ffb.ee\/shop\/signalling-bell-22mm-handlebar-diameter-electric-scooter\/"},"modified":"2021-11-28T17:55:14","modified_gmt":"2021-11-28T14:55:14","slug":"signalling-bell-22mm-handlebar-diameter-electric-scooter","status":"publish","type":"product","link":"https:\/\/www.xn--tuksimaailm-ffb.ee\/en\/product\/signalling-bell-22mm-handlebar-diameter-electric-scooter\/","title":{"rendered":"Signalling bell - 22mm handlebar diameter electric scooter"},"content":{"rendered":"<p>Signalling bell - suitable for 22mm handlebar diameter electric scooters. Classic black 35mm thick dome (diameter) signal clock. The clock has a mounting diameter of <b><strong>22mm<\/strong><\/b>, making it suitable for almost all electric scooter models, including the <a href=\"http:\/\/www.xn--tuksimaailm-ffb.ee\/shop\/elektriline-toukeratas-xiaomi-mi-m365-pro\/\"><b><strong>Xiaomi M365 Pro<\/strong><\/b><\/a> electric scooter and the <a href=\"http:\/\/www.xn--tuksimaailm-ffb.ee\/shop\/xiaomi-mi-essential-elektritoukeratas\/\"><b><strong>Xiaomi Mi Essential<\/strong><\/b><\/a> electric scooter. It is also suitable for most bikes.<\/p>\n<p><b><strong>NOTE:<\/strong><\/b> The signal bell is not suitable for the Ninebot ES and <a href=\"https:\/\/ee-en.segway.com\/products\/ninebot-kickscooter-e45e-powered-by-segway\"><b><strong>E series<\/strong><\/b><\/a> electric scooters, nor for all 31.8mm diameter bicycle lenses.<\/p>\n<p>Alternatively, we also offer <a href=\"http:\/\/www.xn--tuksimaailm-ffb.ee\/shop\/kell-elektrilisele-toukerattale-varviline-alumiinium\/\"><b><strong>a stylish bell<\/strong><\/b><\/a> with a 22mm lens size.<\/p>\n","protected":false},"excerpt":{"rendered":"<p>Signalling bell - suitable for 22mm handlebar diameter electric scooters. Classic black 35mm thick dome (diameter) signal clock. The clock has a mounting diameter of 22mm, making it suitable for almost all electric scooter models, including the Xiaomi M365 Pro electric scooter and the Xiaomi Mi Essential electric scooter. It &hellip;<\/p>\n","protected":false},"featured_media":14629,"template":"","meta":[],"product_brand":[],"product_cat":[746],"product_tag":[3384],"filter_elektritoukeratas":[],"class_list":{"0":"post-58072","1":"product","2":"type-product","3":"status-publish","4":"has-post-thumbnail","6":"product_cat-accessories","7":"product_tag-signal-bells","8":"pa_colour-blue-white","9":"pa_colour-punane","10":"pa_colour-yellow-red","11":"pa_tootetuup-signal-bells","13":"first","14":"instock","15":"taxable","16":"shipping-taxable","17":"purchasable","18":"product-type-simple"},"yoast_head":"<!-- This site is optimized with the Yoast SEO Premium plugin v26.8 (Yoast SEO v27.5) - https:\/\/yoast.com\/product\/yoast-seo-premium-wordpress\/ -->\n<title>Signalling bell - 22mm handlebar diameter electric scooter &#8212; T\u00f5uksimaailm<\/title>\n<meta name=\"description\" content=\"Signalling bell - Electric scooter with a 22mm diameter lens. Suitable for: Xiaomi electric scooters, Segway Ninebot Max G30 electric scooter.\" \/>\n<meta name=\"robots\" content=\"index, follow, max-snippet:-1, max-image-preview:large, max-video-preview:-1\" \/>\n<link rel=\"canonical\" href=\"https:\/\/www.xn--tuksimaailm-ffb.ee\/en\/product\/signalling-bell-22mm-handlebar-diameter-electric-scooter\/\" \/>\n<meta property=\"og:locale\" content=\"en_US\" \/>\n<meta property=\"og:type\" content=\"article\" \/>\n<meta property=\"og:title\" content=\"Signalling bell - 22mm handlebar diameter electric scooter\" \/>\n<meta property=\"og:description\" content=\"Signalling bell - Electric scooter with a 22mm diameter lens. Suitable for: Xiaomi electric scooters, Segway Ninebot Max G30 electric scooter.\" \/>\n<meta property=\"og:url\" content=\"https:\/\/www.xn--tuksimaailm-ffb.ee\/en\/product\/signalling-bell-22mm-handlebar-diameter-electric-scooter\/\" \/>\n<meta property=\"og:site_name\" content=\"T\u00f5uksimaailm\" \/>\n<meta property=\"article:publisher\" content=\"https:\/\/www.facebook.com\/touksimaailm\/\" \/>\n<meta property=\"og:image\" content=\"https:\/\/www.XN--TUKSIMAAILM-FFB.EE\/wp-content\/uploads\/2021\/11\/318mm-kell.jpg\" \/>\n\t<meta property=\"og:image:width\" content=\"319\" \/>\n\t<meta property=\"og:image:height\" content=\"281\" \/>\n\t<meta property=\"og:image:type\" content=\"image\/jpeg\" \/>\n<meta name=\"twitter:card\" content=\"summary_large_image\" \/>\n<meta name=\"twitter:label1\" content=\"Price\" \/>\n\t<meta name=\"twitter:data1\" content=\"&euro;7.50\" \/>\n\t<meta name=\"twitter:label2\" content=\"Availability\" \/>\n\t<meta name=\"twitter:data2\" content=\"In stock\" \/>\n<meta property=\"product:price:amount\" content=\"7.50\" \/>\n<meta property=\"product:price:currency\" content=\"EUR\" \/>\n<meta property=\"og:availability\" content=\"instock\" \/>\n<meta property=\"product:availability\" content=\"instock\" \/>\n<meta property=\"product:condition\" content=\"new\" \/>\n<!-- \/ Yoast SEO Premium plugin. -->","yoast_head_json":{"title":"Signalling bell - 22mm handlebar diameter electric scooter &#8212; T\u00f5uksimaailm","description":"Signalling bell - Electric scooter with a 22mm diameter lens. Suitable for: Xiaomi electric scooters, Segway Ninebot Max G30 electric scooter.","robots":{"index":"index","follow":"follow","max-snippet":"max-snippet:-1","max-image-preview":"max-image-preview:large","max-video-preview":"max-video-preview:-1"},"canonical":"https:\/\/www.xn--tuksimaailm-ffb.ee\/en\/product\/signalling-bell-22mm-handlebar-diameter-electric-scooter\/","og_locale":"en_US","og_type":"article","og_title":"Signalling bell - 22mm handlebar diameter electric scooter","og_description":"Signalling bell - Electric scooter with a 22mm diameter lens. Suitable for: Xiaomi electric scooters, Segway Ninebot Max G30 electric scooter.","og_url":"https:\/\/www.xn--tuksimaailm-ffb.ee\/en\/product\/signalling-bell-22mm-handlebar-diameter-electric-scooter\/","og_site_name":"T\u00f5uksimaailm","article_publisher":"https:\/\/www.facebook.com\/touksimaailm\/","og_image":[{"width":319,"height":281,"url":"https:\/\/www.XN--TUKSIMAAILM-FFB.EE\/wp-content\/uploads\/2021\/11\/318mm-kell.jpg","type":"image\/jpeg"}],"twitter_card":"summary_large_image","twitter_misc":{"Price":"&euro;7.50","Availability":"In stock"},"schema":{"@context":"https:\/\/schema.org","@graph":[{"@type":"WebPage","@id":"https:\/\/www.xn--tuksimaailm-ffb.ee\/en\/product\/signalling-bell-22mm-handlebar-diameter-electric-scooter\/","url":"https:\/\/www.xn--tuksimaailm-ffb.ee\/en\/product\/signalling-bell-22mm-handlebar-diameter-electric-scooter\/","name":"Signalling bell - 22mm handlebar diameter electric scooter &#8212; T\u00f5uksimaailm","isPartOf":{"@id":"https:\/\/www.xn--tuksimaailm-ffb.ee\/en\/#website"},"primaryImageOfPage":{"@id":"https:\/\/www.xn--tuksimaailm-ffb.ee\/en\/product\/signalling-bell-22mm-handlebar-diameter-electric-scooter\/#primaryimage"},"image":{"@id":"https:\/\/www.xn--tuksimaailm-ffb.ee\/en\/product\/signalling-bell-22mm-handlebar-diameter-electric-scooter\/#primaryimage"},"thumbnailUrl":"https:\/\/www.xn--tuksimaailm-ffb.ee\/wp-content\/uploads\/2021\/11\/318mm-kell.jpg","datePublished":"2021-11-28T14:55:14+00:00","description":"Signalling bell - Electric scooter with a 22mm diameter lens. Suitable for: Xiaomi electric scooters, Segway Ninebot Max G30 electric scooter.","breadcrumb":{"@id":"https:\/\/www.xn--tuksimaailm-ffb.ee\/en\/product\/signalling-bell-22mm-handlebar-diameter-electric-scooter\/#breadcrumb"},"inLanguage":"en-US","potentialAction":[{"@type":"ReadAction","target":["https:\/\/www.xn--tuksimaailm-ffb.ee\/en\/product\/signalling-bell-22mm-handlebar-diameter-electric-scooter\/"]}]},{"@type":"ImageObject","inLanguage":"en-US","@id":"https:\/\/www.xn--tuksimaailm-ffb.ee\/en\/product\/signalling-bell-22mm-handlebar-diameter-electric-scooter\/#primaryimage","url":"https:\/\/www.xn--tuksimaailm-ffb.ee\/wp-content\/uploads\/2021\/11\/318mm-kell.jpg","contentUrl":"https:\/\/www.xn--tuksimaailm-ffb.ee\/wp-content\/uploads\/2021\/11\/318mm-kell.jpg","width":319,"height":281,"caption":"Signalling bell - 22mm handlebar diameter electric scooter"},{"@type":"BreadcrumbList","@id":"https:\/\/www.xn--tuksimaailm-ffb.ee\/en\/product\/signalling-bell-22mm-handlebar-diameter-electric-scooter\/#breadcrumb","itemListElement":[{"@type":"ListItem","position":1,"name":"Home","item":"https:\/\/www.xn--tuksimaailm-ffb.ee\/en\/main-page\/"},{"@type":"ListItem","position":2,"name":"Shop","item":"https:\/\/www.xn--tuksimaailm-ffb.ee\/elektritoukerataste-pood\/"},{"@type":"ListItem","position":3,"name":"Signalling bell - 22mm handlebar diameter electric scooter"}]},{"@type":"WebSite","@id":"https:\/\/www.xn--tuksimaailm-ffb.ee\/en\/#website","url":"https:\/\/www.xn--tuksimaailm-ffb.ee\/en\/","name":"T\u00f5uksimaailm","description":"Elektrit\u00f5ukerataste m\u00fc\u00fck, remont ja rent","publisher":{"@id":"https:\/\/www.xn--tuksimaailm-ffb.ee\/en\/#organization"},"potentialAction":[{"@type":"SearchAction","target":{"@type":"EntryPoint","urlTemplate":"https:\/\/www.xn--tuksimaailm-ffb.ee\/en\/?s={search_term_string}"},"query-input":{"@type":"PropertyValueSpecification","valueRequired":true,"valueName":"search_term_string"}}],"inLanguage":"en-US"},{"@type":"Organization","@id":"https:\/\/www.xn--tuksimaailm-ffb.ee\/en\/#organization","name":"T\u00f5uksimaailm","url":"https:\/\/www.xn--tuksimaailm-ffb.ee\/en\/","logo":{"@type":"ImageObject","inLanguage":"en-US","@id":"https:\/\/www.xn--tuksimaailm-ffb.ee\/en\/#\/schema\/logo\/image\/","url":"https:\/\/www.xn--tuksimaailm-ffb.ee\/wp-content\/uploads\/2020\/01\/logoz-e1579792875517.png","contentUrl":"https:\/\/www.xn--tuksimaailm-ffb.ee\/wp-content\/uploads\/2020\/01\/logoz-e1579792875517.png","width":250,"height":250,"caption":"T\u00f5uksimaailm"},"image":{"@id":"https:\/\/www.xn--tuksimaailm-ffb.ee\/en\/#\/schema\/logo\/image\/"},"sameAs":["https:\/\/www.facebook.com\/touksimaailm\/","https:\/\/www.instagram.com\/touksimaailm_\/","https:\/\/www.youtube.com\/channel\/UC18ml0EKIDLP1xGuQjFzcXQ"]}]},"product_price_amount":"7.50","product_price_currency":"EUR","og_availability":"instock","product_availability":"instock","product_condition":"new"},"jetpack_sharing_enabled":true,"_links":{"self":[{"href":"https:\/\/www.xn--tuksimaailm-ffb.ee\/en\/wp-json\/wp\/v2\/product\/58072","targetHints":{"allow":["GET"]}}],"collection":[{"href":"https:\/\/www.xn--tuksimaailm-ffb.ee\/en\/wp-json\/wp\/v2\/product"}],"about":[{"href":"https:\/\/www.xn--tuksimaailm-ffb.ee\/en\/wp-json\/wp\/v2\/types\/product"}],"wp:featuredmedia":[{"embeddable":true,"href":"https:\/\/www.xn--tuksimaailm-ffb.ee\/en\/wp-json\/wp\/v2\/media\/14629"}],"wp:attachment":[{"href":"https:\/\/www.xn--tuksimaailm-ffb.ee\/en\/wp-json\/wp\/v2\/media?parent=58072"}],"wp:term":[{"taxonomy":"product_brand","embeddable":true,"href":"https:\/\/www.xn--tuksimaailm-ffb.ee\/en\/wp-json\/wp\/v2\/product_brand?post=58072"},{"taxonomy":"product_cat","embeddable":true,"href":"https:\/\/www.xn--tuksimaailm-ffb.ee\/en\/wp-json\/wp\/v2\/product_cat?post=58072"},{"taxonomy":"product_tag","embeddable":true,"href":"https:\/\/www.xn--tuksimaailm-ffb.ee\/en\/wp-json\/wp\/v2\/product_tag?post=58072"},{"taxonomy":"filter_elektritoukeratas","embeddable":true,"href":"https:\/\/www.xn--tuksimaailm-ffb.ee\/en\/wp-json\/wp\/v2\/filter_elektritoukeratas?post=58072"}],"curies":[{"name":"wp","href":"https:\/\/api.w.org\/{rel}","templated":true}]}}