{"id":58074,"date":"2021-12-04T18:22:57","date_gmt":"2021-12-04T15:22:57","guid":{"rendered":"http:\/\/www.xn--tuksimaailm-ffb.ee\/shop\/pneumatic-tyre-200x50-electric-scooter-joyor-f3-f5\/"},"modified":"2021-12-04T18:22:57","modified_gmt":"2021-12-04T15:22:57","slug":"pneumatic-tyre-200x50-electric-scooter-joyor-f3-f5","status":"publish","type":"product","link":"https:\/\/www.xn--tuksimaailm-ffb.ee\/en\/product\/pneumatic-tyre-200x50-electric-scooter-joyor-f3-f5\/","title":{"rendered":"Pneumatic tyre 200x50\" - Electric scooter Joyor F3 F5+"},"content":{"rendered":"<p>Solid tyre 200x50 (also solid, solid tyre). Suitable for fitting in place of <a href=\"http:\/\/www.xn--tuksimaailm-ffb.ee\/shop\/valisrehv-200x50-gpad-retro-joyor-f3\/\"><b><strong>200x50<\/strong><\/b> external tyres<\/a> - electric scooter <a href=\"https:\/\/joyorscooter.com\/model-f-2\/\"><b><strong>Joyor F3 \/ F5+<\/strong><\/b><\/a>, electric scooter <a href=\"http:\/\/www.xn--tuksimaailm-ffb.ee\/shop\/elektriline-toukeratas-gpad-retro\/\"><b><strong>Gpad Retro<\/strong><\/b><\/a>. As the electric scooter is at risk of internal tyre rupture due to impact shocks due to the small size and air volume of its tyres, we recommend checking the tyre pressure once every 2 weeks or before each ride if the electric scooter is used less frequently. When inflating tyres, we strongly recommend the use of <a href=\"http:\/\/www.xn--tuksimaailm-ffb.ee\/tootekategooria\/lisavarustus\/\">pressure gauge pumps<\/a> to ensure the exact tyre pressure recommended by the electric scooter manufacturer. A 200x50 solid tyre is the ideal option if you're fed up with constant tyre bursts. If your electric scooter is in need of repair or if a <a href=\"https:\/\/www.youtube.com\/watch?v=9c5oaCgBtVA\">self-repair<\/a>is too much for you, our <a href=\"http:\/\/www.xn--tuksimaailm-ffb.ee\/elektrilise-toukeratta-remont\/\">workshop<\/a> specialising in electric scooters can help. We can also carry out on-call tyre replacements. You can read more about electric scooter tyre replacement in our <a href=\"http:\/\/www.xn--tuksimaailm-ffb.ee\/elektritoukeratta-rehvivahetus\/\">blog post<\/a>.<\/p>\n","protected":false},"excerpt":{"rendered":"<p>Solid tyre 200x50 (also solid, solid tyre). Suitable for fitting in place of 200x50 external tyres - electric scooter Joyor F3 \/ F5+, electric scooter Gpad Retro. As the electric scooter is at risk of internal tyre rupture due to impact shocks due to the small size and air volume &hellip;<\/p>\n","protected":false},"featured_media":14643,"template":"","meta":[],"product_brand":[],"product_cat":[726],"product_tag":[3211],"filter_elektritoukeratas":[2703,2718],"class_list":{"0":"post-58074","1":"product","2":"type-product","3":"status-publish","4":"has-post-thumbnail","6":"product_cat-spare-parts","7":"product_tag-solid-tyres-honeycomb-tyres","8":"pa_tootetuup-solid-tyres-honeycomb-tyres","9":"filter_elektritoukeratas-ft_gpad_retro","10":"filter_elektritoukeratas-ft_joyor_f1_f3_f5s","12":"first","13":"instock","14":"taxable","15":"shipping-taxable","16":"purchasable","17":"product-type-simple"},"yoast_head":"<!-- This site is optimized with the Yoast SEO Premium plugin v26.8 (Yoast SEO v27.3) - https:\/\/yoast.com\/product\/yoast-seo-premium-wordpress\/ -->\n<title>Pneumatic tyre 200x50&quot; - Electric scooter Joyor F3 F5+ &#8212; T\u00f5uksimaailm<\/title>\n<meta name=\"description\" content=\"Solid tyre 200x50 (solid, solid rubber). Compatibility - Joyor F3 \/ F5+ electric scooter, Gpad Retro electric scooter.\" \/>\n<meta name=\"robots\" content=\"index, follow, max-snippet:-1, max-image-preview:large, max-video-preview:-1\" \/>\n<link rel=\"canonical\" href=\"https:\/\/www.xn--tuksimaailm-ffb.ee\/en\/product\/pneumatic-tyre-200x50-electric-scooter-joyor-f3-f5\/\" \/>\n<meta property=\"og:locale\" content=\"en_US\" \/>\n<meta property=\"og:type\" content=\"article\" \/>\n<meta property=\"og:title\" content=\"Pneumatic tyre 200x50&quot; - Electric scooter Joyor F3 F5+\" \/>\n<meta property=\"og:description\" content=\"Solid tyre 200x50 (solid, solid rubber). Compatibility - Joyor F3 \/ F5+ electric scooter, Gpad Retro electric scooter.\" \/>\n<meta property=\"og:url\" content=\"https:\/\/www.xn--tuksimaailm-ffb.ee\/en\/product\/pneumatic-tyre-200x50-electric-scooter-joyor-f3-f5\/\" \/>\n<meta property=\"og:site_name\" content=\"T\u00f5uksimaailm\" \/>\n<meta property=\"article:publisher\" content=\"https:\/\/www.facebook.com\/touksimaailm\/\" \/>\n<meta property=\"og:image\" content=\"https:\/\/www.xn--tuksimaailm-ffb.ee\/wp-content\/uploads\/2021\/12\/200x50-joyor-taiskumm.png\" \/>\n\t<meta property=\"og:image:width\" content=\"731\" \/>\n\t<meta property=\"og:image:height\" content=\"691\" \/>\n\t<meta property=\"og:image:type\" content=\"image\/png\" \/>\n<meta name=\"twitter:card\" content=\"summary_large_image\" \/>\n<meta name=\"twitter:label1\" content=\"Price\" \/>\n\t<meta name=\"twitter:data1\" content=\"&euro;25.00\" \/>\n\t<meta name=\"twitter:label2\" content=\"Availability\" \/>\n\t<meta name=\"twitter:data2\" content=\"In stock\" \/>\n<meta property=\"product:price:amount\" content=\"25.00\" \/>\n<meta property=\"product:price:currency\" content=\"EUR\" \/>\n<meta property=\"og:availability\" content=\"instock\" \/>\n<meta property=\"product:availability\" content=\"instock\" \/>\n<meta property=\"product:condition\" content=\"new\" \/>\n<!-- \/ Yoast SEO Premium plugin. -->","yoast_head_json":{"title":"Pneumatic tyre 200x50\" - Electric scooter Joyor F3 F5+ &#8212; T\u00f5uksimaailm","description":"Solid tyre 200x50 (solid, solid rubber). Compatibility - Joyor F3 \/ F5+ electric scooter, Gpad Retro electric scooter.","robots":{"index":"index","follow":"follow","max-snippet":"max-snippet:-1","max-image-preview":"max-image-preview:large","max-video-preview":"max-video-preview:-1"},"canonical":"https:\/\/www.xn--tuksimaailm-ffb.ee\/en\/product\/pneumatic-tyre-200x50-electric-scooter-joyor-f3-f5\/","og_locale":"en_US","og_type":"article","og_title":"Pneumatic tyre 200x50\" - Electric scooter Joyor F3 F5+","og_description":"Solid tyre 200x50 (solid, solid rubber). Compatibility - Joyor F3 \/ F5+ electric scooter, Gpad Retro electric scooter.","og_url":"https:\/\/www.xn--tuksimaailm-ffb.ee\/en\/product\/pneumatic-tyre-200x50-electric-scooter-joyor-f3-f5\/","og_site_name":"T\u00f5uksimaailm","article_publisher":"https:\/\/www.facebook.com\/touksimaailm\/","og_image":[{"width":731,"height":691,"url":"https:\/\/www.xn--tuksimaailm-ffb.ee\/wp-content\/uploads\/2021\/12\/200x50-joyor-taiskumm.png","type":"image\/png"}],"twitter_card":"summary_large_image","twitter_misc":{"Price":"&euro;25.00","Availability":"In stock"},"schema":{"@context":"https:\/\/schema.org","@graph":[{"@type":"WebPage","@id":"https:\/\/www.xn--tuksimaailm-ffb.ee\/en\/product\/pneumatic-tyre-200x50-electric-scooter-joyor-f3-f5\/","url":"https:\/\/www.xn--tuksimaailm-ffb.ee\/en\/product\/pneumatic-tyre-200x50-electric-scooter-joyor-f3-f5\/","name":"Pneumatic tyre 200x50\" - Electric scooter Joyor F3 F5+ &#8212; T\u00f5uksimaailm","isPartOf":{"@id":"https:\/\/www.xn--tuksimaailm-ffb.ee\/en\/#website"},"primaryImageOfPage":{"@id":"https:\/\/www.xn--tuksimaailm-ffb.ee\/en\/product\/pneumatic-tyre-200x50-electric-scooter-joyor-f3-f5\/#primaryimage"},"image":{"@id":"https:\/\/www.xn--tuksimaailm-ffb.ee\/en\/product\/pneumatic-tyre-200x50-electric-scooter-joyor-f3-f5\/#primaryimage"},"thumbnailUrl":"https:\/\/www.xn--tuksimaailm-ffb.ee\/wp-content\/uploads\/2021\/12\/200x50-joyor-taiskumm.png","datePublished":"2021-12-04T15:22:57+00:00","description":"Solid tyre 200x50 (solid, solid rubber). Compatibility - Joyor F3 \/ F5+ electric scooter, Gpad Retro electric scooter.","breadcrumb":{"@id":"https:\/\/www.xn--tuksimaailm-ffb.ee\/en\/product\/pneumatic-tyre-200x50-electric-scooter-joyor-f3-f5\/#breadcrumb"},"inLanguage":"en-US","potentialAction":[{"@type":"ReadAction","target":["https:\/\/www.xn--tuksimaailm-ffb.ee\/en\/product\/pneumatic-tyre-200x50-electric-scooter-joyor-f3-f5\/"]}]},{"@type":"ImageObject","inLanguage":"en-US","@id":"https:\/\/www.xn--tuksimaailm-ffb.ee\/en\/product\/pneumatic-tyre-200x50-electric-scooter-joyor-f3-f5\/#primaryimage","url":"https:\/\/www.xn--tuksimaailm-ffb.ee\/wp-content\/uploads\/2021\/12\/200x50-joyor-taiskumm.png","contentUrl":"https:\/\/www.xn--tuksimaailm-ffb.ee\/wp-content\/uploads\/2021\/12\/200x50-joyor-taiskumm.png","width":731,"height":691,"caption":"Pneumatic tyre 200x50\" - Electric scooter Joyor F3 F5+"},{"@type":"BreadcrumbList","@id":"https:\/\/www.xn--tuksimaailm-ffb.ee\/en\/product\/pneumatic-tyre-200x50-electric-scooter-joyor-f3-f5\/#breadcrumb","itemListElement":[{"@type":"ListItem","position":1,"name":"Home","item":"https:\/\/www.xn--tuksimaailm-ffb.ee\/en\/main-page\/"},{"@type":"ListItem","position":2,"name":"Shop","item":"https:\/\/www.xn--tuksimaailm-ffb.ee\/elektritoukerataste-pood\/"},{"@type":"ListItem","position":3,"name":"Pneumatic tyre 200x50\" - Electric scooter Joyor F3 F5+"}]},{"@type":"WebSite","@id":"https:\/\/www.xn--tuksimaailm-ffb.ee\/en\/#website","url":"https:\/\/www.xn--tuksimaailm-ffb.ee\/en\/","name":"T\u00f5uksimaailm","description":"Elektrit\u00f5ukerataste m\u00fc\u00fck, remont ja rent","publisher":{"@id":"https:\/\/www.xn--tuksimaailm-ffb.ee\/en\/#organization"},"potentialAction":[{"@type":"SearchAction","target":{"@type":"EntryPoint","urlTemplate":"https:\/\/www.xn--tuksimaailm-ffb.ee\/en\/?s={search_term_string}"},"query-input":{"@type":"PropertyValueSpecification","valueRequired":true,"valueName":"search_term_string"}}],"inLanguage":"en-US"},{"@type":"Organization","@id":"https:\/\/www.xn--tuksimaailm-ffb.ee\/en\/#organization","name":"T\u00f5uksimaailm","url":"https:\/\/www.xn--tuksimaailm-ffb.ee\/en\/","logo":{"@type":"ImageObject","inLanguage":"en-US","@id":"https:\/\/www.xn--tuksimaailm-ffb.ee\/en\/#\/schema\/logo\/image\/","url":"https:\/\/www.xn--tuksimaailm-ffb.ee\/wp-content\/uploads\/2020\/01\/logoz-e1579792875517.png","contentUrl":"https:\/\/www.xn--tuksimaailm-ffb.ee\/wp-content\/uploads\/2020\/01\/logoz-e1579792875517.png","width":250,"height":250,"caption":"T\u00f5uksimaailm"},"image":{"@id":"https:\/\/www.xn--tuksimaailm-ffb.ee\/en\/#\/schema\/logo\/image\/"},"sameAs":["https:\/\/www.facebook.com\/touksimaailm\/","https:\/\/www.instagram.com\/touksimaailm_\/","https:\/\/www.youtube.com\/channel\/UC18ml0EKIDLP1xGuQjFzcXQ"]}]},"product_price_amount":"25.00","product_price_currency":"EUR","og_availability":"instock","product_availability":"instock","product_condition":"new"},"jetpack_sharing_enabled":true,"_links":{"self":[{"href":"https:\/\/www.xn--tuksimaailm-ffb.ee\/en\/wp-json\/wp\/v2\/product\/58074","targetHints":{"allow":["GET"]}}],"collection":[{"href":"https:\/\/www.xn--tuksimaailm-ffb.ee\/en\/wp-json\/wp\/v2\/product"}],"about":[{"href":"https:\/\/www.xn--tuksimaailm-ffb.ee\/en\/wp-json\/wp\/v2\/types\/product"}],"wp:featuredmedia":[{"embeddable":true,"href":"https:\/\/www.xn--tuksimaailm-ffb.ee\/en\/wp-json\/wp\/v2\/media\/14643"}],"wp:attachment":[{"href":"https:\/\/www.xn--tuksimaailm-ffb.ee\/en\/wp-json\/wp\/v2\/media?parent=58074"}],"wp:term":[{"taxonomy":"product_brand","embeddable":true,"href":"https:\/\/www.xn--tuksimaailm-ffb.ee\/en\/wp-json\/wp\/v2\/product_brand?post=58074"},{"taxonomy":"product_cat","embeddable":true,"href":"https:\/\/www.xn--tuksimaailm-ffb.ee\/en\/wp-json\/wp\/v2\/product_cat?post=58074"},{"taxonomy":"product_tag","embeddable":true,"href":"https:\/\/www.xn--tuksimaailm-ffb.ee\/en\/wp-json\/wp\/v2\/product_tag?post=58074"},{"taxonomy":"filter_elektritoukeratas","embeddable":true,"href":"https:\/\/www.xn--tuksimaailm-ffb.ee\/en\/wp-json\/wp\/v2\/filter_elektritoukeratas?post=58074"}],"curies":[{"name":"wp","href":"https:\/\/api.w.org\/{rel}","templated":true}]}}