{"id":58075,"date":"2021-12-04T18:38:44","date_gmt":"2021-12-04T15:38:44","guid":{"rendered":"http:\/\/www.xn--tuksimaailm-ffb.ee\/shop\/external-tyre-8-1-2x3-electric-scooter-vsett-8-9\/"},"modified":"2021-12-04T18:38:44","modified_gmt":"2021-12-04T15:38:44","slug":"external-tyre-8-1-2x3-electric-scooter-vsett-8-9","status":"publish","type":"product","link":"https:\/\/www.xn--tuksimaailm-ffb.ee\/en\/product\/external-tyre-8-1-2x3-electric-scooter-vsett-8-9\/","title":{"rendered":"External tyre 8 1\/2x3 - electric scooter Vsett 8 \/ 9+"},"content":{"rendered":"<p>Outer tyre 8 1\/2x3 (also outer rubber, outer casing, tyre 8.5x3.00 50-134) TUOVT branded - suitable for electric scooter Vsett 8 \/ 9 \/ <a href=\"http:\/\/www.xn--tuksimaailm-ffb.ee\/shop\/vsett-9-elektritoukeratas\/\"><b><strong>9+<\/strong><\/b><\/a>, and all other electric scooters with original <b><strong>8 1\/2x3\" <\/strong><\/b>tyres. <b><strong>NOTE:<\/strong><\/b> The internal diameter of the external tyre 8 1\/2x3 (rim height of the electric scooter) is smaller than on 8 1\/2x2\" electric scooters. Therefore, this outer tyre is not suitable for the popular electric scooter<b> <\/b><a href=\"http:\/\/www.xn--tuksimaailm-ffb.ee\/shop\/xiaomi-pro-2-elektritoukeratas\/\"><b><strong>Xiaomi Mi Pro 2<\/strong><\/b><\/a><b><strong>. <\/strong><\/b>The tyre suitable<b><strong> for Xiaomi <\/strong><\/b>can be found<a href=\"http:\/\/www.xn--tuksimaailm-ffb.ee\/shop\/elektritoukeratta-valiskumm-cst-8-1-2x2\/\"><b><strong> here<\/strong><\/b><\/a><b><strong>.<\/strong><\/b> The inner tyre for the 8.5x3.0 outer tyre can be found <a href=\"http:\/\/www.xn--tuksimaailm-ffb.ee\/shop\/siserehv-8-1-2x2-50-134-hota-90-kraadi-vsett-8-9\/\"><b><strong>here<\/strong><\/b><\/a>. Because of the small size and air volume of its tyres, an electric scooter is at risk of inner tyre rupture due to shocks, we recommend checking the tyre pressure once every 2 weeks or before each ride if the electric scooter is ridden less frequently. When inflating tyres, we strongly recommend the use of <a href=\"http:\/\/www.xn--tuksimaailm-ffb.ee\/tootekategooria\/lisavarustus\/\">pressure gauge pumps<\/a> to ensure the exact tyre pressure recommended by the electric scooter manufacturer. If your electric scooter is in need of repair or if a <a href=\"https:\/\/www.youtube.com\/watch?v=9c5oaCgBtVA\">self-repair<\/a>is too much for you, our specialist electric scooter <a href=\"http:\/\/www.xn--tuksimaailm-ffb.ee\/elektrilise-toukeratta-remont\/\">workshop<\/a> can help. We can also carry out tyre replacements on standby. You can read more about electric scooter tyre replacement in our <a href=\"http:\/\/www.xn--tuksimaailm-ffb.ee\/elektritoukeratta-rehvivahetus\/\">blog post<\/a>.<\/p>\n","protected":false},"excerpt":{"rendered":"<p>Outer tyre 8 1\/2x3 (also outer rubber, outer casing, tyre 8.5x3.00 50-134) TUOVT branded - suitable for electric scooter Vsett 8 \/ 9 \/ 9+, and all other electric scooters with original 8 1\/2x3\" tyres. NOTE: The internal diameter of the external tyre 8 1\/2x3 (rim height of the electric &hellip;<\/p>\n","protected":false},"featured_media":14645,"template":"","meta":[],"product_brand":[],"product_cat":[726],"product_tag":[3208],"filter_elektritoukeratas":[2669,2648,2647],"class_list":{"0":"post-58075","1":"product","2":"type-product","3":"status-publish","4":"has-post-thumbnail","6":"product_cat-spare-parts","7":"product_tag-tyres","8":"pa_tootetuup-tyres","9":"filter_elektritoukeratas-ft_kugoo_g2_pro","10":"filter_elektritoukeratas-ft_vsett_8_8_plus","11":"filter_elektritoukeratas-ft_vsett_9_9_plus","13":"first","14":"instock","15":"taxable","16":"shipping-taxable","17":"purchasable","18":"product-type-simple"},"yoast_head":"<!-- This site is optimized with the Yoast SEO Premium plugin v26.8 (Yoast SEO v27.5) - https:\/\/yoast.com\/product\/yoast-seo-premium-wordpress\/ -->\n<title>External tyre 8 1\/2x3 - electric scooter Vsett 8 \/ 9+ | T\u00f5uksimaailm<\/title>\n<meta name=\"description\" content=\"External tyre 8 1\/2x3 (also external rubber, tyre 8.5x3.00) TUOVT - suitable for electric scooter Vsett 8 \/ Vsett 9 \/ Vsett 9+\" \/>\n<meta name=\"robots\" content=\"index, follow, max-snippet:-1, max-image-preview:large, max-video-preview:-1\" \/>\n<link rel=\"canonical\" href=\"https:\/\/www.xn--tuksimaailm-ffb.ee\/en\/product\/external-tyre-8-1-2x3-electric-scooter-vsett-8-9\/\" \/>\n<meta property=\"og:locale\" content=\"en_US\" \/>\n<meta property=\"og:type\" content=\"article\" \/>\n<meta property=\"og:title\" content=\"External tyre 8 1\/2x3 - electric scooter Vsett 8 \/ 9+\" \/>\n<meta property=\"og:description\" content=\"External tyre 8 1\/2x3 (also external rubber, tyre 8.5x3.00) TUOVT - suitable for electric scooter Vsett 8 \/ Vsett 9 \/ Vsett 9+\" \/>\n<meta property=\"og:url\" content=\"https:\/\/www.xn--tuksimaailm-ffb.ee\/en\/product\/external-tyre-8-1-2x3-electric-scooter-vsett-8-9\/\" \/>\n<meta property=\"og:site_name\" content=\"T\u00f5uksimaailm\" \/>\n<meta property=\"article:publisher\" content=\"https:\/\/www.facebook.com\/touksimaailm\/\" \/>\n<meta property=\"og:image\" content=\"https:\/\/www.xn--tuksimaailm-ffb.ee\/wp-content\/uploads\/2021\/12\/vsett-valis-rehv.png\" \/>\n\t<meta property=\"og:image:width\" content=\"939\" \/>\n\t<meta property=\"og:image:height\" content=\"901\" \/>\n\t<meta property=\"og:image:type\" content=\"image\/png\" \/>\n<meta name=\"twitter:card\" content=\"summary_large_image\" \/>\n<meta name=\"twitter:label1\" content=\"Price\" \/>\n\t<meta name=\"twitter:data1\" content=\"&euro;15.00\" \/>\n\t<meta name=\"twitter:label2\" content=\"Availability\" \/>\n\t<meta name=\"twitter:data2\" content=\"In stock\" \/>\n<meta property=\"product:price:amount\" content=\"15.00\" \/>\n<meta property=\"product:price:currency\" content=\"EUR\" \/>\n<meta property=\"og:availability\" content=\"instock\" \/>\n<meta property=\"product:availability\" content=\"instock\" \/>\n<meta property=\"product:condition\" content=\"new\" \/>\n<!-- \/ Yoast SEO Premium plugin. -->","yoast_head_json":{"title":"External tyre 8 1\/2x3 - electric scooter Vsett 8 \/ 9+ | T\u00f5uksimaailm","description":"External tyre 8 1\/2x3 (also external rubber, tyre 8.5x3.00) TUOVT - suitable for electric scooter Vsett 8 \/ Vsett 9 \/ Vsett 9+","robots":{"index":"index","follow":"follow","max-snippet":"max-snippet:-1","max-image-preview":"max-image-preview:large","max-video-preview":"max-video-preview:-1"},"canonical":"https:\/\/www.xn--tuksimaailm-ffb.ee\/en\/product\/external-tyre-8-1-2x3-electric-scooter-vsett-8-9\/","og_locale":"en_US","og_type":"article","og_title":"External tyre 8 1\/2x3 - electric scooter Vsett 8 \/ 9+","og_description":"External tyre 8 1\/2x3 (also external rubber, tyre 8.5x3.00) TUOVT - suitable for electric scooter Vsett 8 \/ Vsett 9 \/ Vsett 9+","og_url":"https:\/\/www.xn--tuksimaailm-ffb.ee\/en\/product\/external-tyre-8-1-2x3-electric-scooter-vsett-8-9\/","og_site_name":"T\u00f5uksimaailm","article_publisher":"https:\/\/www.facebook.com\/touksimaailm\/","og_image":[{"width":939,"height":901,"url":"https:\/\/www.xn--tuksimaailm-ffb.ee\/wp-content\/uploads\/2021\/12\/vsett-valis-rehv.png","type":"image\/png"}],"twitter_card":"summary_large_image","twitter_misc":{"Price":"&euro;15.00","Availability":"In stock"},"schema":{"@context":"https:\/\/schema.org","@graph":[{"@type":"WebPage","@id":"https:\/\/www.xn--tuksimaailm-ffb.ee\/en\/product\/external-tyre-8-1-2x3-electric-scooter-vsett-8-9\/","url":"https:\/\/www.xn--tuksimaailm-ffb.ee\/en\/product\/external-tyre-8-1-2x3-electric-scooter-vsett-8-9\/","name":"External tyre 8 1\/2x3 - electric scooter Vsett 8 \/ 9+ | T\u00f5uksimaailm","isPartOf":{"@id":"https:\/\/www.xn--tuksimaailm-ffb.ee\/en\/#website"},"primaryImageOfPage":{"@id":"https:\/\/www.xn--tuksimaailm-ffb.ee\/en\/product\/external-tyre-8-1-2x3-electric-scooter-vsett-8-9\/#primaryimage"},"image":{"@id":"https:\/\/www.xn--tuksimaailm-ffb.ee\/en\/product\/external-tyre-8-1-2x3-electric-scooter-vsett-8-9\/#primaryimage"},"thumbnailUrl":"https:\/\/www.xn--tuksimaailm-ffb.ee\/wp-content\/uploads\/2021\/12\/vsett-valis-rehv.png","datePublished":"2021-12-04T15:38:44+00:00","description":"External tyre 8 1\/2x3 (also external rubber, tyre 8.5x3.00) TUOVT - suitable for electric scooter Vsett 8 \/ Vsett 9 \/ Vsett 9+","breadcrumb":{"@id":"https:\/\/www.xn--tuksimaailm-ffb.ee\/en\/product\/external-tyre-8-1-2x3-electric-scooter-vsett-8-9\/#breadcrumb"},"inLanguage":"en-US","potentialAction":[{"@type":"ReadAction","target":["https:\/\/www.xn--tuksimaailm-ffb.ee\/en\/product\/external-tyre-8-1-2x3-electric-scooter-vsett-8-9\/"]}]},{"@type":"ImageObject","inLanguage":"en-US","@id":"https:\/\/www.xn--tuksimaailm-ffb.ee\/en\/product\/external-tyre-8-1-2x3-electric-scooter-vsett-8-9\/#primaryimage","url":"https:\/\/www.xn--tuksimaailm-ffb.ee\/wp-content\/uploads\/2021\/12\/vsett-valis-rehv.png","contentUrl":"https:\/\/www.xn--tuksimaailm-ffb.ee\/wp-content\/uploads\/2021\/12\/vsett-valis-rehv.png","width":939,"height":901,"caption":"External tyre 8 1\/2x3 - electric scooter Vsett 8 \/ 9+"},{"@type":"BreadcrumbList","@id":"https:\/\/www.xn--tuksimaailm-ffb.ee\/en\/product\/external-tyre-8-1-2x3-electric-scooter-vsett-8-9\/#breadcrumb","itemListElement":[{"@type":"ListItem","position":1,"name":"Home","item":"https:\/\/www.xn--tuksimaailm-ffb.ee\/en\/main-page\/"},{"@type":"ListItem","position":2,"name":"Shop","item":"https:\/\/www.xn--tuksimaailm-ffb.ee\/elektritoukerataste-pood\/"},{"@type":"ListItem","position":3,"name":"External tyre 8 1\/2x3 - electric scooter Vsett 8 \/ 9+"}]},{"@type":"WebSite","@id":"https:\/\/www.xn--tuksimaailm-ffb.ee\/en\/#website","url":"https:\/\/www.xn--tuksimaailm-ffb.ee\/en\/","name":"T\u00f5uksimaailm","description":"Elektrit\u00f5ukerataste m\u00fc\u00fck, remont ja rent","publisher":{"@id":"https:\/\/www.xn--tuksimaailm-ffb.ee\/en\/#organization"},"potentialAction":[{"@type":"SearchAction","target":{"@type":"EntryPoint","urlTemplate":"https:\/\/www.xn--tuksimaailm-ffb.ee\/en\/?s={search_term_string}"},"query-input":{"@type":"PropertyValueSpecification","valueRequired":true,"valueName":"search_term_string"}}],"inLanguage":"en-US"},{"@type":"Organization","@id":"https:\/\/www.xn--tuksimaailm-ffb.ee\/en\/#organization","name":"T\u00f5uksimaailm","url":"https:\/\/www.xn--tuksimaailm-ffb.ee\/en\/","logo":{"@type":"ImageObject","inLanguage":"en-US","@id":"https:\/\/www.xn--tuksimaailm-ffb.ee\/en\/#\/schema\/logo\/image\/","url":"https:\/\/www.xn--tuksimaailm-ffb.ee\/wp-content\/uploads\/2020\/01\/logoz-e1579792875517.png","contentUrl":"https:\/\/www.xn--tuksimaailm-ffb.ee\/wp-content\/uploads\/2020\/01\/logoz-e1579792875517.png","width":250,"height":250,"caption":"T\u00f5uksimaailm"},"image":{"@id":"https:\/\/www.xn--tuksimaailm-ffb.ee\/en\/#\/schema\/logo\/image\/"},"sameAs":["https:\/\/www.facebook.com\/touksimaailm\/","https:\/\/www.instagram.com\/touksimaailm_\/","https:\/\/www.youtube.com\/channel\/UC18ml0EKIDLP1xGuQjFzcXQ"]}]},"product_price_amount":"15.00","product_price_currency":"EUR","og_availability":"instock","product_availability":"instock","product_condition":"new"},"jetpack_sharing_enabled":true,"_links":{"self":[{"href":"https:\/\/www.xn--tuksimaailm-ffb.ee\/en\/wp-json\/wp\/v2\/product\/58075","targetHints":{"allow":["GET"]}}],"collection":[{"href":"https:\/\/www.xn--tuksimaailm-ffb.ee\/en\/wp-json\/wp\/v2\/product"}],"about":[{"href":"https:\/\/www.xn--tuksimaailm-ffb.ee\/en\/wp-json\/wp\/v2\/types\/product"}],"wp:featuredmedia":[{"embeddable":true,"href":"https:\/\/www.xn--tuksimaailm-ffb.ee\/en\/wp-json\/wp\/v2\/media\/14645"}],"wp:attachment":[{"href":"https:\/\/www.xn--tuksimaailm-ffb.ee\/en\/wp-json\/wp\/v2\/media?parent=58075"}],"wp:term":[{"taxonomy":"product_brand","embeddable":true,"href":"https:\/\/www.xn--tuksimaailm-ffb.ee\/en\/wp-json\/wp\/v2\/product_brand?post=58075"},{"taxonomy":"product_cat","embeddable":true,"href":"https:\/\/www.xn--tuksimaailm-ffb.ee\/en\/wp-json\/wp\/v2\/product_cat?post=58075"},{"taxonomy":"product_tag","embeddable":true,"href":"https:\/\/www.xn--tuksimaailm-ffb.ee\/en\/wp-json\/wp\/v2\/product_tag?post=58075"},{"taxonomy":"filter_elektritoukeratas","embeddable":true,"href":"https:\/\/www.xn--tuksimaailm-ffb.ee\/en\/wp-json\/wp\/v2\/filter_elektritoukeratas?post=58075"}],"curies":[{"name":"wp","href":"https:\/\/api.w.org\/{rel}","templated":true}]}}