{"id":58076,"date":"2021-12-04T19:07:35","date_gmt":"2021-12-04T19:07:35","guid":{"rendered":"http:\/\/www.xn--tuksimaailm-ffb.ee\/shop\/inner-ring-8-1-2x2-50-134-90-degrees\/"},"modified":"2021-12-04T19:07:35","modified_gmt":"2021-12-04T16:07:35","slug":"inner-ring-8-1-2x2-50-134-90-degrees","status":"publish","type":"product","link":"https:\/\/www.xn--tuksimaailm-ffb.ee\/en\/product\/inner-ring-8-1-2x2-50-134-90-degrees\/","title":{"rendered":"Inner ring 8 1\/2x2\" 50-134, 90 degrees"},"content":{"rendered":"<p>Inner ring \/ air hub 8 1\/2x2\" 50-134 (8.5x2\"), 90 degrees - suitable for electric scooter <a href=\"https:\/\/zeroelectricscooter.com\/collections\/the-zero-scooter-collection\/products\/zero-8-electric-scooter\"><b><strong>Zero 8<\/strong><\/b><\/a>, 9, 8 Pro. The inner tube is suitable for fitting into <a href=\"http:\/\/www.xn--tuksimaailm-ffb.ee\/shop\/valisrehv-8-1-2x3-elektritoukeratas-vsett-8-9-zero-8-9\/\"><b><strong>8 1\/2x3 50-134 external tyres.<\/strong><\/b><\/a> Also fits inside <a href=\"http:\/\/www.xn--tuksimaailm-ffb.ee\/shop\/toukeratta-valisrehv-50-134-hota\/\"><b><strong>8 1\/2x2\" HOTA outer tyre.<\/strong><\/b><\/a> The valve on the inner tube is at<b><strong> a 90 degree<\/strong><\/b> angle and the plane of the inner tube is also at<b><strong> a 90 degree<\/strong><\/b> angle (see product picture).<\/p>\n<p><b><strong>NOTE:<\/strong><\/b> The 8 1\/2x2\" 50-134 HOTA inner ring is not suitable for use as an inner ring for the <a href=\"http:\/\/www.xn--tuksimaailm-ffb.ee\/shop\/xiaomi-pro-2-elektritoukeratas\/\"><b><strong>Xiaomi<\/strong><\/b><\/a> electric scooter, as the outer diameter of <a href=\"http:\/\/www.xn--tuksimaailm-ffb.ee\/shop\/xiaomi-sisekumm-8-1-2x2-8-5x2-mi-m365-pro-1s\/\"><b><strong>the inner pump<\/strong><\/b><\/a> (but the same size as the inner ring) is larger.<\/p>\n<p>The inner hub of an electric scooter is <b><strong>an auto-valve (AV)<\/strong><\/b>, which can be pumped by most pumps. Because of the small size and air volume of its tyres, the electric scooter is at risk of inner tube rupture due to impact, we recommend checking the tyre pressure once every 2 weeks or before each ride if the electric scooter is ridden less frequently. When inflating tyres, we strongly recommend the use of <a href=\"http:\/\/www.xn--tuksimaailm-ffb.ee\/tootekategooria\/lisavarustus\/\">pressure gauge pumps<\/a> to ensure the exact tyre pressure recommended by the electric scooter manufacturer. If your electric scooter is in need of repair or if a <a href=\"https:\/\/www.youtube.com\/watch?v=9c5oaCgBtVA\">self-repair<\/a>is too much for you, our specialist electric scooter <a href=\"http:\/\/www.xn--tuksimaailm-ffb.ee\/elektrilise-toukeratta-remont\/\">workshop<\/a> can help. We can also carry out tyre replacements on standby. You can read more about electric scooter tyre replacement in our <a href=\"http:\/\/www.xn--tuksimaailm-ffb.ee\/elektritoukeratta-rehvivahetus\/\">blog post<\/a>.<\/p>\n","protected":false},"excerpt":{"rendered":"<p>Inner ring \/ air hub 8 1\/2x2\" 50-134 (8.5x2\"), 90 degrees - suitable for electric scooter Zero 8, 9, 8 Pro. The inner tube is suitable for fitting into 8 1\/2x3 50-134 external tyres. Also fits inside 8 1\/2x2\" HOTA outer tyre. The valve on the inner tube is at &hellip;<\/p>\n","protected":false},"featured_media":79016,"template":"","meta":[],"product_brand":[],"product_cat":[726],"product_tag":[3204],"filter_elektritoukeratas":[2746,2747],"class_list":{"0":"post-58076","1":"product","2":"type-product","3":"status-publish","4":"has-post-thumbnail","6":"product_cat-spare-parts","7":"product_tag-inner-tubes","8":"pa_tootetuup-inner-tubes","9":"filter_elektritoukeratas-ft_zero_8","10":"filter_elektritoukeratas-ft_zero_9","12":"first","13":"instock","14":"taxable","15":"shipping-taxable","16":"purchasable","17":"product-type-variable"},"yoast_head":"<!-- This site is optimized with the Yoast SEO Premium plugin v26.8 (Yoast SEO v27.5) - https:\/\/yoast.com\/product\/yoast-seo-premium-wordpress\/ -->\n<title>Inner ring 8 1\/2x2&quot; 50-134, 90 degrees &#8212; T\u00f5uksimaailm<\/title>\n<meta name=\"description\" content=\"Inner ring 8 1\/2x2&quot; 50-134 HOTA (8.5x2&quot;), 90 degrees - suitable for Zero 8, 9, 8 Pro and many other electric scooters.\" \/>\n<meta name=\"robots\" content=\"index, follow, max-snippet:-1, max-image-preview:large, max-video-preview:-1\" \/>\n<link rel=\"canonical\" href=\"https:\/\/www.xn--tuksimaailm-ffb.ee\/en\/product\/inner-ring-8-1-2x2-50-134-90-degrees\/\" \/>\n<meta property=\"og:locale\" content=\"en_US\" \/>\n<meta property=\"og:type\" content=\"article\" \/>\n<meta property=\"og:title\" content=\"Inner ring 8 1\/2x2&quot; 50-134, 90 degrees\" \/>\n<meta property=\"og:description\" content=\"Inner ring 8 1\/2x2&quot; 50-134 HOTA (8.5x2&quot;), 90 degrees - suitable for Zero 8, 9, 8 Pro and many other electric scooters.\" \/>\n<meta property=\"og:url\" content=\"https:\/\/www.xn--tuksimaailm-ffb.ee\/en\/product\/inner-ring-8-1-2x2-50-134-90-degrees\/\" \/>\n<meta property=\"og:site_name\" content=\"T\u00f5uksimaailm\" \/>\n<meta property=\"article:publisher\" content=\"https:\/\/www.facebook.com\/touksimaailm\/\" \/>\n<meta property=\"og:image\" content=\"https:\/\/www.xn--tuksimaailm-ffb.ee\/wp-content\/uploads\/2021\/12\/9090-kraadi-8.5x2.jpg\" \/>\n\t<meta property=\"og:image:width\" content=\"501\" \/>\n\t<meta property=\"og:image:height\" content=\"262\" \/>\n\t<meta property=\"og:image:type\" content=\"image\/jpeg\" \/>\n<meta name=\"twitter:card\" content=\"summary_large_image\" \/>\n<meta name=\"twitter:label1\" content=\"Availability\" \/>\n\t<meta name=\"twitter:data1\" content=\"In stock\" \/>\n<meta property=\"og:availability\" content=\"instock\" \/>\n<meta property=\"product:availability\" content=\"instock\" \/>\n<meta property=\"product:condition\" content=\"new\" \/>\n<!-- \/ Yoast SEO Premium plugin. -->","yoast_head_json":{"title":"Inner ring 8 1\/2x2\" 50-134, 90 degrees &#8212; T\u00f5uksimaailm","description":"Inner ring 8 1\/2x2\" 50-134 HOTA (8.5x2\"), 90 degrees - suitable for Zero 8, 9, 8 Pro and many other electric scooters.","robots":{"index":"index","follow":"follow","max-snippet":"max-snippet:-1","max-image-preview":"max-image-preview:large","max-video-preview":"max-video-preview:-1"},"canonical":"https:\/\/www.xn--tuksimaailm-ffb.ee\/en\/product\/inner-ring-8-1-2x2-50-134-90-degrees\/","og_locale":"en_US","og_type":"article","og_title":"Inner ring 8 1\/2x2\" 50-134, 90 degrees","og_description":"Inner ring 8 1\/2x2\" 50-134 HOTA (8.5x2\"), 90 degrees - suitable for Zero 8, 9, 8 Pro and many other electric scooters.","og_url":"https:\/\/www.xn--tuksimaailm-ffb.ee\/en\/product\/inner-ring-8-1-2x2-50-134-90-degrees\/","og_site_name":"T\u00f5uksimaailm","article_publisher":"https:\/\/www.facebook.com\/touksimaailm\/","og_image":[{"width":501,"height":262,"url":"https:\/\/www.xn--tuksimaailm-ffb.ee\/wp-content\/uploads\/2021\/12\/9090-kraadi-8.5x2.jpg","type":"image\/jpeg"}],"twitter_card":"summary_large_image","twitter_misc":{"Availability":"In stock"},"schema":{"@context":"https:\/\/schema.org","@graph":[{"@type":"WebPage","@id":"https:\/\/www.xn--tuksimaailm-ffb.ee\/en\/product\/inner-ring-8-1-2x2-50-134-90-degrees\/","url":"https:\/\/www.xn--tuksimaailm-ffb.ee\/en\/product\/inner-ring-8-1-2x2-50-134-90-degrees\/","name":"Inner ring 8 1\/2x2\" 50-134, 90 degrees &#8212; T\u00f5uksimaailm","isPartOf":{"@id":"https:\/\/www.xn--tuksimaailm-ffb.ee\/en\/#website"},"primaryImageOfPage":{"@id":"https:\/\/www.xn--tuksimaailm-ffb.ee\/en\/product\/inner-ring-8-1-2x2-50-134-90-degrees\/#primaryimage"},"image":{"@id":"https:\/\/www.xn--tuksimaailm-ffb.ee\/en\/product\/inner-ring-8-1-2x2-50-134-90-degrees\/#primaryimage"},"thumbnailUrl":"https:\/\/www.xn--tuksimaailm-ffb.ee\/wp-content\/uploads\/2021\/12\/Screenshot-2026-02-17-031204.webp","datePublished":"2021-12-04T19:07:35+00:00","description":"Inner ring 8 1\/2x2\" 50-134 HOTA (8.5x2\"), 90 degrees - suitable for Zero 8, 9, 8 Pro and many other electric scooters.","breadcrumb":{"@id":"https:\/\/www.xn--tuksimaailm-ffb.ee\/en\/product\/inner-ring-8-1-2x2-50-134-90-degrees\/#breadcrumb"},"inLanguage":"en-US","potentialAction":[{"@type":"ReadAction","target":["https:\/\/www.xn--tuksimaailm-ffb.ee\/en\/product\/inner-ring-8-1-2x2-50-134-90-degrees\/"]}]},{"@type":"ImageObject","inLanguage":"en-US","@id":"https:\/\/www.xn--tuksimaailm-ffb.ee\/en\/product\/inner-ring-8-1-2x2-50-134-90-degrees\/#primaryimage","url":"https:\/\/www.xn--tuksimaailm-ffb.ee\/wp-content\/uploads\/2021\/12\/Screenshot-2026-02-17-031204.webp","contentUrl":"https:\/\/www.xn--tuksimaailm-ffb.ee\/wp-content\/uploads\/2021\/12\/Screenshot-2026-02-17-031204.webp","width":701,"height":624,"caption":"Siserehv sisekumm 12x (1.75 \/2 \/2.125)"},{"@type":"BreadcrumbList","@id":"https:\/\/www.xn--tuksimaailm-ffb.ee\/en\/product\/inner-ring-8-1-2x2-50-134-90-degrees\/#breadcrumb","itemListElement":[{"@type":"ListItem","position":1,"name":"Home","item":"https:\/\/www.xn--tuksimaailm-ffb.ee\/en\/main-page\/"},{"@type":"ListItem","position":2,"name":"Shop","item":"https:\/\/www.xn--tuksimaailm-ffb.ee\/elektritoukerataste-pood\/"},{"@type":"ListItem","position":3,"name":"Inner ring 8 1\/2x2\" 50-134, 90 degrees"}]},{"@type":"WebSite","@id":"https:\/\/www.xn--tuksimaailm-ffb.ee\/en\/#website","url":"https:\/\/www.xn--tuksimaailm-ffb.ee\/en\/","name":"T\u00f5uksimaailm","description":"Elektrit\u00f5ukerataste m\u00fc\u00fck, remont ja rent","publisher":{"@id":"https:\/\/www.xn--tuksimaailm-ffb.ee\/en\/#organization"},"potentialAction":[{"@type":"SearchAction","target":{"@type":"EntryPoint","urlTemplate":"https:\/\/www.xn--tuksimaailm-ffb.ee\/en\/?s={search_term_string}"},"query-input":{"@type":"PropertyValueSpecification","valueRequired":true,"valueName":"search_term_string"}}],"inLanguage":"en-US"},{"@type":"Organization","@id":"https:\/\/www.xn--tuksimaailm-ffb.ee\/en\/#organization","name":"T\u00f5uksimaailm","url":"https:\/\/www.xn--tuksimaailm-ffb.ee\/en\/","logo":{"@type":"ImageObject","inLanguage":"en-US","@id":"https:\/\/www.xn--tuksimaailm-ffb.ee\/en\/#\/schema\/logo\/image\/","url":"https:\/\/www.xn--tuksimaailm-ffb.ee\/wp-content\/uploads\/2020\/01\/logoz-e1579792875517.png","contentUrl":"https:\/\/www.xn--tuksimaailm-ffb.ee\/wp-content\/uploads\/2020\/01\/logoz-e1579792875517.png","width":250,"height":250,"caption":"T\u00f5uksimaailm"},"image":{"@id":"https:\/\/www.xn--tuksimaailm-ffb.ee\/en\/#\/schema\/logo\/image\/"},"sameAs":["https:\/\/www.facebook.com\/touksimaailm\/","https:\/\/www.instagram.com\/touksimaailm_\/","https:\/\/www.youtube.com\/channel\/UC18ml0EKIDLP1xGuQjFzcXQ"]}]},"og_availability":"instock","product_availability":"instock","product_condition":"new"},"jetpack_sharing_enabled":true,"_links":{"self":[{"href":"https:\/\/www.xn--tuksimaailm-ffb.ee\/en\/wp-json\/wp\/v2\/product\/58076","targetHints":{"allow":["GET"]}}],"collection":[{"href":"https:\/\/www.xn--tuksimaailm-ffb.ee\/en\/wp-json\/wp\/v2\/product"}],"about":[{"href":"https:\/\/www.xn--tuksimaailm-ffb.ee\/en\/wp-json\/wp\/v2\/types\/product"}],"wp:featuredmedia":[{"embeddable":true,"href":"https:\/\/www.xn--tuksimaailm-ffb.ee\/en\/wp-json\/wp\/v2\/media\/79016"}],"wp:attachment":[{"href":"https:\/\/www.xn--tuksimaailm-ffb.ee\/en\/wp-json\/wp\/v2\/media?parent=58076"}],"wp:term":[{"taxonomy":"product_brand","embeddable":true,"href":"https:\/\/www.xn--tuksimaailm-ffb.ee\/en\/wp-json\/wp\/v2\/product_brand?post=58076"},{"taxonomy":"product_cat","embeddable":true,"href":"https:\/\/www.xn--tuksimaailm-ffb.ee\/en\/wp-json\/wp\/v2\/product_cat?post=58076"},{"taxonomy":"product_tag","embeddable":true,"href":"https:\/\/www.xn--tuksimaailm-ffb.ee\/en\/wp-json\/wp\/v2\/product_tag?post=58076"},{"taxonomy":"filter_elektritoukeratas","embeddable":true,"href":"https:\/\/www.xn--tuksimaailm-ffb.ee\/en\/wp-json\/wp\/v2\/filter_elektritoukeratas?post=58076"}],"curies":[{"name":"wp","href":"https:\/\/api.w.org\/{rel}","templated":true}]}}