{"id":58080,"date":"2021-12-04T19:57:27","date_gmt":"2021-12-04T19:57:27","guid":{"rendered":"http:\/\/www.xn--tuksimaailm-ffb.ee\/shop\/tubeless-tyre-90-65-6-5-for-11-rims\/"},"modified":"2021-12-04T19:57:27","modified_gmt":"2021-12-04T16:57:27","slug":"tubeless-tyre-90-65-6-5-for-11-rims","status":"publish","type":"product","link":"https:\/\/www.xn--tuksimaailm-ffb.ee\/en\/product\/tubeless-tyre-90-65-6-5-for-11-rims\/","title":{"rendered":"Tubeless tyre 90\/65-6.5 - for 11\" rims"},"content":{"rendered":"<p>Off-road tubeless 90\/65-6.5 11\" inch (also external tyre, outer tyre, casing, vacuum tyre). Suitable for mounting in place of <b><strong>11 inch 90\/65 - 6.5<\/strong><\/b> tubeless tyres - <a href=\"https:\/\/dualtron-shop.com\/product\/dualtron-thunder\/\"><b><strong>Dualtron Thunder<\/strong><\/b><\/a> electric scooter , <a href=\"http:\/\/www.xn--tuksimaailm-ffb.ee\/shop\/kaabo-wolf-warrior-11\/\"><b><strong>Kaabo Wolf Warrior 11+<\/strong><\/b><\/a> electric scooter<b><strong>, <\/strong><\/b><a href=\"http:\/\/www.xn--tuksimaailm-ffb.ee\/shop\/kaabo-wolf-king-elektritoukeratas\/\"><b><strong>Wolf King<\/strong><\/b><\/a> (<b><strong> GT).<\/strong><\/b> The all-terrain tyre is also ideal as a winter tyre for riding an electric scooter in the snow in winter. <b><strong>NOTE:<\/strong><\/b> The tubeless 100\/65-6.5 11\" tyre is only suitable for installation on electric scooters with tyres without inner tube (e.g. <a href=\"http:\/\/www.xn--tuksimaailm-ffb.ee\/shop\/nami-burn-e-elektritoukeratas\/\"><b><strong>Nami Burn-E<\/strong><\/b><\/a> electric scooter).<\/p>\n<p>On rims normally designed for tyres with inner tubes, the tubeless tyre does not fit well enough to be used without an inner tube. If your electric scooter is in need of repair, or if it is too expensive to replace the <a href=\"https:\/\/www.youtube.com\/watch?v=9c5oaCgBtVA\">rims<\/a>on your own, our <a href=\"http:\/\/www.xn--tuksimaailm-ffb.ee\/elektrilise-toukeratta-remont\/\">workshop<\/a> specialising in electric scooters can help. We can also carry out tyre replacements on standby. You can read more about electric scooter tyre replacement in our <a href=\"http:\/\/www.xn--tuksimaailm-ffb.ee\/elektritoukeratta-rehvivahetus\/\">blog post<\/a>.<\/p>\n","protected":false},"excerpt":{"rendered":"<p>Off-road tubeless 90\/65-6.5 11\" inch (also external tyre, outer tyre, casing, vacuum tyre). Suitable for mounting in place of 11 inch 90\/65 - 6.5 tubeless tyres - Dualtron Thunder electric scooter , Kaabo Wolf Warrior 11+ electric scooter, Wolf King ( GT). The all-terrain tyre is also ideal as a &hellip;<\/p>\n","protected":false},"featured_media":14651,"template":"","meta":[],"product_brand":[],"product_cat":[726],"product_tag":[3208],"filter_elektritoukeratas":[2736,2734,2735,2707,2728,2678,2680,2675,2677,3239,2602,2645,2751],"class_list":{"0":"post-58080","1":"product","2":"type-product","3":"status-publish","4":"has-post-thumbnail","6":"product_cat-spare-parts","7":"product_tag-tyres","8":"pa_tootetuup-tyres","9":"filter_elektritoukeratas-ft_dualtron_storm","10":"filter_elektritoukeratas-ft_dualtron_thunder","11":"filter_elektritoukeratas-ft_dualtron_ultra","12":"filter_elektritoukeratas-ft_gpad_f3_max","13":"filter_elektritoukeratas-ft_kaabo_wolf","14":"filter_elektritoukeratas-ft_kugoo_g_booster","15":"filter_elektritoukeratas-ft_kugoo_g1_pro","16":"filter_elektritoukeratas-ft_kugoo_g4","17":"filter_elektritoukeratas-ft_kugoo_m5_pro","18":"filter_elektritoukeratas-ft_techlife_x9","19":"filter_elektritoukeratas-ft_vsett_11_plus","20":"filter_elektritoukeratas-ft_vsett_11_plus_super","21":"filter_elektritoukeratas-ft_zero_11x","23":"first","24":"instock","25":"taxable","26":"shipping-taxable","27":"purchasable","28":"product-type-simple"},"yoast_head":"<!-- This site is optimized with the Yoast SEO Premium plugin v26.8 (Yoast SEO v27.5) - https:\/\/yoast.com\/product\/yoast-seo-premium-wordpress\/ -->\n<title>Tubeless tyre 90\/65-6.5 - for 11&quot; rims | T\u00f5uksimaailm<\/title>\n<meta name=\"description\" content=\"Off-road tubeless 90\/65-6.5 11&quot; inches (vacuum tyre). Suitable for electric scooter Dualtron Thunder, electric scooter Kaabo Wolf.\" \/>\n<meta name=\"robots\" content=\"index, follow, max-snippet:-1, max-image-preview:large, max-video-preview:-1\" \/>\n<link rel=\"canonical\" href=\"https:\/\/www.xn--tuksimaailm-ffb.ee\/en\/product\/tubeless-tyre-90-65-6-5-for-11-rims\/\" \/>\n<meta property=\"og:locale\" content=\"en_US\" \/>\n<meta property=\"og:type\" content=\"article\" \/>\n<meta property=\"og:title\" content=\"Tubeless tyre 90\/65-6.5 - for 11&quot; rims\" \/>\n<meta property=\"og:description\" content=\"Off-road tubeless 90\/65-6.5 11&quot; inches (vacuum tyre). Suitable for electric scooter Dualtron Thunder, electric scooter Kaabo Wolf.\" \/>\n<meta property=\"og:url\" content=\"https:\/\/www.xn--tuksimaailm-ffb.ee\/en\/product\/tubeless-tyre-90-65-6-5-for-11-rims\/\" \/>\n<meta property=\"og:site_name\" content=\"T\u00f5uksimaailm\" \/>\n<meta property=\"article:publisher\" content=\"https:\/\/www.facebook.com\/touksimaailm\/\" \/>\n<meta property=\"og:image\" content=\"https:\/\/www.xn--tuksimaailm-ffb.ee\/wp-content\/uploads\/2021\/12\/11-tolli-maastiku-tubeless.png\" \/>\n\t<meta property=\"og:image:width\" content=\"1007\" \/>\n\t<meta property=\"og:image:height\" content=\"911\" \/>\n\t<meta property=\"og:image:type\" content=\"image\/png\" \/>\n<meta name=\"twitter:card\" content=\"summary_large_image\" \/>\n<meta name=\"twitter:label1\" content=\"Price\" \/>\n\t<meta name=\"twitter:data1\" content=\"&euro;35.00\" \/>\n\t<meta name=\"twitter:label2\" content=\"Availability\" \/>\n\t<meta name=\"twitter:data2\" content=\"In stock\" \/>\n<meta property=\"product:price:amount\" content=\"35.00\" \/>\n<meta property=\"product:price:currency\" content=\"EUR\" \/>\n<meta property=\"og:availability\" content=\"instock\" \/>\n<meta property=\"product:availability\" content=\"instock\" \/>\n<meta property=\"product:retailer_item_id\" content=\"VR-90\/65-6.5-TUBELESS-MAASTIK\" \/>\n<meta property=\"product:condition\" content=\"new\" \/>\n<!-- \/ Yoast SEO Premium plugin. -->","yoast_head_json":{"title":"Tubeless tyre 90\/65-6.5 - for 11\" rims | T\u00f5uksimaailm","description":"Off-road tubeless 90\/65-6.5 11\" inches (vacuum tyre). Suitable for electric scooter Dualtron Thunder, electric scooter Kaabo Wolf.","robots":{"index":"index","follow":"follow","max-snippet":"max-snippet:-1","max-image-preview":"max-image-preview:large","max-video-preview":"max-video-preview:-1"},"canonical":"https:\/\/www.xn--tuksimaailm-ffb.ee\/en\/product\/tubeless-tyre-90-65-6-5-for-11-rims\/","og_locale":"en_US","og_type":"article","og_title":"Tubeless tyre 90\/65-6.5 - for 11\" rims","og_description":"Off-road tubeless 90\/65-6.5 11\" inches (vacuum tyre). Suitable for electric scooter Dualtron Thunder, electric scooter Kaabo Wolf.","og_url":"https:\/\/www.xn--tuksimaailm-ffb.ee\/en\/product\/tubeless-tyre-90-65-6-5-for-11-rims\/","og_site_name":"T\u00f5uksimaailm","article_publisher":"https:\/\/www.facebook.com\/touksimaailm\/","og_image":[{"width":1007,"height":911,"url":"https:\/\/www.xn--tuksimaailm-ffb.ee\/wp-content\/uploads\/2021\/12\/11-tolli-maastiku-tubeless.png","type":"image\/png"}],"twitter_card":"summary_large_image","twitter_misc":{"Price":"&euro;35.00","Availability":"In stock"},"schema":{"@context":"https:\/\/schema.org","@graph":[{"@type":"WebPage","@id":"https:\/\/www.xn--tuksimaailm-ffb.ee\/en\/product\/tubeless-tyre-90-65-6-5-for-11-rims\/","url":"https:\/\/www.xn--tuksimaailm-ffb.ee\/en\/product\/tubeless-tyre-90-65-6-5-for-11-rims\/","name":"Tubeless tyre 90\/65-6.5 - for 11\" rims | T\u00f5uksimaailm","isPartOf":{"@id":"https:\/\/www.xn--tuksimaailm-ffb.ee\/en\/#website"},"primaryImageOfPage":{"@id":"https:\/\/www.xn--tuksimaailm-ffb.ee\/en\/product\/tubeless-tyre-90-65-6-5-for-11-rims\/#primaryimage"},"image":{"@id":"https:\/\/www.xn--tuksimaailm-ffb.ee\/en\/product\/tubeless-tyre-90-65-6-5-for-11-rims\/#primaryimage"},"thumbnailUrl":"https:\/\/www.xn--tuksimaailm-ffb.ee\/wp-content\/uploads\/2021\/12\/11-tolli-maastiku-tubeless.png","datePublished":"2021-12-04T19:57:27+00:00","description":"Off-road tubeless 90\/65-6.5 11\" inches (vacuum tyre). Suitable for electric scooter Dualtron Thunder, electric scooter Kaabo Wolf.","breadcrumb":{"@id":"https:\/\/www.xn--tuksimaailm-ffb.ee\/en\/product\/tubeless-tyre-90-65-6-5-for-11-rims\/#breadcrumb"},"inLanguage":"en-US","potentialAction":[{"@type":"ReadAction","target":["https:\/\/www.xn--tuksimaailm-ffb.ee\/en\/product\/tubeless-tyre-90-65-6-5-for-11-rims\/"]}]},{"@type":"ImageObject","inLanguage":"en-US","@id":"https:\/\/www.xn--tuksimaailm-ffb.ee\/en\/product\/tubeless-tyre-90-65-6-5-for-11-rims\/#primaryimage","url":"https:\/\/www.xn--tuksimaailm-ffb.ee\/wp-content\/uploads\/2021\/12\/11-tolli-maastiku-tubeless.png","contentUrl":"https:\/\/www.xn--tuksimaailm-ffb.ee\/wp-content\/uploads\/2021\/12\/11-tolli-maastiku-tubeless.png","width":1007,"height":911,"caption":"Tubeless tyre 90\/65-6.5 - for 11\" rims"},{"@type":"BreadcrumbList","@id":"https:\/\/www.xn--tuksimaailm-ffb.ee\/en\/product\/tubeless-tyre-90-65-6-5-for-11-rims\/#breadcrumb","itemListElement":[{"@type":"ListItem","position":1,"name":"Home","item":"https:\/\/www.xn--tuksimaailm-ffb.ee\/en\/main-page\/"},{"@type":"ListItem","position":2,"name":"Shop","item":"https:\/\/www.xn--tuksimaailm-ffb.ee\/elektritoukerataste-pood\/"},{"@type":"ListItem","position":3,"name":"Tubeless tyre 90\/65-6.5 - for 11\" rims"}]},{"@type":"WebSite","@id":"https:\/\/www.xn--tuksimaailm-ffb.ee\/en\/#website","url":"https:\/\/www.xn--tuksimaailm-ffb.ee\/en\/","name":"T\u00f5uksimaailm","description":"Elektrit\u00f5ukerataste m\u00fc\u00fck, remont ja rent","publisher":{"@id":"https:\/\/www.xn--tuksimaailm-ffb.ee\/en\/#organization"},"potentialAction":[{"@type":"SearchAction","target":{"@type":"EntryPoint","urlTemplate":"https:\/\/www.xn--tuksimaailm-ffb.ee\/en\/?s={search_term_string}"},"query-input":{"@type":"PropertyValueSpecification","valueRequired":true,"valueName":"search_term_string"}}],"inLanguage":"en-US"},{"@type":"Organization","@id":"https:\/\/www.xn--tuksimaailm-ffb.ee\/en\/#organization","name":"T\u00f5uksimaailm","url":"https:\/\/www.xn--tuksimaailm-ffb.ee\/en\/","logo":{"@type":"ImageObject","inLanguage":"en-US","@id":"https:\/\/www.xn--tuksimaailm-ffb.ee\/en\/#\/schema\/logo\/image\/","url":"https:\/\/www.xn--tuksimaailm-ffb.ee\/wp-content\/uploads\/2020\/01\/logoz-e1579792875517.png","contentUrl":"https:\/\/www.xn--tuksimaailm-ffb.ee\/wp-content\/uploads\/2020\/01\/logoz-e1579792875517.png","width":250,"height":250,"caption":"T\u00f5uksimaailm"},"image":{"@id":"https:\/\/www.xn--tuksimaailm-ffb.ee\/en\/#\/schema\/logo\/image\/"},"sameAs":["https:\/\/www.facebook.com\/touksimaailm\/","https:\/\/www.instagram.com\/touksimaailm_\/","https:\/\/www.youtube.com\/channel\/UC18ml0EKIDLP1xGuQjFzcXQ"]}]},"product_price_amount":"35.00","product_price_currency":"EUR","og_availability":"instock","product_availability":"instock","product_retailer_item_id":"VR-90\/65-6.5-TUBELESS-MAASTIK","product_condition":"new"},"jetpack_sharing_enabled":true,"_links":{"self":[{"href":"https:\/\/www.xn--tuksimaailm-ffb.ee\/en\/wp-json\/wp\/v2\/product\/58080","targetHints":{"allow":["GET"]}}],"collection":[{"href":"https:\/\/www.xn--tuksimaailm-ffb.ee\/en\/wp-json\/wp\/v2\/product"}],"about":[{"href":"https:\/\/www.xn--tuksimaailm-ffb.ee\/en\/wp-json\/wp\/v2\/types\/product"}],"wp:featuredmedia":[{"embeddable":true,"href":"https:\/\/www.xn--tuksimaailm-ffb.ee\/en\/wp-json\/wp\/v2\/media\/14651"}],"wp:attachment":[{"href":"https:\/\/www.xn--tuksimaailm-ffb.ee\/en\/wp-json\/wp\/v2\/media?parent=58080"}],"wp:term":[{"taxonomy":"product_brand","embeddable":true,"href":"https:\/\/www.xn--tuksimaailm-ffb.ee\/en\/wp-json\/wp\/v2\/product_brand?post=58080"},{"taxonomy":"product_cat","embeddable":true,"href":"https:\/\/www.xn--tuksimaailm-ffb.ee\/en\/wp-json\/wp\/v2\/product_cat?post=58080"},{"taxonomy":"product_tag","embeddable":true,"href":"https:\/\/www.xn--tuksimaailm-ffb.ee\/en\/wp-json\/wp\/v2\/product_tag?post=58080"},{"taxonomy":"filter_elektritoukeratas","embeddable":true,"href":"https:\/\/www.xn--tuksimaailm-ffb.ee\/en\/wp-json\/wp\/v2\/filter_elektritoukeratas?post=58080"}],"curies":[{"name":"wp","href":"https:\/\/api.w.org\/{rel}","templated":true}]}}