{"id":58081,"date":"2021-12-04T20:13:09","date_gmt":"2021-12-04T17:13:09","guid":{"rendered":"http:\/\/www.xn--tuksimaailm-ffb.ee\/shop\/road-tyre-11-inches-90-65-6-5-tubeless-nami-burn-e\/"},"modified":"2021-12-04T20:13:09","modified_gmt":"2021-12-04T17:13:09","slug":"road-tyre-11-inches-90-65-6-5-tubeless-nami-burn-e","status":"publish","type":"product","link":"https:\/\/www.xn--tuksimaailm-ffb.ee\/en\/product\/road-tyre-11-inches-90-65-6-5-tubeless-nami-burn-e\/","title":{"rendered":"Road tyre 11\" inches 90\/65-6.5 tubeless - Nami Burn-E"},"content":{"rendered":"<p>Road tyre 11\" inch 90\/65-6.5 tubeless (also external tyre, outer tyre, casing, vacuum tyre). Suitable for mounting in place of the <b><strong>11 inch 90\/65 - 6.5<\/strong><\/b> tubeless tyres - electric scooter <a href=\"http:\/\/www.xn--tuksimaailm-ffb.ee\/shop\/nami-burn-e-elektritoukeratas\/\"><b><strong>Nami Burn-E<\/strong><\/b><\/a>, electric scooter <a href=\"http:\/\/www.xn--tuksimaailm-ffb.ee\/shop\/kaabo-wolf-warrior-11\/\"><b><strong>Kaabo Wolf Warrior 11+<\/strong><\/b><\/a><b><strong>, <\/strong><\/b><a href=\"http:\/\/www.xn--tuksimaailm-ffb.ee\/shop\/kaabo-wolf-king-elektritoukeratas\/\"><b><strong>Wolf King<\/strong><\/b><\/a> (<b><strong> GT).<\/strong><\/b> <b><strong>NB:<\/strong><\/b> The 11\" inch 90\/65-6.5 tubeless tyre is only suitable for mounting on electric scooters with tyres that come without inner tube (e.g. electric scooter <a href=\"https:\/\/dualtron-shop.com\/product\/dualtron-thunder-2\/\"><b><strong>Dualtron Thunder 2<\/strong><\/b><\/a>). On rims normally designed for rims with inner tubes, the tubeless tyre will not fit well enough to be used without an inner tube. If your electric scooter is in need of repair or if a <a href=\"https:\/\/www.youtube.com\/watch?v=9c5oaCgBtVA\">self-repair<\/a>is too much for you, our specialist electric scooter <a href=\"http:\/\/www.xn--tuksimaailm-ffb.ee\/elektrilise-toukeratta-remont\/\">workshop<\/a> can help. We can also carry out tyre replacements on standby. You can read more about electric scooter tyre replacement in our <a href=\"http:\/\/www.xn--tuksimaailm-ffb.ee\/elektritoukeratta-rehvivahetus\/\">blog post<\/a>.<\/p>\n","protected":false},"excerpt":{"rendered":"<p>Road tyre 11\" inch 90\/65-6.5 tubeless (also external tyre, outer tyre, casing, vacuum tyre). Suitable for mounting in place of the 11 inch 90\/65 - 6.5 tubeless tyres - electric scooter Nami Burn-E, electric scooter Kaabo Wolf Warrior 11+, Wolf King ( GT). NB: The 11\" inch 90\/65-6.5 tubeless tyre &hellip;<\/p>\n","protected":false},"featured_media":14653,"template":"","meta":[],"product_brand":[],"product_cat":[726],"product_tag":[3208],"filter_elektritoukeratas":[2736,2734,2735,2707,2728,2678,2680,2677,2743,3239,2602,2645,2751],"class_list":{"0":"post-58081","1":"product","2":"type-product","3":"status-publish","4":"has-post-thumbnail","6":"product_cat-spare-parts","7":"product_tag-tyres","8":"pa_tootetuup-tyres","9":"filter_elektritoukeratas-ft_dualtron_storm","10":"filter_elektritoukeratas-ft_dualtron_thunder","11":"filter_elektritoukeratas-ft_dualtron_ultra","12":"filter_elektritoukeratas-ft_gpad_f3_max","13":"filter_elektritoukeratas-ft_kaabo_wolf","14":"filter_elektritoukeratas-ft_kugoo_g_booster","15":"filter_elektritoukeratas-ft_kugoo_g1_pro","16":"filter_elektritoukeratas-ft_kugoo_m5_pro","17":"filter_elektritoukeratas-ft_nanrobot_ls7plus","18":"filter_elektritoukeratas-ft_techlife_x9","19":"filter_elektritoukeratas-ft_vsett_11_plus","20":"filter_elektritoukeratas-ft_vsett_11_plus_super","21":"filter_elektritoukeratas-ft_zero_11x","23":"first","24":"instock","25":"taxable","26":"shipping-taxable","27":"purchasable","28":"product-type-simple"},"yoast_head":"<!-- This site is optimized with the Yoast SEO Premium plugin v26.8 (Yoast SEO v27.5) - https:\/\/yoast.com\/product\/yoast-seo-premium-wordpress\/ -->\n<title>Road tyre 11&quot; inches 90\/65-6.5 tubeless - Nami Burn-E &#8212; T\u00f5uksimaailm<\/title>\n<meta name=\"description\" content=\"Road tyre 11&quot; inch 90\/65-6.5 tubeless (external). Suitable for electric scooter Nami Burn-E, electric scooter Kaabo Warrior King.\" \/>\n<meta name=\"robots\" content=\"index, follow, max-snippet:-1, max-image-preview:large, max-video-preview:-1\" \/>\n<link rel=\"canonical\" href=\"https:\/\/www.xn--tuksimaailm-ffb.ee\/en\/product\/road-tyre-11-inches-90-65-6-5-tubeless-nami-burn-e\/\" \/>\n<meta property=\"og:locale\" content=\"en_US\" \/>\n<meta property=\"og:type\" content=\"article\" \/>\n<meta property=\"og:title\" content=\"Road tyre 11&quot; inches 90\/65-6.5 tubeless - Nami Burn-E\" \/>\n<meta property=\"og:description\" content=\"Road tyre 11&quot; inch 90\/65-6.5 tubeless (external). Suitable for electric scooter Nami Burn-E, electric scooter Kaabo Warrior King.\" \/>\n<meta property=\"og:url\" content=\"https:\/\/www.xn--tuksimaailm-ffb.ee\/en\/product\/road-tyre-11-inches-90-65-6-5-tubeless-nami-burn-e\/\" \/>\n<meta property=\"og:site_name\" content=\"T\u00f5uksimaailm\" \/>\n<meta property=\"article:publisher\" content=\"https:\/\/www.facebook.com\/touksimaailm\/\" \/>\n<meta property=\"og:image\" content=\"https:\/\/www.xn--tuksimaailm-ffb.ee\/wp-content\/uploads\/2021\/12\/tubeless-11-odav-rehv.png\" \/>\n\t<meta property=\"og:image:width\" content=\"728\" \/>\n\t<meta property=\"og:image:height\" content=\"693\" \/>\n\t<meta property=\"og:image:type\" content=\"image\/png\" \/>\n<meta name=\"twitter:card\" content=\"summary_large_image\" \/>\n<meta name=\"twitter:label1\" content=\"Price\" \/>\n\t<meta name=\"twitter:data1\" content=\"&euro;59.50\" \/>\n\t<meta name=\"twitter:label2\" content=\"Availability\" \/>\n\t<meta name=\"twitter:data2\" content=\"In stock\" \/>\n<meta property=\"product:price:amount\" content=\"59.50\" \/>\n<meta property=\"product:price:currency\" content=\"EUR\" \/>\n<meta property=\"og:availability\" content=\"instock\" \/>\n<meta property=\"product:availability\" content=\"instock\" \/>\n<meta property=\"product:retailer_item_id\" content=\"VR-90\/65-6.5-TUBELESS-NAMI\" \/>\n<meta property=\"product:condition\" content=\"new\" \/>\n<!-- \/ Yoast SEO Premium plugin. -->","yoast_head_json":{"title":"Road tyre 11\" inches 90\/65-6.5 tubeless - Nami Burn-E &#8212; T\u00f5uksimaailm","description":"Road tyre 11\" inch 90\/65-6.5 tubeless (external). Suitable for electric scooter Nami Burn-E, electric scooter Kaabo Warrior King.","robots":{"index":"index","follow":"follow","max-snippet":"max-snippet:-1","max-image-preview":"max-image-preview:large","max-video-preview":"max-video-preview:-1"},"canonical":"https:\/\/www.xn--tuksimaailm-ffb.ee\/en\/product\/road-tyre-11-inches-90-65-6-5-tubeless-nami-burn-e\/","og_locale":"en_US","og_type":"article","og_title":"Road tyre 11\" inches 90\/65-6.5 tubeless - Nami Burn-E","og_description":"Road tyre 11\" inch 90\/65-6.5 tubeless (external). Suitable for electric scooter Nami Burn-E, electric scooter Kaabo Warrior King.","og_url":"https:\/\/www.xn--tuksimaailm-ffb.ee\/en\/product\/road-tyre-11-inches-90-65-6-5-tubeless-nami-burn-e\/","og_site_name":"T\u00f5uksimaailm","article_publisher":"https:\/\/www.facebook.com\/touksimaailm\/","og_image":[{"width":728,"height":693,"url":"https:\/\/www.xn--tuksimaailm-ffb.ee\/wp-content\/uploads\/2021\/12\/tubeless-11-odav-rehv.png","type":"image\/png"}],"twitter_card":"summary_large_image","twitter_misc":{"Price":"&euro;59.50","Availability":"In stock"},"schema":{"@context":"https:\/\/schema.org","@graph":[{"@type":"WebPage","@id":"https:\/\/www.xn--tuksimaailm-ffb.ee\/en\/product\/road-tyre-11-inches-90-65-6-5-tubeless-nami-burn-e\/","url":"https:\/\/www.xn--tuksimaailm-ffb.ee\/en\/product\/road-tyre-11-inches-90-65-6-5-tubeless-nami-burn-e\/","name":"Road tyre 11\" inches 90\/65-6.5 tubeless - Nami Burn-E &#8212; T\u00f5uksimaailm","isPartOf":{"@id":"https:\/\/www.xn--tuksimaailm-ffb.ee\/en\/#website"},"primaryImageOfPage":{"@id":"https:\/\/www.xn--tuksimaailm-ffb.ee\/en\/product\/road-tyre-11-inches-90-65-6-5-tubeless-nami-burn-e\/#primaryimage"},"image":{"@id":"https:\/\/www.xn--tuksimaailm-ffb.ee\/en\/product\/road-tyre-11-inches-90-65-6-5-tubeless-nami-burn-e\/#primaryimage"},"thumbnailUrl":"https:\/\/www.xn--tuksimaailm-ffb.ee\/wp-content\/uploads\/2021\/12\/tubeless-11-odav-rehv.png","datePublished":"2021-12-04T17:13:09+00:00","description":"Road tyre 11\" inch 90\/65-6.5 tubeless (external). Suitable for electric scooter Nami Burn-E, electric scooter Kaabo Warrior King.","breadcrumb":{"@id":"https:\/\/www.xn--tuksimaailm-ffb.ee\/en\/product\/road-tyre-11-inches-90-65-6-5-tubeless-nami-burn-e\/#breadcrumb"},"inLanguage":"en-US","potentialAction":[{"@type":"ReadAction","target":["https:\/\/www.xn--tuksimaailm-ffb.ee\/en\/product\/road-tyre-11-inches-90-65-6-5-tubeless-nami-burn-e\/"]}]},{"@type":"ImageObject","inLanguage":"en-US","@id":"https:\/\/www.xn--tuksimaailm-ffb.ee\/en\/product\/road-tyre-11-inches-90-65-6-5-tubeless-nami-burn-e\/#primaryimage","url":"https:\/\/www.xn--tuksimaailm-ffb.ee\/wp-content\/uploads\/2021\/12\/tubeless-11-odav-rehv.png","contentUrl":"https:\/\/www.xn--tuksimaailm-ffb.ee\/wp-content\/uploads\/2021\/12\/tubeless-11-odav-rehv.png","width":728,"height":693,"caption":"Road tyre 11\" inches 90\/65-6.5 tubeless - Nami Burn-E"},{"@type":"BreadcrumbList","@id":"https:\/\/www.xn--tuksimaailm-ffb.ee\/en\/product\/road-tyre-11-inches-90-65-6-5-tubeless-nami-burn-e\/#breadcrumb","itemListElement":[{"@type":"ListItem","position":1,"name":"Home","item":"https:\/\/www.xn--tuksimaailm-ffb.ee\/en\/main-page\/"},{"@type":"ListItem","position":2,"name":"Shop","item":"https:\/\/www.xn--tuksimaailm-ffb.ee\/elektritoukerataste-pood\/"},{"@type":"ListItem","position":3,"name":"Road tyre 11\" inches 90\/65-6.5 tubeless - Nami Burn-E"}]},{"@type":"WebSite","@id":"https:\/\/www.xn--tuksimaailm-ffb.ee\/en\/#website","url":"https:\/\/www.xn--tuksimaailm-ffb.ee\/en\/","name":"T\u00f5uksimaailm","description":"Elektrit\u00f5ukerataste m\u00fc\u00fck, remont ja rent","publisher":{"@id":"https:\/\/www.xn--tuksimaailm-ffb.ee\/en\/#organization"},"potentialAction":[{"@type":"SearchAction","target":{"@type":"EntryPoint","urlTemplate":"https:\/\/www.xn--tuksimaailm-ffb.ee\/en\/?s={search_term_string}"},"query-input":{"@type":"PropertyValueSpecification","valueRequired":true,"valueName":"search_term_string"}}],"inLanguage":"en-US"},{"@type":"Organization","@id":"https:\/\/www.xn--tuksimaailm-ffb.ee\/en\/#organization","name":"T\u00f5uksimaailm","url":"https:\/\/www.xn--tuksimaailm-ffb.ee\/en\/","logo":{"@type":"ImageObject","inLanguage":"en-US","@id":"https:\/\/www.xn--tuksimaailm-ffb.ee\/en\/#\/schema\/logo\/image\/","url":"https:\/\/www.xn--tuksimaailm-ffb.ee\/wp-content\/uploads\/2020\/01\/logoz-e1579792875517.png","contentUrl":"https:\/\/www.xn--tuksimaailm-ffb.ee\/wp-content\/uploads\/2020\/01\/logoz-e1579792875517.png","width":250,"height":250,"caption":"T\u00f5uksimaailm"},"image":{"@id":"https:\/\/www.xn--tuksimaailm-ffb.ee\/en\/#\/schema\/logo\/image\/"},"sameAs":["https:\/\/www.facebook.com\/touksimaailm\/","https:\/\/www.instagram.com\/touksimaailm_\/","https:\/\/www.youtube.com\/channel\/UC18ml0EKIDLP1xGuQjFzcXQ"]}]},"product_price_amount":"59.50","product_price_currency":"EUR","og_availability":"instock","product_availability":"instock","product_retailer_item_id":"VR-90\/65-6.5-TUBELESS-NAMI","product_condition":"new"},"jetpack_sharing_enabled":true,"_links":{"self":[{"href":"https:\/\/www.xn--tuksimaailm-ffb.ee\/en\/wp-json\/wp\/v2\/product\/58081","targetHints":{"allow":["GET"]}}],"collection":[{"href":"https:\/\/www.xn--tuksimaailm-ffb.ee\/en\/wp-json\/wp\/v2\/product"}],"about":[{"href":"https:\/\/www.xn--tuksimaailm-ffb.ee\/en\/wp-json\/wp\/v2\/types\/product"}],"wp:featuredmedia":[{"embeddable":true,"href":"https:\/\/www.xn--tuksimaailm-ffb.ee\/en\/wp-json\/wp\/v2\/media\/14653"}],"wp:attachment":[{"href":"https:\/\/www.xn--tuksimaailm-ffb.ee\/en\/wp-json\/wp\/v2\/media?parent=58081"}],"wp:term":[{"taxonomy":"product_brand","embeddable":true,"href":"https:\/\/www.xn--tuksimaailm-ffb.ee\/en\/wp-json\/wp\/v2\/product_brand?post=58081"},{"taxonomy":"product_cat","embeddable":true,"href":"https:\/\/www.xn--tuksimaailm-ffb.ee\/en\/wp-json\/wp\/v2\/product_cat?post=58081"},{"taxonomy":"product_tag","embeddable":true,"href":"https:\/\/www.xn--tuksimaailm-ffb.ee\/en\/wp-json\/wp\/v2\/product_tag?post=58081"},{"taxonomy":"filter_elektritoukeratas","embeddable":true,"href":"https:\/\/www.xn--tuksimaailm-ffb.ee\/en\/wp-json\/wp\/v2\/filter_elektritoukeratas?post=58081"}],"curies":[{"name":"wp","href":"https:\/\/api.w.org\/{rel}","templated":true}]}}