{"id":58085,"date":"2021-12-04T21:47:26","date_gmt":"2021-12-04T18:47:26","guid":{"rendered":"http:\/\/www.xn--tuksimaailm-ffb.ee\/shop\/xiaomi-stud-tyre-spike-tyre-8-5x2-m365-pro-2-1s\/"},"modified":"2021-12-04T21:47:26","modified_gmt":"2021-12-04T18:47:26","slug":"xiaomi-stud-tyre-spike-tyre-8-5x2-m365-pro-2-1s","status":"publish","type":"product","link":"https:\/\/www.xn--tuksimaailm-ffb.ee\/en\/product\/xiaomi-stud-tyre-spike-tyre-8-5x2-m365-pro-2-1s\/","title":{"rendered":"Xiaomi stud tyre \/ spike tyre 8.5x2\" M365 Pro 2 1S"},"content":{"rendered":"<p>Xiaomi studded tire \/ studded tire 8.5x2\" 8 1\/2x2\" (also winter tire, solid tire with studs) - suitable for electric scooter <a href=\"http:\/\/www.xn--tuksimaailm-ffb.ee\/shop\/xiaomi-pro-2-elektritoukeratas\/\"><b><strong>Xiaomi Pro 2<\/strong><\/b><\/a>, <a href=\"http:\/\/www.xn--tuksimaailm-ffb.ee\/shop\/xiaomi-1s-elektritoukeratas\/\"><b><strong>Xiaomi 1S<\/strong><\/b><\/a>, electric scooter <a href=\"http:\/\/www.xn--tuksimaailm-ffb.ee\/shop\/xiaomi-mi-essential-elektritoukeratas\/\"><b><strong>Xiaomi Essential<\/strong><\/b><\/a>, <a href=\"https:\/\/www.mi.com\/global\/product\/mi-electric-scooter-3\/\"><b><strong>Mi electric scooter 3<\/strong><\/b><\/a>. Any electric scooter with original 8 1\/2\u00d72\u2033 tyres with external rubber is suitable for the installation of studded tyres. Xiaomi studded tire \/ studded tire is suitable for riding electric scooter in icy winter weather. The studs on the tire surface help to ensure good grip even when riding on slippery ice. <b><strong>NB:<\/strong><\/b> If your scooter is already fitted with solid tyres without studs, our <a href=\"http:\/\/www.xn--tuksimaailm-ffb.ee\/elektrilise-toukeratta-remont\/\"><b><strong>workshop<\/strong><\/b><\/a> also offers a stud fitting service for existing tyres at a price of <b><strong>5\u20ac\/tyre.<\/strong><\/b> We also offer <a href=\"http:\/\/www.xn--tuksimaailm-ffb.ee\/shop\/xiaomi-maastikurehv-8-1-2-x2-m365-pro-1s-talverehv\/\"><b><strong>8 1\/2x2<\/strong><\/b><\/a> \" and <a href=\"http:\/\/www.xn--tuksimaailm-ffb.ee\/shop\/xiaomi-maastiku-rehv-9x2-m365-pro-2-1s-talverehv\/\"><b><strong>9x2<\/strong><\/b><\/a> \" off-road tyres \/ winter tyres for Xiaomi, which are also good for snow driving. If your electric scooter needs repairing or if a <a href=\"https:\/\/www.youtube.com\/watch?v=9c5oaCgBtVA\">self-repair<\/a>is too much for you, our <a href=\"http:\/\/www.xn--tuksimaailm-ffb.ee\/elektrilise-toukeratta-remont\/\">workshop<\/a> specialised in electric scooters can help. We can also carry out on-call tyre replacements. You can read more about electric scooter tyre replacement in our <a href=\"http:\/\/www.xn--tuksimaailm-ffb.ee\/elektritoukeratta-rehvivahetus\/\">blog post<\/a>.<\/p>\n","protected":false},"excerpt":{"rendered":"<p>Xiaomi studded tire \/ studded tire 8.5x2\" 8 1\/2x2\" (also winter tire, solid tire with studs) - suitable for electric scooter Xiaomi Pro 2, Xiaomi 1S, electric scooter Xiaomi Essential, Mi electric scooter 3. Any electric scooter with original 8 1\/2\u00d72\u2033 tyres with external rubber is suitable for the installation &hellip;<\/p>\n","protected":false},"featured_media":14663,"template":"","meta":[],"product_brand":[],"product_cat":[726],"product_tag":[3211,3209],"filter_elektritoukeratas":[2688,2686,2613,2612],"class_list":{"0":"post-58085","1":"product","2":"type-product","3":"status-publish","4":"has-post-thumbnail","6":"product_cat-spare-parts","7":"product_tag-solid-tyres-honeycomb-tyres","8":"product_tag-xiaomi-spare-parts","9":"pa_tootetuup-solid-tyres-honeycomb-tyres","10":"filter_elektritoukeratas-ft_blaupunkt_esc608","11":"filter_elektritoukeratas-ft_blaupunkt_esc808","12":"filter_elektritoukeratas-ft_xiaomi_1s_mi3_pro_2_3_lite","13":"filter_elektritoukeratas-ft_xiaomi_m365_m365_pro_essential","15":"first","16":"instock","17":"sale","18":"taxable","19":"shipping-taxable","20":"purchasable","21":"product-type-simple"},"yoast_head":"<!-- This site is optimized with the Yoast SEO Premium plugin v26.8 (Yoast SEO v27.5) - https:\/\/yoast.com\/product\/yoast-seo-premium-wordpress\/ -->\n<title>Xiaomi stud tyre \/ spike tyre 8.5x2&quot; M365 Pro 2 1S | T\u00f5uksimaailm<\/title>\n<meta name=\"description\" content=\"Xiaomi studded tyre \/ studded tyre 8.5x2&quot; 8 1\/2x2&quot; (also winter tyre). Suitable for Xiaomi 1S electric scooter, Xiaomi M365 Pro 2 electric scooter.\" \/>\n<meta name=\"robots\" content=\"index, follow, max-snippet:-1, max-image-preview:large, max-video-preview:-1\" \/>\n<link rel=\"canonical\" href=\"https:\/\/www.xn--tuksimaailm-ffb.ee\/en\/product\/xiaomi-stud-tyre-spike-tyre-8-5x2-m365-pro-2-1s\/\" \/>\n<meta property=\"og:locale\" content=\"en_US\" \/>\n<meta property=\"og:type\" content=\"article\" \/>\n<meta property=\"og:title\" content=\"Xiaomi stud tyre \/ spike tyre 8.5x2&quot; M365 Pro 2 1S\" \/>\n<meta property=\"og:description\" content=\"Xiaomi studded tyre \/ studded tyre 8.5x2&quot; 8 1\/2x2&quot; (also winter tyre). Suitable for Xiaomi 1S electric scooter, Xiaomi M365 Pro 2 electric scooter.\" \/>\n<meta property=\"og:url\" content=\"https:\/\/www.xn--tuksimaailm-ffb.ee\/en\/product\/xiaomi-stud-tyre-spike-tyre-8-5x2-m365-pro-2-1s\/\" \/>\n<meta property=\"og:site_name\" content=\"T\u00f5uksimaailm\" \/>\n<meta property=\"article:publisher\" content=\"https:\/\/www.facebook.com\/touksimaailm\/\" \/>\n<meta property=\"og:image\" content=\"https:\/\/www.xn--tuksimaailm-ffb.ee\/wp-content\/uploads\/2021\/12\/naast-8.5x2.png\" \/>\n\t<meta property=\"og:image:width\" content=\"1027\" \/>\n\t<meta property=\"og:image:height\" content=\"893\" \/>\n\t<meta property=\"og:image:type\" content=\"image\/png\" \/>\n<meta name=\"twitter:card\" content=\"summary_large_image\" \/>\n<meta name=\"twitter:label1\" content=\"Price\" \/>\n\t<meta name=\"twitter:data1\" content=\"&euro;35.00\" \/>\n\t<meta name=\"twitter:label2\" content=\"Availability\" \/>\n\t<meta name=\"twitter:data2\" content=\"In stock\" \/>\n<meta property=\"product:price:amount\" content=\"35.00\" \/>\n<meta property=\"product:price:currency\" content=\"EUR\" \/>\n<meta property=\"og:availability\" content=\"instock\" \/>\n<meta property=\"product:availability\" content=\"instock\" \/>\n<meta property=\"product:condition\" content=\"new\" \/>\n<!-- \/ Yoast SEO Premium plugin. -->","yoast_head_json":{"title":"Xiaomi stud tyre \/ spike tyre 8.5x2\" M365 Pro 2 1S | T\u00f5uksimaailm","description":"Xiaomi studded tyre \/ studded tyre 8.5x2\" 8 1\/2x2\" (also winter tyre). Suitable for Xiaomi 1S electric scooter, Xiaomi M365 Pro 2 electric scooter.","robots":{"index":"index","follow":"follow","max-snippet":"max-snippet:-1","max-image-preview":"max-image-preview:large","max-video-preview":"max-video-preview:-1"},"canonical":"https:\/\/www.xn--tuksimaailm-ffb.ee\/en\/product\/xiaomi-stud-tyre-spike-tyre-8-5x2-m365-pro-2-1s\/","og_locale":"en_US","og_type":"article","og_title":"Xiaomi stud tyre \/ spike tyre 8.5x2\" M365 Pro 2 1S","og_description":"Xiaomi studded tyre \/ studded tyre 8.5x2\" 8 1\/2x2\" (also winter tyre). Suitable for Xiaomi 1S electric scooter, Xiaomi M365 Pro 2 electric scooter.","og_url":"https:\/\/www.xn--tuksimaailm-ffb.ee\/en\/product\/xiaomi-stud-tyre-spike-tyre-8-5x2-m365-pro-2-1s\/","og_site_name":"T\u00f5uksimaailm","article_publisher":"https:\/\/www.facebook.com\/touksimaailm\/","og_image":[{"width":1027,"height":893,"url":"https:\/\/www.xn--tuksimaailm-ffb.ee\/wp-content\/uploads\/2021\/12\/naast-8.5x2.png","type":"image\/png"}],"twitter_card":"summary_large_image","twitter_misc":{"Price":"&euro;35.00","Availability":"In stock"},"schema":{"@context":"https:\/\/schema.org","@graph":[{"@type":"WebPage","@id":"https:\/\/www.xn--tuksimaailm-ffb.ee\/en\/product\/xiaomi-stud-tyre-spike-tyre-8-5x2-m365-pro-2-1s\/","url":"https:\/\/www.xn--tuksimaailm-ffb.ee\/en\/product\/xiaomi-stud-tyre-spike-tyre-8-5x2-m365-pro-2-1s\/","name":"Xiaomi stud tyre \/ spike tyre 8.5x2\" M365 Pro 2 1S | T\u00f5uksimaailm","isPartOf":{"@id":"https:\/\/www.xn--tuksimaailm-ffb.ee\/en\/#website"},"primaryImageOfPage":{"@id":"https:\/\/www.xn--tuksimaailm-ffb.ee\/en\/product\/xiaomi-stud-tyre-spike-tyre-8-5x2-m365-pro-2-1s\/#primaryimage"},"image":{"@id":"https:\/\/www.xn--tuksimaailm-ffb.ee\/en\/product\/xiaomi-stud-tyre-spike-tyre-8-5x2-m365-pro-2-1s\/#primaryimage"},"thumbnailUrl":"https:\/\/www.xn--tuksimaailm-ffb.ee\/wp-content\/uploads\/2021\/12\/naast-8.5x2.png","datePublished":"2021-12-04T18:47:26+00:00","description":"Xiaomi studded tyre \/ studded tyre 8.5x2\" 8 1\/2x2\" (also winter tyre). Suitable for Xiaomi 1S electric scooter, Xiaomi M365 Pro 2 electric scooter.","breadcrumb":{"@id":"https:\/\/www.xn--tuksimaailm-ffb.ee\/en\/product\/xiaomi-stud-tyre-spike-tyre-8-5x2-m365-pro-2-1s\/#breadcrumb"},"inLanguage":"en-US","potentialAction":[{"@type":"ReadAction","target":["https:\/\/www.xn--tuksimaailm-ffb.ee\/en\/product\/xiaomi-stud-tyre-spike-tyre-8-5x2-m365-pro-2-1s\/"]}]},{"@type":"ImageObject","inLanguage":"en-US","@id":"https:\/\/www.xn--tuksimaailm-ffb.ee\/en\/product\/xiaomi-stud-tyre-spike-tyre-8-5x2-m365-pro-2-1s\/#primaryimage","url":"https:\/\/www.xn--tuksimaailm-ffb.ee\/wp-content\/uploads\/2021\/12\/naast-8.5x2.png","contentUrl":"https:\/\/www.xn--tuksimaailm-ffb.ee\/wp-content\/uploads\/2021\/12\/naast-8.5x2.png","width":1027,"height":893,"caption":"Xiaomi stud tyre \/ spike tyre 8.5x2\" M365 Pro 2 1S"},{"@type":"BreadcrumbList","@id":"https:\/\/www.xn--tuksimaailm-ffb.ee\/en\/product\/xiaomi-stud-tyre-spike-tyre-8-5x2-m365-pro-2-1s\/#breadcrumb","itemListElement":[{"@type":"ListItem","position":1,"name":"Home","item":"https:\/\/www.xn--tuksimaailm-ffb.ee\/en\/main-page\/"},{"@type":"ListItem","position":2,"name":"Shop","item":"https:\/\/www.xn--tuksimaailm-ffb.ee\/elektritoukerataste-pood\/"},{"@type":"ListItem","position":3,"name":"Xiaomi stud tyre \/ spike tyre 8.5x2\" M365 Pro 2 1S"}]},{"@type":"WebSite","@id":"https:\/\/www.xn--tuksimaailm-ffb.ee\/en\/#website","url":"https:\/\/www.xn--tuksimaailm-ffb.ee\/en\/","name":"T\u00f5uksimaailm","description":"Elektrit\u00f5ukerataste m\u00fc\u00fck, remont ja rent","publisher":{"@id":"https:\/\/www.xn--tuksimaailm-ffb.ee\/en\/#organization"},"potentialAction":[{"@type":"SearchAction","target":{"@type":"EntryPoint","urlTemplate":"https:\/\/www.xn--tuksimaailm-ffb.ee\/en\/?s={search_term_string}"},"query-input":{"@type":"PropertyValueSpecification","valueRequired":true,"valueName":"search_term_string"}}],"inLanguage":"en-US"},{"@type":"Organization","@id":"https:\/\/www.xn--tuksimaailm-ffb.ee\/en\/#organization","name":"T\u00f5uksimaailm","url":"https:\/\/www.xn--tuksimaailm-ffb.ee\/en\/","logo":{"@type":"ImageObject","inLanguage":"en-US","@id":"https:\/\/www.xn--tuksimaailm-ffb.ee\/en\/#\/schema\/logo\/image\/","url":"https:\/\/www.xn--tuksimaailm-ffb.ee\/wp-content\/uploads\/2020\/01\/logoz-e1579792875517.png","contentUrl":"https:\/\/www.xn--tuksimaailm-ffb.ee\/wp-content\/uploads\/2020\/01\/logoz-e1579792875517.png","width":250,"height":250,"caption":"T\u00f5uksimaailm"},"image":{"@id":"https:\/\/www.xn--tuksimaailm-ffb.ee\/en\/#\/schema\/logo\/image\/"},"sameAs":["https:\/\/www.facebook.com\/touksimaailm\/","https:\/\/www.instagram.com\/touksimaailm_\/","https:\/\/www.youtube.com\/channel\/UC18ml0EKIDLP1xGuQjFzcXQ"]}]},"product_price_amount":"35.00","product_price_currency":"EUR","og_availability":"instock","product_availability":"instock","product_condition":"new"},"jetpack_sharing_enabled":true,"_links":{"self":[{"href":"https:\/\/www.xn--tuksimaailm-ffb.ee\/en\/wp-json\/wp\/v2\/product\/58085","targetHints":{"allow":["GET"]}}],"collection":[{"href":"https:\/\/www.xn--tuksimaailm-ffb.ee\/en\/wp-json\/wp\/v2\/product"}],"about":[{"href":"https:\/\/www.xn--tuksimaailm-ffb.ee\/en\/wp-json\/wp\/v2\/types\/product"}],"wp:featuredmedia":[{"embeddable":true,"href":"https:\/\/www.xn--tuksimaailm-ffb.ee\/en\/wp-json\/wp\/v2\/media\/14663"}],"wp:attachment":[{"href":"https:\/\/www.xn--tuksimaailm-ffb.ee\/en\/wp-json\/wp\/v2\/media?parent=58085"}],"wp:term":[{"taxonomy":"product_brand","embeddable":true,"href":"https:\/\/www.xn--tuksimaailm-ffb.ee\/en\/wp-json\/wp\/v2\/product_brand?post=58085"},{"taxonomy":"product_cat","embeddable":true,"href":"https:\/\/www.xn--tuksimaailm-ffb.ee\/en\/wp-json\/wp\/v2\/product_cat?post=58085"},{"taxonomy":"product_tag","embeddable":true,"href":"https:\/\/www.xn--tuksimaailm-ffb.ee\/en\/wp-json\/wp\/v2\/product_tag?post=58085"},{"taxonomy":"filter_elektritoukeratas","embeddable":true,"href":"https:\/\/www.xn--tuksimaailm-ffb.ee\/en\/wp-json\/wp\/v2\/filter_elektritoukeratas?post=58085"}],"curies":[{"name":"wp","href":"https:\/\/api.w.org\/{rel}","templated":true}]}}