{"id":58086,"date":"2021-12-05T10:18:13","date_gmt":"2021-12-05T08:18:13","guid":{"rendered":"http:\/\/www.xn--tuksimaailm-ffb.ee\/shop\/solid-tyre-10x2-50-electric-scooter-kugoo-m4-pro\/"},"modified":"2025-02-20T16:02:48","modified_gmt":"2025-02-20T13:02:48","slug":"solid-tyre-10x2-50-electric-scooter-kugoo-m4-pro","status":"publish","type":"product","link":"https:\/\/www.xn--tuksimaailm-ffb.ee\/en\/product\/solid-tyre-10x2-50-electric-scooter-kugoo-m4-pro\/","title":{"rendered":"Solid tyre 10x2.50\" electric scooter Kugoo M4 Pro"},"content":{"rendered":"<p>Solid tyre <b><strong>10x2.50<\/strong><\/b> \" (solid, bald, puncture resistant) - suitable for electric scooter <b><strong>Kugoo Kirin (KuKirin) M4 Pro<\/strong><\/b>, Inokim <a href=\"http:\/\/www.xn--tuksimaailm-ffb.ee\/shop\/inokim-ox-hero-elektritoukeratas\/\" data-mce-href=\"http:\/\/www.xn--tuksimaailm-ffb.ee\/shop\/inokim-ox-hero-elektritoukeratas\/\"><b><strong>OX<\/strong><\/b><\/a> \/ <a href=\"http:\/\/www.xn--tuksimaailm-ffb.ee\/shop\/elektriline-toukeratas-inokim-oxo\/\" data-mce-href=\"http:\/\/www.xn--tuksimaailm-ffb.ee\/shop\/elektriline-toukeratas-inokim-oxo\/\"><b><strong>OXO<\/strong><\/b><\/a>, Inokim Quick 3+<b><strong>, <\/strong><\/b><a href=\"http:\/\/www.xn--tuksimaailm-ffb.ee\/shop\/inokim-quick-4-hero-elektritoukeratas\/\" data-mce-href=\"http:\/\/www.xn--tuksimaailm-ffb.ee\/shop\/inokim-quick-4-hero-elektritoukeratas\/\"><b><strong>Inokim Quick 4<\/strong><\/b><\/a><b><strong>, <\/strong><\/b>also<b><strong> suitable for <\/strong><\/b>electric scooter <a href=\"http:\/\/www.xn--tuksimaailm-ffb.ee\/shop\/elektritouks-gpad-joyride\/\" data-mce-href=\"http:\/\/www.xn--tuksimaailm-ffb.ee\/shop\/elektritouks-gpad-joyride\/\"><b><strong>Gpad Joyride<\/strong><\/b><\/a>, Gpad Storm (Max)<b><strong>, <\/strong><\/b>Gpad Foxen<b><strong>, <\/strong><\/b><a href=\"https:\/\/techlife.pl\/en\/techlife-x7-extreme-electric-scooter.html\" data-mce-href=\"https:\/\/techlife.pl\/en\/techlife-x7-extreme-electric-scooter.html\"><b><strong>Techlife X7<\/strong><\/b><\/a> (<b><strong> X7S), <\/strong><\/b>Kugoo M4 Kirin Pro<b><strong>, <\/strong><\/b><a href=\"http:\/\/kaabo.com\/product_info\/38\/en\" data-mce-href=\"http:\/\/kaabo.com\/product_info\/38\/en\"><b><strong>Kaabo Mantis 10 2WD<\/strong><\/b><\/a><b><strong>.<\/strong><\/b> The <b><strong>10x2.50<\/strong><\/b> \" solid tyre can be fitted in place of all <b><strong>10x2.25<\/strong><\/b> <b><strong>\" , 10x2.50\"<\/strong><\/b>, <b><strong>10x3.00<\/strong><\/b> \" and <a href=\"http:\/\/www.xn--tuksimaailm-ffb.ee\/shop\/ninebot-max-g30-rehv-60-70-65\/\" data-mce-href=\"http:\/\/www.xn--tuksimaailm-ffb.ee\/shop\/ninebot-max-g30-rehv-60-70-65\/\"><b><strong>60\/70-6.5<\/strong><\/b><\/a> pneumatic tyres. The inner (on-rim) <b><strong>width of<\/strong><\/b> this tyre <b><strong>is 34 mm.<\/strong><\/b><\/p>\n<p>The solid tyre is (as the name suggests) moulded from virgin rubber. Holes are left in the tyre for a more comfortable ride\/better traction, so that neither the electric scooter nor the rider can be damaged by slippery bumps. If you would like to have your electric scooter fitted with solid tyres, our <a href=\"http:\/\/www.xn--tuksimaailm-ffb.ee\/elektrilise-toukeratta-remont\/\" data-mce-href=\"http:\/\/www.xn--tuksimaailm-ffb.ee\/elektrilise-toukeratta-remont\/\">workshop<\/a> specialising in electric scooters can help. You can read more about pneumatic tyres VS solid rubber tyres in our <a href=\"http:\/\/www.xn--tuksimaailm-ffb.ee\/ohkrehv-vs-purunemiskindel-taiskumm\/\" data-mce-href=\"http:\/\/www.xn--tuksimaailm-ffb.ee\/ohkrehv-vs-purunemiskindel-taiskumm\/\">blog post<\/a>.<\/p>\n","protected":false},"excerpt":{"rendered":"<p><br data-mce-bogus=\"1\"><\/p>\n","protected":false},"featured_media":14665,"template":"","meta":[],"product_brand":[],"product_cat":[726],"product_tag":[3211],"filter_elektritoukeratas":[2730,2732,2610,2705,2704,2706,2714,2715,2712,2713,2720,2717,2726,2724,2679,2672,2670,2668,2740,2755,2646,2750],"class_list":{"0":"post-58086","1":"product","2":"type-product","3":"status-publish","4":"has-post-thumbnail","6":"product_cat-spare-parts","7":"product_tag-solid-tyres-honeycomb-tyres","8":"pa_tootetuup-solid-tyres-honeycomb-tyres","9":"filter_elektritoukeratas-ft_dualtron_eagle","10":"filter_elektritoukeratas-ft_dualtron_spider","11":"filter_elektritoukeratas-ft_dualtron_victor","12":"filter_elektritoukeratas-ft_gpad_foxen","13":"filter_elektritoukeratas-ft_gpad_joyride","14":"filter_elektritoukeratas-ft_gpad_storm","15":"filter_elektritoukeratas-ft_inokim_ox_eco_hero_super","16":"filter_elektritoukeratas-ft_inokim_oxo","17":"filter_elektritoukeratas-ft_inokim_quick_3_hero_super","18":"filter_elektritoukeratas-ft_inokim_quick_4_hero_super","19":"filter_elektritoukeratas-ft_joyor_s5_s10-s_s_pro","20":"filter_elektritoukeratas-ft_joyor_x1_x5s","21":"filter_elektritoukeratas-ft_kaabo_mantis_10","22":"filter_elektritoukeratas-ft_kaabo_skywalker","23":"filter_elektritoukeratas-ft_kugoo_g1","24":"filter_elektritoukeratas-ft_kugoo_g2_master","25":"filter_elektritoukeratas-ft_kugoo_g2_max","26":"filter_elektritoukeratas-ft_kugoo_m4_m4_pro","27":"filter_elektritoukeratas-ft_nanrobot_d4_plus","28":"filter_elektritoukeratas-ft_techlife_x7_x7_lite_x7s","29":"filter_elektritoukeratas-ft_vsett_10_plus","30":"filter_elektritoukeratas-ft_zero_10x","32":"first","33":"instock","34":"taxable","35":"shipping-taxable","36":"purchasable","37":"product-type-simple"},"yoast_head":"<!-- This site is optimized with the Yoast SEO Premium plugin v26.8 (Yoast SEO v27.5) - https:\/\/yoast.com\/product\/yoast-seo-premium-wordpress\/ -->\n<title>Solid tyre 10x2.50&quot; electric scooter Kugoo M4 Pro | T\u00f5uksimaailm<\/title>\n<meta name=\"description\" content=\"Solid tyre 10x2.50&quot; (solid tyre, bald tyre, puncture-resistant tyre), suitable for electric scooter Inokim OX OXO, electric scooter Kugoo M4 Pro\" \/>\n<meta name=\"robots\" content=\"index, follow, max-snippet:-1, max-image-preview:large, max-video-preview:-1\" \/>\n<link rel=\"canonical\" href=\"https:\/\/www.xn--tuksimaailm-ffb.ee\/en\/product\/solid-tyre-10x2-50-electric-scooter-kugoo-m4-pro\/\" \/>\n<meta property=\"og:locale\" content=\"en_US\" \/>\n<meta property=\"og:type\" content=\"article\" \/>\n<meta property=\"og:title\" content=\"Solid tyre 10x2.50&quot; electric scooter Kugoo M4 Pro\" \/>\n<meta property=\"og:description\" content=\"Solid tyre 10x2.50&quot; (solid tyre, bald tyre, puncture-resistant tyre), suitable for electric scooter Inokim OX OXO, electric scooter Kugoo M4 Pro\" \/>\n<meta property=\"og:url\" content=\"https:\/\/www.xn--tuksimaailm-ffb.ee\/en\/product\/solid-tyre-10x2-50-electric-scooter-kugoo-m4-pro\/\" \/>\n<meta property=\"og:site_name\" content=\"T\u00f5uksimaailm\" \/>\n<meta property=\"article:publisher\" content=\"https:\/\/www.facebook.com\/touksimaailm\/\" \/>\n<meta property=\"article:modified_time\" content=\"2025-02-20T13:02:48+00:00\" \/>\n<meta property=\"og:image\" content=\"https:\/\/www.xn--tuksimaailm-ffb.ee\/wp-content\/uploads\/2021\/12\/10x2.50-taisrehv.png\" \/>\n\t<meta property=\"og:image:width\" content=\"881\" \/>\n\t<meta property=\"og:image:height\" content=\"877\" \/>\n\t<meta property=\"og:image:type\" content=\"image\/png\" \/>\n<meta name=\"twitter:card\" content=\"summary_large_image\" \/>\n<meta name=\"twitter:label1\" content=\"Price\" \/>\n\t<meta name=\"twitter:data1\" content=\"&euro;49.50\" \/>\n\t<meta name=\"twitter:label2\" content=\"Availability\" \/>\n\t<meta name=\"twitter:data2\" content=\"In stock\" \/>\n<meta property=\"product:price:amount\" content=\"49.50\" \/>\n<meta property=\"product:price:currency\" content=\"EUR\" \/>\n<meta property=\"og:availability\" content=\"instock\" \/>\n<meta property=\"product:availability\" content=\"instock\" \/>\n<meta property=\"product:retailer_item_id\" content=\"TR-10x2.5-INOKIM-OX\" \/>\n<meta property=\"product:condition\" content=\"new\" \/>\n<!-- \/ Yoast SEO Premium plugin. -->","yoast_head_json":{"title":"Solid tyre 10x2.50\" electric scooter Kugoo M4 Pro | T\u00f5uksimaailm","description":"Solid tyre 10x2.50\" (solid tyre, bald tyre, puncture-resistant tyre), suitable for electric scooter Inokim OX OXO, electric scooter Kugoo M4 Pro","robots":{"index":"index","follow":"follow","max-snippet":"max-snippet:-1","max-image-preview":"max-image-preview:large","max-video-preview":"max-video-preview:-1"},"canonical":"https:\/\/www.xn--tuksimaailm-ffb.ee\/en\/product\/solid-tyre-10x2-50-electric-scooter-kugoo-m4-pro\/","og_locale":"en_US","og_type":"article","og_title":"Solid tyre 10x2.50\" electric scooter Kugoo M4 Pro","og_description":"Solid tyre 10x2.50\" (solid tyre, bald tyre, puncture-resistant tyre), suitable for electric scooter Inokim OX OXO, electric scooter Kugoo M4 Pro","og_url":"https:\/\/www.xn--tuksimaailm-ffb.ee\/en\/product\/solid-tyre-10x2-50-electric-scooter-kugoo-m4-pro\/","og_site_name":"T\u00f5uksimaailm","article_publisher":"https:\/\/www.facebook.com\/touksimaailm\/","article_modified_time":"2025-02-20T13:02:48+00:00","og_image":[{"width":881,"height":877,"url":"https:\/\/www.xn--tuksimaailm-ffb.ee\/wp-content\/uploads\/2021\/12\/10x2.50-taisrehv.png","type":"image\/png"}],"twitter_card":"summary_large_image","twitter_misc":{"Price":"&euro;49.50","Availability":"In stock"},"schema":{"@context":"https:\/\/schema.org","@graph":[{"@type":"WebPage","@id":"https:\/\/www.xn--tuksimaailm-ffb.ee\/en\/product\/solid-tyre-10x2-50-electric-scooter-kugoo-m4-pro\/","url":"https:\/\/www.xn--tuksimaailm-ffb.ee\/en\/product\/solid-tyre-10x2-50-electric-scooter-kugoo-m4-pro\/","name":"Solid tyre 10x2.50\" electric scooter Kugoo M4 Pro | T\u00f5uksimaailm","isPartOf":{"@id":"https:\/\/www.xn--tuksimaailm-ffb.ee\/en\/#website"},"primaryImageOfPage":{"@id":"https:\/\/www.xn--tuksimaailm-ffb.ee\/en\/product\/solid-tyre-10x2-50-electric-scooter-kugoo-m4-pro\/#primaryimage"},"image":{"@id":"https:\/\/www.xn--tuksimaailm-ffb.ee\/en\/product\/solid-tyre-10x2-50-electric-scooter-kugoo-m4-pro\/#primaryimage"},"thumbnailUrl":"https:\/\/www.xn--tuksimaailm-ffb.ee\/wp-content\/uploads\/2021\/12\/10x2.50-taisrehv.png","datePublished":"2021-12-05T08:18:13+00:00","dateModified":"2025-02-20T13:02:48+00:00","description":"Solid tyre 10x2.50\" (solid tyre, bald tyre, puncture-resistant tyre), suitable for electric scooter Inokim OX OXO, electric scooter Kugoo M4 Pro","breadcrumb":{"@id":"https:\/\/www.xn--tuksimaailm-ffb.ee\/en\/product\/solid-tyre-10x2-50-electric-scooter-kugoo-m4-pro\/#breadcrumb"},"inLanguage":"en-US","potentialAction":[{"@type":"ReadAction","target":["https:\/\/www.xn--tuksimaailm-ffb.ee\/en\/product\/solid-tyre-10x2-50-electric-scooter-kugoo-m4-pro\/"]}]},{"@type":"ImageObject","inLanguage":"en-US","@id":"https:\/\/www.xn--tuksimaailm-ffb.ee\/en\/product\/solid-tyre-10x2-50-electric-scooter-kugoo-m4-pro\/#primaryimage","url":"https:\/\/www.xn--tuksimaailm-ffb.ee\/wp-content\/uploads\/2021\/12\/10x2.50-taisrehv.png","contentUrl":"https:\/\/www.xn--tuksimaailm-ffb.ee\/wp-content\/uploads\/2021\/12\/10x2.50-taisrehv.png","width":881,"height":877,"caption":"Solid tyre 10x2.50\" electric scooter Kugoo M4 Pro"},{"@type":"BreadcrumbList","@id":"https:\/\/www.xn--tuksimaailm-ffb.ee\/en\/product\/solid-tyre-10x2-50-electric-scooter-kugoo-m4-pro\/#breadcrumb","itemListElement":[{"@type":"ListItem","position":1,"name":"Home","item":"https:\/\/www.xn--tuksimaailm-ffb.ee\/en\/main-page\/"},{"@type":"ListItem","position":2,"name":"Shop","item":"https:\/\/www.xn--tuksimaailm-ffb.ee\/elektritoukerataste-pood\/"},{"@type":"ListItem","position":3,"name":"Solid tyre 10x2.50\" electric scooter Kugoo M4 Pro"}]},{"@type":"WebSite","@id":"https:\/\/www.xn--tuksimaailm-ffb.ee\/en\/#website","url":"https:\/\/www.xn--tuksimaailm-ffb.ee\/en\/","name":"T\u00f5uksimaailm","description":"Elektrit\u00f5ukerataste m\u00fc\u00fck, remont ja rent","publisher":{"@id":"https:\/\/www.xn--tuksimaailm-ffb.ee\/en\/#organization"},"potentialAction":[{"@type":"SearchAction","target":{"@type":"EntryPoint","urlTemplate":"https:\/\/www.xn--tuksimaailm-ffb.ee\/en\/?s={search_term_string}"},"query-input":{"@type":"PropertyValueSpecification","valueRequired":true,"valueName":"search_term_string"}}],"inLanguage":"en-US"},{"@type":"Organization","@id":"https:\/\/www.xn--tuksimaailm-ffb.ee\/en\/#organization","name":"T\u00f5uksimaailm","url":"https:\/\/www.xn--tuksimaailm-ffb.ee\/en\/","logo":{"@type":"ImageObject","inLanguage":"en-US","@id":"https:\/\/www.xn--tuksimaailm-ffb.ee\/en\/#\/schema\/logo\/image\/","url":"https:\/\/www.xn--tuksimaailm-ffb.ee\/wp-content\/uploads\/2020\/01\/logoz-e1579792875517.png","contentUrl":"https:\/\/www.xn--tuksimaailm-ffb.ee\/wp-content\/uploads\/2020\/01\/logoz-e1579792875517.png","width":250,"height":250,"caption":"T\u00f5uksimaailm"},"image":{"@id":"https:\/\/www.xn--tuksimaailm-ffb.ee\/en\/#\/schema\/logo\/image\/"},"sameAs":["https:\/\/www.facebook.com\/touksimaailm\/","https:\/\/www.instagram.com\/touksimaailm_\/","https:\/\/www.youtube.com\/channel\/UC18ml0EKIDLP1xGuQjFzcXQ"]}]},"product_price_amount":"49.50","product_price_currency":"EUR","og_availability":"instock","product_availability":"instock","product_retailer_item_id":"TR-10x2.5-INOKIM-OX","product_condition":"new"},"jetpack_sharing_enabled":true,"_links":{"self":[{"href":"https:\/\/www.xn--tuksimaailm-ffb.ee\/en\/wp-json\/wp\/v2\/product\/58086","targetHints":{"allow":["GET"]}}],"collection":[{"href":"https:\/\/www.xn--tuksimaailm-ffb.ee\/en\/wp-json\/wp\/v2\/product"}],"about":[{"href":"https:\/\/www.xn--tuksimaailm-ffb.ee\/en\/wp-json\/wp\/v2\/types\/product"}],"wp:featuredmedia":[{"embeddable":true,"href":"https:\/\/www.xn--tuksimaailm-ffb.ee\/en\/wp-json\/wp\/v2\/media\/14665"}],"wp:attachment":[{"href":"https:\/\/www.xn--tuksimaailm-ffb.ee\/en\/wp-json\/wp\/v2\/media?parent=58086"}],"wp:term":[{"taxonomy":"product_brand","embeddable":true,"href":"https:\/\/www.xn--tuksimaailm-ffb.ee\/en\/wp-json\/wp\/v2\/product_brand?post=58086"},{"taxonomy":"product_cat","embeddable":true,"href":"https:\/\/www.xn--tuksimaailm-ffb.ee\/en\/wp-json\/wp\/v2\/product_cat?post=58086"},{"taxonomy":"product_tag","embeddable":true,"href":"https:\/\/www.xn--tuksimaailm-ffb.ee\/en\/wp-json\/wp\/v2\/product_tag?post=58086"},{"taxonomy":"filter_elektritoukeratas","embeddable":true,"href":"https:\/\/www.xn--tuksimaailm-ffb.ee\/en\/wp-json\/wp\/v2\/filter_elektritoukeratas?post=58086"}],"curies":[{"name":"wp","href":"https:\/\/api.w.org\/{rel}","templated":true}]}}