{"id":58088,"date":"2021-12-05T13:14:04","date_gmt":"2021-12-05T13:14:04","guid":{"rendered":"http:\/\/www.xn--tuksimaailm-ffb.ee\/shop\/rear-wheel-electric-scooter-inokim-light-2-super\/"},"modified":"2021-12-05T13:14:04","modified_gmt":"2021-12-05T10:14:04","slug":"rear-wheel-electric-scooter-inokim-light-2-super","status":"publish","type":"product","link":"https:\/\/www.xn--tuksimaailm-ffb.ee\/en\/product\/rear-wheel-electric-scooter-inokim-light-2-super\/","title":{"rendered":"Rear-wheel electric scooter Inokim Light 2 Super"},"content":{"rendered":"<p>Axle part \/ engine part \/ lateral metal ring \/ cover. Suitable for <a href=\"http:\/\/www.xn--tuksimaailm-ffb.ee\/shop\/inokim-light-hero-elektriline-toukeratas\/\"><b><strong>Inokim Light 2 Hero<\/strong><\/b><\/a> electric scooter and <a href=\"http:\/\/www.xn--tuksimaailm-ffb.ee\/shop\/inokim-light-2-super-elektritoukeratas\/\"><b><strong>Inokim Light 2 Super<\/strong><\/b><\/a> electric scooter. Available in <b><strong>yellow, green, light green, white and blue.<\/strong><\/b> The wheel rim usually breaks on Inokim Light electric scooters together with the rear tyre when they have been badly bumped. In this case, it is not necessary to replace the entire motor of the scooter, but the motor cover can be replaced. If your electric scooter needs a replacement of the motor or any of its components, our <a href=\"http:\/\/www.xn--tuksimaailm-ffb.ee\/elektrilise-toukeratta-remont\/\">workshop<\/a> specialising in electric scooter repairs can help.<\/p>\n","protected":false},"excerpt":{"rendered":"<p>Axle part \/ engine part \/ lateral metal ring \/ cover. Suitable for Inokim Light 2 Hero electric scooter and Inokim Light 2 Super electric scooter. Available in yellow, green, light green, white and blue. The wheel rim usually breaks on Inokim Light electric scooters together with the rear tyre &hellip;<\/p>\n","protected":false},"featured_media":72836,"template":"","meta":[],"product_brand":[],"product_cat":[726],"product_tag":[3221],"filter_elektritoukeratas":[2711,2709],"class_list":{"0":"post-58088","1":"product","2":"type-product","3":"status-publish","4":"has-post-thumbnail","6":"product_cat-spare-parts","7":"product_tag-inokim-spare-parts","8":"pa_colour-light-green","9":"pa_colour-orange-en","10":"pa_colour-roheline","11":"pa_colour-sinine","12":"pa_colour-valge","13":"pa_tootetuup-wheels-tyres-rims","14":"filter_elektritoukeratas-ft_inokim_light_2_max_super","15":"filter_elektritoukeratas-ft_inokim_light_hero_2_hero","17":"first","18":"instock","19":"taxable","20":"shipping-taxable","21":"purchasable","22":"product-type-variable"},"yoast_head":"<!-- This site is optimized with the Yoast SEO Premium plugin v26.8 (Yoast SEO v27.5) - https:\/\/yoast.com\/product\/yoast-seo-premium-wordpress\/ -->\n<title>Rear-wheel electric scooter Inokim Light 2 Super | T\u00f5uksimaailm<\/title>\n<meta name=\"description\" content=\"Axle part \/ engine part \/ lateral metal ring \/ cover. Suitable for Inokim Light 2 Hero electric scooter and Light Super electric scooter.\" \/>\n<meta name=\"robots\" content=\"index, follow, max-snippet:-1, max-image-preview:large, max-video-preview:-1\" \/>\n<link rel=\"canonical\" href=\"https:\/\/www.xn--tuksimaailm-ffb.ee\/en\/product\/rear-wheel-electric-scooter-inokim-light-2-super\/\" \/>\n<meta property=\"og:locale\" content=\"en_US\" \/>\n<meta property=\"og:type\" content=\"article\" \/>\n<meta property=\"og:title\" content=\"Rear-wheel electric scooter Inokim Light 2 Super\" \/>\n<meta property=\"og:description\" content=\"Axle part \/ engine part \/ lateral metal ring \/ cover. Suitable for Inokim Light 2 Hero electric scooter and Light Super electric scooter.\" \/>\n<meta property=\"og:url\" content=\"https:\/\/www.xn--tuksimaailm-ffb.ee\/en\/product\/rear-wheel-electric-scooter-inokim-light-2-super\/\" \/>\n<meta property=\"og:site_name\" content=\"T\u00f5uksimaailm\" \/>\n<meta property=\"article:publisher\" content=\"https:\/\/www.facebook.com\/touksimaailm\/\" \/>\n<meta property=\"og:image\" content=\"https:\/\/www.xn--tuksimaailm-ffb.ee\/wp-content\/uploads\/2021\/12\/light-veljeosa-2-scaled.jpg\" \/>\n\t<meta property=\"og:image:width\" content=\"2553\" \/>\n\t<meta property=\"og:image:height\" content=\"2560\" \/>\n\t<meta property=\"og:image:type\" content=\"image\/jpeg\" \/>\n<meta name=\"twitter:card\" content=\"summary_large_image\" \/>\n<meta name=\"twitter:label1\" content=\"Availability\" \/>\n\t<meta name=\"twitter:data1\" content=\"In stock\" \/>\n<meta property=\"og:availability\" content=\"instock\" \/>\n<meta property=\"product:availability\" content=\"instock\" \/>\n<meta property=\"product:condition\" content=\"new\" \/>\n<!-- \/ Yoast SEO Premium plugin. -->","yoast_head_json":{"title":"Rear-wheel electric scooter Inokim Light 2 Super | T\u00f5uksimaailm","description":"Axle part \/ engine part \/ lateral metal ring \/ cover. Suitable for Inokim Light 2 Hero electric scooter and Light Super electric scooter.","robots":{"index":"index","follow":"follow","max-snippet":"max-snippet:-1","max-image-preview":"max-image-preview:large","max-video-preview":"max-video-preview:-1"},"canonical":"https:\/\/www.xn--tuksimaailm-ffb.ee\/en\/product\/rear-wheel-electric-scooter-inokim-light-2-super\/","og_locale":"en_US","og_type":"article","og_title":"Rear-wheel electric scooter Inokim Light 2 Super","og_description":"Axle part \/ engine part \/ lateral metal ring \/ cover. Suitable for Inokim Light 2 Hero electric scooter and Light Super electric scooter.","og_url":"https:\/\/www.xn--tuksimaailm-ffb.ee\/en\/product\/rear-wheel-electric-scooter-inokim-light-2-super\/","og_site_name":"T\u00f5uksimaailm","article_publisher":"https:\/\/www.facebook.com\/touksimaailm\/","og_image":[{"width":2553,"height":2560,"url":"https:\/\/www.xn--tuksimaailm-ffb.ee\/wp-content\/uploads\/2021\/12\/light-veljeosa-2-scaled.jpg","type":"image\/jpeg"}],"twitter_card":"summary_large_image","twitter_misc":{"Availability":"In stock"},"schema":{"@context":"https:\/\/schema.org","@graph":[{"@type":"WebPage","@id":"https:\/\/www.xn--tuksimaailm-ffb.ee\/en\/product\/rear-wheel-electric-scooter-inokim-light-2-super\/","url":"https:\/\/www.xn--tuksimaailm-ffb.ee\/en\/product\/rear-wheel-electric-scooter-inokim-light-2-super\/","name":"Rear-wheel electric scooter Inokim Light 2 Super | T\u00f5uksimaailm","isPartOf":{"@id":"https:\/\/www.xn--tuksimaailm-ffb.ee\/en\/#website"},"primaryImageOfPage":{"@id":"https:\/\/www.xn--tuksimaailm-ffb.ee\/en\/product\/rear-wheel-electric-scooter-inokim-light-2-super\/#primaryimage"},"image":{"@id":"https:\/\/www.xn--tuksimaailm-ffb.ee\/en\/product\/rear-wheel-electric-scooter-inokim-light-2-super\/#primaryimage"},"thumbnailUrl":"https:\/\/www.xn--tuksimaailm-ffb.ee\/wp-content\/uploads\/2021\/12\/Screenshot-2026-01-06-021201.webp","datePublished":"2021-12-05T13:14:04+00:00","description":"Axle part \/ engine part \/ lateral metal ring \/ cover. Suitable for Inokim Light 2 Hero electric scooter and Light Super electric scooter.","breadcrumb":{"@id":"https:\/\/www.xn--tuksimaailm-ffb.ee\/en\/product\/rear-wheel-electric-scooter-inokim-light-2-super\/#breadcrumb"},"inLanguage":"en-US","potentialAction":[{"@type":"ReadAction","target":["https:\/\/www.xn--tuksimaailm-ffb.ee\/en\/product\/rear-wheel-electric-scooter-inokim-light-2-super\/"]}]},{"@type":"ImageObject","inLanguage":"en-US","@id":"https:\/\/www.xn--tuksimaailm-ffb.ee\/en\/product\/rear-wheel-electric-scooter-inokim-light-2-super\/#primaryimage","url":"https:\/\/www.xn--tuksimaailm-ffb.ee\/wp-content\/uploads\/2021\/12\/Screenshot-2026-01-06-021201.webp","contentUrl":"https:\/\/www.xn--tuksimaailm-ffb.ee\/wp-content\/uploads\/2021\/12\/Screenshot-2026-01-06-021201.webp","width":1576,"height":1304,"caption":"Veljeosa elektrit\u00f5ukeratas Inokim Light 2 Super"},{"@type":"BreadcrumbList","@id":"https:\/\/www.xn--tuksimaailm-ffb.ee\/en\/product\/rear-wheel-electric-scooter-inokim-light-2-super\/#breadcrumb","itemListElement":[{"@type":"ListItem","position":1,"name":"Home","item":"https:\/\/www.xn--tuksimaailm-ffb.ee\/en\/main-page\/"},{"@type":"ListItem","position":2,"name":"Shop","item":"https:\/\/www.xn--tuksimaailm-ffb.ee\/elektritoukerataste-pood\/"},{"@type":"ListItem","position":3,"name":"Rear-wheel electric scooter Inokim Light 2 Super"}]},{"@type":"WebSite","@id":"https:\/\/www.xn--tuksimaailm-ffb.ee\/en\/#website","url":"https:\/\/www.xn--tuksimaailm-ffb.ee\/en\/","name":"T\u00f5uksimaailm","description":"Elektrit\u00f5ukerataste m\u00fc\u00fck, remont ja rent","publisher":{"@id":"https:\/\/www.xn--tuksimaailm-ffb.ee\/en\/#organization"},"potentialAction":[{"@type":"SearchAction","target":{"@type":"EntryPoint","urlTemplate":"https:\/\/www.xn--tuksimaailm-ffb.ee\/en\/?s={search_term_string}"},"query-input":{"@type":"PropertyValueSpecification","valueRequired":true,"valueName":"search_term_string"}}],"inLanguage":"en-US"},{"@type":"Organization","@id":"https:\/\/www.xn--tuksimaailm-ffb.ee\/en\/#organization","name":"T\u00f5uksimaailm","url":"https:\/\/www.xn--tuksimaailm-ffb.ee\/en\/","logo":{"@type":"ImageObject","inLanguage":"en-US","@id":"https:\/\/www.xn--tuksimaailm-ffb.ee\/en\/#\/schema\/logo\/image\/","url":"https:\/\/www.xn--tuksimaailm-ffb.ee\/wp-content\/uploads\/2020\/01\/logoz-e1579792875517.png","contentUrl":"https:\/\/www.xn--tuksimaailm-ffb.ee\/wp-content\/uploads\/2020\/01\/logoz-e1579792875517.png","width":250,"height":250,"caption":"T\u00f5uksimaailm"},"image":{"@id":"https:\/\/www.xn--tuksimaailm-ffb.ee\/en\/#\/schema\/logo\/image\/"},"sameAs":["https:\/\/www.facebook.com\/touksimaailm\/","https:\/\/www.instagram.com\/touksimaailm_\/","https:\/\/www.youtube.com\/channel\/UC18ml0EKIDLP1xGuQjFzcXQ"]}]},"og_availability":"instock","product_availability":"instock","product_condition":"new"},"jetpack_sharing_enabled":true,"_links":{"self":[{"href":"https:\/\/www.xn--tuksimaailm-ffb.ee\/en\/wp-json\/wp\/v2\/product\/58088","targetHints":{"allow":["GET"]}}],"collection":[{"href":"https:\/\/www.xn--tuksimaailm-ffb.ee\/en\/wp-json\/wp\/v2\/product"}],"about":[{"href":"https:\/\/www.xn--tuksimaailm-ffb.ee\/en\/wp-json\/wp\/v2\/types\/product"}],"wp:featuredmedia":[{"embeddable":true,"href":"https:\/\/www.xn--tuksimaailm-ffb.ee\/en\/wp-json\/wp\/v2\/media\/72836"}],"wp:attachment":[{"href":"https:\/\/www.xn--tuksimaailm-ffb.ee\/en\/wp-json\/wp\/v2\/media?parent=58088"}],"wp:term":[{"taxonomy":"product_brand","embeddable":true,"href":"https:\/\/www.xn--tuksimaailm-ffb.ee\/en\/wp-json\/wp\/v2\/product_brand?post=58088"},{"taxonomy":"product_cat","embeddable":true,"href":"https:\/\/www.xn--tuksimaailm-ffb.ee\/en\/wp-json\/wp\/v2\/product_cat?post=58088"},{"taxonomy":"product_tag","embeddable":true,"href":"https:\/\/www.xn--tuksimaailm-ffb.ee\/en\/wp-json\/wp\/v2\/product_tag?post=58088"},{"taxonomy":"filter_elektritoukeratas","embeddable":true,"href":"https:\/\/www.xn--tuksimaailm-ffb.ee\/en\/wp-json\/wp\/v2\/filter_elektritoukeratas?post=58088"}],"curies":[{"name":"wp","href":"https:\/\/api.w.org\/{rel}","templated":true}]}}