{"id":58095,"date":"2021-12-05T13:37:09","date_gmt":"2021-12-05T13:37:09","guid":{"rendered":"http:\/\/www.xn--tuksimaailm-ffb.ee\/shop\/electric-scooter-inner-tyre-10x2-50-150g-45-degrees\/"},"modified":"2021-12-05T13:37:09","modified_gmt":"2021-12-05T10:37:09","slug":"electric-scooter-inner-tyre-10x2-50-150g-45-degrees","status":"publish","type":"product","link":"https:\/\/www.xn--tuksimaailm-ffb.ee\/en\/product\/electric-scooter-inner-tyre-10x2-50-150g-45-degrees\/","title":{"rendered":"Electric scooter inner tyre 10x2.50\" 150g, 45 degrees"},"content":{"rendered":"<p>Electric scooter inner tyre 10x2.50\" 150g, 45 degrees, high quality and extra strong (with thick lug wall) <b><strong>150g <\/strong><\/b>inner \/ air rubber. Suitable for installation in place of the<b><strong> 10x2.50\" <\/strong><\/b>or<b><strong> 10x3.00<\/strong><\/b> \" inner ring \/ outer rubber. The valve of the inner rubber is at<b><strong> a 90 degree<\/strong><\/b> angle to the inner ring plane and at<b><strong> a 45 degree<\/strong><\/b> angle to the inner ring plane (see product picture). The 10x2.50\" 125g, 45 degree inner tube is suitable for <b><strong>the Kugoo G-Booster, <\/strong><\/b><a href=\"http:\/\/www.xn--tuksimaailm-ffb.ee\/shop\/inokim-ox-hero-elektritoukeratas\/\"><b><strong>Inokim OX Hero<\/strong><\/b><\/a><b><strong> \/ <\/strong><\/b><a href=\"http:\/\/www.xn--tuksimaailm-ffb.ee\/shop\/inokim-ox-super-elektritoukeratas\/\"><b><strong>Super<\/strong><\/b><\/a><b><strong>, <\/strong><\/b><a href=\"http:\/\/www.xn--tuksimaailm-ffb.ee\/shop\/elektriline-toukeratas-inokim-oxo\/\"><b><strong>Inokim OXO<\/strong><\/b><\/a> electric pushbikes<b><strong>.<\/strong><\/b> Also suitable for electric scooter <b><strong>Gpad Storm (Max), Techlife X7 \/ X7S<\/strong><\/b>, <b><strong>Kugoo Kirin M4 <\/strong><\/b>(also<b><strong> Pro<\/strong><\/b>)<b><strong>, Inokim Quick 3+ <\/strong><\/b>(also <b><strong>Hero, Super<\/strong><\/b>). Compared to other inner tubes of the same size, this inner tube is more shock resistant due to the thickness of its material layer. However, it is not advisable to drive with too low tyre pressure, as over time, the tyre's inner tyre will also be worn down by the tyre pressure. If your electric scooter uses a<b><strong> 10x2.50\" <\/strong><\/b>or<b><strong> 10x3.0\" <\/strong><\/b>inner or outer tyre and the valve of the inner tyre is at the same angle, this inner tyre is suitable. The inner tube will also fit <b><strong>255x80<\/strong><\/b> and <b><strong>80\/65-6 <\/strong><\/b>outer tyres. The inner tube of the electric scooter has an <b><strong>auto-valve (AV)<\/strong><\/b>, which can be inflated by most pumps. Because of the small size and air volume of its tyres, the electric scooter is at risk of inner tube rupture due to impact, we recommend checking the tyre pressure once every 2 weeks, or before each ride if the electric scooter is ridden less frequently. When inflating tyres, we strongly recommend the use of <a href=\"http:\/\/www.xn--tuksimaailm-ffb.ee\/tootekategooria\/lisavarustus\/\">pressure gauge pumps<\/a> to ensure the exact tyre pressure recommended by the electric scooter manufacturer. If your electric scooter is in need of repair or if a <a href=\"https:\/\/www.youtube.com\/watch?v=9c5oaCgBtVA\">self-repair<\/a>is too much for you, our specialist electric scooter <a href=\"http:\/\/www.xn--tuksimaailm-ffb.ee\/elektrilise-toukeratta-remont\/\">workshop<\/a> can help. We can also carry out tyre replacements on standby. You can read more about electric scooter tyre replacement in our <a href=\"http:\/\/www.xn--tuksimaailm-ffb.ee\/elektritoukeratta-rehvivahetus\/\">blog post<\/a>.<\/p>\n","protected":false},"excerpt":{"rendered":"<p>Electric scooter inner tyre 10x2.50\" 150g, 45 degrees, high quality and extra strong (with thick lug wall) 150g inner \/ air rubber. Suitable for installation in place of the 10x2.50\" or 10x3.00 \" inner ring \/ outer rubber. The valve of the inner rubber is at a 90 degree angle &hellip;<\/p>\n","protected":false},"featured_media":80708,"template":"","meta":[],"product_brand":[],"product_cat":[726],"product_tag":[3216,3204,3221,3411,3462,3460,3459],"filter_elektritoukeratas":[],"class_list":{"0":"post-58095","1":"product","2":"type-product","3":"status-publish","4":"has-post-thumbnail","6":"product_cat-spare-parts","7":"product_tag-gpad-spare-parts","8":"product_tag-inner-tubes","9":"product_tag-inokim-spare-parts","10":"product_tag-kugoo-spare-parts","11":"product_tag-minimotors-dualtron-spare-parts-en","12":"product_tag-power-zero-spare-parts","13":"product_tag-techlife-spare-parts","14":"pa_tootetuup-inner-tubes","16":"first","17":"instock","18":"taxable","19":"shipping-taxable","20":"purchasable","21":"product-type-simple"},"yoast_head":"<!-- This site is optimized with the Yoast SEO Premium plugin v26.8 (Yoast SEO v27.3) - https:\/\/yoast.com\/product\/yoast-seo-premium-wordpress\/ -->\n<title>Electric scooter inner tyre 10x2.50&quot; 150g, 45 degrees &#8212; T\u00f5uksimaailm<\/title>\n<meta name=\"description\" content=\"Electric scooter inner tube 10x2.50&quot; 125g, 45 degrees. Suitable for Gpad Storm Max electric scooter, Techlife X7 electric scooter, Zero 10X.\" \/>\n<meta name=\"robots\" content=\"index, follow, max-snippet:-1, max-image-preview:large, max-video-preview:-1\" \/>\n<link rel=\"canonical\" href=\"https:\/\/www.xn--tuksimaailm-ffb.ee\/en\/product\/electric-scooter-inner-tyre-10x2-50-150g-45-degrees\/\" \/>\n<meta property=\"og:locale\" content=\"en_US\" \/>\n<meta property=\"og:type\" content=\"article\" \/>\n<meta property=\"og:title\" content=\"Electric scooter inner tyre 10x2.50&quot; 150g, 45 degrees\" \/>\n<meta property=\"og:description\" content=\"Electric scooter inner tube 10x2.50&quot; 125g, 45 degrees. Suitable for Gpad Storm Max electric scooter, Techlife X7 electric scooter, Zero 10X.\" \/>\n<meta property=\"og:url\" content=\"https:\/\/www.xn--tuksimaailm-ffb.ee\/en\/product\/electric-scooter-inner-tyre-10x2-50-150g-45-degrees\/\" \/>\n<meta property=\"og:site_name\" content=\"T\u00f5uksimaailm\" \/>\n<meta property=\"article:publisher\" content=\"https:\/\/www.facebook.com\/touksimaailm\/\" \/>\n<meta property=\"og:image\" content=\"https:\/\/www.xn--tuksimaailm-ffb.ee\/wp-content\/uploads\/2021\/12\/9045-kraadi-10x2-1.jpg\" \/>\n\t<meta property=\"og:image:width\" content=\"221\" \/>\n\t<meta property=\"og:image:height\" content=\"221\" \/>\n\t<meta property=\"og:image:type\" content=\"image\/jpeg\" \/>\n<meta name=\"twitter:card\" content=\"summary_large_image\" \/>\n<meta name=\"twitter:label1\" content=\"Price\" \/>\n\t<meta name=\"twitter:data1\" content=\"&euro;12.00\" \/>\n\t<meta name=\"twitter:label2\" content=\"Availability\" \/>\n\t<meta name=\"twitter:data2\" content=\"In stock\" \/>\n<meta property=\"product:price:amount\" content=\"12.00\" \/>\n<meta property=\"product:price:currency\" content=\"EUR\" \/>\n<meta property=\"og:availability\" content=\"instock\" \/>\n<meta property=\"product:availability\" content=\"instock\" \/>\n<meta property=\"product:condition\" content=\"new\" \/>\n<!-- \/ Yoast SEO Premium plugin. -->","yoast_head_json":{"title":"Electric scooter inner tyre 10x2.50\" 150g, 45 degrees &#8212; T\u00f5uksimaailm","description":"Electric scooter inner tube 10x2.50\" 125g, 45 degrees. Suitable for Gpad Storm Max electric scooter, Techlife X7 electric scooter, Zero 10X.","robots":{"index":"index","follow":"follow","max-snippet":"max-snippet:-1","max-image-preview":"max-image-preview:large","max-video-preview":"max-video-preview:-1"},"canonical":"https:\/\/www.xn--tuksimaailm-ffb.ee\/en\/product\/electric-scooter-inner-tyre-10x2-50-150g-45-degrees\/","og_locale":"en_US","og_type":"article","og_title":"Electric scooter inner tyre 10x2.50\" 150g, 45 degrees","og_description":"Electric scooter inner tube 10x2.50\" 125g, 45 degrees. Suitable for Gpad Storm Max electric scooter, Techlife X7 electric scooter, Zero 10X.","og_url":"https:\/\/www.xn--tuksimaailm-ffb.ee\/en\/product\/electric-scooter-inner-tyre-10x2-50-150g-45-degrees\/","og_site_name":"T\u00f5uksimaailm","article_publisher":"https:\/\/www.facebook.com\/touksimaailm\/","og_image":[{"width":221,"height":221,"url":"https:\/\/www.xn--tuksimaailm-ffb.ee\/wp-content\/uploads\/2021\/12\/9045-kraadi-10x2-1.jpg","type":"image\/jpeg"}],"twitter_card":"summary_large_image","twitter_misc":{"Price":"&euro;12.00","Availability":"In stock"},"schema":{"@context":"https:\/\/schema.org","@graph":[{"@type":"WebPage","@id":"https:\/\/www.xn--tuksimaailm-ffb.ee\/en\/product\/electric-scooter-inner-tyre-10x2-50-150g-45-degrees\/","url":"https:\/\/www.xn--tuksimaailm-ffb.ee\/en\/product\/electric-scooter-inner-tyre-10x2-50-150g-45-degrees\/","name":"Electric scooter inner tyre 10x2.50\" 150g, 45 degrees &#8212; T\u00f5uksimaailm","isPartOf":{"@id":"https:\/\/www.xn--tuksimaailm-ffb.ee\/en\/#website"},"primaryImageOfPage":{"@id":"https:\/\/www.xn--tuksimaailm-ffb.ee\/en\/product\/electric-scooter-inner-tyre-10x2-50-150g-45-degrees\/#primaryimage"},"image":{"@id":"https:\/\/www.xn--tuksimaailm-ffb.ee\/en\/product\/electric-scooter-inner-tyre-10x2-50-150g-45-degrees\/#primaryimage"},"thumbnailUrl":"https:\/\/www.xn--tuksimaailm-ffb.ee\/wp-content\/uploads\/2021\/12\/Screenshot-2026-03-20-102338.webp","datePublished":"2021-12-05T13:37:09+00:00","description":"Electric scooter inner tube 10x2.50\" 125g, 45 degrees. Suitable for Gpad Storm Max electric scooter, Techlife X7 electric scooter, Zero 10X.","breadcrumb":{"@id":"https:\/\/www.xn--tuksimaailm-ffb.ee\/en\/product\/electric-scooter-inner-tyre-10x2-50-150g-45-degrees\/#breadcrumb"},"inLanguage":"en-US","potentialAction":[{"@type":"ReadAction","target":["https:\/\/www.xn--tuksimaailm-ffb.ee\/en\/product\/electric-scooter-inner-tyre-10x2-50-150g-45-degrees\/"]}]},{"@type":"ImageObject","inLanguage":"en-US","@id":"https:\/\/www.xn--tuksimaailm-ffb.ee\/en\/product\/electric-scooter-inner-tyre-10x2-50-150g-45-degrees\/#primaryimage","url":"https:\/\/www.xn--tuksimaailm-ffb.ee\/wp-content\/uploads\/2021\/12\/Screenshot-2026-03-20-102338.webp","contentUrl":"https:\/\/www.xn--tuksimaailm-ffb.ee\/wp-content\/uploads\/2021\/12\/Screenshot-2026-03-20-102338.webp","width":648,"height":530,"caption":"Elektrit\u00f5ukeratta siserehv 10x2.50\" 150g, 45 kraadi"},{"@type":"BreadcrumbList","@id":"https:\/\/www.xn--tuksimaailm-ffb.ee\/en\/product\/electric-scooter-inner-tyre-10x2-50-150g-45-degrees\/#breadcrumb","itemListElement":[{"@type":"ListItem","position":1,"name":"Home","item":"https:\/\/www.xn--tuksimaailm-ffb.ee\/en\/main-page\/"},{"@type":"ListItem","position":2,"name":"Shop","item":"https:\/\/www.xn--tuksimaailm-ffb.ee\/elektritoukerataste-pood\/"},{"@type":"ListItem","position":3,"name":"Electric scooter inner tyre 10x2.50\" 150g, 45 degrees"}]},{"@type":"WebSite","@id":"https:\/\/www.xn--tuksimaailm-ffb.ee\/en\/#website","url":"https:\/\/www.xn--tuksimaailm-ffb.ee\/en\/","name":"T\u00f5uksimaailm","description":"Elektrit\u00f5ukerataste m\u00fc\u00fck, remont ja rent","publisher":{"@id":"https:\/\/www.xn--tuksimaailm-ffb.ee\/en\/#organization"},"potentialAction":[{"@type":"SearchAction","target":{"@type":"EntryPoint","urlTemplate":"https:\/\/www.xn--tuksimaailm-ffb.ee\/en\/?s={search_term_string}"},"query-input":{"@type":"PropertyValueSpecification","valueRequired":true,"valueName":"search_term_string"}}],"inLanguage":"en-US"},{"@type":"Organization","@id":"https:\/\/www.xn--tuksimaailm-ffb.ee\/en\/#organization","name":"T\u00f5uksimaailm","url":"https:\/\/www.xn--tuksimaailm-ffb.ee\/en\/","logo":{"@type":"ImageObject","inLanguage":"en-US","@id":"https:\/\/www.xn--tuksimaailm-ffb.ee\/en\/#\/schema\/logo\/image\/","url":"https:\/\/www.xn--tuksimaailm-ffb.ee\/wp-content\/uploads\/2020\/01\/logoz-e1579792875517.png","contentUrl":"https:\/\/www.xn--tuksimaailm-ffb.ee\/wp-content\/uploads\/2020\/01\/logoz-e1579792875517.png","width":250,"height":250,"caption":"T\u00f5uksimaailm"},"image":{"@id":"https:\/\/www.xn--tuksimaailm-ffb.ee\/en\/#\/schema\/logo\/image\/"},"sameAs":["https:\/\/www.facebook.com\/touksimaailm\/","https:\/\/www.instagram.com\/touksimaailm_\/","https:\/\/www.youtube.com\/channel\/UC18ml0EKIDLP1xGuQjFzcXQ"]}]},"product_price_amount":"12.00","product_price_currency":"EUR","og_availability":"instock","product_availability":"instock","product_condition":"new"},"jetpack_sharing_enabled":true,"_links":{"self":[{"href":"https:\/\/www.xn--tuksimaailm-ffb.ee\/en\/wp-json\/wp\/v2\/product\/58095","targetHints":{"allow":["GET"]}}],"collection":[{"href":"https:\/\/www.xn--tuksimaailm-ffb.ee\/en\/wp-json\/wp\/v2\/product"}],"about":[{"href":"https:\/\/www.xn--tuksimaailm-ffb.ee\/en\/wp-json\/wp\/v2\/types\/product"}],"wp:featuredmedia":[{"embeddable":true,"href":"https:\/\/www.xn--tuksimaailm-ffb.ee\/en\/wp-json\/wp\/v2\/media\/80708"}],"wp:attachment":[{"href":"https:\/\/www.xn--tuksimaailm-ffb.ee\/en\/wp-json\/wp\/v2\/media?parent=58095"}],"wp:term":[{"taxonomy":"product_brand","embeddable":true,"href":"https:\/\/www.xn--tuksimaailm-ffb.ee\/en\/wp-json\/wp\/v2\/product_brand?post=58095"},{"taxonomy":"product_cat","embeddable":true,"href":"https:\/\/www.xn--tuksimaailm-ffb.ee\/en\/wp-json\/wp\/v2\/product_cat?post=58095"},{"taxonomy":"product_tag","embeddable":true,"href":"https:\/\/www.xn--tuksimaailm-ffb.ee\/en\/wp-json\/wp\/v2\/product_tag?post=58095"},{"taxonomy":"filter_elektritoukeratas","embeddable":true,"href":"https:\/\/www.xn--tuksimaailm-ffb.ee\/en\/wp-json\/wp\/v2\/filter_elektritoukeratas?post=58095"}],"curies":[{"name":"wp","href":"https:\/\/api.w.org\/{rel}","templated":true}]}}