{"id":58096,"date":"2021-12-05T17:25:31","date_gmt":"2021-12-05T17:25:31","guid":{"rendered":"http:\/\/www.xn--tuksimaailm-ffb.ee\/shop\/xiaomi-screen-electric-scooter-1s-pro-2-essential\/"},"modified":"2021-12-05T17:25:31","modified_gmt":"2021-12-05T14:25:31","slug":"xiaomi-screen-electric-scooter-1s-pro-2-essential","status":"publish","type":"product","link":"https:\/\/www.xn--tuksimaailm-ffb.ee\/en\/product\/xiaomi-screen-electric-scooter-1s-pro-2-essential\/","title":{"rendered":"Xiaomi screen electric scooter 1S Pro 2 Essential"},"content":{"rendered":"<p>Xiaomi Mi screen (also display, displei). Suitable for electric scooter <a href=\"http:\/\/www.xn--tuksimaailm-ffb.ee\/shop\/xiaomi-1s-elektritoukeratas\/\"><b><strong>Xiaomi Mi 1S<\/strong><\/b><\/a>, <a href=\"http:\/\/www.xn--tuksimaailm-ffb.ee\/shop\/xiaomi-pro-2-elektritoukeratas\/\"><b><strong>Pro 2<\/strong><\/b><\/a>, <a href=\"http:\/\/www.xn--tuksimaailm-ffb.ee\/shop\/xiaomi-mi-essential-elektritoukeratas\/\"><b><strong>Essential<\/strong><\/b><\/a>, electric scooter <a href=\"https:\/\/www.mi.com\/global\/product\/mi-electric-scooter-3\/\"><b><strong>Mi Electric Sc<\/strong><\/b><\/a>ooter <a href=\"https:\/\/www.mi.com\/global\/product\/mi-electric-scooter-3\/\"><b><strong>3<\/strong><\/b><\/a>. The screen is not compatible with similar Xiaomi copies! The Bluetooth (BLE) software of the copy display cannot be upgraded or replaced. Also, the colour of the LEDs and the sound signals on the screen are slightly different compared to the replacement screen, and the Bluetooth indicator light flashes. As an alternative product, we also offer <a href=\"http:\/\/www.xn--tuksimaailm-ffb.ee\/shop\/xiaomi-m365-pro-ekraan-display-originaal\/\"><b><strong>the original Xiaomi display<\/strong><\/b><\/a>. The Xiaomi Mi screen usually needs to be replaced when the scooter has been damaged by water while driving in the rain. To counteract this, we also offer <a href=\"http:\/\/www.xn--tuksimaailm-ffb.ee\/shop\/xiaomi-ekraani-silikoon-kaitse-umbris-m365-1s-pro2\/\"><b><strong>Xiaomi screen silicone covers<\/strong><\/b><\/a>, which help to protect the display part so that the electric scooter is waterproof. If you are struggling to replace the display of your electric scooter on your own, our specialist electric scooter <a href=\"http:\/\/www.xn--tuksimaailm-ffb.ee\/elektrilise-toukeratta-remont\/\">workshop<\/a> can help.<\/p>\n","protected":false},"excerpt":{"rendered":"<p>Xiaomi Mi screen (also display, displei). Suitable for electric scooter Xiaomi Mi 1S, Pro 2, Essential, electric scooter Mi Electric Scooter 3. The screen is not compatible with similar Xiaomi copies! The Bluetooth (BLE) software of the copy display cannot be upgraded or replaced. Also, the colour of the LEDs &hellip;<\/p>\n","protected":false},"featured_media":54827,"template":"","meta":[],"product_brand":[],"product_cat":[726],"product_tag":[],"filter_elektritoukeratas":[2613,2612],"class_list":{"0":"post-58096","1":"product","2":"type-product","3":"status-publish","4":"has-post-thumbnail","6":"product_cat-spare-parts","7":"pa_tootetuup-throttles-screens-displays","8":"filter_elektritoukeratas-ft_xiaomi_1s_mi3_pro_2_3_lite","9":"filter_elektritoukeratas-ft_xiaomi_m365_m365_pro_essential","11":"first","12":"instock","13":"taxable","14":"shipping-taxable","15":"purchasable","16":"product-type-simple"},"yoast_head":"<!-- This site is optimized with the Yoast SEO Premium plugin v26.8 (Yoast SEO v27.5) - https:\/\/yoast.com\/product\/yoast-seo-premium-wordpress\/ -->\n<title>Xiaomi screen electric scooter 1S Pro 2 Essential | T\u00f5uksimaailm<\/title>\n<meta name=\"description\" content=\"Xiaomi Mi screen (also display, displei). Suitable for electric scooter Xiaomi Mi 1S, Pro 2, Essential, electric scooter Electric Scooter 3.\" \/>\n<meta name=\"robots\" content=\"index, follow, max-snippet:-1, max-image-preview:large, max-video-preview:-1\" \/>\n<link rel=\"canonical\" href=\"https:\/\/www.xn--tuksimaailm-ffb.ee\/en\/product\/xiaomi-screen-electric-scooter-1s-pro-2-essential\/\" \/>\n<meta property=\"og:locale\" content=\"en_US\" \/>\n<meta property=\"og:type\" content=\"article\" \/>\n<meta property=\"og:title\" content=\"Xiaomi screen electric scooter 1S Pro 2 Essential\" \/>\n<meta property=\"og:description\" content=\"Xiaomi Mi screen (also display, displei). Suitable for electric scooter Xiaomi Mi 1S, Pro 2, Essential, electric scooter Electric Scooter 3.\" \/>\n<meta property=\"og:url\" content=\"https:\/\/www.xn--tuksimaailm-ffb.ee\/en\/product\/xiaomi-screen-electric-scooter-1s-pro-2-essential\/\" \/>\n<meta property=\"og:site_name\" content=\"T\u00f5uksimaailm\" \/>\n<meta property=\"article:publisher\" content=\"https:\/\/www.facebook.com\/touksimaailm\/\" \/>\n<meta property=\"og:image\" content=\"https:\/\/www.xn--tuksimaailm-ffb.ee\/wp-content\/uploads\/2021\/12\/Screenshot-2025-01-15-152625.webp\" \/>\n\t<meta property=\"og:image:width\" content=\"959\" \/>\n\t<meta property=\"og:image:height\" content=\"1049\" \/>\n\t<meta property=\"og:image:type\" content=\"image\/webp\" \/>\n<meta name=\"twitter:card\" content=\"summary_large_image\" \/>\n<meta name=\"twitter:label1\" content=\"Price\" \/>\n\t<meta name=\"twitter:data1\" content=\"&euro;35.00\" \/>\n\t<meta name=\"twitter:label2\" content=\"Availability\" \/>\n\t<meta name=\"twitter:data2\" content=\"In stock\" \/>\n<meta property=\"product:price:amount\" content=\"35.00\" \/>\n<meta property=\"product:price:currency\" content=\"EUR\" \/>\n<meta property=\"og:availability\" content=\"instock\" \/>\n<meta property=\"product:availability\" content=\"instock\" \/>\n<meta property=\"product:retailer_item_id\" content=\"DISPLAY-ESSENTIAL\" \/>\n<meta property=\"product:condition\" content=\"new\" \/>\n<!-- \/ Yoast SEO Premium plugin. -->","yoast_head_json":{"title":"Xiaomi screen electric scooter 1S Pro 2 Essential | T\u00f5uksimaailm","description":"Xiaomi Mi screen (also display, displei). Suitable for electric scooter Xiaomi Mi 1S, Pro 2, Essential, electric scooter Electric Scooter 3.","robots":{"index":"index","follow":"follow","max-snippet":"max-snippet:-1","max-image-preview":"max-image-preview:large","max-video-preview":"max-video-preview:-1"},"canonical":"https:\/\/www.xn--tuksimaailm-ffb.ee\/en\/product\/xiaomi-screen-electric-scooter-1s-pro-2-essential\/","og_locale":"en_US","og_type":"article","og_title":"Xiaomi screen electric scooter 1S Pro 2 Essential","og_description":"Xiaomi Mi screen (also display, displei). Suitable for electric scooter Xiaomi Mi 1S, Pro 2, Essential, electric scooter Electric Scooter 3.","og_url":"https:\/\/www.xn--tuksimaailm-ffb.ee\/en\/product\/xiaomi-screen-electric-scooter-1s-pro-2-essential\/","og_site_name":"T\u00f5uksimaailm","article_publisher":"https:\/\/www.facebook.com\/touksimaailm\/","og_image":[{"width":959,"height":1049,"url":"https:\/\/www.xn--tuksimaailm-ffb.ee\/wp-content\/uploads\/2021\/12\/Screenshot-2025-01-15-152625.webp","type":"image\/webp"}],"twitter_card":"summary_large_image","twitter_misc":{"Price":"&euro;35.00","Availability":"In stock"},"schema":{"@context":"https:\/\/schema.org","@graph":[{"@type":"WebPage","@id":"https:\/\/www.xn--tuksimaailm-ffb.ee\/en\/product\/xiaomi-screen-electric-scooter-1s-pro-2-essential\/","url":"https:\/\/www.xn--tuksimaailm-ffb.ee\/en\/product\/xiaomi-screen-electric-scooter-1s-pro-2-essential\/","name":"Xiaomi screen electric scooter 1S Pro 2 Essential | T\u00f5uksimaailm","isPartOf":{"@id":"https:\/\/www.xn--tuksimaailm-ffb.ee\/en\/#website"},"primaryImageOfPage":{"@id":"https:\/\/www.xn--tuksimaailm-ffb.ee\/en\/product\/xiaomi-screen-electric-scooter-1s-pro-2-essential\/#primaryimage"},"image":{"@id":"https:\/\/www.xn--tuksimaailm-ffb.ee\/en\/product\/xiaomi-screen-electric-scooter-1s-pro-2-essential\/#primaryimage"},"thumbnailUrl":"https:\/\/www.xn--tuksimaailm-ffb.ee\/wp-content\/uploads\/2021\/12\/Screenshot-2025-01-15-152625.webp","datePublished":"2021-12-05T17:25:31+00:00","description":"Xiaomi Mi screen (also display, displei). Suitable for electric scooter Xiaomi Mi 1S, Pro 2, Essential, electric scooter Electric Scooter 3.","breadcrumb":{"@id":"https:\/\/www.xn--tuksimaailm-ffb.ee\/en\/product\/xiaomi-screen-electric-scooter-1s-pro-2-essential\/#breadcrumb"},"inLanguage":"en-US","potentialAction":[{"@type":"ReadAction","target":["https:\/\/www.xn--tuksimaailm-ffb.ee\/en\/product\/xiaomi-screen-electric-scooter-1s-pro-2-essential\/"]}]},{"@type":"ImageObject","inLanguage":"en-US","@id":"https:\/\/www.xn--tuksimaailm-ffb.ee\/en\/product\/xiaomi-screen-electric-scooter-1s-pro-2-essential\/#primaryimage","url":"https:\/\/www.xn--tuksimaailm-ffb.ee\/wp-content\/uploads\/2021\/12\/Screenshot-2025-01-15-152625.webp","contentUrl":"https:\/\/www.xn--tuksimaailm-ffb.ee\/wp-content\/uploads\/2021\/12\/Screenshot-2025-01-15-152625.webp","width":959,"height":1049,"caption":"Xiaomi screen electric scooter 1S Pro 2 Essential"},{"@type":"BreadcrumbList","@id":"https:\/\/www.xn--tuksimaailm-ffb.ee\/en\/product\/xiaomi-screen-electric-scooter-1s-pro-2-essential\/#breadcrumb","itemListElement":[{"@type":"ListItem","position":1,"name":"Home","item":"https:\/\/www.xn--tuksimaailm-ffb.ee\/en\/main-page\/"},{"@type":"ListItem","position":2,"name":"Shop","item":"https:\/\/www.xn--tuksimaailm-ffb.ee\/elektritoukerataste-pood\/"},{"@type":"ListItem","position":3,"name":"Xiaomi screen electric scooter 1S Pro 2 Essential"}]},{"@type":"WebSite","@id":"https:\/\/www.xn--tuksimaailm-ffb.ee\/en\/#website","url":"https:\/\/www.xn--tuksimaailm-ffb.ee\/en\/","name":"T\u00f5uksimaailm","description":"Elektrit\u00f5ukerataste m\u00fc\u00fck, remont ja rent","publisher":{"@id":"https:\/\/www.xn--tuksimaailm-ffb.ee\/en\/#organization"},"potentialAction":[{"@type":"SearchAction","target":{"@type":"EntryPoint","urlTemplate":"https:\/\/www.xn--tuksimaailm-ffb.ee\/en\/?s={search_term_string}"},"query-input":{"@type":"PropertyValueSpecification","valueRequired":true,"valueName":"search_term_string"}}],"inLanguage":"en-US"},{"@type":"Organization","@id":"https:\/\/www.xn--tuksimaailm-ffb.ee\/en\/#organization","name":"T\u00f5uksimaailm","url":"https:\/\/www.xn--tuksimaailm-ffb.ee\/en\/","logo":{"@type":"ImageObject","inLanguage":"en-US","@id":"https:\/\/www.xn--tuksimaailm-ffb.ee\/en\/#\/schema\/logo\/image\/","url":"https:\/\/www.xn--tuksimaailm-ffb.ee\/wp-content\/uploads\/2020\/01\/logoz-e1579792875517.png","contentUrl":"https:\/\/www.xn--tuksimaailm-ffb.ee\/wp-content\/uploads\/2020\/01\/logoz-e1579792875517.png","width":250,"height":250,"caption":"T\u00f5uksimaailm"},"image":{"@id":"https:\/\/www.xn--tuksimaailm-ffb.ee\/en\/#\/schema\/logo\/image\/"},"sameAs":["https:\/\/www.facebook.com\/touksimaailm\/","https:\/\/www.instagram.com\/touksimaailm_\/","https:\/\/www.youtube.com\/channel\/UC18ml0EKIDLP1xGuQjFzcXQ"]}]},"product_price_amount":"35.00","product_price_currency":"EUR","og_availability":"instock","product_availability":"instock","product_retailer_item_id":"DISPLAY-ESSENTIAL","product_condition":"new"},"jetpack_sharing_enabled":true,"_links":{"self":[{"href":"https:\/\/www.xn--tuksimaailm-ffb.ee\/en\/wp-json\/wp\/v2\/product\/58096","targetHints":{"allow":["GET"]}}],"collection":[{"href":"https:\/\/www.xn--tuksimaailm-ffb.ee\/en\/wp-json\/wp\/v2\/product"}],"about":[{"href":"https:\/\/www.xn--tuksimaailm-ffb.ee\/en\/wp-json\/wp\/v2\/types\/product"}],"wp:featuredmedia":[{"embeddable":true,"href":"https:\/\/www.xn--tuksimaailm-ffb.ee\/en\/wp-json\/wp\/v2\/media\/54827"}],"wp:attachment":[{"href":"https:\/\/www.xn--tuksimaailm-ffb.ee\/en\/wp-json\/wp\/v2\/media?parent=58096"}],"wp:term":[{"taxonomy":"product_brand","embeddable":true,"href":"https:\/\/www.xn--tuksimaailm-ffb.ee\/en\/wp-json\/wp\/v2\/product_brand?post=58096"},{"taxonomy":"product_cat","embeddable":true,"href":"https:\/\/www.xn--tuksimaailm-ffb.ee\/en\/wp-json\/wp\/v2\/product_cat?post=58096"},{"taxonomy":"product_tag","embeddable":true,"href":"https:\/\/www.xn--tuksimaailm-ffb.ee\/en\/wp-json\/wp\/v2\/product_tag?post=58096"},{"taxonomy":"filter_elektritoukeratas","embeddable":true,"href":"https:\/\/www.xn--tuksimaailm-ffb.ee\/en\/wp-json\/wp\/v2\/filter_elektritoukeratas?post=58096"}],"curies":[{"name":"wp","href":"https:\/\/api.w.org\/{rel}","templated":true}]}}