{"id":58097,"date":"2021-12-05T17:40:31","date_gmt":"2021-12-05T14:40:31","guid":{"rendered":"http:\/\/www.xn--tuksimaailm-ffb.ee\/shop\/rear-light-cover-housing-electric-scooter-xiaomi-m365-pro\/"},"modified":"2021-12-05T17:40:31","modified_gmt":"2021-12-05T14:40:31","slug":"rear-light-cover-housing-electric-scooter-xiaomi-m365-pro","status":"publish","type":"product","link":"https:\/\/www.xn--tuksimaailm-ffb.ee\/en\/product\/rear-light-cover-housing-electric-scooter-xiaomi-m365-pro\/","title":{"rendered":"Rear light cover housing - Electric scooter Xiaomi M365 Pro"},"content":{"rendered":"<p>Rear cover \/ housing, suitable for electric scooter <a href=\"http:\/\/www.xn--tuksimaailm-ffb.ee\/shop\/elektritouks_xiaomi-360\/\"><b><strong>Xiaomi Mi M365<\/strong><\/b><\/a><b> <\/b>and electric scooter<a href=\"http:\/\/www.xn--tuksimaailm-ffb.ee\/shop\/elektriline-toukeratas-xiaomi-mi-m365-pro\/\"><b><strong> Xiaomi Mi M365 Pro<\/strong><\/b><\/a><b><strong>.<\/strong><\/b> Also suitable for many Xiaomi clones\/copies. Xiaomi tail light cover can come loose from the glue and disappear in the middle of the ride. This, however, creates a situation where the tail light loses waterproofing and the light gets caught in the rain. Fortunately, in this case, it is not necessary to replace the entire <a href=\"http:\/\/www.xn--tuksimaailm-ffb.ee\/shop\/xiaomi-m365-pro-tagatuli\/\"><b><strong>tail light<\/strong><\/b><\/a>, but the scooter will be back to full working order once the new tail light cover is installed. If your electric scooter needs a tail light replacement or other repair, our Xiaomi electric scooter <a href=\"http:\/\/www.xn--tuksimaailm-ffb.ee\/elektrilise-toukeratta-remont\/\">workshop<\/a> can help.<\/p>\n","protected":false},"excerpt":{"rendered":"<p>Rear cover \/ housing, suitable for electric scooter Xiaomi Mi M365 and electric scooter Xiaomi Mi M365 Pro. Also suitable for many Xiaomi clones\/copies. Xiaomi tail light cover can come loose from the glue and disappear in the middle of the ride. This, however, creates a situation where the tail &hellip;<\/p>\n","protected":false},"featured_media":14721,"template":"","meta":[],"product_brand":[],"product_cat":[726],"product_tag":[3209],"filter_elektritoukeratas":[2613,2612],"class_list":{"0":"post-58097","1":"product","2":"type-product","3":"status-publish","4":"has-post-thumbnail","6":"product_cat-spare-parts","7":"product_tag-xiaomi-spare-parts","8":"filter_elektritoukeratas-ft_xiaomi_1s_mi3_pro_2_3_lite","9":"filter_elektritoukeratas-ft_xiaomi_m365_m365_pro_essential","11":"first","12":"instock","13":"taxable","14":"shipping-taxable","15":"purchasable","16":"product-type-simple"},"yoast_head":"<!-- This site is optimized with the Yoast SEO Premium plugin v26.8 (Yoast SEO v27.5) - https:\/\/yoast.com\/product\/yoast-seo-premium-wordpress\/ -->\n<title>Rear light cover housing - Electric scooter Xiaomi M365 Pro &#8212; T\u00f5uksimaailm<\/title>\n<meta name=\"description\" content=\"Rear cover \/ housing, suitable for electric scooter Xiaomi Mi M365 and electric scooter Xiaomi Mi M365 Pro, also suitable for clones.\" \/>\n<meta name=\"robots\" content=\"index, follow, max-snippet:-1, max-image-preview:large, max-video-preview:-1\" \/>\n<link rel=\"canonical\" href=\"https:\/\/www.xn--tuksimaailm-ffb.ee\/en\/product\/rear-light-cover-housing-electric-scooter-xiaomi-m365-pro\/\" \/>\n<meta property=\"og:locale\" content=\"en_US\" \/>\n<meta property=\"og:type\" content=\"article\" \/>\n<meta property=\"og:title\" content=\"Rear light cover housing - Electric scooter Xiaomi M365 Pro\" \/>\n<meta property=\"og:description\" content=\"Rear cover \/ housing, suitable for electric scooter Xiaomi Mi M365 and electric scooter Xiaomi Mi M365 Pro, also suitable for clones.\" \/>\n<meta property=\"og:url\" content=\"https:\/\/www.xn--tuksimaailm-ffb.ee\/en\/product\/rear-light-cover-housing-electric-scooter-xiaomi-m365-pro\/\" \/>\n<meta property=\"og:site_name\" content=\"T\u00f5uksimaailm\" \/>\n<meta property=\"article:publisher\" content=\"https:\/\/www.facebook.com\/touksimaailm\/\" \/>\n<meta property=\"og:image\" content=\"https:\/\/www.xn--tuksimaailm-ffb.ee\/wp-content\/uploads\/2021\/12\/tagatule-kate.png\" \/>\n\t<meta property=\"og:image:width\" content=\"327\" \/>\n\t<meta property=\"og:image:height\" content=\"194\" \/>\n\t<meta property=\"og:image:type\" content=\"image\/png\" \/>\n<meta name=\"twitter:card\" content=\"summary_large_image\" \/>\n<meta name=\"twitter:label1\" content=\"Price\" \/>\n\t<meta name=\"twitter:data1\" content=\"&euro;5.00\" \/>\n\t<meta name=\"twitter:label2\" content=\"Availability\" \/>\n\t<meta name=\"twitter:data2\" content=\"In stock\" \/>\n<meta property=\"product:price:amount\" content=\"5.00\" \/>\n<meta property=\"product:price:currency\" content=\"EUR\" \/>\n<meta property=\"og:availability\" content=\"instock\" \/>\n<meta property=\"product:availability\" content=\"instock\" \/>\n<meta property=\"product:condition\" content=\"new\" \/>\n<!-- \/ Yoast SEO Premium plugin. -->","yoast_head_json":{"title":"Rear light cover housing - Electric scooter Xiaomi M365 Pro &#8212; T\u00f5uksimaailm","description":"Rear cover \/ housing, suitable for electric scooter Xiaomi Mi M365 and electric scooter Xiaomi Mi M365 Pro, also suitable for clones.","robots":{"index":"index","follow":"follow","max-snippet":"max-snippet:-1","max-image-preview":"max-image-preview:large","max-video-preview":"max-video-preview:-1"},"canonical":"https:\/\/www.xn--tuksimaailm-ffb.ee\/en\/product\/rear-light-cover-housing-electric-scooter-xiaomi-m365-pro\/","og_locale":"en_US","og_type":"article","og_title":"Rear light cover housing - Electric scooter Xiaomi M365 Pro","og_description":"Rear cover \/ housing, suitable for electric scooter Xiaomi Mi M365 and electric scooter Xiaomi Mi M365 Pro, also suitable for clones.","og_url":"https:\/\/www.xn--tuksimaailm-ffb.ee\/en\/product\/rear-light-cover-housing-electric-scooter-xiaomi-m365-pro\/","og_site_name":"T\u00f5uksimaailm","article_publisher":"https:\/\/www.facebook.com\/touksimaailm\/","og_image":[{"width":327,"height":194,"url":"https:\/\/www.xn--tuksimaailm-ffb.ee\/wp-content\/uploads\/2021\/12\/tagatule-kate.png","type":"image\/png"}],"twitter_card":"summary_large_image","twitter_misc":{"Price":"&euro;5.00","Availability":"In stock"},"schema":{"@context":"https:\/\/schema.org","@graph":[{"@type":"WebPage","@id":"https:\/\/www.xn--tuksimaailm-ffb.ee\/en\/product\/rear-light-cover-housing-electric-scooter-xiaomi-m365-pro\/","url":"https:\/\/www.xn--tuksimaailm-ffb.ee\/en\/product\/rear-light-cover-housing-electric-scooter-xiaomi-m365-pro\/","name":"Rear light cover housing - Electric scooter Xiaomi M365 Pro &#8212; T\u00f5uksimaailm","isPartOf":{"@id":"https:\/\/www.xn--tuksimaailm-ffb.ee\/en\/#website"},"primaryImageOfPage":{"@id":"https:\/\/www.xn--tuksimaailm-ffb.ee\/en\/product\/rear-light-cover-housing-electric-scooter-xiaomi-m365-pro\/#primaryimage"},"image":{"@id":"https:\/\/www.xn--tuksimaailm-ffb.ee\/en\/product\/rear-light-cover-housing-electric-scooter-xiaomi-m365-pro\/#primaryimage"},"thumbnailUrl":"https:\/\/www.xn--tuksimaailm-ffb.ee\/wp-content\/uploads\/2021\/12\/tagatule-kate.png","datePublished":"2021-12-05T14:40:31+00:00","description":"Rear cover \/ housing, suitable for electric scooter Xiaomi Mi M365 and electric scooter Xiaomi Mi M365 Pro, also suitable for clones.","breadcrumb":{"@id":"https:\/\/www.xn--tuksimaailm-ffb.ee\/en\/product\/rear-light-cover-housing-electric-scooter-xiaomi-m365-pro\/#breadcrumb"},"inLanguage":"en-US","potentialAction":[{"@type":"ReadAction","target":["https:\/\/www.xn--tuksimaailm-ffb.ee\/en\/product\/rear-light-cover-housing-electric-scooter-xiaomi-m365-pro\/"]}]},{"@type":"ImageObject","inLanguage":"en-US","@id":"https:\/\/www.xn--tuksimaailm-ffb.ee\/en\/product\/rear-light-cover-housing-electric-scooter-xiaomi-m365-pro\/#primaryimage","url":"https:\/\/www.xn--tuksimaailm-ffb.ee\/wp-content\/uploads\/2021\/12\/tagatule-kate.png","contentUrl":"https:\/\/www.xn--tuksimaailm-ffb.ee\/wp-content\/uploads\/2021\/12\/tagatule-kate.png","width":327,"height":194,"caption":"Rear light cover housing - Electric scooter Xiaomi M365 Pro"},{"@type":"BreadcrumbList","@id":"https:\/\/www.xn--tuksimaailm-ffb.ee\/en\/product\/rear-light-cover-housing-electric-scooter-xiaomi-m365-pro\/#breadcrumb","itemListElement":[{"@type":"ListItem","position":1,"name":"Home","item":"https:\/\/www.xn--tuksimaailm-ffb.ee\/en\/main-page\/"},{"@type":"ListItem","position":2,"name":"Shop","item":"https:\/\/www.xn--tuksimaailm-ffb.ee\/elektritoukerataste-pood\/"},{"@type":"ListItem","position":3,"name":"Rear light cover housing - Electric scooter Xiaomi M365 Pro"}]},{"@type":"WebSite","@id":"https:\/\/www.xn--tuksimaailm-ffb.ee\/en\/#website","url":"https:\/\/www.xn--tuksimaailm-ffb.ee\/en\/","name":"T\u00f5uksimaailm","description":"Elektrit\u00f5ukerataste m\u00fc\u00fck, remont ja rent","publisher":{"@id":"https:\/\/www.xn--tuksimaailm-ffb.ee\/en\/#organization"},"potentialAction":[{"@type":"SearchAction","target":{"@type":"EntryPoint","urlTemplate":"https:\/\/www.xn--tuksimaailm-ffb.ee\/en\/?s={search_term_string}"},"query-input":{"@type":"PropertyValueSpecification","valueRequired":true,"valueName":"search_term_string"}}],"inLanguage":"en-US"},{"@type":"Organization","@id":"https:\/\/www.xn--tuksimaailm-ffb.ee\/en\/#organization","name":"T\u00f5uksimaailm","url":"https:\/\/www.xn--tuksimaailm-ffb.ee\/en\/","logo":{"@type":"ImageObject","inLanguage":"en-US","@id":"https:\/\/www.xn--tuksimaailm-ffb.ee\/en\/#\/schema\/logo\/image\/","url":"https:\/\/www.xn--tuksimaailm-ffb.ee\/wp-content\/uploads\/2020\/01\/logoz-e1579792875517.png","contentUrl":"https:\/\/www.xn--tuksimaailm-ffb.ee\/wp-content\/uploads\/2020\/01\/logoz-e1579792875517.png","width":250,"height":250,"caption":"T\u00f5uksimaailm"},"image":{"@id":"https:\/\/www.xn--tuksimaailm-ffb.ee\/en\/#\/schema\/logo\/image\/"},"sameAs":["https:\/\/www.facebook.com\/touksimaailm\/","https:\/\/www.instagram.com\/touksimaailm_\/","https:\/\/www.youtube.com\/channel\/UC18ml0EKIDLP1xGuQjFzcXQ"]}]},"product_price_amount":"5.00","product_price_currency":"EUR","og_availability":"instock","product_availability":"instock","product_condition":"new"},"jetpack_sharing_enabled":true,"_links":{"self":[{"href":"https:\/\/www.xn--tuksimaailm-ffb.ee\/en\/wp-json\/wp\/v2\/product\/58097","targetHints":{"allow":["GET"]}}],"collection":[{"href":"https:\/\/www.xn--tuksimaailm-ffb.ee\/en\/wp-json\/wp\/v2\/product"}],"about":[{"href":"https:\/\/www.xn--tuksimaailm-ffb.ee\/en\/wp-json\/wp\/v2\/types\/product"}],"wp:featuredmedia":[{"embeddable":true,"href":"https:\/\/www.xn--tuksimaailm-ffb.ee\/en\/wp-json\/wp\/v2\/media\/14721"}],"wp:attachment":[{"href":"https:\/\/www.xn--tuksimaailm-ffb.ee\/en\/wp-json\/wp\/v2\/media?parent=58097"}],"wp:term":[{"taxonomy":"product_brand","embeddable":true,"href":"https:\/\/www.xn--tuksimaailm-ffb.ee\/en\/wp-json\/wp\/v2\/product_brand?post=58097"},{"taxonomy":"product_cat","embeddable":true,"href":"https:\/\/www.xn--tuksimaailm-ffb.ee\/en\/wp-json\/wp\/v2\/product_cat?post=58097"},{"taxonomy":"product_tag","embeddable":true,"href":"https:\/\/www.xn--tuksimaailm-ffb.ee\/en\/wp-json\/wp\/v2\/product_tag?post=58097"},{"taxonomy":"filter_elektritoukeratas","embeddable":true,"href":"https:\/\/www.xn--tuksimaailm-ffb.ee\/en\/wp-json\/wp\/v2\/filter_elektritoukeratas?post=58097"}],"curies":[{"name":"wp","href":"https:\/\/api.w.org\/{rel}","templated":true}]}}