{"id":58098,"date":"2021-12-05T17:58:58","date_gmt":"2021-12-05T14:58:58","guid":{"rendered":"http:\/\/www.xn--tuksimaailm-ffb.ee\/shop\/compact-signal-clock-22mm-handlebar-electric-scooter\/"},"modified":"2021-12-05T17:58:58","modified_gmt":"2021-12-05T14:58:58","slug":"compact-signal-clock-22mm-handlebar-electric-scooter","status":"publish","type":"product","link":"https:\/\/www.xn--tuksimaailm-ffb.ee\/en\/product\/compact-signal-clock-22mm-handlebar-electric-scooter\/","title":{"rendered":"Compact Signal Clock - 22mm handlebar Electric scooter"},"content":{"rendered":"<p>Compact signal bell - suitable for 22mm handlebar electric scooter. Slightly lower<a href=\"http:\/\/www.xn--tuksimaailm-ffb.ee\/shop\/signaalkell-22m-lenksu-diameetriga-elektritoukeratas\/\"><b><strong>than the classic signal bell<\/strong><\/b><\/a> with black dome. The watch has a <b><strong>22mm<\/strong><\/b> diameter mounting, making it suitable for almost all electric scooter models, including the <a href=\"http:\/\/www.xn--tuksimaailm-ffb.ee\/shop\/elektriline-toukeratas-xiaomi-mi-m365-pro\/\"><b><strong>Xiaomi M365 Pro<\/strong><\/b><\/a> electric scooter and the <a href=\"http:\/\/www.xn--tuksimaailm-ffb.ee\/shop\/xiaomi-mi-essential-elektritoukeratas\/\"><b><strong>Xiaomi Mi Essential<\/strong><\/b><\/a> electric scooter. The compact signal bell is also suitable for most bikes.<\/p>\n<p><b><strong>NOTE:<\/strong><\/b> The clock is not suitable for Ninebot ES and <a href=\"https:\/\/ee-en.segway.com\/products\/ninebot-kickscooter-e45e-powered-by-segway\"><b><strong>E series<\/strong><\/b><\/a> electric scooters, and also for all electric bikes with 31.8mm diameter handlebars.<\/p>\n<p>As an alternative, we also offer <a href=\"http:\/\/www.xn--tuksimaailm-ffb.ee\/shop\/kell-elektrilisele-toukerattale-varviline-alumiinium\/\"><b><strong>a stylish bell<\/strong><\/b><\/a> for 22mm handlebar size.<\/p>\n","protected":false},"excerpt":{"rendered":"<p>Compact signal bell - suitable for 22mm handlebar electric scooter. Slightly lowerthan the classic signal bell with black dome. The watch has a 22mm diameter mounting, making it suitable for almost all electric scooter models, including the Xiaomi M365 Pro electric scooter and the Xiaomi Mi Essential electric scooter. The &hellip;<\/p>\n","protected":false},"featured_media":14723,"template":"","meta":[],"product_brand":[],"product_cat":[746],"product_tag":[3384],"filter_elektritoukeratas":[],"class_list":{"0":"post-58098","1":"product","2":"type-product","3":"status-publish","4":"has-post-thumbnail","6":"product_cat-accessories","7":"product_tag-signal-bells","8":"pa_colour-blue-white","9":"pa_colour-punane","10":"pa_colour-yellow-red","11":"pa_tootetuup-signal-bells","13":"first","14":"instock","15":"taxable","16":"shipping-taxable","17":"purchasable","18":"product-type-simple"},"yoast_head":"<!-- This site is optimized with the Yoast SEO Premium plugin v26.8 (Yoast SEO v27.5) - https:\/\/yoast.com\/product\/yoast-seo-premium-wordpress\/ -->\n<title>Compact Signal Clock - 22mm handlebar Electric scooter &#8212; T\u00f5uksimaailm<\/title>\n<meta name=\"description\" content=\"Compact signal bell - suitable for 22mm handlebar electric scooter. Suitable for Xiaomi, Segway Ninebot Max G30 electric scooter.\" \/>\n<meta name=\"robots\" content=\"index, follow, max-snippet:-1, max-image-preview:large, max-video-preview:-1\" \/>\n<link rel=\"canonical\" href=\"https:\/\/www.xn--tuksimaailm-ffb.ee\/en\/product\/compact-signal-clock-22mm-handlebar-electric-scooter\/\" \/>\n<meta property=\"og:locale\" content=\"en_US\" \/>\n<meta property=\"og:type\" content=\"article\" \/>\n<meta property=\"og:title\" content=\"Compact Signal Clock - 22mm handlebar Electric scooter\" \/>\n<meta property=\"og:description\" content=\"Compact signal bell - suitable for 22mm handlebar electric scooter. Suitable for Xiaomi, Segway Ninebot Max G30 electric scooter.\" \/>\n<meta property=\"og:url\" content=\"https:\/\/www.xn--tuksimaailm-ffb.ee\/en\/product\/compact-signal-clock-22mm-handlebar-electric-scooter\/\" \/>\n<meta property=\"og:site_name\" content=\"T\u00f5uksimaailm\" \/>\n<meta property=\"article:publisher\" content=\"https:\/\/www.facebook.com\/touksimaailm\/\" \/>\n<meta property=\"og:image\" content=\"https:\/\/www.xn--tuksimaailm-ffb.ee\/wp-content\/uploads\/2021\/12\/kompaktne-signaalkell.png\" \/>\n\t<meta property=\"og:image:width\" content=\"315\" \/>\n\t<meta property=\"og:image:height\" content=\"228\" \/>\n\t<meta property=\"og:image:type\" content=\"image\/png\" \/>\n<meta name=\"twitter:card\" content=\"summary_large_image\" \/>\n<meta name=\"twitter:label1\" content=\"Price\" \/>\n\t<meta name=\"twitter:data1\" content=\"&euro;7.50\" \/>\n\t<meta name=\"twitter:label2\" content=\"Availability\" \/>\n\t<meta name=\"twitter:data2\" content=\"In stock\" \/>\n<meta property=\"product:price:amount\" content=\"7.50\" \/>\n<meta property=\"product:price:currency\" content=\"EUR\" \/>\n<meta property=\"og:availability\" content=\"instock\" \/>\n<meta property=\"product:availability\" content=\"instock\" \/>\n<meta property=\"product:condition\" content=\"new\" \/>\n<!-- \/ Yoast SEO Premium plugin. -->","yoast_head_json":{"title":"Compact Signal Clock - 22mm handlebar Electric scooter &#8212; T\u00f5uksimaailm","description":"Compact signal bell - suitable for 22mm handlebar electric scooter. Suitable for Xiaomi, Segway Ninebot Max G30 electric scooter.","robots":{"index":"index","follow":"follow","max-snippet":"max-snippet:-1","max-image-preview":"max-image-preview:large","max-video-preview":"max-video-preview:-1"},"canonical":"https:\/\/www.xn--tuksimaailm-ffb.ee\/en\/product\/compact-signal-clock-22mm-handlebar-electric-scooter\/","og_locale":"en_US","og_type":"article","og_title":"Compact Signal Clock - 22mm handlebar Electric scooter","og_description":"Compact signal bell - suitable for 22mm handlebar electric scooter. Suitable for Xiaomi, Segway Ninebot Max G30 electric scooter.","og_url":"https:\/\/www.xn--tuksimaailm-ffb.ee\/en\/product\/compact-signal-clock-22mm-handlebar-electric-scooter\/","og_site_name":"T\u00f5uksimaailm","article_publisher":"https:\/\/www.facebook.com\/touksimaailm\/","og_image":[{"width":315,"height":228,"url":"https:\/\/www.xn--tuksimaailm-ffb.ee\/wp-content\/uploads\/2021\/12\/kompaktne-signaalkell.png","type":"image\/png"}],"twitter_card":"summary_large_image","twitter_misc":{"Price":"&euro;7.50","Availability":"In stock"},"schema":{"@context":"https:\/\/schema.org","@graph":[{"@type":"WebPage","@id":"https:\/\/www.xn--tuksimaailm-ffb.ee\/en\/product\/compact-signal-clock-22mm-handlebar-electric-scooter\/","url":"https:\/\/www.xn--tuksimaailm-ffb.ee\/en\/product\/compact-signal-clock-22mm-handlebar-electric-scooter\/","name":"Compact Signal Clock - 22mm handlebar Electric scooter &#8212; T\u00f5uksimaailm","isPartOf":{"@id":"https:\/\/www.xn--tuksimaailm-ffb.ee\/en\/#website"},"primaryImageOfPage":{"@id":"https:\/\/www.xn--tuksimaailm-ffb.ee\/en\/product\/compact-signal-clock-22mm-handlebar-electric-scooter\/#primaryimage"},"image":{"@id":"https:\/\/www.xn--tuksimaailm-ffb.ee\/en\/product\/compact-signal-clock-22mm-handlebar-electric-scooter\/#primaryimage"},"thumbnailUrl":"https:\/\/www.xn--tuksimaailm-ffb.ee\/wp-content\/uploads\/2021\/12\/kompaktne-signaalkell.png","datePublished":"2021-12-05T14:58:58+00:00","description":"Compact signal bell - suitable for 22mm handlebar electric scooter. Suitable for Xiaomi, Segway Ninebot Max G30 electric scooter.","breadcrumb":{"@id":"https:\/\/www.xn--tuksimaailm-ffb.ee\/en\/product\/compact-signal-clock-22mm-handlebar-electric-scooter\/#breadcrumb"},"inLanguage":"en-US","potentialAction":[{"@type":"ReadAction","target":["https:\/\/www.xn--tuksimaailm-ffb.ee\/en\/product\/compact-signal-clock-22mm-handlebar-electric-scooter\/"]}]},{"@type":"ImageObject","inLanguage":"en-US","@id":"https:\/\/www.xn--tuksimaailm-ffb.ee\/en\/product\/compact-signal-clock-22mm-handlebar-electric-scooter\/#primaryimage","url":"https:\/\/www.xn--tuksimaailm-ffb.ee\/wp-content\/uploads\/2021\/12\/kompaktne-signaalkell.png","contentUrl":"https:\/\/www.xn--tuksimaailm-ffb.ee\/wp-content\/uploads\/2021\/12\/kompaktne-signaalkell.png","width":315,"height":228,"caption":"Compact Signal Clock - 22mm handlebar Electric scooter"},{"@type":"BreadcrumbList","@id":"https:\/\/www.xn--tuksimaailm-ffb.ee\/en\/product\/compact-signal-clock-22mm-handlebar-electric-scooter\/#breadcrumb","itemListElement":[{"@type":"ListItem","position":1,"name":"Home","item":"https:\/\/www.xn--tuksimaailm-ffb.ee\/en\/main-page\/"},{"@type":"ListItem","position":2,"name":"Shop","item":"https:\/\/www.xn--tuksimaailm-ffb.ee\/elektritoukerataste-pood\/"},{"@type":"ListItem","position":3,"name":"Compact Signal Clock - 22mm handlebar Electric scooter"}]},{"@type":"WebSite","@id":"https:\/\/www.xn--tuksimaailm-ffb.ee\/en\/#website","url":"https:\/\/www.xn--tuksimaailm-ffb.ee\/en\/","name":"T\u00f5uksimaailm","description":"Elektrit\u00f5ukerataste m\u00fc\u00fck, remont ja rent","publisher":{"@id":"https:\/\/www.xn--tuksimaailm-ffb.ee\/en\/#organization"},"potentialAction":[{"@type":"SearchAction","target":{"@type":"EntryPoint","urlTemplate":"https:\/\/www.xn--tuksimaailm-ffb.ee\/en\/?s={search_term_string}"},"query-input":{"@type":"PropertyValueSpecification","valueRequired":true,"valueName":"search_term_string"}}],"inLanguage":"en-US"},{"@type":"Organization","@id":"https:\/\/www.xn--tuksimaailm-ffb.ee\/en\/#organization","name":"T\u00f5uksimaailm","url":"https:\/\/www.xn--tuksimaailm-ffb.ee\/en\/","logo":{"@type":"ImageObject","inLanguage":"en-US","@id":"https:\/\/www.xn--tuksimaailm-ffb.ee\/en\/#\/schema\/logo\/image\/","url":"https:\/\/www.xn--tuksimaailm-ffb.ee\/wp-content\/uploads\/2020\/01\/logoz-e1579792875517.png","contentUrl":"https:\/\/www.xn--tuksimaailm-ffb.ee\/wp-content\/uploads\/2020\/01\/logoz-e1579792875517.png","width":250,"height":250,"caption":"T\u00f5uksimaailm"},"image":{"@id":"https:\/\/www.xn--tuksimaailm-ffb.ee\/en\/#\/schema\/logo\/image\/"},"sameAs":["https:\/\/www.facebook.com\/touksimaailm\/","https:\/\/www.instagram.com\/touksimaailm_\/","https:\/\/www.youtube.com\/channel\/UC18ml0EKIDLP1xGuQjFzcXQ"]}]},"product_price_amount":"7.50","product_price_currency":"EUR","og_availability":"instock","product_availability":"instock","product_condition":"new"},"jetpack_sharing_enabled":true,"_links":{"self":[{"href":"https:\/\/www.xn--tuksimaailm-ffb.ee\/en\/wp-json\/wp\/v2\/product\/58098","targetHints":{"allow":["GET"]}}],"collection":[{"href":"https:\/\/www.xn--tuksimaailm-ffb.ee\/en\/wp-json\/wp\/v2\/product"}],"about":[{"href":"https:\/\/www.xn--tuksimaailm-ffb.ee\/en\/wp-json\/wp\/v2\/types\/product"}],"wp:featuredmedia":[{"embeddable":true,"href":"https:\/\/www.xn--tuksimaailm-ffb.ee\/en\/wp-json\/wp\/v2\/media\/14723"}],"wp:attachment":[{"href":"https:\/\/www.xn--tuksimaailm-ffb.ee\/en\/wp-json\/wp\/v2\/media?parent=58098"}],"wp:term":[{"taxonomy":"product_brand","embeddable":true,"href":"https:\/\/www.xn--tuksimaailm-ffb.ee\/en\/wp-json\/wp\/v2\/product_brand?post=58098"},{"taxonomy":"product_cat","embeddable":true,"href":"https:\/\/www.xn--tuksimaailm-ffb.ee\/en\/wp-json\/wp\/v2\/product_cat?post=58098"},{"taxonomy":"product_tag","embeddable":true,"href":"https:\/\/www.xn--tuksimaailm-ffb.ee\/en\/wp-json\/wp\/v2\/product_tag?post=58098"},{"taxonomy":"filter_elektritoukeratas","embeddable":true,"href":"https:\/\/www.xn--tuksimaailm-ffb.ee\/en\/wp-json\/wp\/v2\/filter_elektritoukeratas?post=58098"}],"curies":[{"name":"wp","href":"https:\/\/api.w.org\/{rel}","templated":true}]}}