{"id":58099,"date":"2021-12-05T18:13:14","date_gmt":"2021-12-05T18:13:14","guid":{"rendered":"http:\/\/www.xn--tuksimaailm-ffb.ee\/shop\/gas-pedal-with-switches-black-electric-scooter-hx-x7-x8\/"},"modified":"2021-12-05T18:13:14","modified_gmt":"2021-12-05T15:13:14","slug":"gas-pedal-with-switches-black-electric-scooter-hx-x7-x8","status":"publish","type":"product","link":"https:\/\/www.xn--tuksimaailm-ffb.ee\/en\/product\/gas-pedal-with-switches-black-electric-scooter-hx-x7-x8\/","title":{"rendered":"Gas pedal with switches black - Electric scooter HX X7 X8"},"content":{"rendered":"<p>Electric scooter throttle pedal with switches (also throttle button, throttle, throttle link, accelerator, speed controller, switch). Suitable for electric scooter <a href=\"https:\/\/www.alibaba.com\/product-detail\/X7-Scooter-Electric-Hot-Sale-X7_1600368088862.html?spm=a2700.7724857.normal_offer.d_image.67b910abYpDxK9&amp;s=p\"><b><strong>HX X7<\/strong><\/b><\/a> and electric scooter <b><strong>HX X8<\/strong><\/b>. The throttle pedal has an integrated on\/off and light switch. The throttle knob is black. The gas pedal is equipped with a magnetic sensor. When the accelerator is pressed, the sensor sends a command to the electric scooter controller and the electric scooter accelerates. If your electric scooter needs a throttle pedal replacement, our <a href=\"http:\/\/www.xn--tuksimaailm-ffb.ee\/elektrilise-toukeratta-remont\/\">workshop<\/a> specialising in electric scooters can help.<\/p>\n","protected":false},"excerpt":{"rendered":"<p>Electric scooter throttle pedal with switches (also throttle button, throttle, throttle link, accelerator, speed controller, switch). Suitable for electric scooter HX X7 and electric scooter HX X8. The throttle pedal has an integrated on\/off and light switch. The throttle knob is black. The gas pedal is equipped with a magnetic &hellip;<\/p>\n","protected":false},"featured_media":78709,"template":"","meta":[],"product_brand":[],"product_cat":[726],"product_tag":[3392],"filter_elektritoukeratas":[2697,2698],"class_list":{"0":"post-58099","1":"product","2":"type-product","3":"status-publish","4":"has-post-thumbnail","6":"product_cat-spare-parts","7":"product_tag-hx-spare-parts","8":"pa_colour-must","9":"pa_colour-punane","10":"pa_tootetuup-throttles-screens-displays","11":"filter_elektritoukeratas-ft_hx_x7","12":"filter_elektritoukeratas-ft_hx_x8","14":"first","15":"instock","16":"taxable","17":"shipping-taxable","18":"purchasable","19":"product-type-simple"},"yoast_head":"<!-- This site is optimized with the Yoast SEO Premium plugin v26.8 (Yoast SEO v27.3) - https:\/\/yoast.com\/product\/yoast-seo-premium-wordpress\/ -->\n<title>Gas pedal with switches black - Electric scooter HX X7 X8 | T\u00f5uksimaailm<\/title>\n<meta name=\"description\" content=\"Electric scooter gas pedal with switches (also gas horn, gas, gas link), suitable for electric scooter HX X7, electric scooter HX X8.\" \/>\n<meta name=\"robots\" content=\"index, follow, max-snippet:-1, max-image-preview:large, max-video-preview:-1\" \/>\n<link rel=\"canonical\" href=\"https:\/\/www.xn--tuksimaailm-ffb.ee\/en\/product\/gas-pedal-with-switches-black-electric-scooter-hx-x7-x8\/\" \/>\n<meta property=\"og:locale\" content=\"en_US\" \/>\n<meta property=\"og:type\" content=\"article\" \/>\n<meta property=\"og:title\" content=\"Gas pedal with switches black - Electric scooter HX X7 X8\" \/>\n<meta property=\"og:description\" content=\"Electric scooter gas pedal with switches (also gas horn, gas, gas link), suitable for electric scooter HX X7, electric scooter HX X8.\" \/>\n<meta property=\"og:url\" content=\"https:\/\/www.xn--tuksimaailm-ffb.ee\/en\/product\/gas-pedal-with-switches-black-electric-scooter-hx-x7-x8\/\" \/>\n<meta property=\"og:site_name\" content=\"T\u00f5uksimaailm\" \/>\n<meta property=\"article:publisher\" content=\"https:\/\/www.facebook.com\/touksimaailm\/\" \/>\n<meta property=\"og:image\" content=\"https:\/\/www.xn--tuksimaailm-ffb.ee\/wp-content\/uploads\/2021\/12\/hx-gaasipedaal.png\" \/>\n\t<meta property=\"og:image:width\" content=\"203\" \/>\n\t<meta property=\"og:image:height\" content=\"194\" \/>\n\t<meta property=\"og:image:type\" content=\"image\/png\" \/>\n<meta name=\"twitter:card\" content=\"summary_large_image\" \/>\n<meta name=\"twitter:label1\" content=\"Price\" \/>\n\t<meta name=\"twitter:data1\" content=\"&euro;19.50\" \/>\n\t<meta name=\"twitter:label2\" content=\"Availability\" \/>\n\t<meta name=\"twitter:data2\" content=\"In stock\" \/>\n<meta property=\"product:price:amount\" content=\"19.50\" \/>\n<meta property=\"product:price:currency\" content=\"EUR\" \/>\n<meta property=\"og:availability\" content=\"instock\" \/>\n<meta property=\"product:availability\" content=\"instock\" \/>\n<meta property=\"product:condition\" content=\"new\" \/>\n<!-- \/ Yoast SEO Premium plugin. -->","yoast_head_json":{"title":"Gas pedal with switches black - Electric scooter HX X7 X8 | T\u00f5uksimaailm","description":"Electric scooter gas pedal with switches (also gas horn, gas, gas link), suitable for electric scooter HX X7, electric scooter HX X8.","robots":{"index":"index","follow":"follow","max-snippet":"max-snippet:-1","max-image-preview":"max-image-preview:large","max-video-preview":"max-video-preview:-1"},"canonical":"https:\/\/www.xn--tuksimaailm-ffb.ee\/en\/product\/gas-pedal-with-switches-black-electric-scooter-hx-x7-x8\/","og_locale":"en_US","og_type":"article","og_title":"Gas pedal with switches black - Electric scooter HX X7 X8","og_description":"Electric scooter gas pedal with switches (also gas horn, gas, gas link), suitable for electric scooter HX X7, electric scooter HX X8.","og_url":"https:\/\/www.xn--tuksimaailm-ffb.ee\/en\/product\/gas-pedal-with-switches-black-electric-scooter-hx-x7-x8\/","og_site_name":"T\u00f5uksimaailm","article_publisher":"https:\/\/www.facebook.com\/touksimaailm\/","og_image":[{"width":203,"height":194,"url":"https:\/\/www.xn--tuksimaailm-ffb.ee\/wp-content\/uploads\/2021\/12\/hx-gaasipedaal.png","type":"image\/png"}],"twitter_card":"summary_large_image","twitter_misc":{"Price":"&euro;19.50","Availability":"In stock"},"schema":{"@context":"https:\/\/schema.org","@graph":[{"@type":"WebPage","@id":"https:\/\/www.xn--tuksimaailm-ffb.ee\/en\/product\/gas-pedal-with-switches-black-electric-scooter-hx-x7-x8\/","url":"https:\/\/www.xn--tuksimaailm-ffb.ee\/en\/product\/gas-pedal-with-switches-black-electric-scooter-hx-x7-x8\/","name":"Gas pedal with switches black - Electric scooter HX X7 X8 | T\u00f5uksimaailm","isPartOf":{"@id":"https:\/\/www.xn--tuksimaailm-ffb.ee\/en\/#website"},"primaryImageOfPage":{"@id":"https:\/\/www.xn--tuksimaailm-ffb.ee\/en\/product\/gas-pedal-with-switches-black-electric-scooter-hx-x7-x8\/#primaryimage"},"image":{"@id":"https:\/\/www.xn--tuksimaailm-ffb.ee\/en\/product\/gas-pedal-with-switches-black-electric-scooter-hx-x7-x8\/#primaryimage"},"thumbnailUrl":"https:\/\/www.xn--tuksimaailm-ffb.ee\/wp-content\/uploads\/2021\/12\/Screenshot-2026-02-14-232528.webp","datePublished":"2021-12-05T18:13:14+00:00","description":"Electric scooter gas pedal with switches (also gas horn, gas, gas link), suitable for electric scooter HX X7, electric scooter HX X8.","breadcrumb":{"@id":"https:\/\/www.xn--tuksimaailm-ffb.ee\/en\/product\/gas-pedal-with-switches-black-electric-scooter-hx-x7-x8\/#breadcrumb"},"inLanguage":"en-US","potentialAction":[{"@type":"ReadAction","target":["https:\/\/www.xn--tuksimaailm-ffb.ee\/en\/product\/gas-pedal-with-switches-black-electric-scooter-hx-x7-x8\/"]}]},{"@type":"ImageObject","inLanguage":"en-US","@id":"https:\/\/www.xn--tuksimaailm-ffb.ee\/en\/product\/gas-pedal-with-switches-black-electric-scooter-hx-x7-x8\/#primaryimage","url":"https:\/\/www.xn--tuksimaailm-ffb.ee\/wp-content\/uploads\/2021\/12\/Screenshot-2026-02-14-232528.webp","contentUrl":"https:\/\/www.xn--tuksimaailm-ffb.ee\/wp-content\/uploads\/2021\/12\/Screenshot-2026-02-14-232528.webp","width":994,"height":943,"caption":"Gaasipedaal l\u00fclititega must - elektrit\u00f5ukeratas HX X7 X8"},{"@type":"BreadcrumbList","@id":"https:\/\/www.xn--tuksimaailm-ffb.ee\/en\/product\/gas-pedal-with-switches-black-electric-scooter-hx-x7-x8\/#breadcrumb","itemListElement":[{"@type":"ListItem","position":1,"name":"Home","item":"https:\/\/www.xn--tuksimaailm-ffb.ee\/en\/main-page\/"},{"@type":"ListItem","position":2,"name":"Shop","item":"https:\/\/www.xn--tuksimaailm-ffb.ee\/elektritoukerataste-pood\/"},{"@type":"ListItem","position":3,"name":"Gas pedal with switches black - Electric scooter HX X7 X8"}]},{"@type":"WebSite","@id":"https:\/\/www.xn--tuksimaailm-ffb.ee\/en\/#website","url":"https:\/\/www.xn--tuksimaailm-ffb.ee\/en\/","name":"T\u00f5uksimaailm","description":"Elektrit\u00f5ukerataste m\u00fc\u00fck, remont ja rent","publisher":{"@id":"https:\/\/www.xn--tuksimaailm-ffb.ee\/en\/#organization"},"potentialAction":[{"@type":"SearchAction","target":{"@type":"EntryPoint","urlTemplate":"https:\/\/www.xn--tuksimaailm-ffb.ee\/en\/?s={search_term_string}"},"query-input":{"@type":"PropertyValueSpecification","valueRequired":true,"valueName":"search_term_string"}}],"inLanguage":"en-US"},{"@type":"Organization","@id":"https:\/\/www.xn--tuksimaailm-ffb.ee\/en\/#organization","name":"T\u00f5uksimaailm","url":"https:\/\/www.xn--tuksimaailm-ffb.ee\/en\/","logo":{"@type":"ImageObject","inLanguage":"en-US","@id":"https:\/\/www.xn--tuksimaailm-ffb.ee\/en\/#\/schema\/logo\/image\/","url":"https:\/\/www.xn--tuksimaailm-ffb.ee\/wp-content\/uploads\/2020\/01\/logoz-e1579792875517.png","contentUrl":"https:\/\/www.xn--tuksimaailm-ffb.ee\/wp-content\/uploads\/2020\/01\/logoz-e1579792875517.png","width":250,"height":250,"caption":"T\u00f5uksimaailm"},"image":{"@id":"https:\/\/www.xn--tuksimaailm-ffb.ee\/en\/#\/schema\/logo\/image\/"},"sameAs":["https:\/\/www.facebook.com\/touksimaailm\/","https:\/\/www.instagram.com\/touksimaailm_\/","https:\/\/www.youtube.com\/channel\/UC18ml0EKIDLP1xGuQjFzcXQ"]}]},"product_price_amount":"19.50","product_price_currency":"EUR","og_availability":"instock","product_availability":"instock","product_condition":"new"},"jetpack_sharing_enabled":true,"_links":{"self":[{"href":"https:\/\/www.xn--tuksimaailm-ffb.ee\/en\/wp-json\/wp\/v2\/product\/58099","targetHints":{"allow":["GET"]}}],"collection":[{"href":"https:\/\/www.xn--tuksimaailm-ffb.ee\/en\/wp-json\/wp\/v2\/product"}],"about":[{"href":"https:\/\/www.xn--tuksimaailm-ffb.ee\/en\/wp-json\/wp\/v2\/types\/product"}],"wp:featuredmedia":[{"embeddable":true,"href":"https:\/\/www.xn--tuksimaailm-ffb.ee\/en\/wp-json\/wp\/v2\/media\/78709"}],"wp:attachment":[{"href":"https:\/\/www.xn--tuksimaailm-ffb.ee\/en\/wp-json\/wp\/v2\/media?parent=58099"}],"wp:term":[{"taxonomy":"product_brand","embeddable":true,"href":"https:\/\/www.xn--tuksimaailm-ffb.ee\/en\/wp-json\/wp\/v2\/product_brand?post=58099"},{"taxonomy":"product_cat","embeddable":true,"href":"https:\/\/www.xn--tuksimaailm-ffb.ee\/en\/wp-json\/wp\/v2\/product_cat?post=58099"},{"taxonomy":"product_tag","embeddable":true,"href":"https:\/\/www.xn--tuksimaailm-ffb.ee\/en\/wp-json\/wp\/v2\/product_tag?post=58099"},{"taxonomy":"filter_elektritoukeratas","embeddable":true,"href":"https:\/\/www.xn--tuksimaailm-ffb.ee\/en\/wp-json\/wp\/v2\/filter_elektritoukeratas?post=58099"}],"curies":[{"name":"wp","href":"https:\/\/api.w.org\/{rel}","templated":true}]}}