{"id":58102,"date":"2021-12-06T18:28:33","date_gmt":"2021-12-06T18:28:33","guid":{"rendered":"http:\/\/www.xn--tuksimaailm-ffb.ee\/shop\/inner-tube-10x2-0-straight-xiaomi-electric-scooter-a\/"},"modified":"2021-12-06T18:28:33","modified_gmt":"2021-12-06T15:28:33","slug":"inner-tube-10x2-0-straight-xiaomi-electric-scooter-a","status":"publish","type":"product","link":"https:\/\/www.xn--tuksimaailm-ffb.ee\/en\/product\/inner-tube-10x2-0-straight-xiaomi-electric-scooter-a\/","title":{"rendered":"Inner tube 10x2.0\" straight Xiaomi electric scooter (A+)"},"content":{"rendered":"<p>Inner ring\/air rubber 10x2.0\" 125g with straight valve (thick cavity wall). Suitable for (<a href=\"http:\/\/www.xn--tuksimaailm-ffb.ee\/shop\/elektritoukeratta-valiskumm-10x2\/\"><b><strong>with 10 inch tires<\/strong><\/b><\/a>) electric scooter <a href=\"http:\/\/www.xn--tuksimaailm-ffb.ee\/shop\/xiaomi-pro-2-elektritoukeratas\/\"><b><strong>Xiaomi Mi Pro 2<\/strong><\/b><\/a>, <a href=\"http:\/\/www.xn--tuksimaailm-ffb.ee\/shop\/xiaomi-1s-elektritoukeratas\/\"><b><strong>1S<\/strong><\/b><\/a>, <a href=\"http:\/\/www.xn--tuksimaailm-ffb.ee\/shop\/xiaomi-mi-essential-elektritoukeratas\/\"><b><strong>Essential<\/strong><\/b><\/a>, electric scooter <a href=\"https:\/\/www.mi.com\/global\/product\/mi-electric-scooter-3\/\"><b><strong>Mi Electric Sc<\/strong><\/b><\/a>ooter <a href=\"https:\/\/www.mi.com\/global\/product\/mi-electric-scooter-3\/\"><b><strong>3<\/strong><\/b><\/a>, <b><strong>Xiaomi M365<\/strong><\/b>. Suitable for installation in place of <b><strong>10x2.0\", 10x2.125\", 10x2.25\", 10x2.35\" <\/strong><\/b>or<b><strong> 10x2.50<\/strong><\/b> \" inner tube \/ outer tube.<\/p>\n<p>The valve of the inner liner is in<b><strong> a straight position.<\/strong><\/b> Compared to other inner tubes of the same size, this inner tube 10x2.0\" 125g is more shock resistant due to the thickness of its material layer. However, it is not advisable to drive with too low tyre pressure, as over time the buffing force will also wear a hole in this inner tube. The inner tube of the electric scooter has an <b><strong>auto-valve (AV)<\/strong><\/b>, which can be inflated with most pumps.<\/p>\n<p>Because of the small size and air volume of its tyres, the electric scooter is at risk of inner tube rupture from impact, so we recommend checking the tyre pressure once every 2 weeks, or before each ride if the electric scooter is ridden less frequently. When inflating tyres, we strongly recommend the use of <a href=\"http:\/\/www.xn--tuksimaailm-ffb.ee\/tootekategooria\/lisavarustus\/\">pressure gauge pumps<\/a> to ensure the exact tyre pressure recommended by the electric scooter manufacturer. If your electric scooter is in need of repair or if a <a href=\"https:\/\/www.youtube.com\/watch?v=9c5oaCgBtVA\">self-repair<\/a>is too much for you, our specialist electric scooter <a href=\"http:\/\/www.xn--tuksimaailm-ffb.ee\/elektrilise-toukeratta-remont\/\">workshop<\/a> can help. We can also carry out tyre replacements on standby. You can read more about electric scooter tyre replacement in our <a href=\"http:\/\/www.xn--tuksimaailm-ffb.ee\/elektritoukeratta-rehvivahetus\/\">blog post<\/a>.<\/p>\n","protected":false},"excerpt":{"rendered":"<p>Inner ring\/air rubber 10x2.0\" 125g with straight valve (thick cavity wall). Suitable for (with 10 inch tires) electric scooter Xiaomi Mi Pro 2, 1S, Essential, electric scooter Mi Electric Scooter 3, Xiaomi M365. Suitable for installation in place of 10x2.0\", 10x2.125\", 10x2.25\", 10x2.35\" or 10x2.50 \" inner tube \/ outer &hellip;<\/p>\n","protected":false},"featured_media":14733,"template":"","meta":[],"product_brand":[],"product_cat":[726],"product_tag":[3204,3209],"filter_elektritoukeratas":[2688,2686,2680,2744,2639,2613,2612],"class_list":{"0":"post-58102","1":"product","2":"type-product","3":"status-publish","4":"has-post-thumbnail","6":"product_cat-spare-parts","7":"product_tag-inner-tubes","8":"product_tag-xiaomi-spare-parts","9":"pa_tootetuup-inner-tubes","10":"filter_elektritoukeratas-ft_blaupunkt_esc608","11":"filter_elektritoukeratas-ft_blaupunkt_esc808","12":"filter_elektritoukeratas-ft_kugoo_g1_pro","13":"filter_elektritoukeratas-ft_nanrobot_x_spark","14":"filter_elektritoukeratas-ft_segway_ninebot_d18e_d28e_d38e","15":"filter_elektritoukeratas-ft_xiaomi_1s_mi3_pro_2_3_lite","16":"filter_elektritoukeratas-ft_xiaomi_m365_m365_pro_essential","18":"first","19":"instock","20":"taxable","21":"shipping-taxable","22":"purchasable","23":"product-type-simple"},"yoast_head":"<!-- This site is optimized with the Yoast SEO Premium plugin v26.8 (Yoast SEO v27.5) - https:\/\/yoast.com\/product\/yoast-seo-premium-wordpress\/ -->\n<title>Inner tube 10x2.0&quot; straight Xiaomi electric scooter (A+) | T\u00f5uksimaailm<\/title>\n<meta name=\"description\" content=\"Inner ring 10x2.0&quot; 125g with straight valve. Suitable for electric scooter Xiaomi Pro 2, 1S, Essential, electric scooter Mi Electric Scooter 3.\" \/>\n<meta name=\"robots\" content=\"index, follow, max-snippet:-1, max-image-preview:large, max-video-preview:-1\" \/>\n<link rel=\"canonical\" href=\"https:\/\/www.xn--tuksimaailm-ffb.ee\/en\/product\/inner-tube-10x2-0-straight-xiaomi-electric-scooter-a\/\" \/>\n<meta property=\"og:locale\" content=\"en_US\" \/>\n<meta property=\"og:type\" content=\"article\" \/>\n<meta property=\"og:title\" content=\"Inner tube 10x2.0&quot; straight Xiaomi electric scooter (A+)\" \/>\n<meta property=\"og:description\" content=\"Inner ring 10x2.0&quot; 125g with straight valve. Suitable for electric scooter Xiaomi Pro 2, 1S, Essential, electric scooter Mi Electric Scooter 3.\" \/>\n<meta property=\"og:url\" content=\"https:\/\/www.xn--tuksimaailm-ffb.ee\/en\/product\/inner-tube-10x2-0-straight-xiaomi-electric-scooter-a\/\" \/>\n<meta property=\"og:site_name\" content=\"T\u00f5uksimaailm\" \/>\n<meta property=\"article:publisher\" content=\"https:\/\/www.facebook.com\/touksimaailm\/\" \/>\n<meta property=\"og:image\" content=\"https:\/\/www.xn--tuksimaailm-ffb.ee\/wp-content\/uploads\/2021\/12\/10x2-sirge.png\" \/>\n\t<meta property=\"og:image:width\" content=\"1015\" \/>\n\t<meta property=\"og:image:height\" content=\"901\" \/>\n\t<meta property=\"og:image:type\" content=\"image\/png\" \/>\n<meta name=\"twitter:card\" content=\"summary_large_image\" \/>\n<meta name=\"twitter:label1\" content=\"Price\" \/>\n\t<meta name=\"twitter:data1\" content=\"&euro;12.00\" \/>\n\t<meta name=\"twitter:label2\" content=\"Availability\" \/>\n\t<meta name=\"twitter:data2\" content=\"In stock\" \/>\n<meta property=\"product:price:amount\" content=\"12.00\" \/>\n<meta property=\"product:price:currency\" content=\"EUR\" \/>\n<meta property=\"og:availability\" content=\"instock\" \/>\n<meta property=\"product:availability\" content=\"instock\" \/>\n<meta property=\"product:condition\" content=\"new\" \/>\n<!-- \/ Yoast SEO Premium plugin. -->","yoast_head_json":{"title":"Inner tube 10x2.0\" straight Xiaomi electric scooter (A+) | T\u00f5uksimaailm","description":"Inner ring 10x2.0\" 125g with straight valve. Suitable for electric scooter Xiaomi Pro 2, 1S, Essential, electric scooter Mi Electric Scooter 3.","robots":{"index":"index","follow":"follow","max-snippet":"max-snippet:-1","max-image-preview":"max-image-preview:large","max-video-preview":"max-video-preview:-1"},"canonical":"https:\/\/www.xn--tuksimaailm-ffb.ee\/en\/product\/inner-tube-10x2-0-straight-xiaomi-electric-scooter-a\/","og_locale":"en_US","og_type":"article","og_title":"Inner tube 10x2.0\" straight Xiaomi electric scooter (A+)","og_description":"Inner ring 10x2.0\" 125g with straight valve. Suitable for electric scooter Xiaomi Pro 2, 1S, Essential, electric scooter Mi Electric Scooter 3.","og_url":"https:\/\/www.xn--tuksimaailm-ffb.ee\/en\/product\/inner-tube-10x2-0-straight-xiaomi-electric-scooter-a\/","og_site_name":"T\u00f5uksimaailm","article_publisher":"https:\/\/www.facebook.com\/touksimaailm\/","og_image":[{"width":1015,"height":901,"url":"https:\/\/www.xn--tuksimaailm-ffb.ee\/wp-content\/uploads\/2021\/12\/10x2-sirge.png","type":"image\/png"}],"twitter_card":"summary_large_image","twitter_misc":{"Price":"&euro;12.00","Availability":"In stock"},"schema":{"@context":"https:\/\/schema.org","@graph":[{"@type":"WebPage","@id":"https:\/\/www.xn--tuksimaailm-ffb.ee\/en\/product\/inner-tube-10x2-0-straight-xiaomi-electric-scooter-a\/","url":"https:\/\/www.xn--tuksimaailm-ffb.ee\/en\/product\/inner-tube-10x2-0-straight-xiaomi-electric-scooter-a\/","name":"Inner tube 10x2.0\" straight Xiaomi electric scooter (A+) | T\u00f5uksimaailm","isPartOf":{"@id":"https:\/\/www.xn--tuksimaailm-ffb.ee\/en\/#website"},"primaryImageOfPage":{"@id":"https:\/\/www.xn--tuksimaailm-ffb.ee\/en\/product\/inner-tube-10x2-0-straight-xiaomi-electric-scooter-a\/#primaryimage"},"image":{"@id":"https:\/\/www.xn--tuksimaailm-ffb.ee\/en\/product\/inner-tube-10x2-0-straight-xiaomi-electric-scooter-a\/#primaryimage"},"thumbnailUrl":"https:\/\/www.xn--tuksimaailm-ffb.ee\/wp-content\/uploads\/2021\/12\/10x2-sirge.png","datePublished":"2021-12-06T18:28:33+00:00","description":"Inner ring 10x2.0\" 125g with straight valve. Suitable for electric scooter Xiaomi Pro 2, 1S, Essential, electric scooter Mi Electric Scooter 3.","breadcrumb":{"@id":"https:\/\/www.xn--tuksimaailm-ffb.ee\/en\/product\/inner-tube-10x2-0-straight-xiaomi-electric-scooter-a\/#breadcrumb"},"inLanguage":"en-US","potentialAction":[{"@type":"ReadAction","target":["https:\/\/www.xn--tuksimaailm-ffb.ee\/en\/product\/inner-tube-10x2-0-straight-xiaomi-electric-scooter-a\/"]}]},{"@type":"ImageObject","inLanguage":"en-US","@id":"https:\/\/www.xn--tuksimaailm-ffb.ee\/en\/product\/inner-tube-10x2-0-straight-xiaomi-electric-scooter-a\/#primaryimage","url":"https:\/\/www.xn--tuksimaailm-ffb.ee\/wp-content\/uploads\/2021\/12\/10x2-sirge.png","contentUrl":"https:\/\/www.xn--tuksimaailm-ffb.ee\/wp-content\/uploads\/2021\/12\/10x2-sirge.png","width":1015,"height":901,"caption":"Inner tube 10x2.0\" straight Xiaomi electric scooter (A+)"},{"@type":"BreadcrumbList","@id":"https:\/\/www.xn--tuksimaailm-ffb.ee\/en\/product\/inner-tube-10x2-0-straight-xiaomi-electric-scooter-a\/#breadcrumb","itemListElement":[{"@type":"ListItem","position":1,"name":"Home","item":"https:\/\/www.xn--tuksimaailm-ffb.ee\/en\/main-page\/"},{"@type":"ListItem","position":2,"name":"Shop","item":"https:\/\/www.xn--tuksimaailm-ffb.ee\/elektritoukerataste-pood\/"},{"@type":"ListItem","position":3,"name":"Inner tube 10x2.0\" straight Xiaomi electric scooter (A+)"}]},{"@type":"WebSite","@id":"https:\/\/www.xn--tuksimaailm-ffb.ee\/en\/#website","url":"https:\/\/www.xn--tuksimaailm-ffb.ee\/en\/","name":"T\u00f5uksimaailm","description":"Elektrit\u00f5ukerataste m\u00fc\u00fck, remont ja rent","publisher":{"@id":"https:\/\/www.xn--tuksimaailm-ffb.ee\/en\/#organization"},"potentialAction":[{"@type":"SearchAction","target":{"@type":"EntryPoint","urlTemplate":"https:\/\/www.xn--tuksimaailm-ffb.ee\/en\/?s={search_term_string}"},"query-input":{"@type":"PropertyValueSpecification","valueRequired":true,"valueName":"search_term_string"}}],"inLanguage":"en-US"},{"@type":"Organization","@id":"https:\/\/www.xn--tuksimaailm-ffb.ee\/en\/#organization","name":"T\u00f5uksimaailm","url":"https:\/\/www.xn--tuksimaailm-ffb.ee\/en\/","logo":{"@type":"ImageObject","inLanguage":"en-US","@id":"https:\/\/www.xn--tuksimaailm-ffb.ee\/en\/#\/schema\/logo\/image\/","url":"https:\/\/www.xn--tuksimaailm-ffb.ee\/wp-content\/uploads\/2020\/01\/logoz-e1579792875517.png","contentUrl":"https:\/\/www.xn--tuksimaailm-ffb.ee\/wp-content\/uploads\/2020\/01\/logoz-e1579792875517.png","width":250,"height":250,"caption":"T\u00f5uksimaailm"},"image":{"@id":"https:\/\/www.xn--tuksimaailm-ffb.ee\/en\/#\/schema\/logo\/image\/"},"sameAs":["https:\/\/www.facebook.com\/touksimaailm\/","https:\/\/www.instagram.com\/touksimaailm_\/","https:\/\/www.youtube.com\/channel\/UC18ml0EKIDLP1xGuQjFzcXQ"]}]},"product_price_amount":"12.00","product_price_currency":"EUR","og_availability":"instock","product_availability":"instock","product_condition":"new"},"jetpack_sharing_enabled":true,"_links":{"self":[{"href":"https:\/\/www.xn--tuksimaailm-ffb.ee\/en\/wp-json\/wp\/v2\/product\/58102","targetHints":{"allow":["GET"]}}],"collection":[{"href":"https:\/\/www.xn--tuksimaailm-ffb.ee\/en\/wp-json\/wp\/v2\/product"}],"about":[{"href":"https:\/\/www.xn--tuksimaailm-ffb.ee\/en\/wp-json\/wp\/v2\/types\/product"}],"wp:featuredmedia":[{"embeddable":true,"href":"https:\/\/www.xn--tuksimaailm-ffb.ee\/en\/wp-json\/wp\/v2\/media\/14733"}],"wp:attachment":[{"href":"https:\/\/www.xn--tuksimaailm-ffb.ee\/en\/wp-json\/wp\/v2\/media?parent=58102"}],"wp:term":[{"taxonomy":"product_brand","embeddable":true,"href":"https:\/\/www.xn--tuksimaailm-ffb.ee\/en\/wp-json\/wp\/v2\/product_brand?post=58102"},{"taxonomy":"product_cat","embeddable":true,"href":"https:\/\/www.xn--tuksimaailm-ffb.ee\/en\/wp-json\/wp\/v2\/product_cat?post=58102"},{"taxonomy":"product_tag","embeddable":true,"href":"https:\/\/www.xn--tuksimaailm-ffb.ee\/en\/wp-json\/wp\/v2\/product_tag?post=58102"},{"taxonomy":"filter_elektritoukeratas","embeddable":true,"href":"https:\/\/www.xn--tuksimaailm-ffb.ee\/en\/wp-json\/wp\/v2\/filter_elektritoukeratas?post=58102"}],"curies":[{"name":"wp","href":"https:\/\/api.w.org\/{rel}","templated":true}]}}