{"id":58103,"date":"2021-12-06T19:07:59","date_gmt":"2021-12-06T17:07:59","guid":{"rendered":"http:\/\/www.xn--tuksimaailm-ffb.ee\/shop\/inner-tube-10x2-125-0-degrees-electric-scooter-velt-smart\/"},"modified":"2021-12-06T19:07:59","modified_gmt":"2021-12-06T16:07:59","slug":"inner-tube-10x2-125-0-degrees-electric-scooter-velt-smart","status":"publish","type":"product","link":"https:\/\/www.xn--tuksimaailm-ffb.ee\/en\/product\/inner-tube-10x2-125-0-degrees-electric-scooter-velt-smart\/","title":{"rendered":"Inner tube 10x2.125, 0 degrees - electric scooter Velt Smart"},"content":{"rendered":"<p>Inner tube 10x2.125, 0 degrees (also inner rubber, inner tube, air rubber). Suitable for electric scooter <a href=\"http:\/\/www.xn--tuksimaailm-ffb.ee\/shop\/elektriline-toukeratas-velt-smart-scooter-x7\/\"><b><strong>Velt Smart Scooter X7<\/strong><\/b><\/a>, <a href=\"http:\/\/www.xn--tuksimaailm-ffb.ee\/shop\/elektriline-toukeratas-velt-smart-scooter-x8\/\"><b><strong>X8<\/strong><\/b><\/a>, <a href=\"http:\/\/www.xn--tuksimaailm-ffb.ee\/shop\/velt-smart-scooter-x8-pro-elektritoukeratas\/\"><b><strong>X8 Pro<\/strong><\/b><\/a>, electric scooter <a href=\"https:\/\/blaupunkt.com\/c_ee\/produkt\/esc910\/\"><b><strong>Blaupunkt ESC910<\/strong><\/b><\/a> and ESC910.2, HX X7 and X8, <a href=\"http:\/\/www.xn--tuksimaailm-ffb.ee\/shop\/elektritouks-gpad-joyride\/\"><b><strong>Gpad Joyride<\/strong><\/b><\/a> (also Eco \/ Max) and <a href=\"https:\/\/joyorscooter.com\/model-x\/\"><b><strong>Joyor X1 \/ X5S<\/strong><\/b><\/a>. In terms of dimensions, the 10x2.125 0 degree valve inner tube is suitable for use on any electric scooter originally fitted with <b><strong>10x2.0\", 10x2.10\", 10x2.125\", 10x2.25\" or 10x2.35<\/strong><\/b> \" external tyres. The inner tyre of the electric scooter is an <b><strong>auto-valve (AV)<\/strong><\/b>, which can be inflated by most pumps. The angle of the valve is <b><strong>0 degrees.<\/strong><\/b> The direction of the valve is also at a 0 degree angle to the rotation axis of the inner hub. Because of the small size and air volume of its tyres, the electric scooter is at risk of internal tyre rupture due to impact, we recommend checking the tyre pressure once every 2 weeks or before each ride if the electric scooter is ridden less frequently. When inflating tyres, we strongly recommend the use of <a href=\"http:\/\/www.xn--tuksimaailm-ffb.ee\/tootekategooria\/lisavarustus\/\">pressure gauge pumps<\/a> to ensure the exact tyre pressure recommended by the electric scooter manufacturer. If your electric scooter is in need of repair or if a <a href=\"https:\/\/www.youtube.com\/watch?v=9c5oaCgBtVA\">self-repair<\/a>is too much for you, our specialist electric scooter <a href=\"http:\/\/www.xn--tuksimaailm-ffb.ee\/elektrilise-toukeratta-remont\/\">workshop<\/a> can help. We can also carry out tyre replacements on standby. You can read more about electric scooter tyre replacement in our <a href=\"http:\/\/www.xn--tuksimaailm-ffb.ee\/elektritoukeratta-rehvivahetus\/\">blog post<\/a>.<\/p>\n","protected":false},"excerpt":{"rendered":"<p>Inner tube 10x2.125, 0 degrees (also inner rubber, inner tube, air rubber). Suitable for electric scooter Velt Smart Scooter X7, X8, X8 Pro, electric scooter Blaupunkt ESC910 and ESC910.2, HX X7 and X8, Gpad Joyride (also Eco \/ Max) and Joyor X1 \/ X5S. In terms of dimensions, the 10x2.125 &hellip;<\/p>\n","protected":false},"featured_media":14739,"template":"","meta":[],"product_brand":[],"product_cat":[726],"product_tag":[3393,3216,3392,3204,3390],"filter_elektritoukeratas":[2686,2687,2704,2697,2698,2717,2694,2695,2693,2691,2692],"class_list":{"0":"post-58103","1":"product","2":"type-product","3":"status-publish","4":"has-post-thumbnail","6":"product_cat-spare-parts","7":"product_tag-blaupunkt-spare-parts","8":"product_tag-gpad-spare-parts","9":"product_tag-hx-spare-parts","10":"product_tag-inner-tubes","11":"product_tag-velt-smart-scooter-spare-parts","12":"pa_tootetuup-inner-tubes","13":"filter_elektritoukeratas-ft_blaupunkt_esc808","14":"filter_elektritoukeratas-ft_blaupunkt_esc910","15":"filter_elektritoukeratas-ft_gpad_joyride","16":"filter_elektritoukeratas-ft_hx_x7","17":"filter_elektritoukeratas-ft_hx_x8","18":"filter_elektritoukeratas-ft_joyor_x1_x5s","19":"filter_elektritoukeratas-ft_velt_smart_eco","20":"filter_elektritoukeratas-ft_velt_smart_pro","21":"filter_elektritoukeratas-ft_velt_smart_x7","22":"filter_elektritoukeratas-ft_velt_smart_x8","23":"filter_elektritoukeratas-ft_velt_smart_x8_pro","25":"first","26":"instock","27":"taxable","28":"shipping-taxable","29":"purchasable","30":"product-type-simple"},"yoast_head":"<!-- This site is optimized with the Yoast SEO Premium plugin v26.8 (Yoast SEO v27.3) - https:\/\/yoast.com\/product\/yoast-seo-premium-wordpress\/ -->\n<title>Inner tube 10x2.125, 0 degrees - electric scooter Velt Smart | T\u00f5uksimaailm<\/title>\n<meta name=\"description\" content=\"Inner tube 10x2.125, 0 degrees (also inner tube). Suitable for electric scooter Velt Smart Scooter X7, X8 Pro, electric scooter Blaupunkt ESC910.\" \/>\n<meta name=\"robots\" content=\"index, follow, max-snippet:-1, max-image-preview:large, max-video-preview:-1\" \/>\n<link rel=\"canonical\" href=\"https:\/\/www.xn--tuksimaailm-ffb.ee\/en\/product\/inner-tube-10x2-125-0-degrees-electric-scooter-velt-smart\/\" \/>\n<meta property=\"og:locale\" content=\"en_US\" \/>\n<meta property=\"og:type\" content=\"article\" \/>\n<meta property=\"og:title\" content=\"Inner tube 10x2.125, 0 degrees - electric scooter Velt Smart\" \/>\n<meta property=\"og:description\" content=\"Inner tube 10x2.125, 0 degrees (also inner tube). Suitable for electric scooter Velt Smart Scooter X7, X8 Pro, electric scooter Blaupunkt ESC910.\" \/>\n<meta property=\"og:url\" content=\"https:\/\/www.xn--tuksimaailm-ffb.ee\/en\/product\/inner-tube-10x2-125-0-degrees-electric-scooter-velt-smart\/\" \/>\n<meta property=\"og:site_name\" content=\"T\u00f5uksimaailm\" \/>\n<meta property=\"article:publisher\" content=\"https:\/\/www.facebook.com\/touksimaailm\/\" \/>\n<meta property=\"og:image\" content=\"https:\/\/www.xn--tuksimaailm-ffb.ee\/wp-content\/uploads\/2021\/12\/2.125-0-kraadi.png\" \/>\n\t<meta property=\"og:image:width\" content=\"1027\" \/>\n\t<meta property=\"og:image:height\" content=\"909\" \/>\n\t<meta property=\"og:image:type\" content=\"image\/png\" \/>\n<meta name=\"twitter:card\" content=\"summary_large_image\" \/>\n<meta name=\"twitter:label1\" content=\"Price\" \/>\n\t<meta name=\"twitter:data1\" content=\"&euro;10.00\" \/>\n\t<meta name=\"twitter:label2\" content=\"Availability\" \/>\n\t<meta name=\"twitter:data2\" content=\"In stock\" \/>\n<meta property=\"product:price:amount\" content=\"10.00\" \/>\n<meta property=\"product:price:currency\" content=\"EUR\" \/>\n<meta property=\"og:availability\" content=\"instock\" \/>\n<meta property=\"product:availability\" content=\"instock\" \/>\n<meta property=\"product:retailer_item_id\" content=\"SR-10x2.125-0-VELT\" \/>\n<meta property=\"product:condition\" content=\"new\" \/>\n<!-- \/ Yoast SEO Premium plugin. -->","yoast_head_json":{"title":"Inner tube 10x2.125, 0 degrees - electric scooter Velt Smart | T\u00f5uksimaailm","description":"Inner tube 10x2.125, 0 degrees (also inner tube). Suitable for electric scooter Velt Smart Scooter X7, X8 Pro, electric scooter Blaupunkt ESC910.","robots":{"index":"index","follow":"follow","max-snippet":"max-snippet:-1","max-image-preview":"max-image-preview:large","max-video-preview":"max-video-preview:-1"},"canonical":"https:\/\/www.xn--tuksimaailm-ffb.ee\/en\/product\/inner-tube-10x2-125-0-degrees-electric-scooter-velt-smart\/","og_locale":"en_US","og_type":"article","og_title":"Inner tube 10x2.125, 0 degrees - electric scooter Velt Smart","og_description":"Inner tube 10x2.125, 0 degrees (also inner tube). Suitable for electric scooter Velt Smart Scooter X7, X8 Pro, electric scooter Blaupunkt ESC910.","og_url":"https:\/\/www.xn--tuksimaailm-ffb.ee\/en\/product\/inner-tube-10x2-125-0-degrees-electric-scooter-velt-smart\/","og_site_name":"T\u00f5uksimaailm","article_publisher":"https:\/\/www.facebook.com\/touksimaailm\/","og_image":[{"width":1027,"height":909,"url":"https:\/\/www.xn--tuksimaailm-ffb.ee\/wp-content\/uploads\/2021\/12\/2.125-0-kraadi.png","type":"image\/png"}],"twitter_card":"summary_large_image","twitter_misc":{"Price":"&euro;10.00","Availability":"In stock"},"schema":{"@context":"https:\/\/schema.org","@graph":[{"@type":"WebPage","@id":"https:\/\/www.xn--tuksimaailm-ffb.ee\/en\/product\/inner-tube-10x2-125-0-degrees-electric-scooter-velt-smart\/","url":"https:\/\/www.xn--tuksimaailm-ffb.ee\/en\/product\/inner-tube-10x2-125-0-degrees-electric-scooter-velt-smart\/","name":"Inner tube 10x2.125, 0 degrees - electric scooter Velt Smart | T\u00f5uksimaailm","isPartOf":{"@id":"https:\/\/www.xn--tuksimaailm-ffb.ee\/en\/#website"},"primaryImageOfPage":{"@id":"https:\/\/www.xn--tuksimaailm-ffb.ee\/en\/product\/inner-tube-10x2-125-0-degrees-electric-scooter-velt-smart\/#primaryimage"},"image":{"@id":"https:\/\/www.xn--tuksimaailm-ffb.ee\/en\/product\/inner-tube-10x2-125-0-degrees-electric-scooter-velt-smart\/#primaryimage"},"thumbnailUrl":"https:\/\/www.xn--tuksimaailm-ffb.ee\/wp-content\/uploads\/2021\/12\/2.125-0-kraadi.png","datePublished":"2021-12-06T17:07:59+00:00","description":"Inner tube 10x2.125, 0 degrees (also inner tube). Suitable for electric scooter Velt Smart Scooter X7, X8 Pro, electric scooter Blaupunkt ESC910.","breadcrumb":{"@id":"https:\/\/www.xn--tuksimaailm-ffb.ee\/en\/product\/inner-tube-10x2-125-0-degrees-electric-scooter-velt-smart\/#breadcrumb"},"inLanguage":"en-US","potentialAction":[{"@type":"ReadAction","target":["https:\/\/www.xn--tuksimaailm-ffb.ee\/en\/product\/inner-tube-10x2-125-0-degrees-electric-scooter-velt-smart\/"]}]},{"@type":"ImageObject","inLanguage":"en-US","@id":"https:\/\/www.xn--tuksimaailm-ffb.ee\/en\/product\/inner-tube-10x2-125-0-degrees-electric-scooter-velt-smart\/#primaryimage","url":"https:\/\/www.xn--tuksimaailm-ffb.ee\/wp-content\/uploads\/2021\/12\/2.125-0-kraadi.png","contentUrl":"https:\/\/www.xn--tuksimaailm-ffb.ee\/wp-content\/uploads\/2021\/12\/2.125-0-kraadi.png","width":1027,"height":909,"caption":"Inner tube 10x2.125, 0 degrees - electric scooter Velt Smart"},{"@type":"BreadcrumbList","@id":"https:\/\/www.xn--tuksimaailm-ffb.ee\/en\/product\/inner-tube-10x2-125-0-degrees-electric-scooter-velt-smart\/#breadcrumb","itemListElement":[{"@type":"ListItem","position":1,"name":"Home","item":"https:\/\/www.xn--tuksimaailm-ffb.ee\/en\/main-page\/"},{"@type":"ListItem","position":2,"name":"Shop","item":"https:\/\/www.xn--tuksimaailm-ffb.ee\/elektritoukerataste-pood\/"},{"@type":"ListItem","position":3,"name":"Inner tube 10x2.125, 0 degrees - electric scooter Velt Smart"}]},{"@type":"WebSite","@id":"https:\/\/www.xn--tuksimaailm-ffb.ee\/en\/#website","url":"https:\/\/www.xn--tuksimaailm-ffb.ee\/en\/","name":"T\u00f5uksimaailm","description":"Elektrit\u00f5ukerataste m\u00fc\u00fck, remont ja rent","publisher":{"@id":"https:\/\/www.xn--tuksimaailm-ffb.ee\/en\/#organization"},"potentialAction":[{"@type":"SearchAction","target":{"@type":"EntryPoint","urlTemplate":"https:\/\/www.xn--tuksimaailm-ffb.ee\/en\/?s={search_term_string}"},"query-input":{"@type":"PropertyValueSpecification","valueRequired":true,"valueName":"search_term_string"}}],"inLanguage":"en-US"},{"@type":"Organization","@id":"https:\/\/www.xn--tuksimaailm-ffb.ee\/en\/#organization","name":"T\u00f5uksimaailm","url":"https:\/\/www.xn--tuksimaailm-ffb.ee\/en\/","logo":{"@type":"ImageObject","inLanguage":"en-US","@id":"https:\/\/www.xn--tuksimaailm-ffb.ee\/en\/#\/schema\/logo\/image\/","url":"https:\/\/www.xn--tuksimaailm-ffb.ee\/wp-content\/uploads\/2020\/01\/logoz-e1579792875517.png","contentUrl":"https:\/\/www.xn--tuksimaailm-ffb.ee\/wp-content\/uploads\/2020\/01\/logoz-e1579792875517.png","width":250,"height":250,"caption":"T\u00f5uksimaailm"},"image":{"@id":"https:\/\/www.xn--tuksimaailm-ffb.ee\/en\/#\/schema\/logo\/image\/"},"sameAs":["https:\/\/www.facebook.com\/touksimaailm\/","https:\/\/www.instagram.com\/touksimaailm_\/","https:\/\/www.youtube.com\/channel\/UC18ml0EKIDLP1xGuQjFzcXQ"]}]},"product_price_amount":"10.00","product_price_currency":"EUR","og_availability":"instock","product_availability":"instock","product_retailer_item_id":"SR-10x2.125-0-VELT","product_condition":"new"},"jetpack_sharing_enabled":true,"_links":{"self":[{"href":"https:\/\/www.xn--tuksimaailm-ffb.ee\/en\/wp-json\/wp\/v2\/product\/58103","targetHints":{"allow":["GET"]}}],"collection":[{"href":"https:\/\/www.xn--tuksimaailm-ffb.ee\/en\/wp-json\/wp\/v2\/product"}],"about":[{"href":"https:\/\/www.xn--tuksimaailm-ffb.ee\/en\/wp-json\/wp\/v2\/types\/product"}],"wp:featuredmedia":[{"embeddable":true,"href":"https:\/\/www.xn--tuksimaailm-ffb.ee\/en\/wp-json\/wp\/v2\/media\/14739"}],"wp:attachment":[{"href":"https:\/\/www.xn--tuksimaailm-ffb.ee\/en\/wp-json\/wp\/v2\/media?parent=58103"}],"wp:term":[{"taxonomy":"product_brand","embeddable":true,"href":"https:\/\/www.xn--tuksimaailm-ffb.ee\/en\/wp-json\/wp\/v2\/product_brand?post=58103"},{"taxonomy":"product_cat","embeddable":true,"href":"https:\/\/www.xn--tuksimaailm-ffb.ee\/en\/wp-json\/wp\/v2\/product_cat?post=58103"},{"taxonomy":"product_tag","embeddable":true,"href":"https:\/\/www.xn--tuksimaailm-ffb.ee\/en\/wp-json\/wp\/v2\/product_tag?post=58103"},{"taxonomy":"filter_elektritoukeratas","embeddable":true,"href":"https:\/\/www.xn--tuksimaailm-ffb.ee\/en\/wp-json\/wp\/v2\/filter_elektritoukeratas?post=58103"}],"curies":[{"name":"wp","href":"https:\/\/api.w.org\/{rel}","templated":true}]}}