{"id":58104,"date":"2021-12-06T20:49:23","date_gmt":"2021-12-06T18:49:23","guid":{"rendered":"http:\/\/www.xn--tuksimaailm-ffb.ee\/shop\/inner-tube-10x2-125-90-degrees-for-electric-wheelchair-blaupunkt\/"},"modified":"2021-12-06T20:49:23","modified_gmt":"2021-12-06T17:49:23","slug":"inner-tube-10x2-125-90-degrees-for-electric-wheelchair-blaupunkt","status":"publish","type":"product","link":"https:\/\/www.xn--tuksimaailm-ffb.ee\/en\/product\/inner-tube-10x2-125-90-degrees-for-electric-wheelchair-blaupunkt\/","title":{"rendered":"Inner tube 10x2.125 90 degrees for electric wheelchair Blaupunkt"},"content":{"rendered":"<p>Inner tube 10x2.125 90 degrees (also inner rubber, inner tube, air rubber). Suitable for <a href=\"https:\/\/blaupunkt.com\/c_ee\/produkt\/esc910\/\"><b><strong>Blaupunkt ESC910<\/strong><\/b><\/a> and ESC910.2 electric scooters, as well as for <a href=\"http:\/\/www.xn--tuksimaailm-ffb.ee\/shop\/elektriline-toukeratas-velt-smart-scooter-x7\/\"><b><strong>Velt Smart Scooter X7<\/strong><\/b><\/a>, <a href=\"http:\/\/www.xn--tuksimaailm-ffb.ee\/shop\/elektriline-toukeratas-velt-smart-scooter-x8\/\"><b><strong>X8<\/strong><\/b><\/a>, <a href=\"http:\/\/www.xn--tuksimaailm-ffb.ee\/shop\/velt-smart-scooter-x8-pro-elektritoukeratas\/\"><b><strong>X8 Pro<\/strong><\/b><\/a>, HX X7 and X8, <a href=\"http:\/\/www.xn--tuksimaailm-ffb.ee\/shop\/elektritouks-gpad-joyride\/\"><b><strong>Gpad Joyride<\/strong><\/b><\/a> (also Eco \/ Max) and <a href=\"https:\/\/joyorscooter.com\/model-x\/\"><b><strong>Joyor X1 \/ X5S<\/strong><\/b><\/a>. For Blaupunkt, HX and Velt Smart models the 10x2.125 90 degree inner tube fits the rear wheel and for Gpad and Joyor models the inner tube fits the front wheel. In terms of dimension, the 10x2.125 90 degree inner tube is suitable for use on any electric scooter with original equipment <b><strong>10x2.0\", 10x2.10\", 10x2.125\", 10x2.25\" or 10x2.35<\/strong><\/b> \" outer tyres. The inner tyre of the electric scooter is an <b><strong>auto-valve (AV)<\/strong><\/b>, which can be inflated by most pumps. The angle of the valve is <b><strong>90 degrees.<\/strong><\/b> The direction of the valve is also at 90 degrees to the rotation axis of the inner tube. Because of the small size and air volume of its tyres, the electric scooter is at risk of internal tyre rupture due to impact, we recommend checking the tyre pressure once every 2 weeks, or before each ride if the electric scooter is ridden less frequently. When inflating tyres, we strongly recommend the use of <a href=\"http:\/\/www.xn--tuksimaailm-ffb.ee\/tootekategooria\/lisavarustus\/\">pressure gauge pumps<\/a> to ensure the exact tyre pressure recommended by the electric scooter manufacturer. If your electric scooter is in need of repair or if a <a href=\"https:\/\/www.youtube.com\/watch?v=9c5oaCgBtVA\">self-repair<\/a>is too much for you, our specialist electric scooter <a href=\"http:\/\/www.xn--tuksimaailm-ffb.ee\/elektrilise-toukeratta-remont\/\">workshop<\/a> can help. We can also carry out tyre replacements on standby. You can read more about electric scooter tyre replacement in our <a href=\"http:\/\/www.xn--tuksimaailm-ffb.ee\/elektritoukeratta-rehvivahetus\/\">blog post<\/a>.<\/p>\n","protected":false},"excerpt":{"rendered":"<p>Inner tube 10x2.125 90 degrees (also inner rubber, inner tube, air rubber). Suitable for Blaupunkt ESC910 and ESC910.2 electric scooters, as well as for Velt Smart Scooter X7, X8, X8 Pro, HX X7 and X8, Gpad Joyride (also Eco \/ Max) and Joyor X1 \/ X5S. For Blaupunkt, HX and &hellip;<\/p>\n","protected":false},"featured_media":71993,"template":"","meta":[],"product_brand":[],"product_cat":[726],"product_tag":[3393,3216,3392,3204,3390],"filter_elektritoukeratas":[2686,2687,2730,2732,2610,2705,2706,2697,2698,2714,2715,2712,2713,2720,2717,2722,2726,2724,2679,2672,2670,2669,2674,2668,2740,2755,2694,2695,2693,2691,2692,2646,2750],"class_list":{"0":"post-58104","1":"product","2":"type-product","3":"status-publish","4":"has-post-thumbnail","6":"product_cat-spare-parts","7":"product_tag-blaupunkt-spare-parts","8":"product_tag-gpad-spare-parts","9":"product_tag-hx-spare-parts","10":"product_tag-inner-tubes","11":"product_tag-velt-smart-scooter-spare-parts","12":"pa_tootetuup-inner-tubes","13":"filter_elektritoukeratas-ft_blaupunkt_esc808","14":"filter_elektritoukeratas-ft_blaupunkt_esc910","15":"filter_elektritoukeratas-ft_dualtron_eagle","16":"filter_elektritoukeratas-ft_dualtron_spider","17":"filter_elektritoukeratas-ft_dualtron_victor","18":"filter_elektritoukeratas-ft_gpad_foxen","19":"filter_elektritoukeratas-ft_gpad_storm","20":"filter_elektritoukeratas-ft_hx_x7","21":"filter_elektritoukeratas-ft_hx_x8","22":"filter_elektritoukeratas-ft_inokim_ox_eco_hero_super","23":"filter_elektritoukeratas-ft_inokim_oxo","24":"filter_elektritoukeratas-ft_inokim_quick_3_hero_super","25":"filter_elektritoukeratas-ft_inokim_quick_4_hero_super","26":"filter_elektritoukeratas-ft_joyor_s5_s10-s_s_pro","27":"filter_elektritoukeratas-ft_joyor_x1_x5s","28":"filter_elektritoukeratas-ft_joyor_y10_y6_s_y5s","29":"filter_elektritoukeratas-ft_kaabo_mantis_10","30":"filter_elektritoukeratas-ft_kaabo_skywalker","31":"filter_elektritoukeratas-ft_kugoo_g1","32":"filter_elektritoukeratas-ft_kugoo_g2_master","33":"filter_elektritoukeratas-ft_kugoo_g2_max","34":"filter_elektritoukeratas-ft_kugoo_g2_pro","35":"filter_elektritoukeratas-ft_kugoo_g3_pro","36":"filter_elektritoukeratas-ft_kugoo_m4_m4_pro","37":"filter_elektritoukeratas-ft_nanrobot_d4_plus","38":"filter_elektritoukeratas-ft_techlife_x7_x7_lite_x7s","39":"filter_elektritoukeratas-ft_velt_smart_eco","40":"filter_elektritoukeratas-ft_velt_smart_pro","41":"filter_elektritoukeratas-ft_velt_smart_x7","42":"filter_elektritoukeratas-ft_velt_smart_x8","43":"filter_elektritoukeratas-ft_velt_smart_x8_pro","44":"filter_elektritoukeratas-ft_vsett_10_plus","45":"filter_elektritoukeratas-ft_zero_10x","47":"first","48":"instock","49":"taxable","50":"shipping-taxable","51":"purchasable","52":"product-type-simple"},"yoast_head":"<!-- This site is optimized with the Yoast SEO Premium plugin v26.8 (Yoast SEO v27.3) - https:\/\/yoast.com\/product\/yoast-seo-premium-wordpress\/ -->\n<title>Inner tube 10x2.125 90 degrees for electric wheelchair Blaupunkt | T\u00f5uksimaailm<\/title>\n<meta name=\"description\" content=\"Inner tube 10x2.125 90 degrees (also inner tube). Suitable for electric scooter Blaupunkt ESC910, electric scooter Velt Smart Scooter X7, X8 Pro,\" \/>\n<meta name=\"robots\" content=\"index, follow, max-snippet:-1, max-image-preview:large, max-video-preview:-1\" \/>\n<link rel=\"canonical\" href=\"https:\/\/www.xn--tuksimaailm-ffb.ee\/en\/product\/inner-tube-10x2-125-90-degrees-for-electric-wheelchair-blaupunkt\/\" \/>\n<meta property=\"og:locale\" content=\"en_US\" \/>\n<meta property=\"og:type\" content=\"article\" \/>\n<meta property=\"og:title\" content=\"Inner tube 10x2.125 90 degrees for electric wheelchair Blaupunkt\" \/>\n<meta property=\"og:description\" content=\"Inner tube 10x2.125 90 degrees (also inner tube). Suitable for electric scooter Blaupunkt ESC910, electric scooter Velt Smart Scooter X7, X8 Pro,\" \/>\n<meta property=\"og:url\" content=\"https:\/\/www.xn--tuksimaailm-ffb.ee\/en\/product\/inner-tube-10x2-125-90-degrees-for-electric-wheelchair-blaupunkt\/\" \/>\n<meta property=\"og:site_name\" content=\"T\u00f5uksimaailm\" \/>\n<meta property=\"article:publisher\" content=\"https:\/\/www.facebook.com\/touksimaailm\/\" \/>\n<meta property=\"og:image\" content=\"https:\/\/www.xn--tuksimaailm-ffb.ee\/wp-content\/uploads\/2021\/12\/9090-kraadi-8.5x2-1.jpg\" \/>\n\t<meta property=\"og:image:width\" content=\"501\" \/>\n\t<meta property=\"og:image:height\" content=\"262\" \/>\n\t<meta property=\"og:image:type\" content=\"image\/jpeg\" \/>\n<meta name=\"twitter:card\" content=\"summary_large_image\" \/>\n<meta name=\"twitter:label1\" content=\"Price\" \/>\n\t<meta name=\"twitter:data1\" content=\"&euro;15.00\" \/>\n\t<meta name=\"twitter:label2\" content=\"Availability\" \/>\n\t<meta name=\"twitter:data2\" content=\"In stock\" \/>\n<meta property=\"product:price:amount\" content=\"15.00\" \/>\n<meta property=\"product:price:currency\" content=\"EUR\" \/>\n<meta property=\"og:availability\" content=\"instock\" \/>\n<meta property=\"product:availability\" content=\"instock\" \/>\n<meta property=\"product:retailer_item_id\" content=\"SR-10x2.125-90-BLAU\" \/>\n<meta property=\"product:condition\" content=\"new\" \/>\n<!-- \/ Yoast SEO Premium plugin. -->","yoast_head_json":{"title":"Inner tube 10x2.125 90 degrees for electric wheelchair Blaupunkt | T\u00f5uksimaailm","description":"Inner tube 10x2.125 90 degrees (also inner tube). Suitable for electric scooter Blaupunkt ESC910, electric scooter Velt Smart Scooter X7, X8 Pro,","robots":{"index":"index","follow":"follow","max-snippet":"max-snippet:-1","max-image-preview":"max-image-preview:large","max-video-preview":"max-video-preview:-1"},"canonical":"https:\/\/www.xn--tuksimaailm-ffb.ee\/en\/product\/inner-tube-10x2-125-90-degrees-for-electric-wheelchair-blaupunkt\/","og_locale":"en_US","og_type":"article","og_title":"Inner tube 10x2.125 90 degrees for electric wheelchair Blaupunkt","og_description":"Inner tube 10x2.125 90 degrees (also inner tube). Suitable for electric scooter Blaupunkt ESC910, electric scooter Velt Smart Scooter X7, X8 Pro,","og_url":"https:\/\/www.xn--tuksimaailm-ffb.ee\/en\/product\/inner-tube-10x2-125-90-degrees-for-electric-wheelchair-blaupunkt\/","og_site_name":"T\u00f5uksimaailm","article_publisher":"https:\/\/www.facebook.com\/touksimaailm\/","og_image":[{"width":501,"height":262,"url":"https:\/\/www.xn--tuksimaailm-ffb.ee\/wp-content\/uploads\/2021\/12\/9090-kraadi-8.5x2-1.jpg","type":"image\/jpeg"}],"twitter_card":"summary_large_image","twitter_misc":{"Price":"&euro;15.00","Availability":"In stock"},"schema":{"@context":"https:\/\/schema.org","@graph":[{"@type":"WebPage","@id":"https:\/\/www.xn--tuksimaailm-ffb.ee\/en\/product\/inner-tube-10x2-125-90-degrees-for-electric-wheelchair-blaupunkt\/","url":"https:\/\/www.xn--tuksimaailm-ffb.ee\/en\/product\/inner-tube-10x2-125-90-degrees-for-electric-wheelchair-blaupunkt\/","name":"Inner tube 10x2.125 90 degrees for electric wheelchair Blaupunkt | T\u00f5uksimaailm","isPartOf":{"@id":"https:\/\/www.xn--tuksimaailm-ffb.ee\/en\/#website"},"primaryImageOfPage":{"@id":"https:\/\/www.xn--tuksimaailm-ffb.ee\/en\/product\/inner-tube-10x2-125-90-degrees-for-electric-wheelchair-blaupunkt\/#primaryimage"},"image":{"@id":"https:\/\/www.xn--tuksimaailm-ffb.ee\/en\/product\/inner-tube-10x2-125-90-degrees-for-electric-wheelchair-blaupunkt\/#primaryimage"},"thumbnailUrl":"https:\/\/www.xn--tuksimaailm-ffb.ee\/wp-content\/uploads\/2021\/12\/Screenshot-2026-01-02-205626.webp","datePublished":"2021-12-06T18:49:23+00:00","description":"Inner tube 10x2.125 90 degrees (also inner tube). Suitable for electric scooter Blaupunkt ESC910, electric scooter Velt Smart Scooter X7, X8 Pro,","breadcrumb":{"@id":"https:\/\/www.xn--tuksimaailm-ffb.ee\/en\/product\/inner-tube-10x2-125-90-degrees-for-electric-wheelchair-blaupunkt\/#breadcrumb"},"inLanguage":"en-US","potentialAction":[{"@type":"ReadAction","target":["https:\/\/www.xn--tuksimaailm-ffb.ee\/en\/product\/inner-tube-10x2-125-90-degrees-for-electric-wheelchair-blaupunkt\/"]}]},{"@type":"ImageObject","inLanguage":"en-US","@id":"https:\/\/www.xn--tuksimaailm-ffb.ee\/en\/product\/inner-tube-10x2-125-90-degrees-for-electric-wheelchair-blaupunkt\/#primaryimage","url":"https:\/\/www.xn--tuksimaailm-ffb.ee\/wp-content\/uploads\/2021\/12\/Screenshot-2026-01-02-205626.webp","contentUrl":"https:\/\/www.xn--tuksimaailm-ffb.ee\/wp-content\/uploads\/2021\/12\/Screenshot-2026-01-02-205626.webp","width":908,"height":890,"caption":"Siserehv 10x2.125 90 kraadi elektrit\u00f5ukeratas Blaupunkt"},{"@type":"BreadcrumbList","@id":"https:\/\/www.xn--tuksimaailm-ffb.ee\/en\/product\/inner-tube-10x2-125-90-degrees-for-electric-wheelchair-blaupunkt\/#breadcrumb","itemListElement":[{"@type":"ListItem","position":1,"name":"Home","item":"https:\/\/www.xn--tuksimaailm-ffb.ee\/en\/main-page\/"},{"@type":"ListItem","position":2,"name":"Shop","item":"https:\/\/www.xn--tuksimaailm-ffb.ee\/elektritoukerataste-pood\/"},{"@type":"ListItem","position":3,"name":"Inner tube 10x2.125 90 degrees for electric wheelchair Blaupunkt"}]},{"@type":"WebSite","@id":"https:\/\/www.xn--tuksimaailm-ffb.ee\/en\/#website","url":"https:\/\/www.xn--tuksimaailm-ffb.ee\/en\/","name":"T\u00f5uksimaailm","description":"Elektrit\u00f5ukerataste m\u00fc\u00fck, remont ja rent","publisher":{"@id":"https:\/\/www.xn--tuksimaailm-ffb.ee\/en\/#organization"},"potentialAction":[{"@type":"SearchAction","target":{"@type":"EntryPoint","urlTemplate":"https:\/\/www.xn--tuksimaailm-ffb.ee\/en\/?s={search_term_string}"},"query-input":{"@type":"PropertyValueSpecification","valueRequired":true,"valueName":"search_term_string"}}],"inLanguage":"en-US"},{"@type":"Organization","@id":"https:\/\/www.xn--tuksimaailm-ffb.ee\/en\/#organization","name":"T\u00f5uksimaailm","url":"https:\/\/www.xn--tuksimaailm-ffb.ee\/en\/","logo":{"@type":"ImageObject","inLanguage":"en-US","@id":"https:\/\/www.xn--tuksimaailm-ffb.ee\/en\/#\/schema\/logo\/image\/","url":"https:\/\/www.xn--tuksimaailm-ffb.ee\/wp-content\/uploads\/2020\/01\/logoz-e1579792875517.png","contentUrl":"https:\/\/www.xn--tuksimaailm-ffb.ee\/wp-content\/uploads\/2020\/01\/logoz-e1579792875517.png","width":250,"height":250,"caption":"T\u00f5uksimaailm"},"image":{"@id":"https:\/\/www.xn--tuksimaailm-ffb.ee\/en\/#\/schema\/logo\/image\/"},"sameAs":["https:\/\/www.facebook.com\/touksimaailm\/","https:\/\/www.instagram.com\/touksimaailm_\/","https:\/\/www.youtube.com\/channel\/UC18ml0EKIDLP1xGuQjFzcXQ"]}]},"product_price_amount":"15.00","product_price_currency":"EUR","og_availability":"instock","product_availability":"instock","product_retailer_item_id":"SR-10x2.125-90-BLAU","product_condition":"new"},"jetpack_sharing_enabled":true,"_links":{"self":[{"href":"https:\/\/www.xn--tuksimaailm-ffb.ee\/en\/wp-json\/wp\/v2\/product\/58104","targetHints":{"allow":["GET"]}}],"collection":[{"href":"https:\/\/www.xn--tuksimaailm-ffb.ee\/en\/wp-json\/wp\/v2\/product"}],"about":[{"href":"https:\/\/www.xn--tuksimaailm-ffb.ee\/en\/wp-json\/wp\/v2\/types\/product"}],"wp:featuredmedia":[{"embeddable":true,"href":"https:\/\/www.xn--tuksimaailm-ffb.ee\/en\/wp-json\/wp\/v2\/media\/71993"}],"wp:attachment":[{"href":"https:\/\/www.xn--tuksimaailm-ffb.ee\/en\/wp-json\/wp\/v2\/media?parent=58104"}],"wp:term":[{"taxonomy":"product_brand","embeddable":true,"href":"https:\/\/www.xn--tuksimaailm-ffb.ee\/en\/wp-json\/wp\/v2\/product_brand?post=58104"},{"taxonomy":"product_cat","embeddable":true,"href":"https:\/\/www.xn--tuksimaailm-ffb.ee\/en\/wp-json\/wp\/v2\/product_cat?post=58104"},{"taxonomy":"product_tag","embeddable":true,"href":"https:\/\/www.xn--tuksimaailm-ffb.ee\/en\/wp-json\/wp\/v2\/product_tag?post=58104"},{"taxonomy":"filter_elektritoukeratas","embeddable":true,"href":"https:\/\/www.xn--tuksimaailm-ffb.ee\/en\/wp-json\/wp\/v2\/filter_elektritoukeratas?post=58104"}],"curies":[{"name":"wp","href":"https:\/\/api.w.org\/{rel}","templated":true}]}}