{"id":58105,"date":"2021-12-08T18:56:22","date_gmt":"2021-12-08T18:56:22","guid":{"rendered":"http:\/\/www.xn--tuksimaailm-ffb.ee\/shop\/studded-tyre-60-70-6-5-ninebot-max-g30\/"},"modified":"2021-12-08T18:56:22","modified_gmt":"2021-12-08T15:56:22","slug":"studded-tyre-60-70-6-5-ninebot-max-g30","status":"publish","type":"product","link":"https:\/\/www.xn--tuksimaailm-ffb.ee\/en\/product\/studded-tyre-60-70-6-5-ninebot-max-g30\/","title":{"rendered":"Studded tyre 60\/70-6.5 - Ninebot Max G30"},"content":{"rendered":"<p>Studded \/ studded 60\/70-6.5 (also external rubber, external tyre). Original Segway tyre with spiked inner ply and studs \/ studs on the tread. Suitable for <a href=\"http:\/\/www.xn--tuksimaailm-ffb.ee\/shop\/elektriline-toukeratas-ninebot-max-g30\/\"><b><strong>Segway<\/strong><\/b><\/a> electric scooter <a href=\"http:\/\/www.xn--tuksimaailm-ffb.ee\/shop\/elektriline-toukeratas-ninebot-max-g30\/\"><b><strong>Ninebot Max G30<\/strong><\/b><\/a>, <a href=\"https:\/\/ee-en.segway.com\/products\/ninebot-kickscooter-max-g30le-powered-by-segway\"><b><strong>Ninebot Max G30LE<\/strong><\/b><\/a><b><strong>, as well as <\/strong><\/b>electric scooter <b><strong>Ninebot Max G30P <\/strong><\/b>and <a href=\"https:\/\/eu-en.segway.com\/products\/ninebot-kickscooter-max-g30-1\"><b><strong>G30E II<\/strong><\/b><\/a>.<\/p>\n<p><b><strong>NB:<\/strong><\/b> If your scooter already has original tyres without studs (not too worn out), our <a href=\"http:\/\/www.xn--tuksimaailm-ffb.ee\/elektrilise-toukeratta-remont\/\"><b><strong>workshop<\/strong><\/b><\/a> also offers a stud fitting service for existing tyres at a price of <b><strong>25\u20ac\/tyre<\/strong><\/b> (price includes 28 studs + fitting). Studded 60\/70-6.5 tyre with original puncture resistant inner liner is the best possible tyre if you want to take your Segway Max electric scooter out for a ride in winter weather conditions.<\/p>\n<p>The studs mounted on the outer surface of the tyre provide significantly better grip on ice and snow. Due to the small size and air volume of its tyres, the electric scooter is at risk of the inner tubes breaking under impact. We therefore recommend checking tyre pressure once every 2 weeks, or before each ride if the electric scooter is ridden less frequently. When inflating tyres, we strongly recommend the use of <a href=\"http:\/\/www.xn--tuksimaailm-ffb.ee\/tootekategooria\/lisavarustus\/\">pressure gauge pumps<\/a> to ensure the exact tyre pressure recommended by the electric scooter manufacturer. You can read more about changing tyres on electric scooters in our <a href=\"http:\/\/www.xn--tuksimaailm-ffb.ee\/elektritoukeratta-rehvivahetus\/\">blog post<\/a>.<\/p>\n","protected":false},"excerpt":{"rendered":"<p>Studded \/ studded 60\/70-6.5 (also external rubber, external tyre). Original Segway tyre with spiked inner ply and studs \/ studs on the tread. Suitable for Segway electric scooter Ninebot Max G30, Ninebot Max G30LE, as well as electric scooter Ninebot Max G30P and G30E II. NB: If your scooter already &hellip;<\/p>\n","protected":false},"featured_media":77882,"template":"","meta":[],"product_brand":[],"product_cat":[726],"product_tag":[3304,3208],"filter_elektritoukeratas":[2699,2640,2638,2637],"class_list":{"0":"post-58105","1":"product","2":"type-product","3":"status-publish","4":"has-post-thumbnail","6":"product_cat-spare-parts","7":"product_tag-segway-ninebot-spare-parts","8":"product_tag-tyres","9":"pa_size-60-70-6-5-ninebot-max-g30-original-tyre-with-puncture-resistant-ply","10":"pa_size-60-70-6-5-ninebot-max-g30-original-tyre-without-puncture-resistant-ply","11":"pa_tootetuup-tyres","12":"filter_elektritoukeratas-ft_hx_x9_max_x9_plus","13":"filter_elektritoukeratas-ft_segway_ninebot_f20d_f25e_ii_f30d_f40d_f40d_ii","14":"filter_elektritoukeratas-ft_segway_ninebot_max_g2e_g65","15":"filter_elektritoukeratas-ft_segway_ninebot_max_g30p_g30le_g30e_ii_g30lp_ii","17":"first","18":"instock","19":"taxable","20":"shipping-taxable","21":"purchasable","22":"product-type-simple"},"yoast_head":"<!-- This site is optimized with the Yoast SEO Premium plugin v26.8 (Yoast SEO v27.5) - https:\/\/yoast.com\/product\/yoast-seo-premium-wordpress\/ -->\n<title>Studded tyre 60\/70-6.5 - Ninebot Max G30 | T\u00f5uksimaailm<\/title>\n<meta name=\"description\" content=\"Studded \/ studded 60\/70-6.5 (external). Studs \/ nails on the surface. Electric scooter Ninebot Max G30, electric scooter Max G30LE.\" \/>\n<meta name=\"robots\" content=\"index, follow, max-snippet:-1, max-image-preview:large, max-video-preview:-1\" \/>\n<link rel=\"canonical\" href=\"https:\/\/www.xn--tuksimaailm-ffb.ee\/en\/product\/studded-tyre-60-70-6-5-ninebot-max-g30\/\" \/>\n<meta property=\"og:locale\" content=\"en_US\" \/>\n<meta property=\"og:type\" content=\"article\" \/>\n<meta property=\"og:title\" content=\"Studded tyre 60\/70-6.5 - Ninebot Max G30\" \/>\n<meta property=\"og:description\" content=\"Studded \/ studded 60\/70-6.5 (external). Studs \/ nails on the surface. Electric scooter Ninebot Max G30, electric scooter Max G30LE.\" \/>\n<meta property=\"og:url\" content=\"https:\/\/www.xn--tuksimaailm-ffb.ee\/en\/product\/studded-tyre-60-70-6-5-ninebot-max-g30\/\" \/>\n<meta property=\"og:site_name\" content=\"T\u00f5uksimaailm\" \/>\n<meta property=\"article:publisher\" content=\"https:\/\/www.facebook.com\/touksimaailm\/\" \/>\n<meta property=\"og:image\" content=\"https:\/\/www.xn--tuksimaailm-ffb.ee\/wp-content\/uploads\/2021\/12\/max-naelrehv-1-1.jpg\" \/>\n\t<meta property=\"og:image:width\" content=\"795\" \/>\n\t<meta property=\"og:image:height\" content=\"905\" \/>\n\t<meta property=\"og:image:type\" content=\"image\/jpeg\" \/>\n<meta name=\"twitter:card\" content=\"summary_large_image\" \/>\n<meta name=\"twitter:label1\" content=\"Price\" \/>\n\t<meta name=\"twitter:data1\" content=\"&euro;79.50\" \/>\n\t<meta name=\"twitter:label2\" content=\"Availability\" \/>\n\t<meta name=\"twitter:data2\" content=\"In stock\" \/>\n<meta property=\"product:price:amount\" content=\"79.50\" \/>\n<meta property=\"product:price:currency\" content=\"EUR\" \/>\n<meta property=\"og:availability\" content=\"instock\" \/>\n<meta property=\"product:availability\" content=\"instock\" \/>\n<meta property=\"product:retailer_item_id\" content=\"VR-G30-NAELTEGA\" \/>\n<meta property=\"product:condition\" content=\"new\" \/>\n<!-- \/ Yoast SEO Premium plugin. -->","yoast_head_json":{"title":"Studded tyre 60\/70-6.5 - Ninebot Max G30 | T\u00f5uksimaailm","description":"Studded \/ studded 60\/70-6.5 (external). Studs \/ nails on the surface. Electric scooter Ninebot Max G30, electric scooter Max G30LE.","robots":{"index":"index","follow":"follow","max-snippet":"max-snippet:-1","max-image-preview":"max-image-preview:large","max-video-preview":"max-video-preview:-1"},"canonical":"https:\/\/www.xn--tuksimaailm-ffb.ee\/en\/product\/studded-tyre-60-70-6-5-ninebot-max-g30\/","og_locale":"en_US","og_type":"article","og_title":"Studded tyre 60\/70-6.5 - Ninebot Max G30","og_description":"Studded \/ studded 60\/70-6.5 (external). Studs \/ nails on the surface. Electric scooter Ninebot Max G30, electric scooter Max G30LE.","og_url":"https:\/\/www.xn--tuksimaailm-ffb.ee\/en\/product\/studded-tyre-60-70-6-5-ninebot-max-g30\/","og_site_name":"T\u00f5uksimaailm","article_publisher":"https:\/\/www.facebook.com\/touksimaailm\/","og_image":[{"width":795,"height":905,"url":"https:\/\/www.xn--tuksimaailm-ffb.ee\/wp-content\/uploads\/2021\/12\/max-naelrehv-1-1.jpg","type":"image\/jpeg"}],"twitter_card":"summary_large_image","twitter_misc":{"Price":"&euro;79.50","Availability":"In stock"},"schema":{"@context":"https:\/\/schema.org","@graph":[{"@type":"WebPage","@id":"https:\/\/www.xn--tuksimaailm-ffb.ee\/en\/product\/studded-tyre-60-70-6-5-ninebot-max-g30\/","url":"https:\/\/www.xn--tuksimaailm-ffb.ee\/en\/product\/studded-tyre-60-70-6-5-ninebot-max-g30\/","name":"Studded tyre 60\/70-6.5 - Ninebot Max G30 | T\u00f5uksimaailm","isPartOf":{"@id":"https:\/\/www.xn--tuksimaailm-ffb.ee\/en\/#website"},"primaryImageOfPage":{"@id":"https:\/\/www.xn--tuksimaailm-ffb.ee\/en\/product\/studded-tyre-60-70-6-5-ninebot-max-g30\/#primaryimage"},"image":{"@id":"https:\/\/www.xn--tuksimaailm-ffb.ee\/en\/product\/studded-tyre-60-70-6-5-ninebot-max-g30\/#primaryimage"},"thumbnailUrl":"https:\/\/www.xn--tuksimaailm-ffb.ee\/wp-content\/uploads\/2021\/12\/Screenshot-2026-02-05-202546.webp","datePublished":"2021-12-08T18:56:22+00:00","description":"Studded \/ studded 60\/70-6.5 (external). Studs \/ nails on the surface. Electric scooter Ninebot Max G30, electric scooter Max G30LE.","breadcrumb":{"@id":"https:\/\/www.xn--tuksimaailm-ffb.ee\/en\/product\/studded-tyre-60-70-6-5-ninebot-max-g30\/#breadcrumb"},"inLanguage":"en-US","potentialAction":[{"@type":"ReadAction","target":["https:\/\/www.xn--tuksimaailm-ffb.ee\/en\/product\/studded-tyre-60-70-6-5-ninebot-max-g30\/"]}]},{"@type":"ImageObject","inLanguage":"en-US","@id":"https:\/\/www.xn--tuksimaailm-ffb.ee\/en\/product\/studded-tyre-60-70-6-5-ninebot-max-g30\/#primaryimage","url":"https:\/\/www.xn--tuksimaailm-ffb.ee\/wp-content\/uploads\/2021\/12\/Screenshot-2026-02-05-202546.webp","contentUrl":"https:\/\/www.xn--tuksimaailm-ffb.ee\/wp-content\/uploads\/2021\/12\/Screenshot-2026-02-05-202546.webp","width":953,"height":996,"caption":"Naelrehv \/ naastrehv 60\/70-6.5 - Ninebot Max G30"},{"@type":"BreadcrumbList","@id":"https:\/\/www.xn--tuksimaailm-ffb.ee\/en\/product\/studded-tyre-60-70-6-5-ninebot-max-g30\/#breadcrumb","itemListElement":[{"@type":"ListItem","position":1,"name":"Home","item":"https:\/\/www.xn--tuksimaailm-ffb.ee\/en\/main-page\/"},{"@type":"ListItem","position":2,"name":"Shop","item":"https:\/\/www.xn--tuksimaailm-ffb.ee\/elektritoukerataste-pood\/"},{"@type":"ListItem","position":3,"name":"Studded tyre 60\/70-6.5 - Ninebot Max G30"}]},{"@type":"WebSite","@id":"https:\/\/www.xn--tuksimaailm-ffb.ee\/en\/#website","url":"https:\/\/www.xn--tuksimaailm-ffb.ee\/en\/","name":"T\u00f5uksimaailm","description":"Elektrit\u00f5ukerataste m\u00fc\u00fck, remont ja rent","publisher":{"@id":"https:\/\/www.xn--tuksimaailm-ffb.ee\/en\/#organization"},"potentialAction":[{"@type":"SearchAction","target":{"@type":"EntryPoint","urlTemplate":"https:\/\/www.xn--tuksimaailm-ffb.ee\/en\/?s={search_term_string}"},"query-input":{"@type":"PropertyValueSpecification","valueRequired":true,"valueName":"search_term_string"}}],"inLanguage":"en-US"},{"@type":"Organization","@id":"https:\/\/www.xn--tuksimaailm-ffb.ee\/en\/#organization","name":"T\u00f5uksimaailm","url":"https:\/\/www.xn--tuksimaailm-ffb.ee\/en\/","logo":{"@type":"ImageObject","inLanguage":"en-US","@id":"https:\/\/www.xn--tuksimaailm-ffb.ee\/en\/#\/schema\/logo\/image\/","url":"https:\/\/www.xn--tuksimaailm-ffb.ee\/wp-content\/uploads\/2020\/01\/logoz-e1579792875517.png","contentUrl":"https:\/\/www.xn--tuksimaailm-ffb.ee\/wp-content\/uploads\/2020\/01\/logoz-e1579792875517.png","width":250,"height":250,"caption":"T\u00f5uksimaailm"},"image":{"@id":"https:\/\/www.xn--tuksimaailm-ffb.ee\/en\/#\/schema\/logo\/image\/"},"sameAs":["https:\/\/www.facebook.com\/touksimaailm\/","https:\/\/www.instagram.com\/touksimaailm_\/","https:\/\/www.youtube.com\/channel\/UC18ml0EKIDLP1xGuQjFzcXQ"]}]},"product_price_amount":"79.50","product_price_currency":"EUR","og_availability":"instock","product_availability":"instock","product_retailer_item_id":"VR-G30-NAELTEGA","product_condition":"new"},"jetpack_sharing_enabled":true,"_links":{"self":[{"href":"https:\/\/www.xn--tuksimaailm-ffb.ee\/en\/wp-json\/wp\/v2\/product\/58105","targetHints":{"allow":["GET"]}}],"collection":[{"href":"https:\/\/www.xn--tuksimaailm-ffb.ee\/en\/wp-json\/wp\/v2\/product"}],"about":[{"href":"https:\/\/www.xn--tuksimaailm-ffb.ee\/en\/wp-json\/wp\/v2\/types\/product"}],"wp:featuredmedia":[{"embeddable":true,"href":"https:\/\/www.xn--tuksimaailm-ffb.ee\/en\/wp-json\/wp\/v2\/media\/77882"}],"wp:attachment":[{"href":"https:\/\/www.xn--tuksimaailm-ffb.ee\/en\/wp-json\/wp\/v2\/media?parent=58105"}],"wp:term":[{"taxonomy":"product_brand","embeddable":true,"href":"https:\/\/www.xn--tuksimaailm-ffb.ee\/en\/wp-json\/wp\/v2\/product_brand?post=58105"},{"taxonomy":"product_cat","embeddable":true,"href":"https:\/\/www.xn--tuksimaailm-ffb.ee\/en\/wp-json\/wp\/v2\/product_cat?post=58105"},{"taxonomy":"product_tag","embeddable":true,"href":"https:\/\/www.xn--tuksimaailm-ffb.ee\/en\/wp-json\/wp\/v2\/product_tag?post=58105"},{"taxonomy":"filter_elektritoukeratas","embeddable":true,"href":"https:\/\/www.xn--tuksimaailm-ffb.ee\/en\/wp-json\/wp\/v2\/filter_elektritoukeratas?post=58105"}],"curies":[{"name":"wp","href":"https:\/\/api.w.org\/{rel}","templated":true}]}}