{"id":58126,"date":"2022-01-15T13:32:02","date_gmt":"2022-01-15T10:32:02","guid":{"rendered":"http:\/\/www.xn--tuksimaailm-ffb.ee\/shop\/pneumatic-scooter-solid-tyre-10x2-125\/"},"modified":"2022-01-15T13:32:02","modified_gmt":"2022-01-15T10:32:02","slug":"pneumatic-scooter-solid-tyre-10x2-125","status":"publish","type":"product","link":"https:\/\/www.xn--tuksimaailm-ffb.ee\/en\/product\/pneumatic-scooter-solid-tyre-10x2-125\/","title":{"rendered":"Pneumatic scooter solid tyre 10x2.125\""},"content":{"rendered":"<p>Pneumatic scooter solid tyre 10x2.125\"<\/p>\n","protected":false},"excerpt":{"rendered":"<p>Pneumatic scooter solid tyre 10x2.125\"<\/p>\n","protected":false},"featured_media":55918,"template":"","meta":[],"product_brand":[],"product_cat":[726],"product_tag":[],"filter_elektritoukeratas":[2686,2687,2705,2704,2706,2697,2698,2714,2715,2717,2679,2668,2755,2694,2695,2693,2691,2692,2646,2750],"class_list":{"0":"post-58126","1":"product","2":"type-product","3":"status-publish","4":"has-post-thumbnail","6":"product_cat-spare-parts","7":"pa_tootetuup-solid-tyres-honeycomb-tyres","8":"filter_elektritoukeratas-ft_blaupunkt_esc808","9":"filter_elektritoukeratas-ft_blaupunkt_esc910","10":"filter_elektritoukeratas-ft_gpad_foxen","11":"filter_elektritoukeratas-ft_gpad_joyride","12":"filter_elektritoukeratas-ft_gpad_storm","13":"filter_elektritoukeratas-ft_hx_x7","14":"filter_elektritoukeratas-ft_hx_x8","15":"filter_elektritoukeratas-ft_inokim_ox_eco_hero_super","16":"filter_elektritoukeratas-ft_inokim_oxo","17":"filter_elektritoukeratas-ft_joyor_x1_x5s","18":"filter_elektritoukeratas-ft_kugoo_g1","19":"filter_elektritoukeratas-ft_kugoo_m4_m4_pro","20":"filter_elektritoukeratas-ft_techlife_x7_x7_lite_x7s","21":"filter_elektritoukeratas-ft_velt_smart_eco","22":"filter_elektritoukeratas-ft_velt_smart_pro","23":"filter_elektritoukeratas-ft_velt_smart_x7","24":"filter_elektritoukeratas-ft_velt_smart_x8","25":"filter_elektritoukeratas-ft_velt_smart_x8_pro","26":"filter_elektritoukeratas-ft_vsett_10_plus","27":"filter_elektritoukeratas-ft_zero_10x","29":"first","30":"instock","31":"taxable","32":"shipping-taxable","33":"purchasable","34":"product-type-simple"},"yoast_head":"<!-- This site is optimized with the Yoast SEO Premium plugin v26.8 (Yoast SEO v27.5) - https:\/\/yoast.com\/product\/yoast-seo-premium-wordpress\/ -->\n<title>Pneumatic scooter solid tyre 10x2.125&quot; &#8212; T\u00f5uksimaailm<\/title>\n<meta name=\"description\" content=\"Solid tyre for electric scooter (also solid, honeycomb, puncture resistant), size 10x2.125&quot;. Universal electric scooter spare part.\" \/>\n<meta name=\"robots\" content=\"index, follow, max-snippet:-1, max-image-preview:large, max-video-preview:-1\" \/>\n<link rel=\"canonical\" href=\"https:\/\/www.xn--tuksimaailm-ffb.ee\/en\/product\/pneumatic-scooter-solid-tyre-10x2-125\/\" \/>\n<meta property=\"og:locale\" content=\"en_US\" \/>\n<meta property=\"og:type\" content=\"article\" \/>\n<meta property=\"og:title\" content=\"Pneumatic scooter solid tyre 10x2.125&quot;\" \/>\n<meta property=\"og:description\" content=\"Solid tyre for electric scooter (also solid, honeycomb, puncture resistant), size 10x2.125&quot;. Universal electric scooter spare part.\" \/>\n<meta property=\"og:url\" content=\"https:\/\/www.xn--tuksimaailm-ffb.ee\/en\/product\/pneumatic-scooter-solid-tyre-10x2-125\/\" \/>\n<meta property=\"og:site_name\" content=\"T\u00f5uksimaailm\" \/>\n<meta property=\"article:publisher\" content=\"https:\/\/www.facebook.com\/touksimaailm\/\" \/>\n<meta property=\"og:image\" content=\"https:\/\/www.xn--tuksimaailm-ffb.ee\/wp-content\/uploads\/2022\/01\/Screenshot-2025-01-29-112413.webp\" \/>\n\t<meta property=\"og:image:width\" content=\"1059\" \/>\n\t<meta property=\"og:image:height\" content=\"900\" \/>\n\t<meta property=\"og:image:type\" content=\"image\/webp\" \/>\n<meta name=\"twitter:card\" content=\"summary_large_image\" \/>\n<meta name=\"twitter:label1\" content=\"Price\" \/>\n\t<meta name=\"twitter:data1\" content=\"&euro;28.00\" \/>\n\t<meta name=\"twitter:label2\" content=\"Availability\" \/>\n\t<meta name=\"twitter:data2\" content=\"In stock\" \/>\n<meta property=\"product:price:amount\" content=\"28.00\" \/>\n<meta property=\"product:price:currency\" content=\"EUR\" \/>\n<meta property=\"og:availability\" content=\"instock\" \/>\n<meta property=\"product:availability\" content=\"instock\" \/>\n<meta property=\"product:condition\" content=\"new\" \/>\n<!-- \/ Yoast SEO Premium plugin. -->","yoast_head_json":{"title":"Pneumatic scooter solid tyre 10x2.125\" &#8212; T\u00f5uksimaailm","description":"Solid tyre for electric scooter (also solid, honeycomb, puncture resistant), size 10x2.125\". Universal electric scooter spare part.","robots":{"index":"index","follow":"follow","max-snippet":"max-snippet:-1","max-image-preview":"max-image-preview:large","max-video-preview":"max-video-preview:-1"},"canonical":"https:\/\/www.xn--tuksimaailm-ffb.ee\/en\/product\/pneumatic-scooter-solid-tyre-10x2-125\/","og_locale":"en_US","og_type":"article","og_title":"Pneumatic scooter solid tyre 10x2.125\"","og_description":"Solid tyre for electric scooter (also solid, honeycomb, puncture resistant), size 10x2.125\". Universal electric scooter spare part.","og_url":"https:\/\/www.xn--tuksimaailm-ffb.ee\/en\/product\/pneumatic-scooter-solid-tyre-10x2-125\/","og_site_name":"T\u00f5uksimaailm","article_publisher":"https:\/\/www.facebook.com\/touksimaailm\/","og_image":[{"width":1059,"height":900,"url":"https:\/\/www.xn--tuksimaailm-ffb.ee\/wp-content\/uploads\/2022\/01\/Screenshot-2025-01-29-112413.webp","type":"image\/webp"}],"twitter_card":"summary_large_image","twitter_misc":{"Price":"&euro;28.00","Availability":"In stock"},"schema":{"@context":"https:\/\/schema.org","@graph":[{"@type":"WebPage","@id":"https:\/\/www.xn--tuksimaailm-ffb.ee\/en\/product\/pneumatic-scooter-solid-tyre-10x2-125\/","url":"https:\/\/www.xn--tuksimaailm-ffb.ee\/en\/product\/pneumatic-scooter-solid-tyre-10x2-125\/","name":"Pneumatic scooter solid tyre 10x2.125\" &#8212; T\u00f5uksimaailm","isPartOf":{"@id":"https:\/\/www.xn--tuksimaailm-ffb.ee\/en\/#website"},"primaryImageOfPage":{"@id":"https:\/\/www.xn--tuksimaailm-ffb.ee\/en\/product\/pneumatic-scooter-solid-tyre-10x2-125\/#primaryimage"},"image":{"@id":"https:\/\/www.xn--tuksimaailm-ffb.ee\/en\/product\/pneumatic-scooter-solid-tyre-10x2-125\/#primaryimage"},"thumbnailUrl":"https:\/\/www.xn--tuksimaailm-ffb.ee\/wp-content\/uploads\/2022\/01\/Screenshot-2025-01-29-112413.webp","datePublished":"2022-01-15T10:32:02+00:00","description":"Solid tyre for electric scooter (also solid, honeycomb, puncture resistant), size 10x2.125\". Universal electric scooter spare part.","breadcrumb":{"@id":"https:\/\/www.xn--tuksimaailm-ffb.ee\/en\/product\/pneumatic-scooter-solid-tyre-10x2-125\/#breadcrumb"},"inLanguage":"en-US","potentialAction":[{"@type":"ReadAction","target":["https:\/\/www.xn--tuksimaailm-ffb.ee\/en\/product\/pneumatic-scooter-solid-tyre-10x2-125\/"]}]},{"@type":"ImageObject","inLanguage":"en-US","@id":"https:\/\/www.xn--tuksimaailm-ffb.ee\/en\/product\/pneumatic-scooter-solid-tyre-10x2-125\/#primaryimage","url":"https:\/\/www.xn--tuksimaailm-ffb.ee\/wp-content\/uploads\/2022\/01\/Screenshot-2025-01-29-112413.webp","contentUrl":"https:\/\/www.xn--tuksimaailm-ffb.ee\/wp-content\/uploads\/2022\/01\/Screenshot-2025-01-29-112413.webp","width":1059,"height":900,"caption":"Pneumatic scooter solid tyre 10x2.125\""},{"@type":"BreadcrumbList","@id":"https:\/\/www.xn--tuksimaailm-ffb.ee\/en\/product\/pneumatic-scooter-solid-tyre-10x2-125\/#breadcrumb","itemListElement":[{"@type":"ListItem","position":1,"name":"Home","item":"https:\/\/www.xn--tuksimaailm-ffb.ee\/en\/main-page\/"},{"@type":"ListItem","position":2,"name":"Shop","item":"https:\/\/www.xn--tuksimaailm-ffb.ee\/elektritoukerataste-pood\/"},{"@type":"ListItem","position":3,"name":"Pneumatic scooter solid tyre 10x2.125\""}]},{"@type":"WebSite","@id":"https:\/\/www.xn--tuksimaailm-ffb.ee\/en\/#website","url":"https:\/\/www.xn--tuksimaailm-ffb.ee\/en\/","name":"T\u00f5uksimaailm","description":"Elektrit\u00f5ukerataste m\u00fc\u00fck, remont ja rent","publisher":{"@id":"https:\/\/www.xn--tuksimaailm-ffb.ee\/en\/#organization"},"potentialAction":[{"@type":"SearchAction","target":{"@type":"EntryPoint","urlTemplate":"https:\/\/www.xn--tuksimaailm-ffb.ee\/en\/?s={search_term_string}"},"query-input":{"@type":"PropertyValueSpecification","valueRequired":true,"valueName":"search_term_string"}}],"inLanguage":"en-US"},{"@type":"Organization","@id":"https:\/\/www.xn--tuksimaailm-ffb.ee\/en\/#organization","name":"T\u00f5uksimaailm","url":"https:\/\/www.xn--tuksimaailm-ffb.ee\/en\/","logo":{"@type":"ImageObject","inLanguage":"en-US","@id":"https:\/\/www.xn--tuksimaailm-ffb.ee\/en\/#\/schema\/logo\/image\/","url":"https:\/\/www.xn--tuksimaailm-ffb.ee\/wp-content\/uploads\/2020\/01\/logoz-e1579792875517.png","contentUrl":"https:\/\/www.xn--tuksimaailm-ffb.ee\/wp-content\/uploads\/2020\/01\/logoz-e1579792875517.png","width":250,"height":250,"caption":"T\u00f5uksimaailm"},"image":{"@id":"https:\/\/www.xn--tuksimaailm-ffb.ee\/en\/#\/schema\/logo\/image\/"},"sameAs":["https:\/\/www.facebook.com\/touksimaailm\/","https:\/\/www.instagram.com\/touksimaailm_\/","https:\/\/www.youtube.com\/channel\/UC18ml0EKIDLP1xGuQjFzcXQ"]}]},"product_price_amount":"28.00","product_price_currency":"EUR","og_availability":"instock","product_availability":"instock","product_condition":"new"},"jetpack_sharing_enabled":true,"_links":{"self":[{"href":"https:\/\/www.xn--tuksimaailm-ffb.ee\/en\/wp-json\/wp\/v2\/product\/58126","targetHints":{"allow":["GET"]}}],"collection":[{"href":"https:\/\/www.xn--tuksimaailm-ffb.ee\/en\/wp-json\/wp\/v2\/product"}],"about":[{"href":"https:\/\/www.xn--tuksimaailm-ffb.ee\/en\/wp-json\/wp\/v2\/types\/product"}],"wp:featuredmedia":[{"embeddable":true,"href":"https:\/\/www.xn--tuksimaailm-ffb.ee\/en\/wp-json\/wp\/v2\/media\/55918"}],"wp:attachment":[{"href":"https:\/\/www.xn--tuksimaailm-ffb.ee\/en\/wp-json\/wp\/v2\/media?parent=58126"}],"wp:term":[{"taxonomy":"product_brand","embeddable":true,"href":"https:\/\/www.xn--tuksimaailm-ffb.ee\/en\/wp-json\/wp\/v2\/product_brand?post=58126"},{"taxonomy":"product_cat","embeddable":true,"href":"https:\/\/www.xn--tuksimaailm-ffb.ee\/en\/wp-json\/wp\/v2\/product_cat?post=58126"},{"taxonomy":"product_tag","embeddable":true,"href":"https:\/\/www.xn--tuksimaailm-ffb.ee\/en\/wp-json\/wp\/v2\/product_tag?post=58126"},{"taxonomy":"filter_elektritoukeratas","embeddable":true,"href":"https:\/\/www.xn--tuksimaailm-ffb.ee\/en\/wp-json\/wp\/v2\/filter_elektritoukeratas?post=58126"}],"curies":[{"name":"wp","href":"https:\/\/api.w.org\/{rel}","templated":true}]}}