{"id":58220,"date":"2022-01-15T15:55:50","date_gmt":"2022-01-15T15:55:50","guid":{"rendered":"http:\/\/www.xn--tuksimaailm-ffb.ee\/shop\/lockable-electric-scooter-bicycle-handlebar-grips\/"},"modified":"2022-01-15T15:55:50","modified_gmt":"2022-01-15T12:55:50","slug":"lockable-electric-scooter-bicycle-handlebar-grips","status":"publish","type":"product","link":"https:\/\/www.xn--tuksimaailm-ffb.ee\/en\/product\/lockable-electric-scooter-bicycle-handlebar-grips\/","title":{"rendered":"Lockable electric scooter \/ bicycle handlebar grips"},"content":{"rendered":"<p>Lockable electric scooter \/ bicycle handlebar grips<\/p>\n","protected":false},"excerpt":{"rendered":"<p>Lockable electric scooter \/ bicycle handlebar grips<\/p>\n","protected":false},"featured_media":72199,"template":"","meta":[],"product_brand":[],"product_cat":[746,726],"product_tag":[3388],"filter_elektritoukeratas":[2689,2688,2730,2733,2732,2736,2734,2735,2610,2737,2707,2705,2704,2706,2699,2714,2715,2721,2720,2717,2722,2726,2725,2727,2724,2728,2681,2678,2679,2680,2671,2672,2670,2669,2673,2674,2675,2676,3238,2668,2677,2731,2729,2740,2741,2739,2743,2742,2744,2753,2754,2755,2756,3239,2748,2750,2751,2746,2749,2747],"class_list":{"0":"post-58220","1":"product","2":"type-product","3":"status-publish","4":"has-post-thumbnail","6":"product_cat-accessories","7":"product_cat-spare-parts","8":"product_tag-handlegrips","9":"pa_tootetuup-handlegrips","10":"filter_elektritoukeratas-ft_blaupunkt_erl814","11":"filter_elektritoukeratas-ft_blaupunkt_esc608","12":"filter_elektritoukeratas-ft_dualtron_eagle","13":"filter_elektritoukeratas-ft_dualtron_mini","14":"filter_elektritoukeratas-ft_dualtron_spider","15":"filter_elektritoukeratas-ft_dualtron_storm","16":"filter_elektritoukeratas-ft_dualtron_thunder","17":"filter_elektritoukeratas-ft_dualtron_ultra","18":"filter_elektritoukeratas-ft_dualtron_victor","19":"filter_elektritoukeratas-ft_dualtron_x_x2","20":"filter_elektritoukeratas-ft_gpad_f3_max","21":"filter_elektritoukeratas-ft_gpad_foxen","22":"filter_elektritoukeratas-ft_gpad_joyride","23":"filter_elektritoukeratas-ft_gpad_storm","24":"filter_elektritoukeratas-ft_hx_x9_max_x9_plus","25":"filter_elektritoukeratas-ft_inokim_ox_eco_hero_super","26":"filter_elektritoukeratas-ft_inokim_oxo","27":"filter_elektritoukeratas-ft_joyor_g5_g5s","28":"filter_elektritoukeratas-ft_joyor_s5_s10-s_s_pro","29":"filter_elektritoukeratas-ft_joyor_x1_x5s","30":"filter_elektritoukeratas-ft_joyor_y10_y6_s_y5s","31":"filter_elektritoukeratas-ft_kaabo_mantis_10","32":"filter_elektritoukeratas-ft_kaabo_mantis_8","33":"filter_elektritoukeratas-ft_kaabo_mantis_king_gt","34":"filter_elektritoukeratas-ft_kaabo_skywalker","35":"filter_elektritoukeratas-ft_kaabo_wolf","36":"filter_elektritoukeratas-ft_kugoo_c1_c1_pro","37":"filter_elektritoukeratas-ft_kugoo_g_booster","38":"filter_elektritoukeratas-ft_kugoo_g1","39":"filter_elektritoukeratas-ft_kugoo_g1_pro","40":"filter_elektritoukeratas-ft_kugoo_g2","41":"filter_elektritoukeratas-ft_kugoo_g2_master","42":"filter_elektritoukeratas-ft_kugoo_g2_max","43":"filter_elektritoukeratas-ft_kugoo_g2_pro","44":"filter_elektritoukeratas-ft_kugoo_g3","45":"filter_elektritoukeratas-ft_kugoo_g3_pro","46":"filter_elektritoukeratas-ft_kugoo_g4","47":"filter_elektritoukeratas-ft_kugoo_g4_max","48":"filter_elektritoukeratas-ft_kugoo_m2","49":"filter_elektritoukeratas-ft_kugoo_m4_m4_pro","50":"filter_elektritoukeratas-ft_kugoo_m5_pro","51":"filter_elektritoukeratas-ft_minimotors_speedway_4_5","52":"filter_elektritoukeratas-ft_minimotors_speedway_leger","53":"filter_elektritoukeratas-ft_nanrobot_d4_plus","54":"filter_elektritoukeratas-ft_nanrobot_d6_plus","55":"filter_elektritoukeratas-ft_nanrobot_lightning","56":"filter_elektritoukeratas-ft_nanrobot_ls7plus","57":"filter_elektritoukeratas-ft_nanrobot_n6","58":"filter_elektritoukeratas-ft_nanrobot_x_spark","59":"filter_elektritoukeratas-ft_techlife_x5_x5s","60":"filter_elektritoukeratas-ft_techlife_x6","61":"filter_elektritoukeratas-ft_techlife_x7_x7_lite_x7s","62":"filter_elektritoukeratas-ft_techlife_x8_x8s","63":"filter_elektritoukeratas-ft_techlife_x9","64":"filter_elektritoukeratas-ft_zero_10","65":"filter_elektritoukeratas-ft_zero_10x","66":"filter_elektritoukeratas-ft_zero_11x","67":"filter_elektritoukeratas-ft_zero_8","68":"filter_elektritoukeratas-ft_zero_8x_compact","69":"filter_elektritoukeratas-ft_zero_9","71":"first","72":"instock","73":"taxable","74":"shipping-taxable","75":"purchasable","76":"product-type-simple"},"yoast_head":"<!-- This site is optimized with the Yoast SEO Premium plugin v26.8 (Yoast SEO v27.5) - https:\/\/yoast.com\/product\/yoast-seo-premium-wordpress\/ -->\n<title>Lockable electric scooter \/ bicycle handlebar grips &#8212; T\u00f5uksimaailm<\/title>\n<meta name=\"description\" content=\"Lockable electric scooter \/ bicycle handlebar grips\" \/>\n<meta name=\"robots\" content=\"index, follow, max-snippet:-1, max-image-preview:large, max-video-preview:-1\" \/>\n<link rel=\"canonical\" href=\"https:\/\/www.xn--tuksimaailm-ffb.ee\/en\/product\/lockable-electric-scooter-bicycle-handlebar-grips\/\" \/>\n<meta property=\"og:locale\" content=\"en_US\" \/>\n<meta property=\"og:type\" content=\"article\" \/>\n<meta property=\"og:title\" content=\"Lockable electric scooter \/ bicycle handlebar grips\" \/>\n<meta property=\"og:description\" content=\"Lockable electric scooter \/ bicycle handlebar grips\" \/>\n<meta property=\"og:url\" content=\"https:\/\/www.xn--tuksimaailm-ffb.ee\/en\/product\/lockable-electric-scooter-bicycle-handlebar-grips\/\" \/>\n<meta property=\"og:site_name\" content=\"T\u00f5uksimaailm\" \/>\n<meta property=\"article:publisher\" content=\"https:\/\/www.facebook.com\/touksimaailm\/\" \/>\n<meta property=\"og:image\" content=\"https:\/\/www.xn--tuksimaailm-ffb.ee\/wp-content\/uploads\/2022\/01\/Universaal-kaepidemed-mustad-jpg.webp\" \/>\n\t<meta property=\"og:image:width\" content=\"1118\" \/>\n\t<meta property=\"og:image:height\" content=\"611\" \/>\n\t<meta property=\"og:image:type\" content=\"image\/jpeg\" \/>\n<meta name=\"twitter:card\" content=\"summary_large_image\" \/>\n<meta name=\"twitter:label1\" content=\"Price\" \/>\n\t<meta name=\"twitter:data1\" content=\"&euro;15.00\" \/>\n\t<meta name=\"twitter:label2\" content=\"Availability\" \/>\n\t<meta name=\"twitter:data2\" content=\"In stock\" \/>\n<meta property=\"product:price:amount\" content=\"15.00\" \/>\n<meta property=\"product:price:currency\" content=\"EUR\" \/>\n<meta property=\"og:availability\" content=\"instock\" \/>\n<meta property=\"product:availability\" content=\"instock\" \/>\n<meta property=\"product:retailer_item_id\" content=\"K\u00c4EPIDEMED-LUKUSTATAVAD\" \/>\n<meta property=\"product:condition\" content=\"new\" \/>\n<!-- \/ Yoast SEO Premium plugin. -->","yoast_head_json":{"title":"Lockable electric scooter \/ bicycle handlebar grips &#8212; T\u00f5uksimaailm","description":"Lockable electric scooter \/ bicycle handlebar grips","robots":{"index":"index","follow":"follow","max-snippet":"max-snippet:-1","max-image-preview":"max-image-preview:large","max-video-preview":"max-video-preview:-1"},"canonical":"https:\/\/www.xn--tuksimaailm-ffb.ee\/en\/product\/lockable-electric-scooter-bicycle-handlebar-grips\/","og_locale":"en_US","og_type":"article","og_title":"Lockable electric scooter \/ bicycle handlebar grips","og_description":"Lockable electric scooter \/ bicycle handlebar grips","og_url":"https:\/\/www.xn--tuksimaailm-ffb.ee\/en\/product\/lockable-electric-scooter-bicycle-handlebar-grips\/","og_site_name":"T\u00f5uksimaailm","article_publisher":"https:\/\/www.facebook.com\/touksimaailm\/","og_image":[{"width":1118,"height":611,"url":"https:\/\/www.xn--tuksimaailm-ffb.ee\/wp-content\/uploads\/2022\/01\/Universaal-kaepidemed-mustad-jpg.webp","type":"image\/jpeg"}],"twitter_card":"summary_large_image","twitter_misc":{"Price":"&euro;15.00","Availability":"In stock"},"schema":{"@context":"https:\/\/schema.org","@graph":[{"@type":"WebPage","@id":"https:\/\/www.xn--tuksimaailm-ffb.ee\/en\/product\/lockable-electric-scooter-bicycle-handlebar-grips\/","url":"https:\/\/www.xn--tuksimaailm-ffb.ee\/en\/product\/lockable-electric-scooter-bicycle-handlebar-grips\/","name":"Lockable electric scooter \/ bicycle handlebar grips &#8212; T\u00f5uksimaailm","isPartOf":{"@id":"https:\/\/www.xn--tuksimaailm-ffb.ee\/en\/#website"},"primaryImageOfPage":{"@id":"https:\/\/www.xn--tuksimaailm-ffb.ee\/en\/product\/lockable-electric-scooter-bicycle-handlebar-grips\/#primaryimage"},"image":{"@id":"https:\/\/www.xn--tuksimaailm-ffb.ee\/en\/product\/lockable-electric-scooter-bicycle-handlebar-grips\/#primaryimage"},"thumbnailUrl":"https:\/\/www.xn--tuksimaailm-ffb.ee\/wp-content\/uploads\/2022\/01\/Screenshot-2026-01-03-161126.webp","datePublished":"2022-01-15T15:55:50+00:00","description":"Lockable electric scooter \/ bicycle handlebar grips","breadcrumb":{"@id":"https:\/\/www.xn--tuksimaailm-ffb.ee\/en\/product\/lockable-electric-scooter-bicycle-handlebar-grips\/#breadcrumb"},"inLanguage":"en-US","potentialAction":[{"@type":"ReadAction","target":["https:\/\/www.xn--tuksimaailm-ffb.ee\/en\/product\/lockable-electric-scooter-bicycle-handlebar-grips\/"]}]},{"@type":"ImageObject","inLanguage":"en-US","@id":"https:\/\/www.xn--tuksimaailm-ffb.ee\/en\/product\/lockable-electric-scooter-bicycle-handlebar-grips\/#primaryimage","url":"https:\/\/www.xn--tuksimaailm-ffb.ee\/wp-content\/uploads\/2022\/01\/Screenshot-2026-01-03-161126.webp","contentUrl":"https:\/\/www.xn--tuksimaailm-ffb.ee\/wp-content\/uploads\/2022\/01\/Screenshot-2026-01-03-161126.webp","width":544,"height":469,"caption":"Lukustatavad elektrit\u00f5ukeratta \/ jalgratta lenksu k\u00e4epidemed"},{"@type":"BreadcrumbList","@id":"https:\/\/www.xn--tuksimaailm-ffb.ee\/en\/product\/lockable-electric-scooter-bicycle-handlebar-grips\/#breadcrumb","itemListElement":[{"@type":"ListItem","position":1,"name":"Home","item":"https:\/\/www.xn--tuksimaailm-ffb.ee\/en\/main-page\/"},{"@type":"ListItem","position":2,"name":"Shop","item":"https:\/\/www.xn--tuksimaailm-ffb.ee\/elektritoukerataste-pood\/"},{"@type":"ListItem","position":3,"name":"Lockable electric scooter \/ bicycle handlebar grips"}]},{"@type":"WebSite","@id":"https:\/\/www.xn--tuksimaailm-ffb.ee\/en\/#website","url":"https:\/\/www.xn--tuksimaailm-ffb.ee\/en\/","name":"T\u00f5uksimaailm","description":"Elektrit\u00f5ukerataste m\u00fc\u00fck, remont ja rent","publisher":{"@id":"https:\/\/www.xn--tuksimaailm-ffb.ee\/en\/#organization"},"potentialAction":[{"@type":"SearchAction","target":{"@type":"EntryPoint","urlTemplate":"https:\/\/www.xn--tuksimaailm-ffb.ee\/en\/?s={search_term_string}"},"query-input":{"@type":"PropertyValueSpecification","valueRequired":true,"valueName":"search_term_string"}}],"inLanguage":"en-US"},{"@type":"Organization","@id":"https:\/\/www.xn--tuksimaailm-ffb.ee\/en\/#organization","name":"T\u00f5uksimaailm","url":"https:\/\/www.xn--tuksimaailm-ffb.ee\/en\/","logo":{"@type":"ImageObject","inLanguage":"en-US","@id":"https:\/\/www.xn--tuksimaailm-ffb.ee\/en\/#\/schema\/logo\/image\/","url":"https:\/\/www.xn--tuksimaailm-ffb.ee\/wp-content\/uploads\/2020\/01\/logoz-e1579792875517.png","contentUrl":"https:\/\/www.xn--tuksimaailm-ffb.ee\/wp-content\/uploads\/2020\/01\/logoz-e1579792875517.png","width":250,"height":250,"caption":"T\u00f5uksimaailm"},"image":{"@id":"https:\/\/www.xn--tuksimaailm-ffb.ee\/en\/#\/schema\/logo\/image\/"},"sameAs":["https:\/\/www.facebook.com\/touksimaailm\/","https:\/\/www.instagram.com\/touksimaailm_\/","https:\/\/www.youtube.com\/channel\/UC18ml0EKIDLP1xGuQjFzcXQ"]}]},"product_price_amount":"15.00","product_price_currency":"EUR","og_availability":"instock","product_availability":"instock","product_retailer_item_id":"K\u00c4EPIDEMED-LUKUSTATAVAD","product_condition":"new"},"jetpack_sharing_enabled":true,"_links":{"self":[{"href":"https:\/\/www.xn--tuksimaailm-ffb.ee\/en\/wp-json\/wp\/v2\/product\/58220","targetHints":{"allow":["GET"]}}],"collection":[{"href":"https:\/\/www.xn--tuksimaailm-ffb.ee\/en\/wp-json\/wp\/v2\/product"}],"about":[{"href":"https:\/\/www.xn--tuksimaailm-ffb.ee\/en\/wp-json\/wp\/v2\/types\/product"}],"wp:featuredmedia":[{"embeddable":true,"href":"https:\/\/www.xn--tuksimaailm-ffb.ee\/en\/wp-json\/wp\/v2\/media\/72199"}],"wp:attachment":[{"href":"https:\/\/www.xn--tuksimaailm-ffb.ee\/en\/wp-json\/wp\/v2\/media?parent=58220"}],"wp:term":[{"taxonomy":"product_brand","embeddable":true,"href":"https:\/\/www.xn--tuksimaailm-ffb.ee\/en\/wp-json\/wp\/v2\/product_brand?post=58220"},{"taxonomy":"product_cat","embeddable":true,"href":"https:\/\/www.xn--tuksimaailm-ffb.ee\/en\/wp-json\/wp\/v2\/product_cat?post=58220"},{"taxonomy":"product_tag","embeddable":true,"href":"https:\/\/www.xn--tuksimaailm-ffb.ee\/en\/wp-json\/wp\/v2\/product_tag?post=58220"},{"taxonomy":"filter_elektritoukeratas","embeddable":true,"href":"https:\/\/www.xn--tuksimaailm-ffb.ee\/en\/wp-json\/wp\/v2\/filter_elektritoukeratas?post=58220"}],"curies":[{"name":"wp","href":"https:\/\/api.w.org\/{rel}","templated":true}]}}