{"id":58393,"date":"2022-01-16T11:50:09","date_gmt":"2022-01-16T08:50:09","guid":{"rendered":"http:\/\/www.xn--tuksimaailm-ffb.ee\/shop\/charger-li-ion-58-8v-52v-2a-gx16-zero-vsett-9\/"},"modified":"2022-01-16T11:50:09","modified_gmt":"2022-01-16T08:50:09","slug":"charger-li-ion-58-8v-52v-2a-gx16-zero-vsett-9","status":"publish","type":"product","link":"https:\/\/www.xn--tuksimaailm-ffb.ee\/en\/product\/charger-li-ion-58-8v-52v-2a-gx16-zero-vsett-9\/","title":{"rendered":"Charger Li-Ion 58.8V (52V) 2A GX16 Zero Vsett 9"},"content":{"rendered":"<p>Charger Li-Ion 58.8V (52V) 2A GX16, suitable for electric scooter Zero 10X, Techlife X7 X7S, Vsett 9.<\/p>\n","protected":false},"excerpt":{"rendered":"<p>Charger Li-Ion 58.8V (52V) 2A GX16, suitable for electric scooter Zero 10X, Techlife X7 X7S, Vsett 9.<\/p>\n","protected":false},"featured_media":19577,"template":"","meta":[],"product_brand":[],"product_cat":[746,726],"product_tag":[],"filter_elektritoukeratas":[2706,2679,2755,2647,2750],"class_list":{"0":"post-58393","1":"product","2":"type-product","3":"status-publish","4":"has-post-thumbnail","6":"product_cat-accessories","7":"product_cat-spare-parts","8":"pa_tootetuup-chargers","9":"filter_elektritoukeratas-ft_gpad_storm","10":"filter_elektritoukeratas-ft_kugoo_g1","11":"filter_elektritoukeratas-ft_techlife_x7_x7_lite_x7s","12":"filter_elektritoukeratas-ft_vsett_9_9_plus","13":"filter_elektritoukeratas-ft_zero_10x","15":"first","16":"instock","17":"taxable","18":"shipping-taxable","19":"purchasable","20":"product-type-simple"},"yoast_head":"<!-- This site is optimized with the Yoast SEO Premium plugin v26.8 (Yoast SEO v27.5) - https:\/\/yoast.com\/product\/yoast-seo-premium-wordpress\/ -->\n<title>Charger Li-Ion 58.8V (52V) 2A GX16 Zero Vsett 9 | T\u00f5uksimaailm<\/title>\n<meta name=\"description\" content=\"Charger Li-Ion 58.8V (52V) 2A GX16, suitable for electric scooter Zero 10X, Techlife X7 X7S, Vsett 9.\" \/>\n<meta name=\"robots\" content=\"index, follow, max-snippet:-1, max-image-preview:large, max-video-preview:-1\" \/>\n<link rel=\"canonical\" href=\"https:\/\/www.xn--tuksimaailm-ffb.ee\/en\/product\/charger-li-ion-58-8v-52v-2a-gx16-zero-vsett-9\/\" \/>\n<meta property=\"og:locale\" content=\"en_US\" \/>\n<meta property=\"og:type\" content=\"article\" \/>\n<meta property=\"og:title\" content=\"Charger Li-Ion 58.8V (52V) 2A GX16 Zero Vsett 9\" \/>\n<meta property=\"og:description\" content=\"Charger Li-Ion 58.8V (52V) 2A GX16, suitable for electric scooter Zero 10X, Techlife X7 X7S, Vsett 9.\" \/>\n<meta property=\"og:url\" content=\"https:\/\/www.xn--tuksimaailm-ffb.ee\/en\/product\/charger-li-ion-58-8v-52v-2a-gx16-zero-vsett-9\/\" \/>\n<meta property=\"og:site_name\" content=\"T\u00f5uksimaailm\" \/>\n<meta property=\"article:publisher\" content=\"https:\/\/www.facebook.com\/touksimaailm\/\" \/>\n<meta property=\"og:image\" content=\"https:\/\/www.xn--tuksimaailm-ffb.ee\/wp-content\/uploads\/2022\/01\/laadija_gx16_67.2V.jpg\" \/>\n\t<meta property=\"og:image:width\" content=\"450\" \/>\n\t<meta property=\"og:image:height\" content=\"478\" \/>\n\t<meta property=\"og:image:type\" content=\"image\/jpeg\" \/>\n<meta name=\"twitter:card\" content=\"summary_large_image\" \/>\n<meta name=\"twitter:label1\" content=\"Price\" \/>\n\t<meta name=\"twitter:data1\" content=\"&euro;48.00\" \/>\n\t<meta name=\"twitter:label2\" content=\"Availability\" \/>\n\t<meta name=\"twitter:data2\" content=\"In stock\" \/>\n<meta property=\"product:price:amount\" content=\"48.00\" \/>\n<meta property=\"product:price:currency\" content=\"EUR\" \/>\n<meta property=\"og:availability\" content=\"instock\" \/>\n<meta property=\"product:availability\" content=\"instock\" \/>\n<meta property=\"product:retailer_item_id\" content=\"LAADIJA-58.8V2A-GX16-VSETT9\" \/>\n<meta property=\"product:condition\" content=\"new\" \/>\n<!-- \/ Yoast SEO Premium plugin. -->","yoast_head_json":{"title":"Charger Li-Ion 58.8V (52V) 2A GX16 Zero Vsett 9 | T\u00f5uksimaailm","description":"Charger Li-Ion 58.8V (52V) 2A GX16, suitable for electric scooter Zero 10X, Techlife X7 X7S, Vsett 9.","robots":{"index":"index","follow":"follow","max-snippet":"max-snippet:-1","max-image-preview":"max-image-preview:large","max-video-preview":"max-video-preview:-1"},"canonical":"https:\/\/www.xn--tuksimaailm-ffb.ee\/en\/product\/charger-li-ion-58-8v-52v-2a-gx16-zero-vsett-9\/","og_locale":"en_US","og_type":"article","og_title":"Charger Li-Ion 58.8V (52V) 2A GX16 Zero Vsett 9","og_description":"Charger Li-Ion 58.8V (52V) 2A GX16, suitable for electric scooter Zero 10X, Techlife X7 X7S, Vsett 9.","og_url":"https:\/\/www.xn--tuksimaailm-ffb.ee\/en\/product\/charger-li-ion-58-8v-52v-2a-gx16-zero-vsett-9\/","og_site_name":"T\u00f5uksimaailm","article_publisher":"https:\/\/www.facebook.com\/touksimaailm\/","og_image":[{"width":450,"height":478,"url":"https:\/\/www.xn--tuksimaailm-ffb.ee\/wp-content\/uploads\/2022\/01\/laadija_gx16_67.2V.jpg","type":"image\/jpeg"}],"twitter_card":"summary_large_image","twitter_misc":{"Price":"&euro;48.00","Availability":"In stock"},"schema":{"@context":"https:\/\/schema.org","@graph":[{"@type":"WebPage","@id":"https:\/\/www.xn--tuksimaailm-ffb.ee\/en\/product\/charger-li-ion-58-8v-52v-2a-gx16-zero-vsett-9\/","url":"https:\/\/www.xn--tuksimaailm-ffb.ee\/en\/product\/charger-li-ion-58-8v-52v-2a-gx16-zero-vsett-9\/","name":"Charger Li-Ion 58.8V (52V) 2A GX16 Zero Vsett 9 | T\u00f5uksimaailm","isPartOf":{"@id":"https:\/\/www.xn--tuksimaailm-ffb.ee\/en\/#website"},"primaryImageOfPage":{"@id":"https:\/\/www.xn--tuksimaailm-ffb.ee\/en\/product\/charger-li-ion-58-8v-52v-2a-gx16-zero-vsett-9\/#primaryimage"},"image":{"@id":"https:\/\/www.xn--tuksimaailm-ffb.ee\/en\/product\/charger-li-ion-58-8v-52v-2a-gx16-zero-vsett-9\/#primaryimage"},"thumbnailUrl":"https:\/\/www.xn--tuksimaailm-ffb.ee\/wp-content\/uploads\/2022\/01\/laadija_gx16_67.2V.jpg","datePublished":"2022-01-16T08:50:09+00:00","description":"Charger Li-Ion 58.8V (52V) 2A GX16, suitable for electric scooter Zero 10X, Techlife X7 X7S, Vsett 9.","breadcrumb":{"@id":"https:\/\/www.xn--tuksimaailm-ffb.ee\/en\/product\/charger-li-ion-58-8v-52v-2a-gx16-zero-vsett-9\/#breadcrumb"},"inLanguage":"en-US","potentialAction":[{"@type":"ReadAction","target":["https:\/\/www.xn--tuksimaailm-ffb.ee\/en\/product\/charger-li-ion-58-8v-52v-2a-gx16-zero-vsett-9\/"]}]},{"@type":"ImageObject","inLanguage":"en-US","@id":"https:\/\/www.xn--tuksimaailm-ffb.ee\/en\/product\/charger-li-ion-58-8v-52v-2a-gx16-zero-vsett-9\/#primaryimage","url":"https:\/\/www.xn--tuksimaailm-ffb.ee\/wp-content\/uploads\/2022\/01\/laadija_gx16_67.2V.jpg","contentUrl":"https:\/\/www.xn--tuksimaailm-ffb.ee\/wp-content\/uploads\/2022\/01\/laadija_gx16_67.2V.jpg","width":450,"height":478,"caption":"Charger Li-Ion 84V (72V) 2A GX16 Kaabo Wolf King"},{"@type":"BreadcrumbList","@id":"https:\/\/www.xn--tuksimaailm-ffb.ee\/en\/product\/charger-li-ion-58-8v-52v-2a-gx16-zero-vsett-9\/#breadcrumb","itemListElement":[{"@type":"ListItem","position":1,"name":"Home","item":"https:\/\/www.xn--tuksimaailm-ffb.ee\/en\/main-page\/"},{"@type":"ListItem","position":2,"name":"Shop","item":"https:\/\/www.xn--tuksimaailm-ffb.ee\/elektritoukerataste-pood\/"},{"@type":"ListItem","position":3,"name":"Charger Li-Ion 58.8V (52V) 2A GX16 Zero Vsett 9"}]},{"@type":"WebSite","@id":"https:\/\/www.xn--tuksimaailm-ffb.ee\/en\/#website","url":"https:\/\/www.xn--tuksimaailm-ffb.ee\/en\/","name":"T\u00f5uksimaailm","description":"Elektrit\u00f5ukerataste m\u00fc\u00fck, remont ja rent","publisher":{"@id":"https:\/\/www.xn--tuksimaailm-ffb.ee\/en\/#organization"},"potentialAction":[{"@type":"SearchAction","target":{"@type":"EntryPoint","urlTemplate":"https:\/\/www.xn--tuksimaailm-ffb.ee\/en\/?s={search_term_string}"},"query-input":{"@type":"PropertyValueSpecification","valueRequired":true,"valueName":"search_term_string"}}],"inLanguage":"en-US"},{"@type":"Organization","@id":"https:\/\/www.xn--tuksimaailm-ffb.ee\/en\/#organization","name":"T\u00f5uksimaailm","url":"https:\/\/www.xn--tuksimaailm-ffb.ee\/en\/","logo":{"@type":"ImageObject","inLanguage":"en-US","@id":"https:\/\/www.xn--tuksimaailm-ffb.ee\/en\/#\/schema\/logo\/image\/","url":"https:\/\/www.xn--tuksimaailm-ffb.ee\/wp-content\/uploads\/2020\/01\/logoz-e1579792875517.png","contentUrl":"https:\/\/www.xn--tuksimaailm-ffb.ee\/wp-content\/uploads\/2020\/01\/logoz-e1579792875517.png","width":250,"height":250,"caption":"T\u00f5uksimaailm"},"image":{"@id":"https:\/\/www.xn--tuksimaailm-ffb.ee\/en\/#\/schema\/logo\/image\/"},"sameAs":["https:\/\/www.facebook.com\/touksimaailm\/","https:\/\/www.instagram.com\/touksimaailm_\/","https:\/\/www.youtube.com\/channel\/UC18ml0EKIDLP1xGuQjFzcXQ"]}]},"product_price_amount":"48.00","product_price_currency":"EUR","og_availability":"instock","product_availability":"instock","product_retailer_item_id":"LAADIJA-58.8V2A-GX16-VSETT9","product_condition":"new"},"jetpack_sharing_enabled":true,"_links":{"self":[{"href":"https:\/\/www.xn--tuksimaailm-ffb.ee\/en\/wp-json\/wp\/v2\/product\/58393","targetHints":{"allow":["GET"]}}],"collection":[{"href":"https:\/\/www.xn--tuksimaailm-ffb.ee\/en\/wp-json\/wp\/v2\/product"}],"about":[{"href":"https:\/\/www.xn--tuksimaailm-ffb.ee\/en\/wp-json\/wp\/v2\/types\/product"}],"wp:featuredmedia":[{"embeddable":true,"href":"https:\/\/www.xn--tuksimaailm-ffb.ee\/en\/wp-json\/wp\/v2\/media\/19577"}],"wp:attachment":[{"href":"https:\/\/www.xn--tuksimaailm-ffb.ee\/en\/wp-json\/wp\/v2\/media?parent=58393"}],"wp:term":[{"taxonomy":"product_brand","embeddable":true,"href":"https:\/\/www.xn--tuksimaailm-ffb.ee\/en\/wp-json\/wp\/v2\/product_brand?post=58393"},{"taxonomy":"product_cat","embeddable":true,"href":"https:\/\/www.xn--tuksimaailm-ffb.ee\/en\/wp-json\/wp\/v2\/product_cat?post=58393"},{"taxonomy":"product_tag","embeddable":true,"href":"https:\/\/www.xn--tuksimaailm-ffb.ee\/en\/wp-json\/wp\/v2\/product_tag?post=58393"},{"taxonomy":"filter_elektritoukeratas","embeddable":true,"href":"https:\/\/www.xn--tuksimaailm-ffb.ee\/en\/wp-json\/wp\/v2\/filter_elektritoukeratas?post=58393"}],"curies":[{"name":"wp","href":"https:\/\/api.w.org\/{rel}","templated":true}]}}