{"id":58396,"date":"2022-01-16T11:58:13","date_gmt":"2022-01-16T08:58:13","guid":{"rendered":"http:\/\/www.xn--tuksimaailm-ffb.ee\/shop\/brake-disc-120mm-6-bolt-holes-zero-9-velt-smart\/"},"modified":"2022-01-16T11:58:13","modified_gmt":"2022-01-16T08:58:13","slug":"brake-disc-120mm-6-bolt-holes-zero-9-velt-smart","status":"publish","type":"product","link":"https:\/\/www.xn--tuksimaailm-ffb.ee\/en\/product\/brake-disc-120mm-6-bolt-holes-zero-9-velt-smart\/","title":{"rendered":"Brake disc 120mm \/ 6 bolt holes Zero 9 Velt Smart"},"content":{"rendered":"<p>Brake disc 120mm \/ 6 bolt holes, suitable for electric scooter Zero 9, Velt Smart Scooter X7, X7, X8 Pro, Blaupunkt ESC808, ESC910, HX.<\/p>\n","protected":false},"excerpt":{"rendered":"<p>Brake disc 120mm \/ 6 bolt holes, suitable for electric scooter Zero 9, Velt Smart Scooter X7, X7, X8 Pro, Blaupunkt ESC808, ESC910, HX.<\/p>\n","protected":false},"featured_media":53580,"template":"","meta":[],"product_brand":[],"product_cat":[726],"product_tag":[],"filter_elektritoukeratas":[2686,2687,2704,2697,2698,2699,2725,2669,2694,2695,2693,2691,2692,2647,2747],"class_list":{"0":"post-58396","1":"product","2":"type-product","3":"status-publish","4":"has-post-thumbnail","6":"product_cat-spare-parts","7":"pa_tootetuup-brakedetails","8":"filter_elektritoukeratas-ft_blaupunkt_esc808","9":"filter_elektritoukeratas-ft_blaupunkt_esc910","10":"filter_elektritoukeratas-ft_gpad_joyride","11":"filter_elektritoukeratas-ft_hx_x7","12":"filter_elektritoukeratas-ft_hx_x8","13":"filter_elektritoukeratas-ft_hx_x9_max_x9_plus","14":"filter_elektritoukeratas-ft_kaabo_mantis_8","15":"filter_elektritoukeratas-ft_kugoo_g2_pro","16":"filter_elektritoukeratas-ft_velt_smart_eco","17":"filter_elektritoukeratas-ft_velt_smart_pro","18":"filter_elektritoukeratas-ft_velt_smart_x7","19":"filter_elektritoukeratas-ft_velt_smart_x8","20":"filter_elektritoukeratas-ft_velt_smart_x8_pro","21":"filter_elektritoukeratas-ft_vsett_9_9_plus","22":"filter_elektritoukeratas-ft_zero_9","24":"first","25":"instock","26":"taxable","27":"shipping-taxable","28":"purchasable","29":"product-type-variable"},"yoast_head":"<!-- This site is optimized with the Yoast SEO Premium plugin v26.8 (Yoast SEO v27.5) - https:\/\/yoast.com\/product\/yoast-seo-premium-wordpress\/ -->\n<title>Brake disc 120mm \/ 6 bolt holes Zero 9 Velt Smart | T\u00f5uksimaailm<\/title>\n<meta name=\"description\" content=\"Brake disc 120mm \/ 6 bolt holes, suitable for electric scooter Zero 9, Velt Smart Scooter X7, X7, X8 Pro, Blaupunkt ESC808, ESC910, HX.\" \/>\n<meta name=\"robots\" content=\"index, follow, max-snippet:-1, max-image-preview:large, max-video-preview:-1\" \/>\n<link rel=\"canonical\" href=\"https:\/\/www.xn--tuksimaailm-ffb.ee\/en\/product\/brake-disc-120mm-6-bolt-holes-zero-9-velt-smart\/\" \/>\n<meta property=\"og:locale\" content=\"en_US\" \/>\n<meta property=\"og:type\" content=\"article\" \/>\n<meta property=\"og:title\" content=\"Brake disc 120mm \/ 6 bolt holes Zero 9 Velt Smart\" \/>\n<meta property=\"og:description\" content=\"Brake disc 120mm \/ 6 bolt holes, suitable for electric scooter Zero 9, Velt Smart Scooter X7, X7, X8 Pro, Blaupunkt ESC808, ESC910, HX.\" \/>\n<meta property=\"og:url\" content=\"https:\/\/www.xn--tuksimaailm-ffb.ee\/en\/product\/brake-disc-120mm-6-bolt-holes-zero-9-velt-smart\/\" \/>\n<meta property=\"og:site_name\" content=\"T\u00f5uksimaailm\" \/>\n<meta property=\"article:publisher\" content=\"https:\/\/www.facebook.com\/touksimaailm\/\" \/>\n<meta property=\"og:image\" content=\"https:\/\/www.xn--tuksimaailm-ffb.ee\/wp-content\/uploads\/2022\/01\/Screenshot-2025-01-05-053903.webp\" \/>\n\t<meta property=\"og:image:width\" content=\"1251\" \/>\n\t<meta property=\"og:image:height\" content=\"978\" \/>\n\t<meta property=\"og:image:type\" content=\"image\/webp\" \/>\n<meta name=\"twitter:card\" content=\"summary_large_image\" \/>\n<meta name=\"twitter:label1\" content=\"Availability\" \/>\n\t<meta name=\"twitter:data1\" content=\"In stock\" \/>\n<meta property=\"og:availability\" content=\"instock\" \/>\n<meta property=\"product:availability\" content=\"instock\" \/>\n<meta property=\"product:condition\" content=\"new\" \/>\n<!-- \/ Yoast SEO Premium plugin. -->","yoast_head_json":{"title":"Brake disc 120mm \/ 6 bolt holes Zero 9 Velt Smart | T\u00f5uksimaailm","description":"Brake disc 120mm \/ 6 bolt holes, suitable for electric scooter Zero 9, Velt Smart Scooter X7, X7, X8 Pro, Blaupunkt ESC808, ESC910, HX.","robots":{"index":"index","follow":"follow","max-snippet":"max-snippet:-1","max-image-preview":"max-image-preview:large","max-video-preview":"max-video-preview:-1"},"canonical":"https:\/\/www.xn--tuksimaailm-ffb.ee\/en\/product\/brake-disc-120mm-6-bolt-holes-zero-9-velt-smart\/","og_locale":"en_US","og_type":"article","og_title":"Brake disc 120mm \/ 6 bolt holes Zero 9 Velt Smart","og_description":"Brake disc 120mm \/ 6 bolt holes, suitable for electric scooter Zero 9, Velt Smart Scooter X7, X7, X8 Pro, Blaupunkt ESC808, ESC910, HX.","og_url":"https:\/\/www.xn--tuksimaailm-ffb.ee\/en\/product\/brake-disc-120mm-6-bolt-holes-zero-9-velt-smart\/","og_site_name":"T\u00f5uksimaailm","article_publisher":"https:\/\/www.facebook.com\/touksimaailm\/","og_image":[{"width":1251,"height":978,"url":"https:\/\/www.xn--tuksimaailm-ffb.ee\/wp-content\/uploads\/2022\/01\/Screenshot-2025-01-05-053903.webp","type":"image\/webp"}],"twitter_card":"summary_large_image","twitter_misc":{"Availability":"In stock"},"schema":{"@context":"https:\/\/schema.org","@graph":[{"@type":"WebPage","@id":"https:\/\/www.xn--tuksimaailm-ffb.ee\/en\/product\/brake-disc-120mm-6-bolt-holes-zero-9-velt-smart\/","url":"https:\/\/www.xn--tuksimaailm-ffb.ee\/en\/product\/brake-disc-120mm-6-bolt-holes-zero-9-velt-smart\/","name":"Brake disc 120mm \/ 6 bolt holes Zero 9 Velt Smart | T\u00f5uksimaailm","isPartOf":{"@id":"https:\/\/www.xn--tuksimaailm-ffb.ee\/en\/#website"},"primaryImageOfPage":{"@id":"https:\/\/www.xn--tuksimaailm-ffb.ee\/en\/product\/brake-disc-120mm-6-bolt-holes-zero-9-velt-smart\/#primaryimage"},"image":{"@id":"https:\/\/www.xn--tuksimaailm-ffb.ee\/en\/product\/brake-disc-120mm-6-bolt-holes-zero-9-velt-smart\/#primaryimage"},"thumbnailUrl":"https:\/\/www.xn--tuksimaailm-ffb.ee\/wp-content\/uploads\/2022\/01\/Screenshot-2025-01-05-053903.webp","datePublished":"2022-01-16T08:58:13+00:00","description":"Brake disc 120mm \/ 6 bolt holes, suitable for electric scooter Zero 9, Velt Smart Scooter X7, X7, X8 Pro, Blaupunkt ESC808, ESC910, HX.","breadcrumb":{"@id":"https:\/\/www.xn--tuksimaailm-ffb.ee\/en\/product\/brake-disc-120mm-6-bolt-holes-zero-9-velt-smart\/#breadcrumb"},"inLanguage":"en-US","potentialAction":[{"@type":"ReadAction","target":["https:\/\/www.xn--tuksimaailm-ffb.ee\/en\/product\/brake-disc-120mm-6-bolt-holes-zero-9-velt-smart\/"]}]},{"@type":"ImageObject","inLanguage":"en-US","@id":"https:\/\/www.xn--tuksimaailm-ffb.ee\/en\/product\/brake-disc-120mm-6-bolt-holes-zero-9-velt-smart\/#primaryimage","url":"https:\/\/www.xn--tuksimaailm-ffb.ee\/wp-content\/uploads\/2022\/01\/Screenshot-2025-01-05-053903.webp","contentUrl":"https:\/\/www.xn--tuksimaailm-ffb.ee\/wp-content\/uploads\/2022\/01\/Screenshot-2025-01-05-053903.webp","width":1251,"height":978,"caption":"Brake disc 120mm \/ 6 bolt holes Zero 9 Velt Smart"},{"@type":"BreadcrumbList","@id":"https:\/\/www.xn--tuksimaailm-ffb.ee\/en\/product\/brake-disc-120mm-6-bolt-holes-zero-9-velt-smart\/#breadcrumb","itemListElement":[{"@type":"ListItem","position":1,"name":"Home","item":"https:\/\/www.xn--tuksimaailm-ffb.ee\/en\/main-page\/"},{"@type":"ListItem","position":2,"name":"Shop","item":"https:\/\/www.xn--tuksimaailm-ffb.ee\/elektritoukerataste-pood\/"},{"@type":"ListItem","position":3,"name":"Brake disc 120mm \/ 6 bolt holes Zero 9 Velt Smart"}]},{"@type":"WebSite","@id":"https:\/\/www.xn--tuksimaailm-ffb.ee\/en\/#website","url":"https:\/\/www.xn--tuksimaailm-ffb.ee\/en\/","name":"T\u00f5uksimaailm","description":"Elektrit\u00f5ukerataste m\u00fc\u00fck, remont ja rent","publisher":{"@id":"https:\/\/www.xn--tuksimaailm-ffb.ee\/en\/#organization"},"potentialAction":[{"@type":"SearchAction","target":{"@type":"EntryPoint","urlTemplate":"https:\/\/www.xn--tuksimaailm-ffb.ee\/en\/?s={search_term_string}"},"query-input":{"@type":"PropertyValueSpecification","valueRequired":true,"valueName":"search_term_string"}}],"inLanguage":"en-US"},{"@type":"Organization","@id":"https:\/\/www.xn--tuksimaailm-ffb.ee\/en\/#organization","name":"T\u00f5uksimaailm","url":"https:\/\/www.xn--tuksimaailm-ffb.ee\/en\/","logo":{"@type":"ImageObject","inLanguage":"en-US","@id":"https:\/\/www.xn--tuksimaailm-ffb.ee\/en\/#\/schema\/logo\/image\/","url":"https:\/\/www.xn--tuksimaailm-ffb.ee\/wp-content\/uploads\/2020\/01\/logoz-e1579792875517.png","contentUrl":"https:\/\/www.xn--tuksimaailm-ffb.ee\/wp-content\/uploads\/2020\/01\/logoz-e1579792875517.png","width":250,"height":250,"caption":"T\u00f5uksimaailm"},"image":{"@id":"https:\/\/www.xn--tuksimaailm-ffb.ee\/en\/#\/schema\/logo\/image\/"},"sameAs":["https:\/\/www.facebook.com\/touksimaailm\/","https:\/\/www.instagram.com\/touksimaailm_\/","https:\/\/www.youtube.com\/channel\/UC18ml0EKIDLP1xGuQjFzcXQ"]}]},"og_availability":"instock","product_availability":"instock","product_condition":"new"},"jetpack_sharing_enabled":true,"_links":{"self":[{"href":"https:\/\/www.xn--tuksimaailm-ffb.ee\/en\/wp-json\/wp\/v2\/product\/58396","targetHints":{"allow":["GET"]}}],"collection":[{"href":"https:\/\/www.xn--tuksimaailm-ffb.ee\/en\/wp-json\/wp\/v2\/product"}],"about":[{"href":"https:\/\/www.xn--tuksimaailm-ffb.ee\/en\/wp-json\/wp\/v2\/types\/product"}],"wp:featuredmedia":[{"embeddable":true,"href":"https:\/\/www.xn--tuksimaailm-ffb.ee\/en\/wp-json\/wp\/v2\/media\/53580"}],"wp:attachment":[{"href":"https:\/\/www.xn--tuksimaailm-ffb.ee\/en\/wp-json\/wp\/v2\/media?parent=58396"}],"wp:term":[{"taxonomy":"product_brand","embeddable":true,"href":"https:\/\/www.xn--tuksimaailm-ffb.ee\/en\/wp-json\/wp\/v2\/product_brand?post=58396"},{"taxonomy":"product_cat","embeddable":true,"href":"https:\/\/www.xn--tuksimaailm-ffb.ee\/en\/wp-json\/wp\/v2\/product_cat?post=58396"},{"taxonomy":"product_tag","embeddable":true,"href":"https:\/\/www.xn--tuksimaailm-ffb.ee\/en\/wp-json\/wp\/v2\/product_tag?post=58396"},{"taxonomy":"filter_elektritoukeratas","embeddable":true,"href":"https:\/\/www.xn--tuksimaailm-ffb.ee\/en\/wp-json\/wp\/v2\/filter_elektritoukeratas?post=58396"}],"curies":[{"name":"wp","href":"https:\/\/api.w.org\/{rel}","templated":true}]}}