{"id":58409,"date":"2022-01-16T12:12:57","date_gmt":"2022-01-16T09:12:57","guid":{"rendered":"http:\/\/www.xn--tuksimaailm-ffb.ee\/shop\/zero-8x-10x-11x-electric-scooter-handlegrips\/"},"modified":"2022-01-16T12:12:57","modified_gmt":"2022-01-16T09:12:57","slug":"zero-8x-10x-11x-electric-scooter-handlegrips","status":"publish","type":"product","link":"https:\/\/www.xn--tuksimaailm-ffb.ee\/en\/product\/zero-8x-10x-11x-electric-scooter-handlegrips\/","title":{"rendered":"Zero 8X 10X 11X electric scooter handlegrips"},"content":{"rendered":"<p>Electric scooter Zero 8X, 10X, 11X, Techlife X7 \/ X7S original handlegrips.<\/p>\n","protected":false},"excerpt":{"rendered":"<p>Electric scooter Zero 8X, 10X, 11X, Techlife X7 \/ X7S original handlegrips.<\/p>\n","protected":false},"featured_media":19589,"template":"","meta":[],"product_brand":[],"product_cat":[746,726],"product_tag":[],"filter_elektritoukeratas":[2706,2679,2755,2750,2751,2749],"class_list":{"0":"post-58409","1":"product","2":"type-product","3":"status-publish","4":"has-post-thumbnail","6":"product_cat-accessories","7":"product_cat-spare-parts","8":"pa_tootetuup-handlegrips","9":"filter_elektritoukeratas-ft_gpad_storm","10":"filter_elektritoukeratas-ft_kugoo_g1","11":"filter_elektritoukeratas-ft_techlife_x7_x7_lite_x7s","12":"filter_elektritoukeratas-ft_zero_10x","13":"filter_elektritoukeratas-ft_zero_11x","14":"filter_elektritoukeratas-ft_zero_8x_compact","16":"first","17":"instock","18":"taxable","19":"shipping-taxable","20":"purchasable","21":"product-type-simple"},"yoast_head":"<!-- This site is optimized with the Yoast SEO Premium plugin v26.8 (Yoast SEO v27.5) - https:\/\/yoast.com\/product\/yoast-seo-premium-wordpress\/ -->\n<title>Zero 8X 10X 11X electric scooter handlegrips &#8212; T\u00f5uksimaailm<\/title>\n<meta name=\"description\" content=\"Electric scooter Zero 8X, 10X, 11X, Techlife X7 \/ X7S original handlegrips.\" \/>\n<meta name=\"robots\" content=\"index, follow, max-snippet:-1, max-image-preview:large, max-video-preview:-1\" \/>\n<link rel=\"canonical\" href=\"https:\/\/www.xn--tuksimaailm-ffb.ee\/en\/product\/zero-8x-10x-11x-electric-scooter-handlegrips\/\" \/>\n<meta property=\"og:locale\" content=\"en_US\" \/>\n<meta property=\"og:type\" content=\"article\" \/>\n<meta property=\"og:title\" content=\"Zero 8X 10X 11X electric scooter handlegrips\" \/>\n<meta property=\"og:description\" content=\"Electric scooter Zero 8X, 10X, 11X, Techlife X7 \/ X7S original handlegrips.\" \/>\n<meta property=\"og:url\" content=\"https:\/\/www.xn--tuksimaailm-ffb.ee\/en\/product\/zero-8x-10x-11x-electric-scooter-handlegrips\/\" \/>\n<meta property=\"og:site_name\" content=\"T\u00f5uksimaailm\" \/>\n<meta property=\"article:publisher\" content=\"https:\/\/www.facebook.com\/touksimaailm\/\" \/>\n<meta property=\"og:image\" content=\"https:\/\/www.xn--tuksimaailm-ffb.ee\/wp-content\/uploads\/2022\/01\/x_zero_kaepidemed.jpg\" \/>\n\t<meta property=\"og:image:width\" content=\"1000\" \/>\n\t<meta property=\"og:image:height\" content=\"1000\" \/>\n\t<meta property=\"og:image:type\" content=\"image\/jpeg\" \/>\n<meta name=\"twitter:card\" content=\"summary_large_image\" \/>\n<meta name=\"twitter:label1\" content=\"Price\" \/>\n\t<meta name=\"twitter:data1\" content=\"&euro;49.50\" \/>\n\t<meta name=\"twitter:label2\" content=\"Availability\" \/>\n\t<meta name=\"twitter:data2\" content=\"In stock\" \/>\n<meta property=\"product:price:amount\" content=\"49.50\" \/>\n<meta property=\"product:price:currency\" content=\"EUR\" \/>\n<meta property=\"og:availability\" content=\"instock\" \/>\n<meta property=\"product:availability\" content=\"instock\" \/>\n<meta property=\"product:retailer_item_id\" content=\"K\u00c4EPIDEMED-ZERO-8X-11X\" \/>\n<meta property=\"product:condition\" content=\"new\" \/>\n<!-- \/ Yoast SEO Premium plugin. -->","yoast_head_json":{"title":"Zero 8X 10X 11X electric scooter handlegrips &#8212; T\u00f5uksimaailm","description":"Electric scooter Zero 8X, 10X, 11X, Techlife X7 \/ X7S original handlegrips.","robots":{"index":"index","follow":"follow","max-snippet":"max-snippet:-1","max-image-preview":"max-image-preview:large","max-video-preview":"max-video-preview:-1"},"canonical":"https:\/\/www.xn--tuksimaailm-ffb.ee\/en\/product\/zero-8x-10x-11x-electric-scooter-handlegrips\/","og_locale":"en_US","og_type":"article","og_title":"Zero 8X 10X 11X electric scooter handlegrips","og_description":"Electric scooter Zero 8X, 10X, 11X, Techlife X7 \/ X7S original handlegrips.","og_url":"https:\/\/www.xn--tuksimaailm-ffb.ee\/en\/product\/zero-8x-10x-11x-electric-scooter-handlegrips\/","og_site_name":"T\u00f5uksimaailm","article_publisher":"https:\/\/www.facebook.com\/touksimaailm\/","og_image":[{"width":1000,"height":1000,"url":"https:\/\/www.xn--tuksimaailm-ffb.ee\/wp-content\/uploads\/2022\/01\/x_zero_kaepidemed.jpg","type":"image\/jpeg"}],"twitter_card":"summary_large_image","twitter_misc":{"Price":"&euro;49.50","Availability":"In stock"},"schema":{"@context":"https:\/\/schema.org","@graph":[{"@type":"WebPage","@id":"https:\/\/www.xn--tuksimaailm-ffb.ee\/en\/product\/zero-8x-10x-11x-electric-scooter-handlegrips\/","url":"https:\/\/www.xn--tuksimaailm-ffb.ee\/en\/product\/zero-8x-10x-11x-electric-scooter-handlegrips\/","name":"Zero 8X 10X 11X electric scooter handlegrips &#8212; T\u00f5uksimaailm","isPartOf":{"@id":"https:\/\/www.xn--tuksimaailm-ffb.ee\/en\/#website"},"primaryImageOfPage":{"@id":"https:\/\/www.xn--tuksimaailm-ffb.ee\/en\/product\/zero-8x-10x-11x-electric-scooter-handlegrips\/#primaryimage"},"image":{"@id":"https:\/\/www.xn--tuksimaailm-ffb.ee\/en\/product\/zero-8x-10x-11x-electric-scooter-handlegrips\/#primaryimage"},"thumbnailUrl":"https:\/\/www.xn--tuksimaailm-ffb.ee\/wp-content\/uploads\/2022\/01\/x_zero_kaepidemed.jpg","datePublished":"2022-01-16T09:12:57+00:00","description":"Electric scooter Zero 8X, 10X, 11X, Techlife X7 \/ X7S original handlegrips.","breadcrumb":{"@id":"https:\/\/www.xn--tuksimaailm-ffb.ee\/en\/product\/zero-8x-10x-11x-electric-scooter-handlegrips\/#breadcrumb"},"inLanguage":"en-US","potentialAction":[{"@type":"ReadAction","target":["https:\/\/www.xn--tuksimaailm-ffb.ee\/en\/product\/zero-8x-10x-11x-electric-scooter-handlegrips\/"]}]},{"@type":"ImageObject","inLanguage":"en-US","@id":"https:\/\/www.xn--tuksimaailm-ffb.ee\/en\/product\/zero-8x-10x-11x-electric-scooter-handlegrips\/#primaryimage","url":"https:\/\/www.xn--tuksimaailm-ffb.ee\/wp-content\/uploads\/2022\/01\/x_zero_kaepidemed.jpg","contentUrl":"https:\/\/www.xn--tuksimaailm-ffb.ee\/wp-content\/uploads\/2022\/01\/x_zero_kaepidemed.jpg","width":1000,"height":1000,"caption":"Zero 8X 10X 11X electric scooter handlegrips"},{"@type":"BreadcrumbList","@id":"https:\/\/www.xn--tuksimaailm-ffb.ee\/en\/product\/zero-8x-10x-11x-electric-scooter-handlegrips\/#breadcrumb","itemListElement":[{"@type":"ListItem","position":1,"name":"Home","item":"https:\/\/www.xn--tuksimaailm-ffb.ee\/en\/main-page\/"},{"@type":"ListItem","position":2,"name":"Shop","item":"https:\/\/www.xn--tuksimaailm-ffb.ee\/elektritoukerataste-pood\/"},{"@type":"ListItem","position":3,"name":"Zero 8X 10X 11X electric scooter handlegrips"}]},{"@type":"WebSite","@id":"https:\/\/www.xn--tuksimaailm-ffb.ee\/en\/#website","url":"https:\/\/www.xn--tuksimaailm-ffb.ee\/en\/","name":"T\u00f5uksimaailm","description":"Elektrit\u00f5ukerataste m\u00fc\u00fck, remont ja rent","publisher":{"@id":"https:\/\/www.xn--tuksimaailm-ffb.ee\/en\/#organization"},"potentialAction":[{"@type":"SearchAction","target":{"@type":"EntryPoint","urlTemplate":"https:\/\/www.xn--tuksimaailm-ffb.ee\/en\/?s={search_term_string}"},"query-input":{"@type":"PropertyValueSpecification","valueRequired":true,"valueName":"search_term_string"}}],"inLanguage":"en-US"},{"@type":"Organization","@id":"https:\/\/www.xn--tuksimaailm-ffb.ee\/en\/#organization","name":"T\u00f5uksimaailm","url":"https:\/\/www.xn--tuksimaailm-ffb.ee\/en\/","logo":{"@type":"ImageObject","inLanguage":"en-US","@id":"https:\/\/www.xn--tuksimaailm-ffb.ee\/en\/#\/schema\/logo\/image\/","url":"https:\/\/www.xn--tuksimaailm-ffb.ee\/wp-content\/uploads\/2020\/01\/logoz-e1579792875517.png","contentUrl":"https:\/\/www.xn--tuksimaailm-ffb.ee\/wp-content\/uploads\/2020\/01\/logoz-e1579792875517.png","width":250,"height":250,"caption":"T\u00f5uksimaailm"},"image":{"@id":"https:\/\/www.xn--tuksimaailm-ffb.ee\/en\/#\/schema\/logo\/image\/"},"sameAs":["https:\/\/www.facebook.com\/touksimaailm\/","https:\/\/www.instagram.com\/touksimaailm_\/","https:\/\/www.youtube.com\/channel\/UC18ml0EKIDLP1xGuQjFzcXQ"]}]},"product_price_amount":"49.50","product_price_currency":"EUR","og_availability":"instock","product_availability":"instock","product_retailer_item_id":"K\u00c4EPIDEMED-ZERO-8X-11X","product_condition":"new"},"jetpack_sharing_enabled":true,"_links":{"self":[{"href":"https:\/\/www.xn--tuksimaailm-ffb.ee\/en\/wp-json\/wp\/v2\/product\/58409","targetHints":{"allow":["GET"]}}],"collection":[{"href":"https:\/\/www.xn--tuksimaailm-ffb.ee\/en\/wp-json\/wp\/v2\/product"}],"about":[{"href":"https:\/\/www.xn--tuksimaailm-ffb.ee\/en\/wp-json\/wp\/v2\/types\/product"}],"wp:featuredmedia":[{"embeddable":true,"href":"https:\/\/www.xn--tuksimaailm-ffb.ee\/en\/wp-json\/wp\/v2\/media\/19589"}],"wp:attachment":[{"href":"https:\/\/www.xn--tuksimaailm-ffb.ee\/en\/wp-json\/wp\/v2\/media?parent=58409"}],"wp:term":[{"taxonomy":"product_brand","embeddable":true,"href":"https:\/\/www.xn--tuksimaailm-ffb.ee\/en\/wp-json\/wp\/v2\/product_brand?post=58409"},{"taxonomy":"product_cat","embeddable":true,"href":"https:\/\/www.xn--tuksimaailm-ffb.ee\/en\/wp-json\/wp\/v2\/product_cat?post=58409"},{"taxonomy":"product_tag","embeddable":true,"href":"https:\/\/www.xn--tuksimaailm-ffb.ee\/en\/wp-json\/wp\/v2\/product_tag?post=58409"},{"taxonomy":"filter_elektritoukeratas","embeddable":true,"href":"https:\/\/www.xn--tuksimaailm-ffb.ee\/en\/wp-json\/wp\/v2\/filter_elektritoukeratas?post=58409"}],"curies":[{"name":"wp","href":"https:\/\/api.w.org\/{rel}","templated":true}]}}