{"id":58414,"date":"2022-01-16T12:20:31","date_gmt":"2022-01-16T12:20:31","guid":{"rendered":"http:\/\/www.xn--tuksimaailm-ffb.ee\/shop\/electric-scooter-lock-with-voltmeter-gpad-storm-zero\/"},"modified":"2022-01-16T12:20:31","modified_gmt":"2022-01-16T09:20:31","slug":"electric-scooter-lock-with-voltmeter-gpad-storm-zero","status":"publish","type":"product","link":"https:\/\/www.xn--tuksimaailm-ffb.ee\/en\/product\/electric-scooter-lock-with-voltmeter-gpad-storm-zero\/","title":{"rendered":"Electric scooter lock with voltmeter Gpad Storm Zero"},"content":{"rendered":"<p>Electric scooter lock \/ ignition lock with voltmeter, suitable for Gpad Storm, Zero 10X, Techlife X7 \/ X7S, Kaabo Mantis. Can also be fitted to many other models - Inokim, Gpad, Joyor.<\/p>\n","protected":false},"excerpt":{"rendered":"<p>Electric scooter lock \/ ignition lock with voltmeter, suitable for Gpad Storm, Zero 10X, Techlife X7 \/ X7S, Kaabo Mantis. Can also be fitted to many other models - Inokim, Gpad, Joyor.<\/p>\n","protected":false},"featured_media":53500,"template":"","meta":[],"product_brand":[],"product_cat":[726],"product_tag":[],"filter_elektritoukeratas":[2730,2733,2732,2736,2734,2735,2610,2737,2707,2705,2704,2703,2706,2714,2715,2718,2721,2720,2717,2722,2726,2725,2727,2724,2728,2681,2678,2679,2680,2671,2672,2670,2669,2673,2674,2675,2676,2668,2677,2731,2729,2740,2741,2739,2743,2742,2744,2639,2640,2641,2638,2637,2753,2754,2755,2756,3239,2646,2602,2645,2648,2647,2613,2619,2622,2612,2748,2750,2751,2746,2749,2747],"class_list":{"0":"post-58414","1":"product","2":"type-product","3":"status-publish","4":"has-post-thumbnail","6":"product_cat-spare-parts","7":"pa_tootetuup-universal-electricscooter-spare-parts","8":"filter_elektritoukeratas-ft_dualtron_eagle","9":"filter_elektritoukeratas-ft_dualtron_mini","10":"filter_elektritoukeratas-ft_dualtron_spider","11":"filter_elektritoukeratas-ft_dualtron_storm","12":"filter_elektritoukeratas-ft_dualtron_thunder","13":"filter_elektritoukeratas-ft_dualtron_ultra","14":"filter_elektritoukeratas-ft_dualtron_victor","15":"filter_elektritoukeratas-ft_dualtron_x_x2","16":"filter_elektritoukeratas-ft_gpad_f3_max","17":"filter_elektritoukeratas-ft_gpad_foxen","18":"filter_elektritoukeratas-ft_gpad_joyride","19":"filter_elektritoukeratas-ft_gpad_retro","20":"filter_elektritoukeratas-ft_gpad_storm","21":"filter_elektritoukeratas-ft_inokim_ox_eco_hero_super","22":"filter_elektritoukeratas-ft_inokim_oxo","23":"filter_elektritoukeratas-ft_joyor_f1_f3_f5s","24":"filter_elektritoukeratas-ft_joyor_g5_g5s","25":"filter_elektritoukeratas-ft_joyor_s5_s10-s_s_pro","26":"filter_elektritoukeratas-ft_joyor_x1_x5s","27":"filter_elektritoukeratas-ft_joyor_y10_y6_s_y5s","28":"filter_elektritoukeratas-ft_kaabo_mantis_10","29":"filter_elektritoukeratas-ft_kaabo_mantis_8","30":"filter_elektritoukeratas-ft_kaabo_mantis_king_gt","31":"filter_elektritoukeratas-ft_kaabo_skywalker","32":"filter_elektritoukeratas-ft_kaabo_wolf","33":"filter_elektritoukeratas-ft_kugoo_c1_c1_pro","34":"filter_elektritoukeratas-ft_kugoo_g_booster","35":"filter_elektritoukeratas-ft_kugoo_g1","36":"filter_elektritoukeratas-ft_kugoo_g1_pro","37":"filter_elektritoukeratas-ft_kugoo_g2","38":"filter_elektritoukeratas-ft_kugoo_g2_master","39":"filter_elektritoukeratas-ft_kugoo_g2_max","40":"filter_elektritoukeratas-ft_kugoo_g2_pro","41":"filter_elektritoukeratas-ft_kugoo_g3","42":"filter_elektritoukeratas-ft_kugoo_g3_pro","43":"filter_elektritoukeratas-ft_kugoo_g4","44":"filter_elektritoukeratas-ft_kugoo_g4_max","45":"filter_elektritoukeratas-ft_kugoo_m4_m4_pro","46":"filter_elektritoukeratas-ft_kugoo_m5_pro","47":"filter_elektritoukeratas-ft_minimotors_speedway_4_5","48":"filter_elektritoukeratas-ft_minimotors_speedway_leger","49":"filter_elektritoukeratas-ft_nanrobot_d4_plus","50":"filter_elektritoukeratas-ft_nanrobot_d6_plus","51":"filter_elektritoukeratas-ft_nanrobot_lightning","52":"filter_elektritoukeratas-ft_nanrobot_ls7plus","53":"filter_elektritoukeratas-ft_nanrobot_n6","54":"filter_elektritoukeratas-ft_nanrobot_x_spark","55":"filter_elektritoukeratas-ft_segway_ninebot_d18e_d28e_d38e","56":"filter_elektritoukeratas-ft_segway_ninebot_f20d_f25e_ii_f30d_f40d_f40d_ii","57":"filter_elektritoukeratas-ft_segway_ninebot_f65_f65i","58":"filter_elektritoukeratas-ft_segway_ninebot_max_g2e_g65","59":"filter_elektritoukeratas-ft_segway_ninebot_max_g30p_g30le_g30e_ii_g30lp_ii","60":"filter_elektritoukeratas-ft_techlife_x5_x5s","61":"filter_elektritoukeratas-ft_techlife_x6","62":"filter_elektritoukeratas-ft_techlife_x7_x7_lite_x7s","63":"filter_elektritoukeratas-ft_techlife_x8_x8s","64":"filter_elektritoukeratas-ft_techlife_x9","65":"filter_elektritoukeratas-ft_vsett_10_plus","66":"filter_elektritoukeratas-ft_vsett_11_plus","67":"filter_elektritoukeratas-ft_vsett_11_plus_super","68":"filter_elektritoukeratas-ft_vsett_8_8_plus","69":"filter_elektritoukeratas-ft_vsett_9_9_plus","70":"filter_elektritoukeratas-ft_xiaomi_1s_mi3_pro_2_3_lite","71":"filter_elektritoukeratas-ft_xiaomi_4_4_lite_4_pro","72":"filter_elektritoukeratas-ft_xiaomi_4_ultra","73":"filter_elektritoukeratas-ft_xiaomi_m365_m365_pro_essential","74":"filter_elektritoukeratas-ft_zero_10","75":"filter_elektritoukeratas-ft_zero_10x","76":"filter_elektritoukeratas-ft_zero_11x","77":"filter_elektritoukeratas-ft_zero_8","78":"filter_elektritoukeratas-ft_zero_8x_compact","79":"filter_elektritoukeratas-ft_zero_9","81":"first","82":"instock","83":"taxable","84":"shipping-taxable","85":"purchasable","86":"product-type-variable"},"yoast_head":"<!-- This site is optimized with the Yoast SEO Premium plugin v26.8 (Yoast SEO v27.5) - https:\/\/yoast.com\/product\/yoast-seo-premium-wordpress\/ -->\n<title>Electric scooter lock with voltmeter Gpad Storm Zero | T\u00f5uksimaailm<\/title>\n<meta name=\"description\" content=\"Electric scooter lock with voltmeter, suitable for Gpad Storm, Zero 10X, Techlife X7 \/ X7S.\" \/>\n<meta name=\"robots\" content=\"index, follow, max-snippet:-1, max-image-preview:large, max-video-preview:-1\" \/>\n<link rel=\"canonical\" href=\"https:\/\/www.xn--tuksimaailm-ffb.ee\/en\/product\/electric-scooter-lock-with-voltmeter-gpad-storm-zero\/\" \/>\n<meta property=\"og:locale\" content=\"en_US\" \/>\n<meta property=\"og:type\" content=\"article\" \/>\n<meta property=\"og:title\" content=\"Electric scooter lock with voltmeter Gpad Storm Zero\" \/>\n<meta property=\"og:description\" content=\"Electric scooter lock with voltmeter, suitable for Gpad Storm, Zero 10X, Techlife X7 \/ X7S.\" \/>\n<meta property=\"og:url\" content=\"https:\/\/www.xn--tuksimaailm-ffb.ee\/en\/product\/electric-scooter-lock-with-voltmeter-gpad-storm-zero\/\" \/>\n<meta property=\"og:site_name\" content=\"T\u00f5uksimaailm\" \/>\n<meta property=\"article:publisher\" content=\"https:\/\/www.facebook.com\/touksimaailm\/\" \/>\n<meta property=\"og:image\" content=\"https:\/\/www.xn--tuksimaailm-ffb.ee\/wp-content\/uploads\/2022\/01\/Screenshot-2025-01-05-030106.webp\" \/>\n\t<meta property=\"og:image:width\" content=\"1224\" \/>\n\t<meta property=\"og:image:height\" content=\"1028\" \/>\n\t<meta property=\"og:image:type\" content=\"image\/webp\" \/>\n<meta name=\"twitter:card\" content=\"summary_large_image\" \/>\n<meta name=\"twitter:label1\" content=\"Availability\" \/>\n\t<meta name=\"twitter:data1\" content=\"In stock\" \/>\n<meta property=\"og:availability\" content=\"instock\" \/>\n<meta property=\"product:availability\" content=\"instock\" \/>\n<meta property=\"product:retailer_item_id\" content=\"S\u00dc\u00dcTELUKK-GPAD-VOLTMEETRIGA\" \/>\n<meta property=\"product:condition\" content=\"new\" \/>\n<!-- \/ Yoast SEO Premium plugin. -->","yoast_head_json":{"title":"Electric scooter lock with voltmeter Gpad Storm Zero | T\u00f5uksimaailm","description":"Electric scooter lock with voltmeter, suitable for Gpad Storm, Zero 10X, Techlife X7 \/ X7S.","robots":{"index":"index","follow":"follow","max-snippet":"max-snippet:-1","max-image-preview":"max-image-preview:large","max-video-preview":"max-video-preview:-1"},"canonical":"https:\/\/www.xn--tuksimaailm-ffb.ee\/en\/product\/electric-scooter-lock-with-voltmeter-gpad-storm-zero\/","og_locale":"en_US","og_type":"article","og_title":"Electric scooter lock with voltmeter Gpad Storm Zero","og_description":"Electric scooter lock with voltmeter, suitable for Gpad Storm, Zero 10X, Techlife X7 \/ X7S.","og_url":"https:\/\/www.xn--tuksimaailm-ffb.ee\/en\/product\/electric-scooter-lock-with-voltmeter-gpad-storm-zero\/","og_site_name":"T\u00f5uksimaailm","article_publisher":"https:\/\/www.facebook.com\/touksimaailm\/","og_image":[{"width":1224,"height":1028,"url":"https:\/\/www.xn--tuksimaailm-ffb.ee\/wp-content\/uploads\/2022\/01\/Screenshot-2025-01-05-030106.webp","type":"image\/webp"}],"twitter_card":"summary_large_image","twitter_misc":{"Availability":"In stock"},"schema":{"@context":"https:\/\/schema.org","@graph":[{"@type":"WebPage","@id":"https:\/\/www.xn--tuksimaailm-ffb.ee\/en\/product\/electric-scooter-lock-with-voltmeter-gpad-storm-zero\/","url":"https:\/\/www.xn--tuksimaailm-ffb.ee\/en\/product\/electric-scooter-lock-with-voltmeter-gpad-storm-zero\/","name":"Electric scooter lock with voltmeter Gpad Storm Zero | T\u00f5uksimaailm","isPartOf":{"@id":"https:\/\/www.xn--tuksimaailm-ffb.ee\/en\/#website"},"primaryImageOfPage":{"@id":"https:\/\/www.xn--tuksimaailm-ffb.ee\/en\/product\/electric-scooter-lock-with-voltmeter-gpad-storm-zero\/#primaryimage"},"image":{"@id":"https:\/\/www.xn--tuksimaailm-ffb.ee\/en\/product\/electric-scooter-lock-with-voltmeter-gpad-storm-zero\/#primaryimage"},"thumbnailUrl":"https:\/\/www.xn--tuksimaailm-ffb.ee\/wp-content\/uploads\/2022\/01\/Screenshot-2025-01-05-030106.webp","datePublished":"2022-01-16T12:20:31+00:00","description":"Electric scooter lock with voltmeter, suitable for Gpad Storm, Zero 10X, Techlife X7 \/ X7S.","breadcrumb":{"@id":"https:\/\/www.xn--tuksimaailm-ffb.ee\/en\/product\/electric-scooter-lock-with-voltmeter-gpad-storm-zero\/#breadcrumb"},"inLanguage":"en-US","potentialAction":[{"@type":"ReadAction","target":["https:\/\/www.xn--tuksimaailm-ffb.ee\/en\/product\/electric-scooter-lock-with-voltmeter-gpad-storm-zero\/"]}]},{"@type":"ImageObject","inLanguage":"en-US","@id":"https:\/\/www.xn--tuksimaailm-ffb.ee\/en\/product\/electric-scooter-lock-with-voltmeter-gpad-storm-zero\/#primaryimage","url":"https:\/\/www.xn--tuksimaailm-ffb.ee\/wp-content\/uploads\/2022\/01\/Screenshot-2025-01-05-030106.webp","contentUrl":"https:\/\/www.xn--tuksimaailm-ffb.ee\/wp-content\/uploads\/2022\/01\/Screenshot-2025-01-05-030106.webp","width":1224,"height":1028,"caption":"Elektrit\u00f5ukeratta lukk voltmeetriga Gpad Storm Zero"},{"@type":"BreadcrumbList","@id":"https:\/\/www.xn--tuksimaailm-ffb.ee\/en\/product\/electric-scooter-lock-with-voltmeter-gpad-storm-zero\/#breadcrumb","itemListElement":[{"@type":"ListItem","position":1,"name":"Home","item":"https:\/\/www.xn--tuksimaailm-ffb.ee\/en\/main-page\/"},{"@type":"ListItem","position":2,"name":"Shop","item":"https:\/\/www.xn--tuksimaailm-ffb.ee\/elektritoukerataste-pood\/"},{"@type":"ListItem","position":3,"name":"Electric scooter lock with voltmeter Gpad Storm Zero"}]},{"@type":"WebSite","@id":"https:\/\/www.xn--tuksimaailm-ffb.ee\/en\/#website","url":"https:\/\/www.xn--tuksimaailm-ffb.ee\/en\/","name":"T\u00f5uksimaailm","description":"Elektrit\u00f5ukerataste m\u00fc\u00fck, remont ja rent","publisher":{"@id":"https:\/\/www.xn--tuksimaailm-ffb.ee\/en\/#organization"},"potentialAction":[{"@type":"SearchAction","target":{"@type":"EntryPoint","urlTemplate":"https:\/\/www.xn--tuksimaailm-ffb.ee\/en\/?s={search_term_string}"},"query-input":{"@type":"PropertyValueSpecification","valueRequired":true,"valueName":"search_term_string"}}],"inLanguage":"en-US"},{"@type":"Organization","@id":"https:\/\/www.xn--tuksimaailm-ffb.ee\/en\/#organization","name":"T\u00f5uksimaailm","url":"https:\/\/www.xn--tuksimaailm-ffb.ee\/en\/","logo":{"@type":"ImageObject","inLanguage":"en-US","@id":"https:\/\/www.xn--tuksimaailm-ffb.ee\/en\/#\/schema\/logo\/image\/","url":"https:\/\/www.xn--tuksimaailm-ffb.ee\/wp-content\/uploads\/2020\/01\/logoz-e1579792875517.png","contentUrl":"https:\/\/www.xn--tuksimaailm-ffb.ee\/wp-content\/uploads\/2020\/01\/logoz-e1579792875517.png","width":250,"height":250,"caption":"T\u00f5uksimaailm"},"image":{"@id":"https:\/\/www.xn--tuksimaailm-ffb.ee\/en\/#\/schema\/logo\/image\/"},"sameAs":["https:\/\/www.facebook.com\/touksimaailm\/","https:\/\/www.instagram.com\/touksimaailm_\/","https:\/\/www.youtube.com\/channel\/UC18ml0EKIDLP1xGuQjFzcXQ"]}]},"og_availability":"instock","product_availability":"instock","product_retailer_item_id":"S\u00dc\u00dcTELUKK-GPAD-VOLTMEETRIGA","product_condition":"new"},"jetpack_sharing_enabled":true,"_links":{"self":[{"href":"https:\/\/www.xn--tuksimaailm-ffb.ee\/en\/wp-json\/wp\/v2\/product\/58414","targetHints":{"allow":["GET"]}}],"collection":[{"href":"https:\/\/www.xn--tuksimaailm-ffb.ee\/en\/wp-json\/wp\/v2\/product"}],"about":[{"href":"https:\/\/www.xn--tuksimaailm-ffb.ee\/en\/wp-json\/wp\/v2\/types\/product"}],"wp:featuredmedia":[{"embeddable":true,"href":"https:\/\/www.xn--tuksimaailm-ffb.ee\/en\/wp-json\/wp\/v2\/media\/53500"}],"wp:attachment":[{"href":"https:\/\/www.xn--tuksimaailm-ffb.ee\/en\/wp-json\/wp\/v2\/media?parent=58414"}],"wp:term":[{"taxonomy":"product_brand","embeddable":true,"href":"https:\/\/www.xn--tuksimaailm-ffb.ee\/en\/wp-json\/wp\/v2\/product_brand?post=58414"},{"taxonomy":"product_cat","embeddable":true,"href":"https:\/\/www.xn--tuksimaailm-ffb.ee\/en\/wp-json\/wp\/v2\/product_cat?post=58414"},{"taxonomy":"product_tag","embeddable":true,"href":"https:\/\/www.xn--tuksimaailm-ffb.ee\/en\/wp-json\/wp\/v2\/product_tag?post=58414"},{"taxonomy":"filter_elektritoukeratas","embeddable":true,"href":"https:\/\/www.xn--tuksimaailm-ffb.ee\/en\/wp-json\/wp\/v2\/filter_elektritoukeratas?post=58414"}],"curies":[{"name":"wp","href":"https:\/\/api.w.org\/{rel}","templated":true}]}}