{"id":58458,"date":"2022-01-16T13:46:50","date_gmt":"2022-01-16T13:46:50","guid":{"rendered":"http:\/\/www.xn--tuksimaailm-ffb.ee\/shop\/handlebar-zero-10x-gpad-storm-techlife-x7-x7s\/"},"modified":"2022-01-16T13:46:50","modified_gmt":"2022-01-16T10:46:50","slug":"handlebar-zero-10x-gpad-storm-techlife-x7-x7s","status":"publish","type":"product","link":"https:\/\/www.xn--tuksimaailm-ffb.ee\/en\/product\/handlebar-zero-10x-gpad-storm-techlife-x7-x7s\/","title":{"rendered":"Handlebar Zero 10X Gpad Storm Techlife X7 X7S"},"content":{"rendered":"<p>The 700mm long handlebar is suitable for the Zero 10X, Gpad Storm Max, Techlife X7 X7S. Universal electric scooter spare part.<\/p>\n","protected":false},"excerpt":{"rendered":"<p>The 700mm long handlebar is suitable for the Zero 10X, Gpad Storm Max, Techlife X7 X7S. Universal electric scooter spare part.<\/p>\n","protected":false},"featured_media":78418,"template":"","meta":[],"product_brand":[],"product_cat":[726],"product_tag":[],"filter_elektritoukeratas":[2707,2705,2706,2714,2715,2726,2725,2678,2679,2755,2646,2602,2645,2750,2751],"class_list":{"0":"post-58458","1":"product","2":"type-product","3":"status-publish","4":"has-post-thumbnail","6":"product_cat-spare-parts","7":"pa_tootetuup-bars-handlebars-poles","8":"filter_elektritoukeratas-ft_gpad_f3_max","9":"filter_elektritoukeratas-ft_gpad_foxen","10":"filter_elektritoukeratas-ft_gpad_storm","11":"filter_elektritoukeratas-ft_inokim_ox_eco_hero_super","12":"filter_elektritoukeratas-ft_inokim_oxo","13":"filter_elektritoukeratas-ft_kaabo_mantis_10","14":"filter_elektritoukeratas-ft_kaabo_mantis_8","15":"filter_elektritoukeratas-ft_kugoo_g_booster","16":"filter_elektritoukeratas-ft_kugoo_g1","17":"filter_elektritoukeratas-ft_techlife_x7_x7_lite_x7s","18":"filter_elektritoukeratas-ft_vsett_10_plus","19":"filter_elektritoukeratas-ft_vsett_11_plus","20":"filter_elektritoukeratas-ft_vsett_11_plus_super","21":"filter_elektritoukeratas-ft_zero_10x","22":"filter_elektritoukeratas-ft_zero_11x","24":"first","25":"instock","26":"taxable","27":"shipping-taxable","28":"purchasable","29":"product-type-simple"},"yoast_head":"<!-- This site is optimized with the Yoast SEO Premium plugin v26.8 (Yoast SEO v27.5) - https:\/\/yoast.com\/product\/yoast-seo-premium-wordpress\/ -->\n<title>Handlebar Zero 10X Gpad Storm Techlife X7 X7S &#8212; T\u00f5uksimaailm<\/title>\n<meta name=\"description\" content=\"The 700mm long handlebar is suitable for the Zero 10X, Gpad Storm Max, Techlife X7 X7S. Universal electric scooter spare part.\" \/>\n<meta name=\"robots\" content=\"index, follow, max-snippet:-1, max-image-preview:large, max-video-preview:-1\" \/>\n<link rel=\"canonical\" href=\"https:\/\/www.xn--tuksimaailm-ffb.ee\/en\/product\/handlebar-zero-10x-gpad-storm-techlife-x7-x7s\/\" \/>\n<meta property=\"og:locale\" content=\"en_US\" \/>\n<meta property=\"og:type\" content=\"article\" \/>\n<meta property=\"og:title\" content=\"Handlebar Zero 10X Gpad Storm Techlife X7 X7S\" \/>\n<meta property=\"og:description\" content=\"The 700mm long handlebar is suitable for the Zero 10X, Gpad Storm Max, Techlife X7 X7S. Universal electric scooter spare part.\" \/>\n<meta property=\"og:url\" content=\"https:\/\/www.xn--tuksimaailm-ffb.ee\/en\/product\/handlebar-zero-10x-gpad-storm-techlife-x7-x7s\/\" \/>\n<meta property=\"og:site_name\" content=\"T\u00f5uksimaailm\" \/>\n<meta property=\"article:publisher\" content=\"https:\/\/www.facebook.com\/touksimaailm\/\" \/>\n<meta property=\"og:image\" content=\"https:\/\/www.xn--tuksimaailm-ffb.ee\/wp-content\/uploads\/2022\/01\/408.jpg\" \/>\n\t<meta property=\"og:image:width\" content=\"226\" \/>\n\t<meta property=\"og:image:height\" content=\"187\" \/>\n\t<meta property=\"og:image:type\" content=\"image\/jpeg\" \/>\n<meta name=\"twitter:card\" content=\"summary_large_image\" \/>\n<meta name=\"twitter:label1\" content=\"Price\" \/>\n\t<meta name=\"twitter:data1\" content=\"&euro;49.50\" \/>\n\t<meta name=\"twitter:label2\" content=\"Availability\" \/>\n\t<meta name=\"twitter:data2\" content=\"In stock\" \/>\n<meta property=\"product:price:amount\" content=\"49.50\" \/>\n<meta property=\"product:price:currency\" content=\"EUR\" \/>\n<meta property=\"og:availability\" content=\"instock\" \/>\n<meta property=\"product:availability\" content=\"instock\" \/>\n<meta property=\"product:condition\" content=\"new\" \/>\n<!-- \/ Yoast SEO Premium plugin. -->","yoast_head_json":{"title":"Handlebar Zero 10X Gpad Storm Techlife X7 X7S &#8212; T\u00f5uksimaailm","description":"The 700mm long handlebar is suitable for the Zero 10X, Gpad Storm Max, Techlife X7 X7S. Universal electric scooter spare part.","robots":{"index":"index","follow":"follow","max-snippet":"max-snippet:-1","max-image-preview":"max-image-preview:large","max-video-preview":"max-video-preview:-1"},"canonical":"https:\/\/www.xn--tuksimaailm-ffb.ee\/en\/product\/handlebar-zero-10x-gpad-storm-techlife-x7-x7s\/","og_locale":"en_US","og_type":"article","og_title":"Handlebar Zero 10X Gpad Storm Techlife X7 X7S","og_description":"The 700mm long handlebar is suitable for the Zero 10X, Gpad Storm Max, Techlife X7 X7S. Universal electric scooter spare part.","og_url":"https:\/\/www.xn--tuksimaailm-ffb.ee\/en\/product\/handlebar-zero-10x-gpad-storm-techlife-x7-x7s\/","og_site_name":"T\u00f5uksimaailm","article_publisher":"https:\/\/www.facebook.com\/touksimaailm\/","og_image":[{"width":226,"height":187,"url":"https:\/\/www.xn--tuksimaailm-ffb.ee\/wp-content\/uploads\/2022\/01\/408.jpg","type":"image\/jpeg"}],"twitter_card":"summary_large_image","twitter_misc":{"Price":"&euro;49.50","Availability":"In stock"},"schema":{"@context":"https:\/\/schema.org","@graph":[{"@type":"WebPage","@id":"https:\/\/www.xn--tuksimaailm-ffb.ee\/en\/product\/handlebar-zero-10x-gpad-storm-techlife-x7-x7s\/","url":"https:\/\/www.xn--tuksimaailm-ffb.ee\/en\/product\/handlebar-zero-10x-gpad-storm-techlife-x7-x7s\/","name":"Handlebar Zero 10X Gpad Storm Techlife X7 X7S &#8212; T\u00f5uksimaailm","isPartOf":{"@id":"https:\/\/www.xn--tuksimaailm-ffb.ee\/en\/#website"},"primaryImageOfPage":{"@id":"https:\/\/www.xn--tuksimaailm-ffb.ee\/en\/product\/handlebar-zero-10x-gpad-storm-techlife-x7-x7s\/#primaryimage"},"image":{"@id":"https:\/\/www.xn--tuksimaailm-ffb.ee\/en\/product\/handlebar-zero-10x-gpad-storm-techlife-x7-x7s\/#primaryimage"},"thumbnailUrl":"https:\/\/www.xn--tuksimaailm-ffb.ee\/wp-content\/uploads\/2022\/01\/Screenshot-2026-02-09-000733.webp","datePublished":"2022-01-16T13:46:50+00:00","description":"The 700mm long handlebar is suitable for the Zero 10X, Gpad Storm Max, Techlife X7 X7S. Universal electric scooter spare part.","breadcrumb":{"@id":"https:\/\/www.xn--tuksimaailm-ffb.ee\/en\/product\/handlebar-zero-10x-gpad-storm-techlife-x7-x7s\/#breadcrumb"},"inLanguage":"en-US","potentialAction":[{"@type":"ReadAction","target":["https:\/\/www.xn--tuksimaailm-ffb.ee\/en\/product\/handlebar-zero-10x-gpad-storm-techlife-x7-x7s\/"]}]},{"@type":"ImageObject","inLanguage":"en-US","@id":"https:\/\/www.xn--tuksimaailm-ffb.ee\/en\/product\/handlebar-zero-10x-gpad-storm-techlife-x7-x7s\/#primaryimage","url":"https:\/\/www.xn--tuksimaailm-ffb.ee\/wp-content\/uploads\/2022\/01\/Screenshot-2026-02-09-000733.webp","contentUrl":"https:\/\/www.xn--tuksimaailm-ffb.ee\/wp-content\/uploads\/2022\/01\/Screenshot-2026-02-09-000733.webp","width":909,"height":782,"caption":"Lenks Zero 10X Gpad Storm Techlife X7 X7S"},{"@type":"BreadcrumbList","@id":"https:\/\/www.xn--tuksimaailm-ffb.ee\/en\/product\/handlebar-zero-10x-gpad-storm-techlife-x7-x7s\/#breadcrumb","itemListElement":[{"@type":"ListItem","position":1,"name":"Home","item":"https:\/\/www.xn--tuksimaailm-ffb.ee\/en\/main-page\/"},{"@type":"ListItem","position":2,"name":"Shop","item":"https:\/\/www.xn--tuksimaailm-ffb.ee\/elektritoukerataste-pood\/"},{"@type":"ListItem","position":3,"name":"Handlebar Zero 10X Gpad Storm Techlife X7 X7S"}]},{"@type":"WebSite","@id":"https:\/\/www.xn--tuksimaailm-ffb.ee\/en\/#website","url":"https:\/\/www.xn--tuksimaailm-ffb.ee\/en\/","name":"T\u00f5uksimaailm","description":"Elektrit\u00f5ukerataste m\u00fc\u00fck, remont ja rent","publisher":{"@id":"https:\/\/www.xn--tuksimaailm-ffb.ee\/en\/#organization"},"potentialAction":[{"@type":"SearchAction","target":{"@type":"EntryPoint","urlTemplate":"https:\/\/www.xn--tuksimaailm-ffb.ee\/en\/?s={search_term_string}"},"query-input":{"@type":"PropertyValueSpecification","valueRequired":true,"valueName":"search_term_string"}}],"inLanguage":"en-US"},{"@type":"Organization","@id":"https:\/\/www.xn--tuksimaailm-ffb.ee\/en\/#organization","name":"T\u00f5uksimaailm","url":"https:\/\/www.xn--tuksimaailm-ffb.ee\/en\/","logo":{"@type":"ImageObject","inLanguage":"en-US","@id":"https:\/\/www.xn--tuksimaailm-ffb.ee\/en\/#\/schema\/logo\/image\/","url":"https:\/\/www.xn--tuksimaailm-ffb.ee\/wp-content\/uploads\/2020\/01\/logoz-e1579792875517.png","contentUrl":"https:\/\/www.xn--tuksimaailm-ffb.ee\/wp-content\/uploads\/2020\/01\/logoz-e1579792875517.png","width":250,"height":250,"caption":"T\u00f5uksimaailm"},"image":{"@id":"https:\/\/www.xn--tuksimaailm-ffb.ee\/en\/#\/schema\/logo\/image\/"},"sameAs":["https:\/\/www.facebook.com\/touksimaailm\/","https:\/\/www.instagram.com\/touksimaailm_\/","https:\/\/www.youtube.com\/channel\/UC18ml0EKIDLP1xGuQjFzcXQ"]}]},"product_price_amount":"49.50","product_price_currency":"EUR","og_availability":"instock","product_availability":"instock","product_condition":"new"},"jetpack_sharing_enabled":true,"_links":{"self":[{"href":"https:\/\/www.xn--tuksimaailm-ffb.ee\/en\/wp-json\/wp\/v2\/product\/58458","targetHints":{"allow":["GET"]}}],"collection":[{"href":"https:\/\/www.xn--tuksimaailm-ffb.ee\/en\/wp-json\/wp\/v2\/product"}],"about":[{"href":"https:\/\/www.xn--tuksimaailm-ffb.ee\/en\/wp-json\/wp\/v2\/types\/product"}],"wp:featuredmedia":[{"embeddable":true,"href":"https:\/\/www.xn--tuksimaailm-ffb.ee\/en\/wp-json\/wp\/v2\/media\/78418"}],"wp:attachment":[{"href":"https:\/\/www.xn--tuksimaailm-ffb.ee\/en\/wp-json\/wp\/v2\/media?parent=58458"}],"wp:term":[{"taxonomy":"product_brand","embeddable":true,"href":"https:\/\/www.xn--tuksimaailm-ffb.ee\/en\/wp-json\/wp\/v2\/product_brand?post=58458"},{"taxonomy":"product_cat","embeddable":true,"href":"https:\/\/www.xn--tuksimaailm-ffb.ee\/en\/wp-json\/wp\/v2\/product_cat?post=58458"},{"taxonomy":"product_tag","embeddable":true,"href":"https:\/\/www.xn--tuksimaailm-ffb.ee\/en\/wp-json\/wp\/v2\/product_tag?post=58458"},{"taxonomy":"filter_elektritoukeratas","embeddable":true,"href":"https:\/\/www.xn--tuksimaailm-ffb.ee\/en\/wp-json\/wp\/v2\/filter_elektritoukeratas?post=58458"}],"curies":[{"name":"wp","href":"https:\/\/api.w.org\/{rel}","templated":true}]}}