{"id":58648,"date":"2022-01-20T14:39:33","date_gmt":"2022-01-20T14:39:33","guid":{"rendered":"http:\/\/www.xn--tuksimaailm-ffb.ee\/shop\/minimotors-charger-socket-cap-dualtron\/"},"modified":"2022-01-20T14:39:33","modified_gmt":"2022-01-20T11:39:33","slug":"minimotors-charger-socket-cap-dualtron","status":"publish","type":"product","link":"https:\/\/www.xn--tuksimaailm-ffb.ee\/en\/product\/minimotors-charger-socket-cap-dualtron\/","title":{"rendered":"Minimotors charger socket cap Dualtron"},"content":{"rendered":"<p>Minimotors charger socket cap Dualtron. Available in two variants - Gx16 cap\/protector and Lp-16 cap\/protector.<\/p>\n","protected":false},"excerpt":{"rendered":"<p>Minimotors charger socket cap Dualtron. Available in two variants - Gx16 cap\/protector and Lp-16 cap\/protector.<\/p>\n","protected":false},"featured_media":53237,"template":"","meta":[],"product_brand":[],"product_cat":[726],"product_tag":[],"filter_elektritoukeratas":[2730,2733,2732,2736,2734,2735,2610,2737,2609,2731,2729],"class_list":{"0":"post-58648","1":"product","2":"type-product","3":"status-publish","4":"has-post-thumbnail","6":"product_cat-spare-parts","7":"filter_elektritoukeratas-ft_dualtron_eagle","8":"filter_elektritoukeratas-ft_dualtron_mini","9":"filter_elektritoukeratas-ft_dualtron_spider","10":"filter_elektritoukeratas-ft_dualtron_storm","11":"filter_elektritoukeratas-ft_dualtron_thunder","12":"filter_elektritoukeratas-ft_dualtron_ultra","13":"filter_elektritoukeratas-ft_dualtron_victor","14":"filter_elektritoukeratas-ft_dualtron_x_x2","15":"filter_elektritoukeratas-ft_-minimotors_dualtron","16":"filter_elektritoukeratas-ft_minimotors_speedway_4_5","17":"filter_elektritoukeratas-ft_minimotors_speedway_leger","19":"first","20":"instock","21":"taxable","22":"shipping-taxable","23":"purchasable","24":"product-type-variable"},"yoast_head":"<!-- This site is optimized with the Yoast SEO Premium plugin v26.8 (Yoast SEO v27.5) - https:\/\/yoast.com\/product\/yoast-seo-premium-wordpress\/ -->\n<title>Minimotors charger socket cap Dualtron &#8212; T\u00f5uksimaailm<\/title>\n<meta name=\"description\" content=\"Minimotors charger socket cap Dualtron\" \/>\n<meta name=\"robots\" content=\"index, follow, max-snippet:-1, max-image-preview:large, max-video-preview:-1\" \/>\n<link rel=\"canonical\" href=\"https:\/\/www.xn--tuksimaailm-ffb.ee\/en\/product\/minimotors-charger-socket-cap-dualtron\/\" \/>\n<meta property=\"og:locale\" content=\"en_US\" \/>\n<meta property=\"og:type\" content=\"article\" \/>\n<meta property=\"og:title\" content=\"Minimotors charger socket cap Dualtron\" \/>\n<meta property=\"og:description\" content=\"Minimotors charger socket cap Dualtron\" \/>\n<meta property=\"og:url\" content=\"https:\/\/www.xn--tuksimaailm-ffb.ee\/en\/product\/minimotors-charger-socket-cap-dualtron\/\" \/>\n<meta property=\"og:site_name\" content=\"T\u00f5uksimaailm\" \/>\n<meta property=\"article:publisher\" content=\"https:\/\/www.facebook.com\/touksimaailm\/\" \/>\n<meta property=\"og:image\" content=\"https:\/\/www.xn--tuksimaailm-ffb.ee\/wp-content\/uploads\/2025\/01\/Screenshot-2025-01-03-041503.webp\" \/>\n\t<meta property=\"og:image:width\" content=\"1016\" \/>\n\t<meta property=\"og:image:height\" content=\"840\" \/>\n\t<meta property=\"og:image:type\" content=\"image\/webp\" \/>\n<meta name=\"twitter:card\" content=\"summary_large_image\" \/>\n<meta name=\"twitter:label1\" content=\"Availability\" \/>\n\t<meta name=\"twitter:data1\" content=\"In stock\" \/>\n<meta property=\"og:availability\" content=\"instock\" \/>\n<meta property=\"product:availability\" content=\"instock\" \/>\n<meta property=\"product:condition\" content=\"new\" \/>\n<!-- \/ Yoast SEO Premium plugin. -->","yoast_head_json":{"title":"Minimotors charger socket cap Dualtron &#8212; T\u00f5uksimaailm","description":"Minimotors charger socket cap Dualtron","robots":{"index":"index","follow":"follow","max-snippet":"max-snippet:-1","max-image-preview":"max-image-preview:large","max-video-preview":"max-video-preview:-1"},"canonical":"https:\/\/www.xn--tuksimaailm-ffb.ee\/en\/product\/minimotors-charger-socket-cap-dualtron\/","og_locale":"en_US","og_type":"article","og_title":"Minimotors charger socket cap Dualtron","og_description":"Minimotors charger socket cap Dualtron","og_url":"https:\/\/www.xn--tuksimaailm-ffb.ee\/en\/product\/minimotors-charger-socket-cap-dualtron\/","og_site_name":"T\u00f5uksimaailm","article_publisher":"https:\/\/www.facebook.com\/touksimaailm\/","og_image":[{"width":1016,"height":840,"url":"https:\/\/www.xn--tuksimaailm-ffb.ee\/wp-content\/uploads\/2025\/01\/Screenshot-2025-01-03-041503.webp","type":"image\/webp"}],"twitter_card":"summary_large_image","twitter_misc":{"Availability":"In stock"},"schema":{"@context":"https:\/\/schema.org","@graph":[{"@type":"WebPage","@id":"https:\/\/www.xn--tuksimaailm-ffb.ee\/en\/product\/minimotors-charger-socket-cap-dualtron\/","url":"https:\/\/www.xn--tuksimaailm-ffb.ee\/en\/product\/minimotors-charger-socket-cap-dualtron\/","name":"Minimotors charger socket cap Dualtron &#8212; T\u00f5uksimaailm","isPartOf":{"@id":"https:\/\/www.xn--tuksimaailm-ffb.ee\/en\/#website"},"primaryImageOfPage":{"@id":"https:\/\/www.xn--tuksimaailm-ffb.ee\/en\/product\/minimotors-charger-socket-cap-dualtron\/#primaryimage"},"image":{"@id":"https:\/\/www.xn--tuksimaailm-ffb.ee\/en\/product\/minimotors-charger-socket-cap-dualtron\/#primaryimage"},"thumbnailUrl":"https:\/\/www.xn--tuksimaailm-ffb.ee\/wp-content\/uploads\/2025\/01\/Screenshot-2025-01-03-041503.webp","datePublished":"2022-01-20T14:39:33+00:00","description":"Minimotors charger socket cap Dualtron","breadcrumb":{"@id":"https:\/\/www.xn--tuksimaailm-ffb.ee\/en\/product\/minimotors-charger-socket-cap-dualtron\/#breadcrumb"},"inLanguage":"en-US","potentialAction":[{"@type":"ReadAction","target":["https:\/\/www.xn--tuksimaailm-ffb.ee\/en\/product\/minimotors-charger-socket-cap-dualtron\/"]}]},{"@type":"ImageObject","inLanguage":"en-US","@id":"https:\/\/www.xn--tuksimaailm-ffb.ee\/en\/product\/minimotors-charger-socket-cap-dualtron\/#primaryimage","url":"https:\/\/www.xn--tuksimaailm-ffb.ee\/wp-content\/uploads\/2025\/01\/Screenshot-2025-01-03-041503.webp","contentUrl":"https:\/\/www.xn--tuksimaailm-ffb.ee\/wp-content\/uploads\/2025\/01\/Screenshot-2025-01-03-041503.webp","width":1016,"height":840,"caption":"Minimotors charger socket cap Dualtron"},{"@type":"BreadcrumbList","@id":"https:\/\/www.xn--tuksimaailm-ffb.ee\/en\/product\/minimotors-charger-socket-cap-dualtron\/#breadcrumb","itemListElement":[{"@type":"ListItem","position":1,"name":"Home","item":"https:\/\/www.xn--tuksimaailm-ffb.ee\/en\/main-page\/"},{"@type":"ListItem","position":2,"name":"Shop","item":"https:\/\/www.xn--tuksimaailm-ffb.ee\/elektritoukerataste-pood\/"},{"@type":"ListItem","position":3,"name":"Minimotors charger socket cap Dualtron"}]},{"@type":"WebSite","@id":"https:\/\/www.xn--tuksimaailm-ffb.ee\/en\/#website","url":"https:\/\/www.xn--tuksimaailm-ffb.ee\/en\/","name":"T\u00f5uksimaailm","description":"Elektrit\u00f5ukerataste m\u00fc\u00fck, remont ja rent","publisher":{"@id":"https:\/\/www.xn--tuksimaailm-ffb.ee\/en\/#organization"},"potentialAction":[{"@type":"SearchAction","target":{"@type":"EntryPoint","urlTemplate":"https:\/\/www.xn--tuksimaailm-ffb.ee\/en\/?s={search_term_string}"},"query-input":{"@type":"PropertyValueSpecification","valueRequired":true,"valueName":"search_term_string"}}],"inLanguage":"en-US"},{"@type":"Organization","@id":"https:\/\/www.xn--tuksimaailm-ffb.ee\/en\/#organization","name":"T\u00f5uksimaailm","url":"https:\/\/www.xn--tuksimaailm-ffb.ee\/en\/","logo":{"@type":"ImageObject","inLanguage":"en-US","@id":"https:\/\/www.xn--tuksimaailm-ffb.ee\/en\/#\/schema\/logo\/image\/","url":"https:\/\/www.xn--tuksimaailm-ffb.ee\/wp-content\/uploads\/2020\/01\/logoz-e1579792875517.png","contentUrl":"https:\/\/www.xn--tuksimaailm-ffb.ee\/wp-content\/uploads\/2020\/01\/logoz-e1579792875517.png","width":250,"height":250,"caption":"T\u00f5uksimaailm"},"image":{"@id":"https:\/\/www.xn--tuksimaailm-ffb.ee\/en\/#\/schema\/logo\/image\/"},"sameAs":["https:\/\/www.facebook.com\/touksimaailm\/","https:\/\/www.instagram.com\/touksimaailm_\/","https:\/\/www.youtube.com\/channel\/UC18ml0EKIDLP1xGuQjFzcXQ"]}]},"og_availability":"instock","product_availability":"instock","product_condition":"new"},"jetpack_sharing_enabled":true,"_links":{"self":[{"href":"https:\/\/www.xn--tuksimaailm-ffb.ee\/en\/wp-json\/wp\/v2\/product\/58648","targetHints":{"allow":["GET"]}}],"collection":[{"href":"https:\/\/www.xn--tuksimaailm-ffb.ee\/en\/wp-json\/wp\/v2\/product"}],"about":[{"href":"https:\/\/www.xn--tuksimaailm-ffb.ee\/en\/wp-json\/wp\/v2\/types\/product"}],"wp:featuredmedia":[{"embeddable":true,"href":"https:\/\/www.xn--tuksimaailm-ffb.ee\/en\/wp-json\/wp\/v2\/media\/53237"}],"wp:attachment":[{"href":"https:\/\/www.xn--tuksimaailm-ffb.ee\/en\/wp-json\/wp\/v2\/media?parent=58648"}],"wp:term":[{"taxonomy":"product_brand","embeddable":true,"href":"https:\/\/www.xn--tuksimaailm-ffb.ee\/en\/wp-json\/wp\/v2\/product_brand?post=58648"},{"taxonomy":"product_cat","embeddable":true,"href":"https:\/\/www.xn--tuksimaailm-ffb.ee\/en\/wp-json\/wp\/v2\/product_cat?post=58648"},{"taxonomy":"product_tag","embeddable":true,"href":"https:\/\/www.xn--tuksimaailm-ffb.ee\/en\/wp-json\/wp\/v2\/product_tag?post=58648"},{"taxonomy":"filter_elektritoukeratas","embeddable":true,"href":"https:\/\/www.xn--tuksimaailm-ffb.ee\/en\/wp-json\/wp\/v2\/filter_elektritoukeratas?post=58648"}],"curies":[{"name":"wp","href":"https:\/\/api.w.org\/{rel}","templated":true}]}}