{"id":59923,"date":"2022-01-25T18:07:48","date_gmt":"2022-01-25T15:07:48","guid":{"rendered":"http:\/\/www.xn--tuksimaailm-ffb.ee\/shop\/usb-charger-for-electric-scooter-for-36v-72v-battery\/"},"modified":"2022-01-25T18:07:48","modified_gmt":"2022-01-25T16:07:48","slug":"usb-charger-for-electric-scooter-for-36v-72v-battery","status":"publish","type":"product","link":"https:\/\/www.xn--tuksimaailm-ffb.ee\/en\/product\/usb-charger-for-electric-scooter-for-36v-72v-battery\/","title":{"rendered":"USB charger for electric scooter for 36V-72V battery"},"content":{"rendered":"<p>USB charger for electric scooter for 36V-72V battery<\/p>\n","protected":false},"excerpt":{"rendered":"<p>USB charger for electric scooter for 36V-72V battery<\/p>\n","protected":false},"featured_media":16345,"template":"","meta":[],"product_brand":[],"product_cat":[746],"product_tag":[],"filter_elektritoukeratas":[2688,2730,2733,2732,2736,2734,2735,2610,2737,2707,2705,2704,2703,2706,2699,2714,2715,2712,2713,2718,2721,2720,2717,2722,2726,2725,2727,2724,2728,2681,2678,2679,2680,2671,2672,2670,2669,2673,2674,2675,2676,2668,2677,2649,2650,2651,2682,2683,2684,2731,2729,2740,2741,2739,2743,2742,2744,2639,2636,2635,2640,2641,2644,2638,2637,2643,2642,2753,2754,2755,2756,2646,2602,2645,2648,2647,2613,2619,2622,2612,2748,2750,2751,2746,2749,2747],"class_list":{"0":"post-59923","1":"product","2":"type-product","3":"status-publish","4":"has-post-thumbnail","6":"product_cat-accessories","7":"pa_tootetuup-chargers","8":"filter_elektritoukeratas-ft_blaupunkt_esc608","9":"filter_elektritoukeratas-ft_dualtron_eagle","10":"filter_elektritoukeratas-ft_dualtron_mini","11":"filter_elektritoukeratas-ft_dualtron_spider","12":"filter_elektritoukeratas-ft_dualtron_storm","13":"filter_elektritoukeratas-ft_dualtron_thunder","14":"filter_elektritoukeratas-ft_dualtron_ultra","15":"filter_elektritoukeratas-ft_dualtron_victor","16":"filter_elektritoukeratas-ft_dualtron_x_x2","17":"filter_elektritoukeratas-ft_gpad_f3_max","18":"filter_elektritoukeratas-ft_gpad_foxen","19":"filter_elektritoukeratas-ft_gpad_joyride","20":"filter_elektritoukeratas-ft_gpad_retro","21":"filter_elektritoukeratas-ft_gpad_storm","22":"filter_elektritoukeratas-ft_hx_x9_max_x9_plus","23":"filter_elektritoukeratas-ft_inokim_ox_eco_hero_super","24":"filter_elektritoukeratas-ft_inokim_oxo","25":"filter_elektritoukeratas-ft_inokim_quick_3_hero_super","26":"filter_elektritoukeratas-ft_inokim_quick_4_hero_super","27":"filter_elektritoukeratas-ft_joyor_f1_f3_f5s","28":"filter_elektritoukeratas-ft_joyor_g5_g5s","29":"filter_elektritoukeratas-ft_joyor_s5_s10-s_s_pro","30":"filter_elektritoukeratas-ft_joyor_x1_x5s","31":"filter_elektritoukeratas-ft_joyor_y10_y6_s_y5s","32":"filter_elektritoukeratas-ft_kaabo_mantis_10","33":"filter_elektritoukeratas-ft_kaabo_mantis_8","34":"filter_elektritoukeratas-ft_kaabo_mantis_king_gt","35":"filter_elektritoukeratas-ft_kaabo_skywalker","36":"filter_elektritoukeratas-ft_kaabo_wolf","37":"filter_elektritoukeratas-ft_kugoo_c1_c1_pro","38":"filter_elektritoukeratas-ft_kugoo_g_booster","39":"filter_elektritoukeratas-ft_kugoo_g1","40":"filter_elektritoukeratas-ft_kugoo_g1_pro","41":"filter_elektritoukeratas-ft_kugoo_g2","42":"filter_elektritoukeratas-ft_kugoo_g2_master","43":"filter_elektritoukeratas-ft_kugoo_g2_max","44":"filter_elektritoukeratas-ft_kugoo_g2_pro","45":"filter_elektritoukeratas-ft_kugoo_g3","46":"filter_elektritoukeratas-ft_kugoo_g3_pro","47":"filter_elektritoukeratas-ft_kugoo_g4","48":"filter_elektritoukeratas-ft_kugoo_g4_max","49":"filter_elektritoukeratas-ft_kugoo_m4_m4_pro","50":"filter_elektritoukeratas-ft_kugoo_m5_pro","51":"filter_elektritoukeratas-ft_kugoo_s1_s1_plus_s1_pro_s1_max","52":"filter_elektritoukeratas-ft_kugoo_s2_s2_pro","53":"filter_elektritoukeratas-ft_kugoo_s3_s3_plus_s3_pro","54":"filter_elektritoukeratas-ft_kugoo_v1_v1_pro","55":"filter_elektritoukeratas-ft_kugoo_v2","56":"filter_elektritoukeratas-ft_kugoo_v3","57":"filter_elektritoukeratas-ft_minimotors_speedway_4_5","58":"filter_elektritoukeratas-ft_minimotors_speedway_leger","59":"filter_elektritoukeratas-ft_nanrobot_d4_plus","60":"filter_elektritoukeratas-ft_nanrobot_d6_plus","61":"filter_elektritoukeratas-ft_nanrobot_lightning","62":"filter_elektritoukeratas-ft_nanrobot_ls7plus","63":"filter_elektritoukeratas-ft_nanrobot_n6","64":"filter_elektritoukeratas-ft_nanrobot_x_spark","65":"filter_elektritoukeratas-ft_segway_ninebot_d18e_d28e_d38e","66":"filter_elektritoukeratas-ft_segway_ninebot_e22e_e35e_e45e","67":"filter_elektritoukeratas-ft_segway_ninebot_es1_es2_es4","68":"filter_elektritoukeratas-ft_segway_ninebot_f20d_f25e_ii_f30d_f40d_f40d_ii","69":"filter_elektritoukeratas-ft_segway_ninebot_f65_f65i","70":"filter_elektritoukeratas-ft_segway_ninebot_gt1e_gt1d_gt2p","71":"filter_elektritoukeratas-ft_segway_ninebot_max_g2e_g65","72":"filter_elektritoukeratas-ft_segway_ninebot_max_g30p_g30le_g30e_ii_g30lp_ii","73":"filter_elektritoukeratas-ft_segway_ninebot_p100s_p100se","74":"filter_elektritoukeratas-ft_segway_ninebot_p65e_p65i","75":"filter_elektritoukeratas-ft_techlife_x5_x5s","76":"filter_elektritoukeratas-ft_techlife_x6","77":"filter_elektritoukeratas-ft_techlife_x7_x7_lite_x7s","78":"filter_elektritoukeratas-ft_techlife_x8_x8s","79":"filter_elektritoukeratas-ft_vsett_10_plus","80":"filter_elektritoukeratas-ft_vsett_11_plus","81":"filter_elektritoukeratas-ft_vsett_11_plus_super","82":"filter_elektritoukeratas-ft_vsett_8_8_plus","83":"filter_elektritoukeratas-ft_vsett_9_9_plus","84":"filter_elektritoukeratas-ft_xiaomi_1s_mi3_pro_2_3_lite","85":"filter_elektritoukeratas-ft_xiaomi_4_4_lite_4_pro","86":"filter_elektritoukeratas-ft_xiaomi_4_ultra","87":"filter_elektritoukeratas-ft_xiaomi_m365_m365_pro_essential","88":"filter_elektritoukeratas-ft_zero_10","89":"filter_elektritoukeratas-ft_zero_10x","90":"filter_elektritoukeratas-ft_zero_11x","91":"filter_elektritoukeratas-ft_zero_8","92":"filter_elektritoukeratas-ft_zero_8x_compact","93":"filter_elektritoukeratas-ft_zero_9","95":"first","96":"outofstock","97":"taxable","98":"shipping-taxable","99":"purchasable","100":"product-type-simple"},"yoast_head":"<!-- This site is optimized with the Yoast SEO Premium plugin v26.8 (Yoast SEO v27.5) - https:\/\/yoast.com\/product\/yoast-seo-premium-wordpress\/ -->\n<title>USB charger for electric scooter for 36V-72V battery &#8212; T\u00f5uksimaailm<\/title>\n<meta name=\"description\" content=\"USB charger for electric scooter for 36V-72V battery\" \/>\n<meta name=\"robots\" content=\"index, follow, max-snippet:-1, max-image-preview:large, max-video-preview:-1\" \/>\n<link rel=\"canonical\" href=\"https:\/\/www.xn--tuksimaailm-ffb.ee\/en\/product\/usb-charger-for-electric-scooter-for-36v-72v-battery\/\" \/>\n<meta property=\"og:locale\" content=\"en_US\" \/>\n<meta property=\"og:type\" content=\"article\" \/>\n<meta property=\"og:title\" content=\"USB charger for electric scooter for 36V-72V battery\" \/>\n<meta property=\"og:description\" content=\"USB charger for electric scooter for 36V-72V battery\" \/>\n<meta property=\"og:url\" content=\"https:\/\/www.xn--tuksimaailm-ffb.ee\/en\/product\/usb-charger-for-electric-scooter-for-36v-72v-battery\/\" \/>\n<meta property=\"og:site_name\" content=\"T\u00f5uksimaailm\" \/>\n<meta property=\"article:publisher\" content=\"https:\/\/www.facebook.com\/touksimaailm\/\" \/>\n<meta property=\"article:modified_time\" content=\"2022-01-25T16:07:48+00:00\" \/>\n<meta property=\"og:image\" content=\"https:\/\/www.xn--tuksimaailm-ffb.ee\/wp-content\/uploads\/2022\/01\/547.jpg\" \/>\n\t<meta property=\"og:image:width\" content=\"209\" \/>\n\t<meta property=\"og:image:height\" content=\"184\" \/>\n\t<meta property=\"og:image:type\" content=\"image\/jpeg\" \/>\n<meta name=\"twitter:card\" content=\"summary_large_image\" \/>\n<meta name=\"twitter:label1\" content=\"Price\" \/>\n\t<meta name=\"twitter:data1\" content=\"&euro;29.50\" \/>\n\t<meta name=\"twitter:label2\" content=\"Availability\" \/>\n\t<meta name=\"twitter:data2\" content=\"Out of stock\" \/>\n<meta property=\"product:price:amount\" content=\"29.50\" \/>\n<meta property=\"product:price:currency\" content=\"EUR\" \/>\n<meta property=\"og:availability\" content=\"out of stock\" \/>\n<meta property=\"product:availability\" content=\"out of stock\" \/>\n<meta property=\"product:condition\" content=\"new\" \/>\n<!-- \/ Yoast SEO Premium plugin. -->","yoast_head_json":{"title":"USB charger for electric scooter for 36V-72V battery &#8212; T\u00f5uksimaailm","description":"USB charger for electric scooter for 36V-72V battery","robots":{"index":"index","follow":"follow","max-snippet":"max-snippet:-1","max-image-preview":"max-image-preview:large","max-video-preview":"max-video-preview:-1"},"canonical":"https:\/\/www.xn--tuksimaailm-ffb.ee\/en\/product\/usb-charger-for-electric-scooter-for-36v-72v-battery\/","og_locale":"en_US","og_type":"article","og_title":"USB charger for electric scooter for 36V-72V battery","og_description":"USB charger for electric scooter for 36V-72V battery","og_url":"https:\/\/www.xn--tuksimaailm-ffb.ee\/en\/product\/usb-charger-for-electric-scooter-for-36v-72v-battery\/","og_site_name":"T\u00f5uksimaailm","article_publisher":"https:\/\/www.facebook.com\/touksimaailm\/","article_modified_time":"2022-01-25T16:07:48+00:00","og_image":[{"width":209,"height":184,"url":"https:\/\/www.xn--tuksimaailm-ffb.ee\/wp-content\/uploads\/2022\/01\/547.jpg","type":"image\/jpeg"}],"twitter_card":"summary_large_image","twitter_misc":{"Price":"&euro;29.50","Availability":"Out of stock"},"schema":{"@context":"https:\/\/schema.org","@graph":[{"@type":"WebPage","@id":"https:\/\/www.xn--tuksimaailm-ffb.ee\/en\/product\/usb-charger-for-electric-scooter-for-36v-72v-battery\/","url":"https:\/\/www.xn--tuksimaailm-ffb.ee\/en\/product\/usb-charger-for-electric-scooter-for-36v-72v-battery\/","name":"USB charger for electric scooter for 36V-72V battery &#8212; T\u00f5uksimaailm","isPartOf":{"@id":"https:\/\/www.xn--tuksimaailm-ffb.ee\/en\/#website"},"primaryImageOfPage":{"@id":"https:\/\/www.xn--tuksimaailm-ffb.ee\/en\/product\/usb-charger-for-electric-scooter-for-36v-72v-battery\/#primaryimage"},"image":{"@id":"https:\/\/www.xn--tuksimaailm-ffb.ee\/en\/product\/usb-charger-for-electric-scooter-for-36v-72v-battery\/#primaryimage"},"thumbnailUrl":"https:\/\/www.xn--tuksimaailm-ffb.ee\/wp-content\/uploads\/2022\/01\/547.jpg","datePublished":"2022-01-25T15:07:48+00:00","dateModified":"2022-01-25T16:07:48+00:00","description":"USB charger for electric scooter for 36V-72V battery","breadcrumb":{"@id":"https:\/\/www.xn--tuksimaailm-ffb.ee\/en\/product\/usb-charger-for-electric-scooter-for-36v-72v-battery\/#breadcrumb"},"inLanguage":"en-US","potentialAction":[{"@type":"ReadAction","target":["https:\/\/www.xn--tuksimaailm-ffb.ee\/en\/product\/usb-charger-for-electric-scooter-for-36v-72v-battery\/"]}]},{"@type":"ImageObject","inLanguage":"en-US","@id":"https:\/\/www.xn--tuksimaailm-ffb.ee\/en\/product\/usb-charger-for-electric-scooter-for-36v-72v-battery\/#primaryimage","url":"https:\/\/www.xn--tuksimaailm-ffb.ee\/wp-content\/uploads\/2022\/01\/547.jpg","contentUrl":"https:\/\/www.xn--tuksimaailm-ffb.ee\/wp-content\/uploads\/2022\/01\/547.jpg","width":209,"height":184,"caption":"USB charger for electric scooter for 36V-72V battery"},{"@type":"BreadcrumbList","@id":"https:\/\/www.xn--tuksimaailm-ffb.ee\/en\/product\/usb-charger-for-electric-scooter-for-36v-72v-battery\/#breadcrumb","itemListElement":[{"@type":"ListItem","position":1,"name":"Home","item":"https:\/\/www.xn--tuksimaailm-ffb.ee\/en\/main-page\/"},{"@type":"ListItem","position":2,"name":"Shop","item":"https:\/\/www.xn--tuksimaailm-ffb.ee\/elektritoukerataste-pood\/"},{"@type":"ListItem","position":3,"name":"USB charger for electric scooter for 36V-72V battery"}]},{"@type":"WebSite","@id":"https:\/\/www.xn--tuksimaailm-ffb.ee\/en\/#website","url":"https:\/\/www.xn--tuksimaailm-ffb.ee\/en\/","name":"T\u00f5uksimaailm","description":"Elektrit\u00f5ukerataste m\u00fc\u00fck, remont ja rent","publisher":{"@id":"https:\/\/www.xn--tuksimaailm-ffb.ee\/en\/#organization"},"potentialAction":[{"@type":"SearchAction","target":{"@type":"EntryPoint","urlTemplate":"https:\/\/www.xn--tuksimaailm-ffb.ee\/en\/?s={search_term_string}"},"query-input":{"@type":"PropertyValueSpecification","valueRequired":true,"valueName":"search_term_string"}}],"inLanguage":"en-US"},{"@type":"Organization","@id":"https:\/\/www.xn--tuksimaailm-ffb.ee\/en\/#organization","name":"T\u00f5uksimaailm","url":"https:\/\/www.xn--tuksimaailm-ffb.ee\/en\/","logo":{"@type":"ImageObject","inLanguage":"en-US","@id":"https:\/\/www.xn--tuksimaailm-ffb.ee\/en\/#\/schema\/logo\/image\/","url":"https:\/\/www.xn--tuksimaailm-ffb.ee\/wp-content\/uploads\/2020\/01\/logoz-e1579792875517.png","contentUrl":"https:\/\/www.xn--tuksimaailm-ffb.ee\/wp-content\/uploads\/2020\/01\/logoz-e1579792875517.png","width":250,"height":250,"caption":"T\u00f5uksimaailm"},"image":{"@id":"https:\/\/www.xn--tuksimaailm-ffb.ee\/en\/#\/schema\/logo\/image\/"},"sameAs":["https:\/\/www.facebook.com\/touksimaailm\/","https:\/\/www.instagram.com\/touksimaailm_\/","https:\/\/www.youtube.com\/channel\/UC18ml0EKIDLP1xGuQjFzcXQ"]}]},"product_price_amount":"29.50","product_price_currency":"EUR","og_availability":"out of stock","product_availability":"out of stock","product_condition":"new"},"jetpack_sharing_enabled":true,"_links":{"self":[{"href":"https:\/\/www.xn--tuksimaailm-ffb.ee\/en\/wp-json\/wp\/v2\/product\/59923","targetHints":{"allow":["GET"]}}],"collection":[{"href":"https:\/\/www.xn--tuksimaailm-ffb.ee\/en\/wp-json\/wp\/v2\/product"}],"about":[{"href":"https:\/\/www.xn--tuksimaailm-ffb.ee\/en\/wp-json\/wp\/v2\/types\/product"}],"wp:featuredmedia":[{"embeddable":true,"href":"https:\/\/www.xn--tuksimaailm-ffb.ee\/en\/wp-json\/wp\/v2\/media\/16345"}],"wp:attachment":[{"href":"https:\/\/www.xn--tuksimaailm-ffb.ee\/en\/wp-json\/wp\/v2\/media?parent=59923"}],"wp:term":[{"taxonomy":"product_brand","embeddable":true,"href":"https:\/\/www.xn--tuksimaailm-ffb.ee\/en\/wp-json\/wp\/v2\/product_brand?post=59923"},{"taxonomy":"product_cat","embeddable":true,"href":"https:\/\/www.xn--tuksimaailm-ffb.ee\/en\/wp-json\/wp\/v2\/product_cat?post=59923"},{"taxonomy":"product_tag","embeddable":true,"href":"https:\/\/www.xn--tuksimaailm-ffb.ee\/en\/wp-json\/wp\/v2\/product_tag?post=59923"},{"taxonomy":"filter_elektritoukeratas","embeddable":true,"href":"https:\/\/www.xn--tuksimaailm-ffb.ee\/en\/wp-json\/wp\/v2\/filter_elektritoukeratas?post=59923"}],"curies":[{"name":"wp","href":"https:\/\/api.w.org\/{rel}","templated":true}]}}