{"id":59927,"date":"2022-01-25T18:07:58","date_gmt":"2022-01-25T16:07:58","guid":{"rendered":"http:\/\/www.xn--tuksimaailm-ffb.ee\/shop\/inokim-oxo-orange-handle-original-lockable\/"},"modified":"2022-01-25T18:07:58","modified_gmt":"2022-01-25T16:07:58","slug":"inokim-oxo-orange-handle-original-lockable","status":"publish","type":"product","link":"https:\/\/www.xn--tuksimaailm-ffb.ee\/en\/product\/inokim-oxo-orange-handle-original-lockable\/","title":{"rendered":"Inokim OXO Orange handle original lockable"},"content":{"rendered":"<p>Inokim OXO Orange handle original lockable<\/p>\n","protected":false},"excerpt":{"rendered":"<p>Inokim OXO Orange handle original lockable<\/p>\n","protected":false},"featured_media":55631,"template":"","meta":[],"product_brand":[],"product_cat":[746,726],"product_tag":[],"filter_elektritoukeratas":[2730,2733,2732,2736,2734,2735,2610,2737,2707,2705,2704,2701,2703,2706,2699,2711,2709,2714,2715,2712,2713,2719,2718,2721,2720,2717,2722,2726,2725,2727,2724,2728,2681,2678,2679,2680,2671,2672,2670,2669,2673,2674,2675,2676,2668,2677,2731,2729,2740,2741,2739,2743,2742,2744,2748,2750,2751,2746,2749,2747],"class_list":{"0":"post-59927","1":"product","2":"type-product","3":"status-publish","4":"has-post-thumbnail","6":"product_cat-accessories","7":"product_cat-spare-parts","8":"pa_tootetuup-handlegrips","9":"filter_elektritoukeratas-ft_dualtron_eagle","10":"filter_elektritoukeratas-ft_dualtron_mini","11":"filter_elektritoukeratas-ft_dualtron_spider","12":"filter_elektritoukeratas-ft_dualtron_storm","13":"filter_elektritoukeratas-ft_dualtron_thunder","14":"filter_elektritoukeratas-ft_dualtron_ultra","15":"filter_elektritoukeratas-ft_dualtron_victor","16":"filter_elektritoukeratas-ft_dualtron_x_x2","17":"filter_elektritoukeratas-ft_gpad_f3_max","18":"filter_elektritoukeratas-ft_gpad_foxen","19":"filter_elektritoukeratas-ft_gpad_joyride","20":"filter_elektritoukeratas-ft_gpad_lite_lite_max","21":"filter_elektritoukeratas-ft_gpad_retro","22":"filter_elektritoukeratas-ft_gpad_storm","23":"filter_elektritoukeratas-ft_hx_x9_max_x9_plus","24":"filter_elektritoukeratas-ft_inokim_light_2_max_super","25":"filter_elektritoukeratas-ft_inokim_light_hero_2_hero","26":"filter_elektritoukeratas-ft_inokim_ox_eco_hero_super","27":"filter_elektritoukeratas-ft_inokim_oxo","28":"filter_elektritoukeratas-ft_inokim_quick_3_hero_super","29":"filter_elektritoukeratas-ft_inokim_quick_4_hero_super","30":"filter_elektritoukeratas-ft_joyor_a1_a3_a5","31":"filter_elektritoukeratas-ft_joyor_f1_f3_f5s","32":"filter_elektritoukeratas-ft_joyor_g5_g5s","33":"filter_elektritoukeratas-ft_joyor_s5_s10-s_s_pro","34":"filter_elektritoukeratas-ft_joyor_x1_x5s","35":"filter_elektritoukeratas-ft_joyor_y10_y6_s_y5s","36":"filter_elektritoukeratas-ft_kaabo_mantis_10","37":"filter_elektritoukeratas-ft_kaabo_mantis_8","38":"filter_elektritoukeratas-ft_kaabo_mantis_king_gt","39":"filter_elektritoukeratas-ft_kaabo_skywalker","40":"filter_elektritoukeratas-ft_kaabo_wolf","41":"filter_elektritoukeratas-ft_kugoo_c1_c1_pro","42":"filter_elektritoukeratas-ft_kugoo_g_booster","43":"filter_elektritoukeratas-ft_kugoo_g1","44":"filter_elektritoukeratas-ft_kugoo_g1_pro","45":"filter_elektritoukeratas-ft_kugoo_g2","46":"filter_elektritoukeratas-ft_kugoo_g2_master","47":"filter_elektritoukeratas-ft_kugoo_g2_max","48":"filter_elektritoukeratas-ft_kugoo_g2_pro","49":"filter_elektritoukeratas-ft_kugoo_g3","50":"filter_elektritoukeratas-ft_kugoo_g3_pro","51":"filter_elektritoukeratas-ft_kugoo_g4","52":"filter_elektritoukeratas-ft_kugoo_g4_max","53":"filter_elektritoukeratas-ft_kugoo_m4_m4_pro","54":"filter_elektritoukeratas-ft_kugoo_m5_pro","55":"filter_elektritoukeratas-ft_minimotors_speedway_4_5","56":"filter_elektritoukeratas-ft_minimotors_speedway_leger","57":"filter_elektritoukeratas-ft_nanrobot_d4_plus","58":"filter_elektritoukeratas-ft_nanrobot_d6_plus","59":"filter_elektritoukeratas-ft_nanrobot_lightning","60":"filter_elektritoukeratas-ft_nanrobot_ls7plus","61":"filter_elektritoukeratas-ft_nanrobot_n6","62":"filter_elektritoukeratas-ft_nanrobot_x_spark","63":"filter_elektritoukeratas-ft_zero_10","64":"filter_elektritoukeratas-ft_zero_10x","65":"filter_elektritoukeratas-ft_zero_11x","66":"filter_elektritoukeratas-ft_zero_8","67":"filter_elektritoukeratas-ft_zero_8x_compact","68":"filter_elektritoukeratas-ft_zero_9","70":"first","71":"instock","72":"taxable","73":"shipping-taxable","74":"purchasable","75":"product-type-simple"},"yoast_head":"<!-- This site is optimized with the Yoast SEO Premium plugin v26.8 (Yoast SEO v27.5) - https:\/\/yoast.com\/product\/yoast-seo-premium-wordpress\/ -->\n<title>Inokim OXO Orange handle original lockable &#8212; T\u00f5uksimaailm<\/title>\n<meta name=\"description\" content=\"Inokim OXO Orange handle original lockable\" \/>\n<meta name=\"robots\" content=\"index, follow, max-snippet:-1, max-image-preview:large, max-video-preview:-1\" \/>\n<link rel=\"canonical\" href=\"https:\/\/www.xn--tuksimaailm-ffb.ee\/en\/product\/inokim-oxo-orange-handle-original-lockable\/\" \/>\n<meta property=\"og:locale\" content=\"en_US\" \/>\n<meta property=\"og:type\" content=\"article\" \/>\n<meta property=\"og:title\" content=\"Inokim OXO Orange handle original lockable\" \/>\n<meta property=\"og:description\" content=\"Inokim OXO Orange handle original lockable\" \/>\n<meta property=\"og:url\" content=\"https:\/\/www.xn--tuksimaailm-ffb.ee\/en\/product\/inokim-oxo-orange-handle-original-lockable\/\" \/>\n<meta property=\"og:site_name\" content=\"T\u00f5uksimaailm\" \/>\n<meta property=\"article:publisher\" content=\"https:\/\/www.facebook.com\/touksimaailm\/\" \/>\n<meta property=\"og:image\" content=\"https:\/\/www.xn--tuksimaailm-ffb.ee\/wp-content\/uploads\/2022\/01\/Screenshot-2025-01-23-135739.webp\" \/>\n\t<meta property=\"og:image:width\" content=\"847\" \/>\n\t<meta property=\"og:image:height\" content=\"941\" \/>\n\t<meta property=\"og:image:type\" content=\"image\/webp\" \/>\n<meta name=\"twitter:card\" content=\"summary_large_image\" \/>\n<meta name=\"twitter:label1\" content=\"Price\" \/>\n\t<meta name=\"twitter:data1\" content=\"&euro;15.00\" \/>\n\t<meta name=\"twitter:label2\" content=\"Availability\" \/>\n\t<meta name=\"twitter:data2\" content=\"In stock\" \/>\n<meta property=\"product:price:amount\" content=\"15.00\" \/>\n<meta property=\"product:price:currency\" content=\"EUR\" \/>\n<meta property=\"og:availability\" content=\"instock\" \/>\n<meta property=\"product:availability\" content=\"instock\" \/>\n<meta property=\"product:condition\" content=\"new\" \/>\n<!-- \/ Yoast SEO Premium plugin. -->","yoast_head_json":{"title":"Inokim OXO Orange handle original lockable &#8212; T\u00f5uksimaailm","description":"Inokim OXO Orange handle original lockable","robots":{"index":"index","follow":"follow","max-snippet":"max-snippet:-1","max-image-preview":"max-image-preview:large","max-video-preview":"max-video-preview:-1"},"canonical":"https:\/\/www.xn--tuksimaailm-ffb.ee\/en\/product\/inokim-oxo-orange-handle-original-lockable\/","og_locale":"en_US","og_type":"article","og_title":"Inokim OXO Orange handle original lockable","og_description":"Inokim OXO Orange handle original lockable","og_url":"https:\/\/www.xn--tuksimaailm-ffb.ee\/en\/product\/inokim-oxo-orange-handle-original-lockable\/","og_site_name":"T\u00f5uksimaailm","article_publisher":"https:\/\/www.facebook.com\/touksimaailm\/","og_image":[{"width":847,"height":941,"url":"https:\/\/www.xn--tuksimaailm-ffb.ee\/wp-content\/uploads\/2022\/01\/Screenshot-2025-01-23-135739.webp","type":"image\/webp"}],"twitter_card":"summary_large_image","twitter_misc":{"Price":"&euro;15.00","Availability":"In stock"},"schema":{"@context":"https:\/\/schema.org","@graph":[{"@type":"WebPage","@id":"https:\/\/www.xn--tuksimaailm-ffb.ee\/en\/product\/inokim-oxo-orange-handle-original-lockable\/","url":"https:\/\/www.xn--tuksimaailm-ffb.ee\/en\/product\/inokim-oxo-orange-handle-original-lockable\/","name":"Inokim OXO Orange handle original lockable &#8212; T\u00f5uksimaailm","isPartOf":{"@id":"https:\/\/www.xn--tuksimaailm-ffb.ee\/en\/#website"},"primaryImageOfPage":{"@id":"https:\/\/www.xn--tuksimaailm-ffb.ee\/en\/product\/inokim-oxo-orange-handle-original-lockable\/#primaryimage"},"image":{"@id":"https:\/\/www.xn--tuksimaailm-ffb.ee\/en\/product\/inokim-oxo-orange-handle-original-lockable\/#primaryimage"},"thumbnailUrl":"https:\/\/www.xn--tuksimaailm-ffb.ee\/wp-content\/uploads\/2022\/01\/Screenshot-2025-01-23-135739.webp","datePublished":"2022-01-25T16:07:58+00:00","description":"Inokim OXO Orange handle original lockable","breadcrumb":{"@id":"https:\/\/www.xn--tuksimaailm-ffb.ee\/en\/product\/inokim-oxo-orange-handle-original-lockable\/#breadcrumb"},"inLanguage":"en-US","potentialAction":[{"@type":"ReadAction","target":["https:\/\/www.xn--tuksimaailm-ffb.ee\/en\/product\/inokim-oxo-orange-handle-original-lockable\/"]}]},{"@type":"ImageObject","inLanguage":"en-US","@id":"https:\/\/www.xn--tuksimaailm-ffb.ee\/en\/product\/inokim-oxo-orange-handle-original-lockable\/#primaryimage","url":"https:\/\/www.xn--tuksimaailm-ffb.ee\/wp-content\/uploads\/2022\/01\/Screenshot-2025-01-23-135739.webp","contentUrl":"https:\/\/www.xn--tuksimaailm-ffb.ee\/wp-content\/uploads\/2022\/01\/Screenshot-2025-01-23-135739.webp","width":847,"height":941,"caption":"Inokim OXO Orange handle original lockable"},{"@type":"BreadcrumbList","@id":"https:\/\/www.xn--tuksimaailm-ffb.ee\/en\/product\/inokim-oxo-orange-handle-original-lockable\/#breadcrumb","itemListElement":[{"@type":"ListItem","position":1,"name":"Home","item":"https:\/\/www.xn--tuksimaailm-ffb.ee\/en\/main-page\/"},{"@type":"ListItem","position":2,"name":"Shop","item":"https:\/\/www.xn--tuksimaailm-ffb.ee\/elektritoukerataste-pood\/"},{"@type":"ListItem","position":3,"name":"Inokim OXO Orange handle original lockable"}]},{"@type":"WebSite","@id":"https:\/\/www.xn--tuksimaailm-ffb.ee\/en\/#website","url":"https:\/\/www.xn--tuksimaailm-ffb.ee\/en\/","name":"T\u00f5uksimaailm","description":"Elektrit\u00f5ukerataste m\u00fc\u00fck, remont ja rent","publisher":{"@id":"https:\/\/www.xn--tuksimaailm-ffb.ee\/en\/#organization"},"potentialAction":[{"@type":"SearchAction","target":{"@type":"EntryPoint","urlTemplate":"https:\/\/www.xn--tuksimaailm-ffb.ee\/en\/?s={search_term_string}"},"query-input":{"@type":"PropertyValueSpecification","valueRequired":true,"valueName":"search_term_string"}}],"inLanguage":"en-US"},{"@type":"Organization","@id":"https:\/\/www.xn--tuksimaailm-ffb.ee\/en\/#organization","name":"T\u00f5uksimaailm","url":"https:\/\/www.xn--tuksimaailm-ffb.ee\/en\/","logo":{"@type":"ImageObject","inLanguage":"en-US","@id":"https:\/\/www.xn--tuksimaailm-ffb.ee\/en\/#\/schema\/logo\/image\/","url":"https:\/\/www.xn--tuksimaailm-ffb.ee\/wp-content\/uploads\/2020\/01\/logoz-e1579792875517.png","contentUrl":"https:\/\/www.xn--tuksimaailm-ffb.ee\/wp-content\/uploads\/2020\/01\/logoz-e1579792875517.png","width":250,"height":250,"caption":"T\u00f5uksimaailm"},"image":{"@id":"https:\/\/www.xn--tuksimaailm-ffb.ee\/en\/#\/schema\/logo\/image\/"},"sameAs":["https:\/\/www.facebook.com\/touksimaailm\/","https:\/\/www.instagram.com\/touksimaailm_\/","https:\/\/www.youtube.com\/channel\/UC18ml0EKIDLP1xGuQjFzcXQ"]}]},"product_price_amount":"15.00","product_price_currency":"EUR","og_availability":"instock","product_availability":"instock","product_condition":"new"},"jetpack_sharing_enabled":true,"_links":{"self":[{"href":"https:\/\/www.xn--tuksimaailm-ffb.ee\/en\/wp-json\/wp\/v2\/product\/59927","targetHints":{"allow":["GET"]}}],"collection":[{"href":"https:\/\/www.xn--tuksimaailm-ffb.ee\/en\/wp-json\/wp\/v2\/product"}],"about":[{"href":"https:\/\/www.xn--tuksimaailm-ffb.ee\/en\/wp-json\/wp\/v2\/types\/product"}],"wp:featuredmedia":[{"embeddable":true,"href":"https:\/\/www.xn--tuksimaailm-ffb.ee\/en\/wp-json\/wp\/v2\/media\/55631"}],"wp:attachment":[{"href":"https:\/\/www.xn--tuksimaailm-ffb.ee\/en\/wp-json\/wp\/v2\/media?parent=59927"}],"wp:term":[{"taxonomy":"product_brand","embeddable":true,"href":"https:\/\/www.xn--tuksimaailm-ffb.ee\/en\/wp-json\/wp\/v2\/product_brand?post=59927"},{"taxonomy":"product_cat","embeddable":true,"href":"https:\/\/www.xn--tuksimaailm-ffb.ee\/en\/wp-json\/wp\/v2\/product_cat?post=59927"},{"taxonomy":"product_tag","embeddable":true,"href":"https:\/\/www.xn--tuksimaailm-ffb.ee\/en\/wp-json\/wp\/v2\/product_tag?post=59927"},{"taxonomy":"filter_elektritoukeratas","embeddable":true,"href":"https:\/\/www.xn--tuksimaailm-ffb.ee\/en\/wp-json\/wp\/v2\/filter_elektritoukeratas?post=59927"}],"curies":[{"name":"wp","href":"https:\/\/api.w.org\/{rel}","templated":true}]}}