{"id":60525,"date":"2022-02-07T17:14:10","date_gmt":"2022-02-07T15:14:10","guid":{"rendered":"http:\/\/www.xn--tuksimaailm-ffb.ee\/shop\/electric-scooter-maintenance-repair-courier-delivery\/"},"modified":"2022-02-07T17:14:10","modified_gmt":"2022-02-07T15:14:10","slug":"electric-scooter-maintenance-repair-courier-delivery","status":"publish","type":"product","link":"https:\/\/www.xn--tuksimaailm-ffb.ee\/en\/product\/electric-scooter-maintenance-repair-courier-delivery\/","title":{"rendered":"Electric scooter maintenance repair courier delivery"},"content":{"rendered":"<p>Sending an electric scooter for maintenance or repair <a href=\"http:\/\/www.xn--tuksimaailm-ffb.ee\/elektrilise-toukeratta-remont\/\"><b><strong>to a workshop in <\/strong><\/b><\/a>T\u00f5uksimaailm . T\u00f5uksimaailm offers its customers a service where we arrange the pick-up of an electric scooter sent for repair from the customer's work\/home to our workshop in Tallinn. All you need to do is order the product and enter the appropriate pick-up time for the shipment (at the earliest on the next working day) in the \"Notes on order (optional)\" field on the order details page. In case of an empty compartment, we will order a courier for the next working day and we will specify the period between 9:00 and 18:00.<\/p>\n<p>The courier will call in advance to coordinate a more precise pick-up time. Depending on the weight of the electric scooter, the price of the product including packaging is <b><strong>10\u20ac - 25\u20ac<\/strong><\/b>, plus <b><strong>9.50\u20ac<\/strong><\/b> ( <b><strong>DPD courier).<\/strong><\/b> The price does not include the cost of returning the electric scooter. The return shipping cost is 9.50\u20ac, which will be added to the repair bill of the scooter. For repair bills of more than 100\u20ac the return is free of charge.<\/p>\n<p><b><strong>NB:<\/strong><\/b> The scooter should be in its original packaging (preferably the original packaging). If the packaging is missing, a charge will be added for the packaging of the scooter, based on the workshop's hourly rate. If you don't have the original packaging, you can buy new packaging from us for <b><strong>10 cents<\/strong><\/b> - <a href=\"http:\/\/www.xn--tuksimaailm-ffb.ee\/shop\/transpordikast-elektritoukerattale-elektritoukeratas-kast\/\"><b><strong>for the cost of transporting the scooter<\/strong><\/b><\/a>.<\/p>\n<p>Please be sure to include your contact details and a description of the electric scooter on paper in the packaging with the electric scooter - this way we can identify that it is your electric scooter. We will contact you to agree the cost of the work before we start.<\/p>\n","protected":false},"excerpt":{"rendered":"<p><b><strong>NOTE:<\/strong><\/b> A <b><strong>paper<\/strong><\/b> copy of the description of the defect and\/or the list of the repair work to be carried out must <b><strong>accompany<\/strong><\/b> the electric scooter to the workshop. We do not document any information sent by e-mail, telephone or in the description of the e-shop order before the scooter arrives at the workshop, and it is very likely that requests sent via these channels will not be taken into account when the work is accepted.<\/p>\n<p><b><strong>The electric scooter must be packaged.<\/strong><\/b> The courier has the right to refuse to pick up the scooter without packaging. If you do not have the packaging to send your scooter for repair, you can order it from us - <a href=\"http:\/\/www.xn--tuksimaailm-ffb.ee\/shop\/transpordikast-elektritoukerattale-elektritoukeratas-kast\/\"><b><strong>from the scooter transport box<\/strong><\/b><\/a><b><strong>.<\/strong><\/b><\/p>\n<p><strong>Once the box has been ordered and the scooter has been packed, you can order the scooter repair shipment separately.<\/strong><\/p>\n","protected":false},"featured_media":63851,"template":"","meta":[],"product_brand":[],"product_cat":[750],"product_tag":[],"filter_elektritoukeratas":[],"class_list":{"0":"post-60525","1":"product","2":"type-product","3":"status-publish","4":"has-post-thumbnail","6":"product_cat-services","8":"first","9":"instock","10":"taxable","11":"shipping-taxable","12":"purchasable","13":"product-type-variable"},"yoast_head":"<!-- This site is optimized with the Yoast SEO Premium plugin v26.8 (Yoast SEO v27.5) - https:\/\/yoast.com\/product\/yoast-seo-premium-wordpress\/ -->\n<title>Electric scooter maintenance repair courier delivery | T\u00f5uksimaailm<\/title>\n<meta name=\"description\" content=\"Sending an electric scooter for maintenance\/repair to the workshop of T\u00f5uksimaailm. Quick and easy courier pick-up service.\" \/>\n<meta name=\"robots\" content=\"index, follow, max-snippet:-1, max-image-preview:large, max-video-preview:-1\" \/>\n<link rel=\"canonical\" href=\"https:\/\/www.xn--tuksimaailm-ffb.ee\/en\/product\/electric-scooter-maintenance-repair-courier-delivery\/\" \/>\n<meta property=\"og:locale\" content=\"en_US\" \/>\n<meta property=\"og:type\" content=\"article\" \/>\n<meta property=\"og:title\" content=\"Electric scooter maintenance repair courier delivery\" \/>\n<meta property=\"og:description\" content=\"Sending an electric scooter for maintenance\/repair to the workshop of T\u00f5uksimaailm. Quick and easy courier pick-up service.\" \/>\n<meta property=\"og:url\" content=\"https:\/\/www.xn--tuksimaailm-ffb.ee\/en\/product\/electric-scooter-maintenance-repair-courier-delivery\/\" \/>\n<meta property=\"og:site_name\" content=\"T\u00f5uksimaailm\" \/>\n<meta property=\"article:publisher\" content=\"https:\/\/www.facebook.com\/touksimaailm\/\" \/>\n<meta property=\"og:image\" content=\"https:\/\/www.xn--tuksimaailm-ffb.ee\/wp-content\/uploads\/2022\/02\/Type-1_Version-1_Black-1.png\" \/>\n\t<meta property=\"og:image:width\" content=\"1835\" \/>\n\t<meta property=\"og:image:height\" content=\"1195\" \/>\n\t<meta property=\"og:image:type\" content=\"image\/png\" \/>\n<meta name=\"twitter:card\" content=\"summary_large_image\" \/>\n<meta name=\"twitter:label1\" content=\"Availability\" \/>\n\t<meta name=\"twitter:data1\" content=\"In stock\" \/>\n<meta property=\"og:availability\" content=\"instock\" \/>\n<meta property=\"product:availability\" content=\"instock\" \/>\n<meta property=\"product:condition\" content=\"new\" \/>\n<!-- \/ Yoast SEO Premium plugin. -->","yoast_head_json":{"title":"Electric scooter maintenance repair courier delivery | T\u00f5uksimaailm","description":"Sending an electric scooter for maintenance\/repair to the workshop of T\u00f5uksimaailm. Quick and easy courier pick-up service.","robots":{"index":"index","follow":"follow","max-snippet":"max-snippet:-1","max-image-preview":"max-image-preview:large","max-video-preview":"max-video-preview:-1"},"canonical":"https:\/\/www.xn--tuksimaailm-ffb.ee\/en\/product\/electric-scooter-maintenance-repair-courier-delivery\/","og_locale":"en_US","og_type":"article","og_title":"Electric scooter maintenance repair courier delivery","og_description":"Sending an electric scooter for maintenance\/repair to the workshop of T\u00f5uksimaailm. Quick and easy courier pick-up service.","og_url":"https:\/\/www.xn--tuksimaailm-ffb.ee\/en\/product\/electric-scooter-maintenance-repair-courier-delivery\/","og_site_name":"T\u00f5uksimaailm","article_publisher":"https:\/\/www.facebook.com\/touksimaailm\/","og_image":[{"width":1835,"height":1195,"url":"https:\/\/www.xn--tuksimaailm-ffb.ee\/wp-content\/uploads\/2022\/02\/Type-1_Version-1_Black-1.png","type":"image\/png"}],"twitter_card":"summary_large_image","twitter_misc":{"Availability":"In stock"},"schema":{"@context":"https:\/\/schema.org","@graph":[{"@type":"WebPage","@id":"https:\/\/www.xn--tuksimaailm-ffb.ee\/en\/product\/electric-scooter-maintenance-repair-courier-delivery\/","url":"https:\/\/www.xn--tuksimaailm-ffb.ee\/en\/product\/electric-scooter-maintenance-repair-courier-delivery\/","name":"Electric scooter maintenance repair courier delivery | T\u00f5uksimaailm","isPartOf":{"@id":"https:\/\/www.xn--tuksimaailm-ffb.ee\/en\/#website"},"primaryImageOfPage":{"@id":"https:\/\/www.xn--tuksimaailm-ffb.ee\/en\/product\/electric-scooter-maintenance-repair-courier-delivery\/#primaryimage"},"image":{"@id":"https:\/\/www.xn--tuksimaailm-ffb.ee\/en\/product\/electric-scooter-maintenance-repair-courier-delivery\/#primaryimage"},"thumbnailUrl":"https:\/\/www.xn--tuksimaailm-ffb.ee\/wp-content\/uploads\/2022\/02\/Touksimaailm_logo_uus_12.png","datePublished":"2022-02-07T15:14:10+00:00","description":"Sending an electric scooter for maintenance\/repair to the workshop of T\u00f5uksimaailm. Quick and easy courier pick-up service.","breadcrumb":{"@id":"https:\/\/www.xn--tuksimaailm-ffb.ee\/en\/product\/electric-scooter-maintenance-repair-courier-delivery\/#breadcrumb"},"inLanguage":"en-US","potentialAction":[{"@type":"ReadAction","target":["https:\/\/www.xn--tuksimaailm-ffb.ee\/en\/product\/electric-scooter-maintenance-repair-courier-delivery\/"]}]},{"@type":"ImageObject","inLanguage":"en-US","@id":"https:\/\/www.xn--tuksimaailm-ffb.ee\/en\/product\/electric-scooter-maintenance-repair-courier-delivery\/#primaryimage","url":"https:\/\/www.xn--tuksimaailm-ffb.ee\/wp-content\/uploads\/2022\/02\/Touksimaailm_logo_uus_12.png","contentUrl":"https:\/\/www.xn--tuksimaailm-ffb.ee\/wp-content\/uploads\/2022\/02\/Touksimaailm_logo_uus_12.png","width":2050,"height":2547,"caption":"t\u00f5uksimaailm"},{"@type":"BreadcrumbList","@id":"https:\/\/www.xn--tuksimaailm-ffb.ee\/en\/product\/electric-scooter-maintenance-repair-courier-delivery\/#breadcrumb","itemListElement":[{"@type":"ListItem","position":1,"name":"Home","item":"https:\/\/www.xn--tuksimaailm-ffb.ee\/en\/main-page\/"},{"@type":"ListItem","position":2,"name":"Shop","item":"https:\/\/www.xn--tuksimaailm-ffb.ee\/elektritoukerataste-pood\/"},{"@type":"ListItem","position":3,"name":"Electric scooter maintenance repair courier delivery"}]},{"@type":"WebSite","@id":"https:\/\/www.xn--tuksimaailm-ffb.ee\/en\/#website","url":"https:\/\/www.xn--tuksimaailm-ffb.ee\/en\/","name":"T\u00f5uksimaailm","description":"Elektrit\u00f5ukerataste m\u00fc\u00fck, remont ja rent","publisher":{"@id":"https:\/\/www.xn--tuksimaailm-ffb.ee\/en\/#organization"},"potentialAction":[{"@type":"SearchAction","target":{"@type":"EntryPoint","urlTemplate":"https:\/\/www.xn--tuksimaailm-ffb.ee\/en\/?s={search_term_string}"},"query-input":{"@type":"PropertyValueSpecification","valueRequired":true,"valueName":"search_term_string"}}],"inLanguage":"en-US"},{"@type":"Organization","@id":"https:\/\/www.xn--tuksimaailm-ffb.ee\/en\/#organization","name":"T\u00f5uksimaailm","url":"https:\/\/www.xn--tuksimaailm-ffb.ee\/en\/","logo":{"@type":"ImageObject","inLanguage":"en-US","@id":"https:\/\/www.xn--tuksimaailm-ffb.ee\/en\/#\/schema\/logo\/image\/","url":"https:\/\/www.xn--tuksimaailm-ffb.ee\/wp-content\/uploads\/2020\/01\/logoz-e1579792875517.png","contentUrl":"https:\/\/www.xn--tuksimaailm-ffb.ee\/wp-content\/uploads\/2020\/01\/logoz-e1579792875517.png","width":250,"height":250,"caption":"T\u00f5uksimaailm"},"image":{"@id":"https:\/\/www.xn--tuksimaailm-ffb.ee\/en\/#\/schema\/logo\/image\/"},"sameAs":["https:\/\/www.facebook.com\/touksimaailm\/","https:\/\/www.instagram.com\/touksimaailm_\/","https:\/\/www.youtube.com\/channel\/UC18ml0EKIDLP1xGuQjFzcXQ"]}]},"og_availability":"instock","product_availability":"instock","product_condition":"new"},"jetpack_sharing_enabled":true,"_links":{"self":[{"href":"https:\/\/www.xn--tuksimaailm-ffb.ee\/en\/wp-json\/wp\/v2\/product\/60525","targetHints":{"allow":["GET"]}}],"collection":[{"href":"https:\/\/www.xn--tuksimaailm-ffb.ee\/en\/wp-json\/wp\/v2\/product"}],"about":[{"href":"https:\/\/www.xn--tuksimaailm-ffb.ee\/en\/wp-json\/wp\/v2\/types\/product"}],"wp:featuredmedia":[{"embeddable":true,"href":"https:\/\/www.xn--tuksimaailm-ffb.ee\/en\/wp-json\/wp\/v2\/media\/63851"}],"wp:attachment":[{"href":"https:\/\/www.xn--tuksimaailm-ffb.ee\/en\/wp-json\/wp\/v2\/media?parent=60525"}],"wp:term":[{"taxonomy":"product_brand","embeddable":true,"href":"https:\/\/www.xn--tuksimaailm-ffb.ee\/en\/wp-json\/wp\/v2\/product_brand?post=60525"},{"taxonomy":"product_cat","embeddable":true,"href":"https:\/\/www.xn--tuksimaailm-ffb.ee\/en\/wp-json\/wp\/v2\/product_cat?post=60525"},{"taxonomy":"product_tag","embeddable":true,"href":"https:\/\/www.xn--tuksimaailm-ffb.ee\/en\/wp-json\/wp\/v2\/product_tag?post=60525"},{"taxonomy":"filter_elektritoukeratas","embeddable":true,"href":"https:\/\/www.xn--tuksimaailm-ffb.ee\/en\/wp-json\/wp\/v2\/filter_elektritoukeratas?post=60525"}],"curies":[{"name":"wp","href":"https:\/\/api.w.org\/{rel}","templated":true}]}}