{"id":60531,"date":"2022-02-20T12:49:50","date_gmt":"2022-02-20T10:49:50","guid":{"rendered":"http:\/\/www.xn--tuksimaailm-ffb.ee\/shop\/compact-switch-lock-abus-bordo-6000-with-holder\/"},"modified":"2022-02-20T12:49:50","modified_gmt":"2022-02-20T10:49:50","slug":"compact-switch-lock-abus-bordo-6000-with-holder","status":"publish","type":"product","link":"https:\/\/www.xn--tuksimaailm-ffb.ee\/en\/product\/compact-switch-lock-abus-bordo-6000-with-holder\/","title":{"rendered":"Compact switch lock Abus Bordo 6000 with holder"},"content":{"rendered":"<p>High-quality, compact and stylish <b><strong>Abus Bordo 6000<\/strong><\/b>, a very secure switch lock in <b><strong>black<\/strong><\/b> or <b><strong>red<\/strong><\/b> colour. An extremely compact switch lock that can be easily attached to absolutely any electric scooter's steering tube with the included straps and lock compartment. The locks are <b><strong>5mm thick<\/strong><\/b> and cannot be cut through even with the largest hand tools. However, they are narrow enough to fit comfortably through the rims of most electric scooter wheels (non-motorised wheels), making locking quick and easy. The Abus Bordo 6000 latches are coated with a special cushioning material to prevent damage to the scooter or paintwork when the lock is used. The Abus Bordo 6000 has a length of<b><strong> 900mm<\/strong><\/b> and comes with <b><strong>2 keys<\/strong><\/b>. You can read more about the Abus Bordo 6000 lock <a href=\"https:\/\/mobil.abus.com\/int\/on-road\/Locks\/Folding-Locks\/BORDO-6000-90-black-SH?type=pdp\">on the<\/a> manufacturer's <a href=\"https:\/\/mobil.abus.com\/int\/on-road\/Locks\/Folding-Locks\/BORDO-6000-90-black-SH?type=pdp\">website<\/a>.<\/p>\n","protected":false},"excerpt":{"rendered":"<p>High-quality, compact and stylish Abus Bordo 6000, a very secure switch lock in black or red colour. An extremely compact switch lock that can be easily attached to absolutely any electric scooter's steering tube with the included straps and lock compartment. The locks are 5mm thick and cannot be cut &hellip;<\/p>\n","protected":false},"featured_media":17203,"template":"","meta":[],"product_brand":[],"product_cat":[746],"product_tag":[3224],"filter_elektritoukeratas":[],"class_list":{"0":"post-60531","1":"product","2":"type-product","3":"status-publish","4":"has-post-thumbnail","6":"product_cat-accessories","7":"product_tag-locks","8":"pa_colour-must","9":"pa_colour-punane","10":"pa_tootetuup-locks","12":"first","13":"instock","14":"taxable","15":"shipping-taxable","16":"purchasable","17":"product-type-variable"},"yoast_head":"<!-- This site is optimized with the Yoast SEO Premium plugin v26.8 (Yoast SEO v27.5) - https:\/\/yoast.com\/product\/yoast-seo-premium-wordpress\/ -->\n<title>Compact switch lock Abus Bordo 6000 with holder &#8212; T\u00f5uksimaailm<\/title>\n<meta name=\"description\" content=\"High-quality, compact, stylish and very secure switch lock Abus Bordo 6000, black with holder, made by the German manufacturer Abus.\" \/>\n<meta name=\"robots\" content=\"index, follow, max-snippet:-1, max-image-preview:large, max-video-preview:-1\" \/>\n<link rel=\"canonical\" href=\"https:\/\/www.xn--tuksimaailm-ffb.ee\/en\/product\/compact-switch-lock-abus-bordo-6000-with-holder\/\" \/>\n<meta property=\"og:locale\" content=\"en_US\" \/>\n<meta property=\"og:type\" content=\"article\" \/>\n<meta property=\"og:title\" content=\"Compact switch lock Abus Bordo 6000 with holder\" \/>\n<meta property=\"og:description\" content=\"High-quality, compact, stylish and very secure switch lock Abus Bordo 6000, black with holder, made by the German manufacturer Abus.\" \/>\n<meta property=\"og:url\" content=\"https:\/\/www.xn--tuksimaailm-ffb.ee\/en\/product\/compact-switch-lock-abus-bordo-6000-with-holder\/\" \/>\n<meta property=\"og:site_name\" content=\"T\u00f5uksimaailm\" \/>\n<meta property=\"article:publisher\" content=\"https:\/\/www.facebook.com\/touksimaailm\/\" \/>\n<meta property=\"og:image\" content=\"https:\/\/www.xn--tuksimaailm-ffb.ee\/wp-content\/uploads\/2022\/02\/lulilukk-6000-1.jpg\" \/>\n\t<meta property=\"og:image:width\" content=\"694\" \/>\n\t<meta property=\"og:image:height\" content=\"728\" \/>\n\t<meta property=\"og:image:type\" content=\"image\/jpeg\" \/>\n<meta name=\"twitter:card\" content=\"summary_large_image\" \/>\n<meta name=\"twitter:label1\" content=\"Availability\" \/>\n\t<meta name=\"twitter:data1\" content=\"In stock\" \/>\n<meta property=\"og:availability\" content=\"instock\" \/>\n<meta property=\"product:availability\" content=\"instock\" \/>\n<meta property=\"product:condition\" content=\"new\" \/>\n<!-- \/ Yoast SEO Premium plugin. -->","yoast_head_json":{"title":"Compact switch lock Abus Bordo 6000 with holder &#8212; T\u00f5uksimaailm","description":"High-quality, compact, stylish and very secure switch lock Abus Bordo 6000, black with holder, made by the German manufacturer Abus.","robots":{"index":"index","follow":"follow","max-snippet":"max-snippet:-1","max-image-preview":"max-image-preview:large","max-video-preview":"max-video-preview:-1"},"canonical":"https:\/\/www.xn--tuksimaailm-ffb.ee\/en\/product\/compact-switch-lock-abus-bordo-6000-with-holder\/","og_locale":"en_US","og_type":"article","og_title":"Compact switch lock Abus Bordo 6000 with holder","og_description":"High-quality, compact, stylish and very secure switch lock Abus Bordo 6000, black with holder, made by the German manufacturer Abus.","og_url":"https:\/\/www.xn--tuksimaailm-ffb.ee\/en\/product\/compact-switch-lock-abus-bordo-6000-with-holder\/","og_site_name":"T\u00f5uksimaailm","article_publisher":"https:\/\/www.facebook.com\/touksimaailm\/","og_image":[{"width":694,"height":728,"url":"https:\/\/www.xn--tuksimaailm-ffb.ee\/wp-content\/uploads\/2022\/02\/lulilukk-6000-1.jpg","type":"image\/jpeg"}],"twitter_card":"summary_large_image","twitter_misc":{"Availability":"In stock"},"schema":{"@context":"https:\/\/schema.org","@graph":[{"@type":"WebPage","@id":"https:\/\/www.xn--tuksimaailm-ffb.ee\/en\/product\/compact-switch-lock-abus-bordo-6000-with-holder\/","url":"https:\/\/www.xn--tuksimaailm-ffb.ee\/en\/product\/compact-switch-lock-abus-bordo-6000-with-holder\/","name":"Compact switch lock Abus Bordo 6000 with holder &#8212; T\u00f5uksimaailm","isPartOf":{"@id":"https:\/\/www.xn--tuksimaailm-ffb.ee\/en\/#website"},"primaryImageOfPage":{"@id":"https:\/\/www.xn--tuksimaailm-ffb.ee\/en\/product\/compact-switch-lock-abus-bordo-6000-with-holder\/#primaryimage"},"image":{"@id":"https:\/\/www.xn--tuksimaailm-ffb.ee\/en\/product\/compact-switch-lock-abus-bordo-6000-with-holder\/#primaryimage"},"thumbnailUrl":"https:\/\/www.xn--tuksimaailm-ffb.ee\/wp-content\/uploads\/2022\/02\/lulilukk-6000-1.jpg","datePublished":"2022-02-20T10:49:50+00:00","description":"High-quality, compact, stylish and very secure switch lock Abus Bordo 6000, black with holder, made by the German manufacturer Abus.","breadcrumb":{"@id":"https:\/\/www.xn--tuksimaailm-ffb.ee\/en\/product\/compact-switch-lock-abus-bordo-6000-with-holder\/#breadcrumb"},"inLanguage":"en-US","potentialAction":[{"@type":"ReadAction","target":["https:\/\/www.xn--tuksimaailm-ffb.ee\/en\/product\/compact-switch-lock-abus-bordo-6000-with-holder\/"]}]},{"@type":"ImageObject","inLanguage":"en-US","@id":"https:\/\/www.xn--tuksimaailm-ffb.ee\/en\/product\/compact-switch-lock-abus-bordo-6000-with-holder\/#primaryimage","url":"https:\/\/www.xn--tuksimaailm-ffb.ee\/wp-content\/uploads\/2022\/02\/lulilukk-6000-1.jpg","contentUrl":"https:\/\/www.xn--tuksimaailm-ffb.ee\/wp-content\/uploads\/2022\/02\/lulilukk-6000-1.jpg","width":694,"height":728,"caption":"Compact switch lock Abus Bordo 6000 with holder"},{"@type":"BreadcrumbList","@id":"https:\/\/www.xn--tuksimaailm-ffb.ee\/en\/product\/compact-switch-lock-abus-bordo-6000-with-holder\/#breadcrumb","itemListElement":[{"@type":"ListItem","position":1,"name":"Home","item":"https:\/\/www.xn--tuksimaailm-ffb.ee\/en\/main-page\/"},{"@type":"ListItem","position":2,"name":"Shop","item":"https:\/\/www.xn--tuksimaailm-ffb.ee\/elektritoukerataste-pood\/"},{"@type":"ListItem","position":3,"name":"Compact switch lock Abus Bordo 6000 with holder"}]},{"@type":"WebSite","@id":"https:\/\/www.xn--tuksimaailm-ffb.ee\/en\/#website","url":"https:\/\/www.xn--tuksimaailm-ffb.ee\/en\/","name":"T\u00f5uksimaailm","description":"Elektrit\u00f5ukerataste m\u00fc\u00fck, remont ja rent","publisher":{"@id":"https:\/\/www.xn--tuksimaailm-ffb.ee\/en\/#organization"},"potentialAction":[{"@type":"SearchAction","target":{"@type":"EntryPoint","urlTemplate":"https:\/\/www.xn--tuksimaailm-ffb.ee\/en\/?s={search_term_string}"},"query-input":{"@type":"PropertyValueSpecification","valueRequired":true,"valueName":"search_term_string"}}],"inLanguage":"en-US"},{"@type":"Organization","@id":"https:\/\/www.xn--tuksimaailm-ffb.ee\/en\/#organization","name":"T\u00f5uksimaailm","url":"https:\/\/www.xn--tuksimaailm-ffb.ee\/en\/","logo":{"@type":"ImageObject","inLanguage":"en-US","@id":"https:\/\/www.xn--tuksimaailm-ffb.ee\/en\/#\/schema\/logo\/image\/","url":"https:\/\/www.xn--tuksimaailm-ffb.ee\/wp-content\/uploads\/2020\/01\/logoz-e1579792875517.png","contentUrl":"https:\/\/www.xn--tuksimaailm-ffb.ee\/wp-content\/uploads\/2020\/01\/logoz-e1579792875517.png","width":250,"height":250,"caption":"T\u00f5uksimaailm"},"image":{"@id":"https:\/\/www.xn--tuksimaailm-ffb.ee\/en\/#\/schema\/logo\/image\/"},"sameAs":["https:\/\/www.facebook.com\/touksimaailm\/","https:\/\/www.instagram.com\/touksimaailm_\/","https:\/\/www.youtube.com\/channel\/UC18ml0EKIDLP1xGuQjFzcXQ"]}]},"og_availability":"instock","product_availability":"instock","product_condition":"new"},"jetpack_sharing_enabled":true,"_links":{"self":[{"href":"https:\/\/www.xn--tuksimaailm-ffb.ee\/en\/wp-json\/wp\/v2\/product\/60531","targetHints":{"allow":["GET"]}}],"collection":[{"href":"https:\/\/www.xn--tuksimaailm-ffb.ee\/en\/wp-json\/wp\/v2\/product"}],"about":[{"href":"https:\/\/www.xn--tuksimaailm-ffb.ee\/en\/wp-json\/wp\/v2\/types\/product"}],"wp:featuredmedia":[{"embeddable":true,"href":"https:\/\/www.xn--tuksimaailm-ffb.ee\/en\/wp-json\/wp\/v2\/media\/17203"}],"wp:attachment":[{"href":"https:\/\/www.xn--tuksimaailm-ffb.ee\/en\/wp-json\/wp\/v2\/media?parent=60531"}],"wp:term":[{"taxonomy":"product_brand","embeddable":true,"href":"https:\/\/www.xn--tuksimaailm-ffb.ee\/en\/wp-json\/wp\/v2\/product_brand?post=60531"},{"taxonomy":"product_cat","embeddable":true,"href":"https:\/\/www.xn--tuksimaailm-ffb.ee\/en\/wp-json\/wp\/v2\/product_cat?post=60531"},{"taxonomy":"product_tag","embeddable":true,"href":"https:\/\/www.xn--tuksimaailm-ffb.ee\/en\/wp-json\/wp\/v2\/product_tag?post=60531"},{"taxonomy":"filter_elektritoukeratas","embeddable":true,"href":"https:\/\/www.xn--tuksimaailm-ffb.ee\/en\/wp-json\/wp\/v2\/filter_elektritoukeratas?post=60531"}],"curies":[{"name":"wp","href":"https:\/\/api.w.org\/{rel}","templated":true}]}}