{"id":60534,"date":"2022-02-23T11:26:01","date_gmt":"2022-02-23T09:26:01","guid":{"rendered":"http:\/\/www.xn--tuksimaailm-ffb.ee\/shop\/compact-switch-lock-abus-bordo-6000a-with-alarm-holder\/"},"modified":"2022-02-23T11:26:01","modified_gmt":"2022-02-23T09:26:01","slug":"compact-switch-lock-abus-bordo-6000a-with-alarm-holder","status":"publish","type":"product","link":"https:\/\/www.xn--tuksimaailm-ffb.ee\/en\/product\/compact-switch-lock-abus-bordo-6000a-with-alarm-holder\/","title":{"rendered":"Compact switch lock Abus Bordo 6000A with Alarm holder"},"content":{"rendered":"<p>High quality, compact, stylish and very secure 100dB alarm \/ signal switch lock <b><strong>Abus Bordo 6000A Alarm<\/strong><\/b>, <b><strong>black from<\/strong><\/b> the German lock manufacturer Abus <b><strong>.<\/strong><\/b> The Abus Bordo range of locks are particularly compact electric scooter or e-bike locks that can be easily attached to absolutely any light bike handlebar with the included straps and locking compartment.<\/p>\n<p>The locks are <b><strong>5 mm thick<\/strong><\/b> and cannot be cut through even with the largest of hand tools. However, they are narrow enough to fit comfortably through the rims of most electric scooters (non-motorised wheels). This makes locking quick and easy. The Abus Bordo 6000A Alarm lock is coated with a special cushioning material to prevent damage to the scooter or paintwork when using the lock.<\/p>\n<p>The Abus Bordo 6000A has a length of<b><strong> 1200mm<\/strong><\/b>, the lock comes with <b><strong>2 keys<\/strong><\/b>. The lock with security alarm will give two warning signals if anyone moves the lock under guard and if the warning signals are ignored the lock will sound a loud 100dB alarm. You can read more about the lock on the manufacturer's <a href=\"https:\/\/mobil.abus.com\/int\/on-road\/Locks\/Folding-Locks\/BORDO-Alarm-6000A-90-black-SH?type=pdp\">website<\/a>. https:\/\/www.youtube.com\/watch?v=xn4U6FIZdAw&amp;t=415s<\/p>\n","protected":false},"excerpt":{"rendered":"<p>High quality, compact, stylish and very secure 100dB alarm \/ signal switch lock Abus Bordo 6000A Alarm, black from the German lock manufacturer Abus . The Abus Bordo range of locks are particularly compact electric scooter or e-bike locks that can be easily attached to absolutely any light bike handlebar &hellip;<\/p>\n","protected":false},"featured_media":17225,"template":"","meta":[],"product_brand":[],"product_cat":[746],"product_tag":[3224],"filter_elektritoukeratas":[],"class_list":{"0":"post-60534","1":"product","2":"type-product","3":"status-publish","4":"has-post-thumbnail","6":"product_cat-accessories","7":"product_tag-locks","8":"pa_tootetuup-locks","10":"first","11":"instock","12":"taxable","13":"shipping-taxable","14":"purchasable","15":"product-type-simple"},"yoast_head":"<!-- This site is optimized with the Yoast SEO Premium plugin v26.8 (Yoast SEO v27.5) - https:\/\/yoast.com\/product\/yoast-seo-premium-wordpress\/ -->\n<title>Compact switch lock Abus Bordo 6000A with Alarm holder &#8212; T\u00f5uksimaailm<\/title>\n<meta name=\"description\" content=\"High-quality, compact, stylish and very secure alarm switch lock Abus Bordo 6000A Alarm, black with holder, made by the German manufacturer Abus.\" \/>\n<meta name=\"robots\" content=\"index, follow, max-snippet:-1, max-image-preview:large, max-video-preview:-1\" \/>\n<link rel=\"canonical\" href=\"https:\/\/www.xn--tuksimaailm-ffb.ee\/en\/product\/compact-switch-lock-abus-bordo-6000a-with-alarm-holder\/\" \/>\n<meta property=\"og:locale\" content=\"en_US\" \/>\n<meta property=\"og:type\" content=\"article\" \/>\n<meta property=\"og:title\" content=\"Compact switch lock Abus Bordo 6000A with Alarm holder\" \/>\n<meta property=\"og:description\" content=\"High-quality, compact, stylish and very secure alarm switch lock Abus Bordo 6000A Alarm, black with holder, made by the German manufacturer Abus.\" \/>\n<meta property=\"og:url\" content=\"https:\/\/www.xn--tuksimaailm-ffb.ee\/en\/product\/compact-switch-lock-abus-bordo-6000a-with-alarm-holder\/\" \/>\n<meta property=\"og:site_name\" content=\"T\u00f5uksimaailm\" \/>\n<meta property=\"article:publisher\" content=\"https:\/\/www.facebook.com\/touksimaailm\/\" \/>\n<meta property=\"og:image\" content=\"https:\/\/www.xn--tuksimaailm-ffb.ee\/wp-content\/uploads\/2022\/02\/6000A-1.png\" \/>\n\t<meta property=\"og:image:width\" content=\"546\" \/>\n\t<meta property=\"og:image:height\" content=\"661\" \/>\n\t<meta property=\"og:image:type\" content=\"image\/png\" \/>\n<meta name=\"twitter:card\" content=\"summary_large_image\" \/>\n<meta name=\"twitter:label1\" content=\"Price\" \/>\n\t<meta name=\"twitter:data1\" content=\"&euro;199.50\" \/>\n\t<meta name=\"twitter:label2\" content=\"Availability\" \/>\n\t<meta name=\"twitter:data2\" content=\"In stock\" \/>\n<meta property=\"product:price:amount\" content=\"199.50\" \/>\n<meta property=\"product:price:currency\" content=\"EUR\" \/>\n<meta property=\"og:availability\" content=\"instock\" \/>\n<meta property=\"product:availability\" content=\"instock\" \/>\n<meta property=\"product:condition\" content=\"new\" \/>\n<!-- \/ Yoast SEO Premium plugin. -->","yoast_head_json":{"title":"Compact switch lock Abus Bordo 6000A with Alarm holder &#8212; T\u00f5uksimaailm","description":"High-quality, compact, stylish and very secure alarm switch lock Abus Bordo 6000A Alarm, black with holder, made by the German manufacturer Abus.","robots":{"index":"index","follow":"follow","max-snippet":"max-snippet:-1","max-image-preview":"max-image-preview:large","max-video-preview":"max-video-preview:-1"},"canonical":"https:\/\/www.xn--tuksimaailm-ffb.ee\/en\/product\/compact-switch-lock-abus-bordo-6000a-with-alarm-holder\/","og_locale":"en_US","og_type":"article","og_title":"Compact switch lock Abus Bordo 6000A with Alarm holder","og_description":"High-quality, compact, stylish and very secure alarm switch lock Abus Bordo 6000A Alarm, black with holder, made by the German manufacturer Abus.","og_url":"https:\/\/www.xn--tuksimaailm-ffb.ee\/en\/product\/compact-switch-lock-abus-bordo-6000a-with-alarm-holder\/","og_site_name":"T\u00f5uksimaailm","article_publisher":"https:\/\/www.facebook.com\/touksimaailm\/","og_image":[{"width":546,"height":661,"url":"https:\/\/www.xn--tuksimaailm-ffb.ee\/wp-content\/uploads\/2022\/02\/6000A-1.png","type":"image\/png"}],"twitter_card":"summary_large_image","twitter_misc":{"Price":"&euro;199.50","Availability":"In stock"},"schema":{"@context":"https:\/\/schema.org","@graph":[{"@type":"WebPage","@id":"https:\/\/www.xn--tuksimaailm-ffb.ee\/en\/product\/compact-switch-lock-abus-bordo-6000a-with-alarm-holder\/","url":"https:\/\/www.xn--tuksimaailm-ffb.ee\/en\/product\/compact-switch-lock-abus-bordo-6000a-with-alarm-holder\/","name":"Compact switch lock Abus Bordo 6000A with Alarm holder &#8212; T\u00f5uksimaailm","isPartOf":{"@id":"https:\/\/www.xn--tuksimaailm-ffb.ee\/en\/#website"},"primaryImageOfPage":{"@id":"https:\/\/www.xn--tuksimaailm-ffb.ee\/en\/product\/compact-switch-lock-abus-bordo-6000a-with-alarm-holder\/#primaryimage"},"image":{"@id":"https:\/\/www.xn--tuksimaailm-ffb.ee\/en\/product\/compact-switch-lock-abus-bordo-6000a-with-alarm-holder\/#primaryimage"},"thumbnailUrl":"https:\/\/www.xn--tuksimaailm-ffb.ee\/wp-content\/uploads\/2022\/02\/6000A-1.png","datePublished":"2022-02-23T09:26:01+00:00","description":"High-quality, compact, stylish and very secure alarm switch lock Abus Bordo 6000A Alarm, black with holder, made by the German manufacturer Abus.","breadcrumb":{"@id":"https:\/\/www.xn--tuksimaailm-ffb.ee\/en\/product\/compact-switch-lock-abus-bordo-6000a-with-alarm-holder\/#breadcrumb"},"inLanguage":"en-US","potentialAction":[{"@type":"ReadAction","target":["https:\/\/www.xn--tuksimaailm-ffb.ee\/en\/product\/compact-switch-lock-abus-bordo-6000a-with-alarm-holder\/"]}]},{"@type":"ImageObject","inLanguage":"en-US","@id":"https:\/\/www.xn--tuksimaailm-ffb.ee\/en\/product\/compact-switch-lock-abus-bordo-6000a-with-alarm-holder\/#primaryimage","url":"https:\/\/www.xn--tuksimaailm-ffb.ee\/wp-content\/uploads\/2022\/02\/6000A-1.png","contentUrl":"https:\/\/www.xn--tuksimaailm-ffb.ee\/wp-content\/uploads\/2022\/02\/6000A-1.png","width":546,"height":661,"caption":"Compact switch lock Abus Bordo 6000A with Alarm holder"},{"@type":"BreadcrumbList","@id":"https:\/\/www.xn--tuksimaailm-ffb.ee\/en\/product\/compact-switch-lock-abus-bordo-6000a-with-alarm-holder\/#breadcrumb","itemListElement":[{"@type":"ListItem","position":1,"name":"Home","item":"https:\/\/www.xn--tuksimaailm-ffb.ee\/en\/main-page\/"},{"@type":"ListItem","position":2,"name":"Shop","item":"https:\/\/www.xn--tuksimaailm-ffb.ee\/elektritoukerataste-pood\/"},{"@type":"ListItem","position":3,"name":"Compact switch lock Abus Bordo 6000A with Alarm holder"}]},{"@type":"WebSite","@id":"https:\/\/www.xn--tuksimaailm-ffb.ee\/en\/#website","url":"https:\/\/www.xn--tuksimaailm-ffb.ee\/en\/","name":"T\u00f5uksimaailm","description":"Elektrit\u00f5ukerataste m\u00fc\u00fck, remont ja rent","publisher":{"@id":"https:\/\/www.xn--tuksimaailm-ffb.ee\/en\/#organization"},"potentialAction":[{"@type":"SearchAction","target":{"@type":"EntryPoint","urlTemplate":"https:\/\/www.xn--tuksimaailm-ffb.ee\/en\/?s={search_term_string}"},"query-input":{"@type":"PropertyValueSpecification","valueRequired":true,"valueName":"search_term_string"}}],"inLanguage":"en-US"},{"@type":"Organization","@id":"https:\/\/www.xn--tuksimaailm-ffb.ee\/en\/#organization","name":"T\u00f5uksimaailm","url":"https:\/\/www.xn--tuksimaailm-ffb.ee\/en\/","logo":{"@type":"ImageObject","inLanguage":"en-US","@id":"https:\/\/www.xn--tuksimaailm-ffb.ee\/en\/#\/schema\/logo\/image\/","url":"https:\/\/www.xn--tuksimaailm-ffb.ee\/wp-content\/uploads\/2020\/01\/logoz-e1579792875517.png","contentUrl":"https:\/\/www.xn--tuksimaailm-ffb.ee\/wp-content\/uploads\/2020\/01\/logoz-e1579792875517.png","width":250,"height":250,"caption":"T\u00f5uksimaailm"},"image":{"@id":"https:\/\/www.xn--tuksimaailm-ffb.ee\/en\/#\/schema\/logo\/image\/"},"sameAs":["https:\/\/www.facebook.com\/touksimaailm\/","https:\/\/www.instagram.com\/touksimaailm_\/","https:\/\/www.youtube.com\/channel\/UC18ml0EKIDLP1xGuQjFzcXQ"]}]},"product_price_amount":"199.50","product_price_currency":"EUR","og_availability":"instock","product_availability":"instock","product_condition":"new"},"jetpack_sharing_enabled":true,"_links":{"self":[{"href":"https:\/\/www.xn--tuksimaailm-ffb.ee\/en\/wp-json\/wp\/v2\/product\/60534","targetHints":{"allow":["GET"]}}],"collection":[{"href":"https:\/\/www.xn--tuksimaailm-ffb.ee\/en\/wp-json\/wp\/v2\/product"}],"about":[{"href":"https:\/\/www.xn--tuksimaailm-ffb.ee\/en\/wp-json\/wp\/v2\/types\/product"}],"wp:featuredmedia":[{"embeddable":true,"href":"https:\/\/www.xn--tuksimaailm-ffb.ee\/en\/wp-json\/wp\/v2\/media\/17225"}],"wp:attachment":[{"href":"https:\/\/www.xn--tuksimaailm-ffb.ee\/en\/wp-json\/wp\/v2\/media?parent=60534"}],"wp:term":[{"taxonomy":"product_brand","embeddable":true,"href":"https:\/\/www.xn--tuksimaailm-ffb.ee\/en\/wp-json\/wp\/v2\/product_brand?post=60534"},{"taxonomy":"product_cat","embeddable":true,"href":"https:\/\/www.xn--tuksimaailm-ffb.ee\/en\/wp-json\/wp\/v2\/product_cat?post=60534"},{"taxonomy":"product_tag","embeddable":true,"href":"https:\/\/www.xn--tuksimaailm-ffb.ee\/en\/wp-json\/wp\/v2\/product_tag?post=60534"},{"taxonomy":"filter_elektritoukeratas","embeddable":true,"href":"https:\/\/www.xn--tuksimaailm-ffb.ee\/en\/wp-json\/wp\/v2\/filter_elektritoukeratas?post=60534"}],"curies":[{"name":"wp","href":"https:\/\/api.w.org\/{rel}","templated":true}]}}