{"id":60535,"date":"2022-03-07T20:25:32","date_gmt":"2022-03-07T18:25:32","guid":{"rendered":"http:\/\/www.xn--tuksimaailm-ffb.ee\/shop\/shock-absorber-installation-xiaomi-segway-ninebot\/"},"modified":"2022-03-07T20:25:32","modified_gmt":"2022-03-07T18:25:32","slug":"shock-absorber-installation-xiaomi-segway-ninebot","status":"publish","type":"product","link":"https:\/\/www.xn--tuksimaailm-ffb.ee\/en\/product\/shock-absorber-installation-xiaomi-segway-ninebot\/","title":{"rendered":"Shock absorber installation Xiaomi \/ Segway Ninebot"},"content":{"rendered":"<p>Shock absorber installation for Xiaomi \/ Segway Ninebot models. If you buy a Xiaomi Essential, 1S, Pro 2 or Segway Ninebot Max G30, G30LE, G30E II electric scooter with a shock absorber from the e-shop and you would like us to install this shock absorber on your electric scooter, please add this service together with the electric scooter and shock absorber to your shopping cart.<\/p>\n","protected":false},"excerpt":{"rendered":"<p>Shock absorber installation for Xiaomi \/ Segway Ninebot models. If you buy a Xiaomi Essential, 1S, Pro 2 or Segway Ninebot Max G30, G30LE, G30E II electric scooter with a shock absorber from the e-shop and you would like us to install this shock absorber on your electric scooter, please &hellip;<\/p>\n","protected":false},"featured_media":63851,"template":"","meta":[],"product_brand":[],"product_cat":[750],"product_tag":[],"filter_elektritoukeratas":[],"class_list":{"0":"post-60535","1":"product","2":"type-product","3":"status-publish","4":"has-post-thumbnail","6":"product_cat-services","7":"pa_tootja-dualtron-eagle-pro-spider-mini-victor-en","8":"pa_tootja-dualtron-thunder-storm-ultra-x2-en","9":"pa_tootja-inokim-light-quick-en","10":"pa_tootja-inokim-ox-oxo-en","11":"pa_tootja-kaabo-mantis-10-eco-plus-gt-en","12":"pa_tootja-kaabo-mantis-8-eco-plus-2wd-en","13":"pa_tootja-kaabo-skywalker-en","14":"pa_tootja-kaabo-wolf-warrior-king-en","15":"pa_tootja-kugoo-g-booster-g2-pro-m4-en","16":"pa_tootja-nami-burn-e-en","17":"pa_tootja-nanrobot-d4-d6-lightning-en","18":"pa_tootja-nanrobot-ls7-ls7-en","19":"pa_tootja-nanrobot-x-spark-en","20":"pa_tootja-segway-ninebot-max-g30-g30le-en","21":"pa_tootja-speedway-en","22":"pa_tootja-techlife-x5-x6-en","23":"pa_tootja-techlife-x7-x8-x9-en","24":"pa_tootja-vsett-10-11-en","25":"pa_tootja-vsett-8-9-9-en","26":"pa_tootja-xiaomi-mi-1s-pro-2-essential-3-en","28":"first","29":"instock","30":"taxable","31":"shipping-taxable","32":"purchasable","33":"product-type-simple"},"yoast_head":"<!-- This site is optimized with the Yoast SEO Premium plugin v26.8 (Yoast SEO v27.5) - https:\/\/yoast.com\/product\/yoast-seo-premium-wordpress\/ -->\n<title>Shock absorber installation Xiaomi \/ Segway Ninebot &#8212; T\u00f5uksimaailm<\/title>\n<meta name=\"description\" content=\"Shock absorber installation in the workshop of the T\u00f5uksimaailm, electric scooter Xiaomi Essential, 1S, Pro 2 or Segway Ninebot Max G30, G30LE, G30E II.\" \/>\n<meta name=\"robots\" content=\"index, follow, max-snippet:-1, max-image-preview:large, max-video-preview:-1\" \/>\n<link rel=\"canonical\" href=\"https:\/\/www.xn--tuksimaailm-ffb.ee\/en\/product\/shock-absorber-installation-xiaomi-segway-ninebot\/\" \/>\n<meta property=\"og:locale\" content=\"en_US\" \/>\n<meta property=\"og:type\" content=\"article\" \/>\n<meta property=\"og:title\" content=\"Shock absorber installation Xiaomi \/ Segway Ninebot\" \/>\n<meta property=\"og:description\" content=\"Shock absorber installation in the workshop of the T\u00f5uksimaailm, electric scooter Xiaomi Essential, 1S, Pro 2 or Segway Ninebot Max G30, G30LE, G30E II.\" \/>\n<meta property=\"og:url\" content=\"https:\/\/www.xn--tuksimaailm-ffb.ee\/en\/product\/shock-absorber-installation-xiaomi-segway-ninebot\/\" \/>\n<meta property=\"og:site_name\" content=\"T\u00f5uksimaailm\" \/>\n<meta property=\"article:publisher\" content=\"https:\/\/www.facebook.com\/touksimaailm\/\" \/>\n<meta property=\"og:image\" content=\"https:\/\/www.xn--tuksimaailm-ffb.ee\/wp-content\/uploads\/2022\/02\/Type-1_Version-1_Black.png\" \/>\n\t<meta property=\"og:image:width\" content=\"1835\" \/>\n\t<meta property=\"og:image:height\" content=\"1195\" \/>\n\t<meta property=\"og:image:type\" content=\"image\/png\" \/>\n<meta name=\"twitter:card\" content=\"summary_large_image\" \/>\n<meta name=\"twitter:label1\" content=\"Price\" \/>\n\t<meta name=\"twitter:data1\" content=\"&euro;49.50\" \/>\n\t<meta name=\"twitter:label2\" content=\"Availability\" \/>\n\t<meta name=\"twitter:data2\" content=\"In stock\" \/>\n<meta property=\"product:price:amount\" content=\"49.50\" \/>\n<meta property=\"product:price:currency\" content=\"EUR\" \/>\n<meta property=\"og:availability\" content=\"instock\" \/>\n<meta property=\"product:availability\" content=\"instock\" \/>\n<meta property=\"product:condition\" content=\"new\" \/>\n<!-- \/ Yoast SEO Premium plugin. -->","yoast_head_json":{"title":"Shock absorber installation Xiaomi \/ Segway Ninebot &#8212; T\u00f5uksimaailm","description":"Shock absorber installation in the workshop of the T\u00f5uksimaailm, electric scooter Xiaomi Essential, 1S, Pro 2 or Segway Ninebot Max G30, G30LE, G30E II.","robots":{"index":"index","follow":"follow","max-snippet":"max-snippet:-1","max-image-preview":"max-image-preview:large","max-video-preview":"max-video-preview:-1"},"canonical":"https:\/\/www.xn--tuksimaailm-ffb.ee\/en\/product\/shock-absorber-installation-xiaomi-segway-ninebot\/","og_locale":"en_US","og_type":"article","og_title":"Shock absorber installation Xiaomi \/ Segway Ninebot","og_description":"Shock absorber installation in the workshop of the T\u00f5uksimaailm, electric scooter Xiaomi Essential, 1S, Pro 2 or Segway Ninebot Max G30, G30LE, G30E II.","og_url":"https:\/\/www.xn--tuksimaailm-ffb.ee\/en\/product\/shock-absorber-installation-xiaomi-segway-ninebot\/","og_site_name":"T\u00f5uksimaailm","article_publisher":"https:\/\/www.facebook.com\/touksimaailm\/","og_image":[{"width":1835,"height":1195,"url":"https:\/\/www.xn--tuksimaailm-ffb.ee\/wp-content\/uploads\/2022\/02\/Type-1_Version-1_Black.png","type":"image\/png"}],"twitter_card":"summary_large_image","twitter_misc":{"Price":"&euro;49.50","Availability":"In stock"},"schema":{"@context":"https:\/\/schema.org","@graph":[{"@type":"WebPage","@id":"https:\/\/www.xn--tuksimaailm-ffb.ee\/en\/product\/shock-absorber-installation-xiaomi-segway-ninebot\/","url":"https:\/\/www.xn--tuksimaailm-ffb.ee\/en\/product\/shock-absorber-installation-xiaomi-segway-ninebot\/","name":"Shock absorber installation Xiaomi \/ Segway Ninebot &#8212; T\u00f5uksimaailm","isPartOf":{"@id":"https:\/\/www.xn--tuksimaailm-ffb.ee\/en\/#website"},"primaryImageOfPage":{"@id":"https:\/\/www.xn--tuksimaailm-ffb.ee\/en\/product\/shock-absorber-installation-xiaomi-segway-ninebot\/#primaryimage"},"image":{"@id":"https:\/\/www.xn--tuksimaailm-ffb.ee\/en\/product\/shock-absorber-installation-xiaomi-segway-ninebot\/#primaryimage"},"thumbnailUrl":"https:\/\/www.xn--tuksimaailm-ffb.ee\/wp-content\/uploads\/2022\/02\/Touksimaailm_logo_uus_12.png","datePublished":"2022-03-07T18:25:32+00:00","description":"Shock absorber installation in the workshop of the T\u00f5uksimaailm, electric scooter Xiaomi Essential, 1S, Pro 2 or Segway Ninebot Max G30, G30LE, G30E II.","breadcrumb":{"@id":"https:\/\/www.xn--tuksimaailm-ffb.ee\/en\/product\/shock-absorber-installation-xiaomi-segway-ninebot\/#breadcrumb"},"inLanguage":"en-US","potentialAction":[{"@type":"ReadAction","target":["https:\/\/www.xn--tuksimaailm-ffb.ee\/en\/product\/shock-absorber-installation-xiaomi-segway-ninebot\/"]}]},{"@type":"ImageObject","inLanguage":"en-US","@id":"https:\/\/www.xn--tuksimaailm-ffb.ee\/en\/product\/shock-absorber-installation-xiaomi-segway-ninebot\/#primaryimage","url":"https:\/\/www.xn--tuksimaailm-ffb.ee\/wp-content\/uploads\/2022\/02\/Touksimaailm_logo_uus_12.png","contentUrl":"https:\/\/www.xn--tuksimaailm-ffb.ee\/wp-content\/uploads\/2022\/02\/Touksimaailm_logo_uus_12.png","width":2050,"height":2547,"caption":"t\u00f5uksimaailm"},{"@type":"BreadcrumbList","@id":"https:\/\/www.xn--tuksimaailm-ffb.ee\/en\/product\/shock-absorber-installation-xiaomi-segway-ninebot\/#breadcrumb","itemListElement":[{"@type":"ListItem","position":1,"name":"Home","item":"https:\/\/www.xn--tuksimaailm-ffb.ee\/en\/main-page\/"},{"@type":"ListItem","position":2,"name":"Shop","item":"https:\/\/www.xn--tuksimaailm-ffb.ee\/elektritoukerataste-pood\/"},{"@type":"ListItem","position":3,"name":"Shock absorber installation Xiaomi \/ Segway Ninebot"}]},{"@type":"WebSite","@id":"https:\/\/www.xn--tuksimaailm-ffb.ee\/en\/#website","url":"https:\/\/www.xn--tuksimaailm-ffb.ee\/en\/","name":"T\u00f5uksimaailm","description":"Elektrit\u00f5ukerataste m\u00fc\u00fck, remont ja rent","publisher":{"@id":"https:\/\/www.xn--tuksimaailm-ffb.ee\/en\/#organization"},"potentialAction":[{"@type":"SearchAction","target":{"@type":"EntryPoint","urlTemplate":"https:\/\/www.xn--tuksimaailm-ffb.ee\/en\/?s={search_term_string}"},"query-input":{"@type":"PropertyValueSpecification","valueRequired":true,"valueName":"search_term_string"}}],"inLanguage":"en-US"},{"@type":"Organization","@id":"https:\/\/www.xn--tuksimaailm-ffb.ee\/en\/#organization","name":"T\u00f5uksimaailm","url":"https:\/\/www.xn--tuksimaailm-ffb.ee\/en\/","logo":{"@type":"ImageObject","inLanguage":"en-US","@id":"https:\/\/www.xn--tuksimaailm-ffb.ee\/en\/#\/schema\/logo\/image\/","url":"https:\/\/www.xn--tuksimaailm-ffb.ee\/wp-content\/uploads\/2020\/01\/logoz-e1579792875517.png","contentUrl":"https:\/\/www.xn--tuksimaailm-ffb.ee\/wp-content\/uploads\/2020\/01\/logoz-e1579792875517.png","width":250,"height":250,"caption":"T\u00f5uksimaailm"},"image":{"@id":"https:\/\/www.xn--tuksimaailm-ffb.ee\/en\/#\/schema\/logo\/image\/"},"sameAs":["https:\/\/www.facebook.com\/touksimaailm\/","https:\/\/www.instagram.com\/touksimaailm_\/","https:\/\/www.youtube.com\/channel\/UC18ml0EKIDLP1xGuQjFzcXQ"]}]},"product_price_amount":"49.50","product_price_currency":"EUR","og_availability":"instock","product_availability":"instock","product_condition":"new"},"jetpack_sharing_enabled":true,"_links":{"self":[{"href":"https:\/\/www.xn--tuksimaailm-ffb.ee\/en\/wp-json\/wp\/v2\/product\/60535","targetHints":{"allow":["GET"]}}],"collection":[{"href":"https:\/\/www.xn--tuksimaailm-ffb.ee\/en\/wp-json\/wp\/v2\/product"}],"about":[{"href":"https:\/\/www.xn--tuksimaailm-ffb.ee\/en\/wp-json\/wp\/v2\/types\/product"}],"wp:featuredmedia":[{"embeddable":true,"href":"https:\/\/www.xn--tuksimaailm-ffb.ee\/en\/wp-json\/wp\/v2\/media\/63851"}],"wp:attachment":[{"href":"https:\/\/www.xn--tuksimaailm-ffb.ee\/en\/wp-json\/wp\/v2\/media?parent=60535"}],"wp:term":[{"taxonomy":"product_brand","embeddable":true,"href":"https:\/\/www.xn--tuksimaailm-ffb.ee\/en\/wp-json\/wp\/v2\/product_brand?post=60535"},{"taxonomy":"product_cat","embeddable":true,"href":"https:\/\/www.xn--tuksimaailm-ffb.ee\/en\/wp-json\/wp\/v2\/product_cat?post=60535"},{"taxonomy":"product_tag","embeddable":true,"href":"https:\/\/www.xn--tuksimaailm-ffb.ee\/en\/wp-json\/wp\/v2\/product_tag?post=60535"},{"taxonomy":"filter_elektritoukeratas","embeddable":true,"href":"https:\/\/www.xn--tuksimaailm-ffb.ee\/en\/wp-json\/wp\/v2\/filter_elektritoukeratas?post=60535"}],"curies":[{"name":"wp","href":"https:\/\/api.w.org\/{rel}","templated":true}]}}