{"id":60536,"date":"2022-03-12T09:44:43","date_gmt":"2022-03-12T07:44:43","guid":{"rendered":"http:\/\/www.xn--tuksimaailm-ffb.ee\/shop\/inokim-electric-scooter-immobiliser-alarm\/"},"modified":"2022-03-12T09:44:43","modified_gmt":"2022-03-12T07:44:43","slug":"inokim-electric-scooter-immobiliser-alarm","status":"publish","type":"product","link":"https:\/\/www.xn--tuksimaailm-ffb.ee\/en\/product\/inokim-electric-scooter-immobiliser-alarm\/","title":{"rendered":"Inokim electric scooter immobiliser alarm"},"content":{"rendered":"<p>Inokim electric scooter immobiliser alarm system \/ signal \/ alarm system kit, remote controlled. Suitable for electric scooter Inokim OX Hero, Super, OXO. <b><strong>NB! The price also includes the installation of the alarm system <\/strong><\/b><a href=\"http:\/\/www.xn--tuksimaailm-ffb.ee\/elektrilise-toukeratta-remont\/\"><b><strong>in the workshop of <\/strong><\/b><\/a>T\u00f5uksimaailm<b><strong>!<\/strong><\/b> <b><strong>Technical data:<\/strong><\/b><\/p>\n<ul>\n<li>Working voltage: 48V, 60V or 72V.<\/li>\n<li>Power consumption: &lt;80ma<\/li>\n<li>Frequency: 433Mhz<\/li>\n<li>Alarm loudness: 120\uff5e125dB<\/li>\n<li>Standby current: &lt;6ma (Note: when the scooter is off, it will use 4aH battery for one month on 60V system).<\/li>\n<\/ul>\n<p><b><strong>Alarm deactivation<\/strong><\/b> To deactivate the alarm, press the button with the open lock image and the alarm will beep twice. If the scooter is started by pressing the throttle button, pressing it will immediately cut off the power. (Note: if you cut off the power by pressing the disable button, you will not be able to start the scooter by pressing the throttle button). <b><strong>Turning the scooter on<\/strong><\/b> Double press the power button, then a beep will sound once to indicate that the scooter is no longer in the off mode. <b><strong>Finding the location of the scooter<\/strong><\/b> In anti-theft mode, press the button with the clock image and the alarm will beep five times to indicate the scooter's location to the owner. Press any button to stop it. <b><strong>Attention!<\/strong><\/b><\/p>\n<ul>\n<li>Avoid dropping the immobiliser.<\/li>\n<li>Replace the battery if the warning light becomes fainter or the reception distance shortens.<\/li>\n<li>The immobiliser is an anti-theft device that makes it difficult to commit theft and warns the owner of possible theft.<\/li>\n<\/ul>\n","protected":false},"excerpt":{"rendered":"<p>Inokim electric scooter immobiliser alarm system \/ signal \/ alarm system kit, remote controlled. Suitable for electric scooter Inokim OX Hero, Super, OXO. NB! The price also includes the installation of the alarm system in the workshop of T\u00f5uksimaailm! Technical data: Working voltage: 48V, 60V or 72V. Power consumption: &lt;80ma &hellip;<\/p>\n","protected":false},"featured_media":17239,"template":"","meta":[],"product_brand":[],"product_cat":[746],"product_tag":[3367],"filter_elektritoukeratas":[],"class_list":{"0":"post-60536","1":"product","2":"type-product","3":"status-publish","4":"has-post-thumbnail","6":"product_cat-accessories","7":"product_tag-handlebar-bags","9":"first","10":"outofstock","11":"taxable","12":"shipping-taxable","13":"purchasable","14":"product-type-simple"},"yoast_head":"<!-- This site is optimized with the Yoast SEO Premium plugin v26.8 (Yoast SEO v27.5) - https:\/\/yoast.com\/product\/yoast-seo-premium-wordpress\/ -->\n<title>Inokim electric scooter immobiliser alarm | T\u00f5uksimaailm<\/title>\n<meta name=\"description\" content=\"Inokim electric scooter immobilizer alarm system \/ signal \/ alarm system with remote control. Suitable for electric scooter Inokim OX Hero, Super, OXO.\" \/>\n<meta name=\"robots\" content=\"index, follow, max-snippet:-1, max-image-preview:large, max-video-preview:-1\" \/>\n<link rel=\"canonical\" href=\"https:\/\/www.xn--tuksimaailm-ffb.ee\/en\/product\/inokim-electric-scooter-immobiliser-alarm\/\" \/>\n<meta property=\"og:locale\" content=\"en_US\" \/>\n<meta property=\"og:type\" content=\"article\" \/>\n<meta property=\"og:title\" content=\"Inokim electric scooter immobiliser alarm\" \/>\n<meta property=\"og:description\" content=\"Inokim electric scooter immobilizer alarm system \/ signal \/ alarm system with remote control. Suitable for electric scooter Inokim OX Hero, Super, OXO.\" \/>\n<meta property=\"og:url\" content=\"https:\/\/www.xn--tuksimaailm-ffb.ee\/en\/product\/inokim-electric-scooter-immobiliser-alarm\/\" \/>\n<meta property=\"og:site_name\" content=\"T\u00f5uksimaailm\" \/>\n<meta property=\"article:publisher\" content=\"https:\/\/www.facebook.com\/touksimaailm\/\" \/>\n<meta property=\"og:image\" content=\"https:\/\/www.xn--tuksimaailm-ffb.ee\/wp-content\/uploads\/2022\/03\/Immobilaiser-Inokim.jpg\" \/>\n\t<meta property=\"og:image:width\" content=\"555\" \/>\n\t<meta property=\"og:image:height\" content=\"557\" \/>\n\t<meta property=\"og:image:type\" content=\"image\/jpeg\" \/>\n<meta name=\"twitter:card\" content=\"summary_large_image\" \/>\n<meta name=\"twitter:label1\" content=\"Price\" \/>\n\t<meta name=\"twitter:data1\" content=\"&euro;99.00\" \/>\n\t<meta name=\"twitter:label2\" content=\"Availability\" \/>\n\t<meta name=\"twitter:data2\" content=\"Out of stock\" \/>\n<meta property=\"product:price:amount\" content=\"99.00\" \/>\n<meta property=\"product:price:currency\" content=\"EUR\" \/>\n<meta property=\"og:availability\" content=\"out of stock\" \/>\n<meta property=\"product:availability\" content=\"out of stock\" \/>\n<meta property=\"product:condition\" content=\"new\" \/>\n<!-- \/ Yoast SEO Premium plugin. -->","yoast_head_json":{"title":"Inokim electric scooter immobiliser alarm | T\u00f5uksimaailm","description":"Inokim electric scooter immobilizer alarm system \/ signal \/ alarm system with remote control. Suitable for electric scooter Inokim OX Hero, Super, OXO.","robots":{"index":"index","follow":"follow","max-snippet":"max-snippet:-1","max-image-preview":"max-image-preview:large","max-video-preview":"max-video-preview:-1"},"canonical":"https:\/\/www.xn--tuksimaailm-ffb.ee\/en\/product\/inokim-electric-scooter-immobiliser-alarm\/","og_locale":"en_US","og_type":"article","og_title":"Inokim electric scooter immobiliser alarm","og_description":"Inokim electric scooter immobilizer alarm system \/ signal \/ alarm system with remote control. Suitable for electric scooter Inokim OX Hero, Super, OXO.","og_url":"https:\/\/www.xn--tuksimaailm-ffb.ee\/en\/product\/inokim-electric-scooter-immobiliser-alarm\/","og_site_name":"T\u00f5uksimaailm","article_publisher":"https:\/\/www.facebook.com\/touksimaailm\/","og_image":[{"width":555,"height":557,"url":"https:\/\/www.xn--tuksimaailm-ffb.ee\/wp-content\/uploads\/2022\/03\/Immobilaiser-Inokim.jpg","type":"image\/jpeg"}],"twitter_card":"summary_large_image","twitter_misc":{"Price":"&euro;99.00","Availability":"Out of stock"},"schema":{"@context":"https:\/\/schema.org","@graph":[{"@type":"WebPage","@id":"https:\/\/www.xn--tuksimaailm-ffb.ee\/en\/product\/inokim-electric-scooter-immobiliser-alarm\/","url":"https:\/\/www.xn--tuksimaailm-ffb.ee\/en\/product\/inokim-electric-scooter-immobiliser-alarm\/","name":"Inokim electric scooter immobiliser alarm | T\u00f5uksimaailm","isPartOf":{"@id":"https:\/\/www.xn--tuksimaailm-ffb.ee\/en\/#website"},"primaryImageOfPage":{"@id":"https:\/\/www.xn--tuksimaailm-ffb.ee\/en\/product\/inokim-electric-scooter-immobiliser-alarm\/#primaryimage"},"image":{"@id":"https:\/\/www.xn--tuksimaailm-ffb.ee\/en\/product\/inokim-electric-scooter-immobiliser-alarm\/#primaryimage"},"thumbnailUrl":"https:\/\/www.xn--tuksimaailm-ffb.ee\/wp-content\/uploads\/2022\/03\/Immobilaiser-Inokim.jpg","datePublished":"2022-03-12T07:44:43+00:00","description":"Inokim electric scooter immobilizer alarm system \/ signal \/ alarm system with remote control. Suitable for electric scooter Inokim OX Hero, Super, OXO.","breadcrumb":{"@id":"https:\/\/www.xn--tuksimaailm-ffb.ee\/en\/product\/inokim-electric-scooter-immobiliser-alarm\/#breadcrumb"},"inLanguage":"en-US","potentialAction":[{"@type":"ReadAction","target":["https:\/\/www.xn--tuksimaailm-ffb.ee\/en\/product\/inokim-electric-scooter-immobiliser-alarm\/"]}]},{"@type":"ImageObject","inLanguage":"en-US","@id":"https:\/\/www.xn--tuksimaailm-ffb.ee\/en\/product\/inokim-electric-scooter-immobiliser-alarm\/#primaryimage","url":"https:\/\/www.xn--tuksimaailm-ffb.ee\/wp-content\/uploads\/2022\/03\/Immobilaiser-Inokim.jpg","contentUrl":"https:\/\/www.xn--tuksimaailm-ffb.ee\/wp-content\/uploads\/2022\/03\/Immobilaiser-Inokim.jpg","width":555,"height":557,"caption":"Inokim electric scooter immobiliser alarm"},{"@type":"BreadcrumbList","@id":"https:\/\/www.xn--tuksimaailm-ffb.ee\/en\/product\/inokim-electric-scooter-immobiliser-alarm\/#breadcrumb","itemListElement":[{"@type":"ListItem","position":1,"name":"Home","item":"https:\/\/www.xn--tuksimaailm-ffb.ee\/en\/main-page\/"},{"@type":"ListItem","position":2,"name":"Shop","item":"https:\/\/www.xn--tuksimaailm-ffb.ee\/elektritoukerataste-pood\/"},{"@type":"ListItem","position":3,"name":"Inokim electric scooter immobiliser alarm"}]},{"@type":"WebSite","@id":"https:\/\/www.xn--tuksimaailm-ffb.ee\/en\/#website","url":"https:\/\/www.xn--tuksimaailm-ffb.ee\/en\/","name":"T\u00f5uksimaailm","description":"Elektrit\u00f5ukerataste m\u00fc\u00fck, remont ja rent","publisher":{"@id":"https:\/\/www.xn--tuksimaailm-ffb.ee\/en\/#organization"},"potentialAction":[{"@type":"SearchAction","target":{"@type":"EntryPoint","urlTemplate":"https:\/\/www.xn--tuksimaailm-ffb.ee\/en\/?s={search_term_string}"},"query-input":{"@type":"PropertyValueSpecification","valueRequired":true,"valueName":"search_term_string"}}],"inLanguage":"en-US"},{"@type":"Organization","@id":"https:\/\/www.xn--tuksimaailm-ffb.ee\/en\/#organization","name":"T\u00f5uksimaailm","url":"https:\/\/www.xn--tuksimaailm-ffb.ee\/en\/","logo":{"@type":"ImageObject","inLanguage":"en-US","@id":"https:\/\/www.xn--tuksimaailm-ffb.ee\/en\/#\/schema\/logo\/image\/","url":"https:\/\/www.xn--tuksimaailm-ffb.ee\/wp-content\/uploads\/2020\/01\/logoz-e1579792875517.png","contentUrl":"https:\/\/www.xn--tuksimaailm-ffb.ee\/wp-content\/uploads\/2020\/01\/logoz-e1579792875517.png","width":250,"height":250,"caption":"T\u00f5uksimaailm"},"image":{"@id":"https:\/\/www.xn--tuksimaailm-ffb.ee\/en\/#\/schema\/logo\/image\/"},"sameAs":["https:\/\/www.facebook.com\/touksimaailm\/","https:\/\/www.instagram.com\/touksimaailm_\/","https:\/\/www.youtube.com\/channel\/UC18ml0EKIDLP1xGuQjFzcXQ"]}]},"product_price_amount":"99.00","product_price_currency":"EUR","og_availability":"out of stock","product_availability":"out of stock","product_condition":"new"},"jetpack_sharing_enabled":true,"_links":{"self":[{"href":"https:\/\/www.xn--tuksimaailm-ffb.ee\/en\/wp-json\/wp\/v2\/product\/60536","targetHints":{"allow":["GET"]}}],"collection":[{"href":"https:\/\/www.xn--tuksimaailm-ffb.ee\/en\/wp-json\/wp\/v2\/product"}],"about":[{"href":"https:\/\/www.xn--tuksimaailm-ffb.ee\/en\/wp-json\/wp\/v2\/types\/product"}],"wp:featuredmedia":[{"embeddable":true,"href":"https:\/\/www.xn--tuksimaailm-ffb.ee\/en\/wp-json\/wp\/v2\/media\/17239"}],"wp:attachment":[{"href":"https:\/\/www.xn--tuksimaailm-ffb.ee\/en\/wp-json\/wp\/v2\/media?parent=60536"}],"wp:term":[{"taxonomy":"product_brand","embeddable":true,"href":"https:\/\/www.xn--tuksimaailm-ffb.ee\/en\/wp-json\/wp\/v2\/product_brand?post=60536"},{"taxonomy":"product_cat","embeddable":true,"href":"https:\/\/www.xn--tuksimaailm-ffb.ee\/en\/wp-json\/wp\/v2\/product_cat?post=60536"},{"taxonomy":"product_tag","embeddable":true,"href":"https:\/\/www.xn--tuksimaailm-ffb.ee\/en\/wp-json\/wp\/v2\/product_tag?post=60536"},{"taxonomy":"filter_elektritoukeratas","embeddable":true,"href":"https:\/\/www.xn--tuksimaailm-ffb.ee\/en\/wp-json\/wp\/v2\/filter_elektritoukeratas?post=60536"}],"curies":[{"name":"wp","href":"https:\/\/api.w.org\/{rel}","templated":true}]}}