{"id":60556,"date":"2022-04-23T08:49:51","date_gmt":"2022-04-23T05:49:51","guid":{"rendered":"http:\/\/www.xn--tuksimaailm-ffb.ee\/shop\/tyre-anti-scuffing-agent-anti-scuffing-tyre-paste\/"},"modified":"2022-04-23T08:49:51","modified_gmt":"2022-04-23T06:49:51","slug":"tyre-anti-scuffing-agent-anti-scuffing-tyre-paste","status":"publish","type":"product","link":"https:\/\/www.xn--tuksimaailm-ffb.ee\/en\/product\/tyre-anti-scuffing-agent-anti-scuffing-tyre-paste\/","title":{"rendered":"Tyre anti-scuffing agent anti-scuffing tyre paste"},"content":{"rendered":"<p>Tyre anti-scuffing agent anti-scuffing tyre paste. Bottle capacity 240ml. Suitable both for neutralising punctures already present and for preventing the formation of new punctures. It does not throw the tyre out of balance, does not cause vibrations when driving and is also suitable for use in cold temperatures (winter).<\/p>\n<p><b><strong>Application:<\/strong><\/b><\/p>\n<p>Cut off the end of the bottle (6mm). The tyre must be in the position with the valve on the down side. 6 mm (6 mm). Unscrew the valve with the valve spanner and let the air out of the tyre. Place the nozzle of the bottle against the valve post, pour the required amount of the agent into the tyre: 8,5\", 10\",11\" 13\"\" - 240ml, 14\"\/15\"\" standard - 300\/3320ml, 15\"\" wide - 360 - 420ml, trucks, SUVs 4x4 - 480ml. Turn the valve back and inflate the tyre. After that, drive 2-3 km to drain the substance.<\/p>\n","protected":false},"excerpt":{"rendered":"<p>Tyre anti-scuffing agent anti-scuffing tyre paste. Bottle capacity 240ml. Suitable both for neutralising punctures already present and for preventing the formation of new punctures. It does not throw the tyre out of balance, does not cause vibrations when driving and is also suitable for use in cold temperatures (winter). Application: &hellip;<\/p>\n","protected":false},"featured_media":17463,"template":"","meta":[],"product_brand":[],"product_cat":[749],"product_tag":[],"filter_elektritoukeratas":[],"class_list":{"0":"post-60556","1":"product","2":"type-product","3":"status-publish","4":"has-post-thumbnail","6":"product_cat-tools-and-supplies","7":"pa_tootetuup-tools-and-accessories","9":"first","10":"instock","11":"taxable","12":"shipping-taxable","13":"purchasable","14":"product-type-simple"},"yoast_head":"<!-- This site is optimized with the Yoast SEO Premium plugin v26.8 (Yoast SEO v27.5) - https:\/\/yoast.com\/product\/yoast-seo-premium-wordpress\/ -->\n<title>Tyre anti-scuffing agent anti-scuffing tyre paste | T\u00f5uksimaailm<\/title>\n<meta name=\"description\" content=\"Tyre anti-chunking agent, 240ml. For neutralising punctures and preventing new punctures.\" \/>\n<meta name=\"robots\" content=\"index, follow, max-snippet:-1, max-image-preview:large, max-video-preview:-1\" \/>\n<link rel=\"canonical\" href=\"https:\/\/www.xn--tuksimaailm-ffb.ee\/en\/product\/tyre-anti-scuffing-agent-anti-scuffing-tyre-paste\/\" \/>\n<meta property=\"og:locale\" content=\"en_US\" \/>\n<meta property=\"og:type\" content=\"article\" \/>\n<meta property=\"og:title\" content=\"Tyre anti-scuffing agent anti-scuffing tyre paste\" \/>\n<meta property=\"og:description\" content=\"Tyre anti-chunking agent, 240ml. For neutralising punctures and preventing new punctures.\" \/>\n<meta property=\"og:url\" content=\"https:\/\/www.xn--tuksimaailm-ffb.ee\/en\/product\/tyre-anti-scuffing-agent-anti-scuffing-tyre-paste\/\" \/>\n<meta property=\"og:site_name\" content=\"T\u00f5uksimaailm\" \/>\n<meta property=\"article:publisher\" content=\"https:\/\/www.facebook.com\/touksimaailm\/\" \/>\n<meta property=\"article:modified_time\" content=\"2022-04-23T06:49:51+00:00\" \/>\n<meta property=\"og:image\" content=\"https:\/\/www.xn--tuksimaailm-ffb.ee\/wp-content\/uploads\/2022\/04\/tire-dok-1.jpg\" \/>\n\t<meta property=\"og:image:width\" content=\"396\" \/>\n\t<meta property=\"og:image:height\" content=\"456\" \/>\n\t<meta property=\"og:image:type\" content=\"image\/jpeg\" \/>\n<meta name=\"twitter:card\" content=\"summary_large_image\" \/>\n<meta name=\"twitter:label1\" content=\"Price\" \/>\n\t<meta name=\"twitter:data1\" content=\"&euro;19.50\" \/>\n\t<meta name=\"twitter:label2\" content=\"Availability\" \/>\n\t<meta name=\"twitter:data2\" content=\"In stock\" \/>\n<meta property=\"product:price:amount\" content=\"19.50\" \/>\n<meta property=\"product:price:currency\" content=\"EUR\" \/>\n<meta property=\"og:availability\" content=\"instock\" \/>\n<meta property=\"product:availability\" content=\"instock\" \/>\n<meta property=\"product:condition\" content=\"new\" \/>\n<!-- \/ Yoast SEO Premium plugin. -->","yoast_head_json":{"title":"Tyre anti-scuffing agent anti-scuffing tyre paste | T\u00f5uksimaailm","description":"Tyre anti-chunking agent, 240ml. For neutralising punctures and preventing new punctures.","robots":{"index":"index","follow":"follow","max-snippet":"max-snippet:-1","max-image-preview":"max-image-preview:large","max-video-preview":"max-video-preview:-1"},"canonical":"https:\/\/www.xn--tuksimaailm-ffb.ee\/en\/product\/tyre-anti-scuffing-agent-anti-scuffing-tyre-paste\/","og_locale":"en_US","og_type":"article","og_title":"Tyre anti-scuffing agent anti-scuffing tyre paste","og_description":"Tyre anti-chunking agent, 240ml. For neutralising punctures and preventing new punctures.","og_url":"https:\/\/www.xn--tuksimaailm-ffb.ee\/en\/product\/tyre-anti-scuffing-agent-anti-scuffing-tyre-paste\/","og_site_name":"T\u00f5uksimaailm","article_publisher":"https:\/\/www.facebook.com\/touksimaailm\/","article_modified_time":"2022-04-23T06:49:51+00:00","og_image":[{"width":396,"height":456,"url":"https:\/\/www.xn--tuksimaailm-ffb.ee\/wp-content\/uploads\/2022\/04\/tire-dok-1.jpg","type":"image\/jpeg"}],"twitter_card":"summary_large_image","twitter_misc":{"Price":"&euro;19.50","Availability":"In stock"},"schema":{"@context":"https:\/\/schema.org","@graph":[{"@type":"WebPage","@id":"https:\/\/www.xn--tuksimaailm-ffb.ee\/en\/product\/tyre-anti-scuffing-agent-anti-scuffing-tyre-paste\/","url":"https:\/\/www.xn--tuksimaailm-ffb.ee\/en\/product\/tyre-anti-scuffing-agent-anti-scuffing-tyre-paste\/","name":"Tyre anti-scuffing agent anti-scuffing tyre paste | T\u00f5uksimaailm","isPartOf":{"@id":"https:\/\/www.xn--tuksimaailm-ffb.ee\/en\/#website"},"primaryImageOfPage":{"@id":"https:\/\/www.xn--tuksimaailm-ffb.ee\/en\/product\/tyre-anti-scuffing-agent-anti-scuffing-tyre-paste\/#primaryimage"},"image":{"@id":"https:\/\/www.xn--tuksimaailm-ffb.ee\/en\/product\/tyre-anti-scuffing-agent-anti-scuffing-tyre-paste\/#primaryimage"},"thumbnailUrl":"https:\/\/www.xn--tuksimaailm-ffb.ee\/wp-content\/uploads\/2022\/04\/tire-dok-1.jpg","datePublished":"2022-04-23T05:49:51+00:00","dateModified":"2022-04-23T06:49:51+00:00","description":"Tyre anti-chunking agent, 240ml. For neutralising punctures and preventing new punctures.","breadcrumb":{"@id":"https:\/\/www.xn--tuksimaailm-ffb.ee\/en\/product\/tyre-anti-scuffing-agent-anti-scuffing-tyre-paste\/#breadcrumb"},"inLanguage":"en-US","potentialAction":[{"@type":"ReadAction","target":["https:\/\/www.xn--tuksimaailm-ffb.ee\/en\/product\/tyre-anti-scuffing-agent-anti-scuffing-tyre-paste\/"]}]},{"@type":"ImageObject","inLanguage":"en-US","@id":"https:\/\/www.xn--tuksimaailm-ffb.ee\/en\/product\/tyre-anti-scuffing-agent-anti-scuffing-tyre-paste\/#primaryimage","url":"https:\/\/www.xn--tuksimaailm-ffb.ee\/wp-content\/uploads\/2022\/04\/tire-dok-1.jpg","contentUrl":"https:\/\/www.xn--tuksimaailm-ffb.ee\/wp-content\/uploads\/2022\/04\/tire-dok-1.jpg","width":396,"height":456,"caption":"Tyre anti-scuffing agent anti-scuffing tyre paste"},{"@type":"BreadcrumbList","@id":"https:\/\/www.xn--tuksimaailm-ffb.ee\/en\/product\/tyre-anti-scuffing-agent-anti-scuffing-tyre-paste\/#breadcrumb","itemListElement":[{"@type":"ListItem","position":1,"name":"Home","item":"https:\/\/www.xn--tuksimaailm-ffb.ee\/en\/main-page\/"},{"@type":"ListItem","position":2,"name":"Shop","item":"https:\/\/www.xn--tuksimaailm-ffb.ee\/elektritoukerataste-pood\/"},{"@type":"ListItem","position":3,"name":"Tyre anti-scuffing agent anti-scuffing tyre paste"}]},{"@type":"WebSite","@id":"https:\/\/www.xn--tuksimaailm-ffb.ee\/en\/#website","url":"https:\/\/www.xn--tuksimaailm-ffb.ee\/en\/","name":"T\u00f5uksimaailm","description":"Elektrit\u00f5ukerataste m\u00fc\u00fck, remont ja rent","publisher":{"@id":"https:\/\/www.xn--tuksimaailm-ffb.ee\/en\/#organization"},"potentialAction":[{"@type":"SearchAction","target":{"@type":"EntryPoint","urlTemplate":"https:\/\/www.xn--tuksimaailm-ffb.ee\/en\/?s={search_term_string}"},"query-input":{"@type":"PropertyValueSpecification","valueRequired":true,"valueName":"search_term_string"}}],"inLanguage":"en-US"},{"@type":"Organization","@id":"https:\/\/www.xn--tuksimaailm-ffb.ee\/en\/#organization","name":"T\u00f5uksimaailm","url":"https:\/\/www.xn--tuksimaailm-ffb.ee\/en\/","logo":{"@type":"ImageObject","inLanguage":"en-US","@id":"https:\/\/www.xn--tuksimaailm-ffb.ee\/en\/#\/schema\/logo\/image\/","url":"https:\/\/www.xn--tuksimaailm-ffb.ee\/wp-content\/uploads\/2020\/01\/logoz-e1579792875517.png","contentUrl":"https:\/\/www.xn--tuksimaailm-ffb.ee\/wp-content\/uploads\/2020\/01\/logoz-e1579792875517.png","width":250,"height":250,"caption":"T\u00f5uksimaailm"},"image":{"@id":"https:\/\/www.xn--tuksimaailm-ffb.ee\/en\/#\/schema\/logo\/image\/"},"sameAs":["https:\/\/www.facebook.com\/touksimaailm\/","https:\/\/www.instagram.com\/touksimaailm_\/","https:\/\/www.youtube.com\/channel\/UC18ml0EKIDLP1xGuQjFzcXQ"]}]},"product_price_amount":"19.50","product_price_currency":"EUR","og_availability":"instock","product_availability":"instock","product_condition":"new"},"jetpack_sharing_enabled":true,"_links":{"self":[{"href":"https:\/\/www.xn--tuksimaailm-ffb.ee\/en\/wp-json\/wp\/v2\/product\/60556","targetHints":{"allow":["GET"]}}],"collection":[{"href":"https:\/\/www.xn--tuksimaailm-ffb.ee\/en\/wp-json\/wp\/v2\/product"}],"about":[{"href":"https:\/\/www.xn--tuksimaailm-ffb.ee\/en\/wp-json\/wp\/v2\/types\/product"}],"wp:featuredmedia":[{"embeddable":true,"href":"https:\/\/www.xn--tuksimaailm-ffb.ee\/en\/wp-json\/wp\/v2\/media\/17463"}],"wp:attachment":[{"href":"https:\/\/www.xn--tuksimaailm-ffb.ee\/en\/wp-json\/wp\/v2\/media?parent=60556"}],"wp:term":[{"taxonomy":"product_brand","embeddable":true,"href":"https:\/\/www.xn--tuksimaailm-ffb.ee\/en\/wp-json\/wp\/v2\/product_brand?post=60556"},{"taxonomy":"product_cat","embeddable":true,"href":"https:\/\/www.xn--tuksimaailm-ffb.ee\/en\/wp-json\/wp\/v2\/product_cat?post=60556"},{"taxonomy":"product_tag","embeddable":true,"href":"https:\/\/www.xn--tuksimaailm-ffb.ee\/en\/wp-json\/wp\/v2\/product_tag?post=60556"},{"taxonomy":"filter_elektritoukeratas","embeddable":true,"href":"https:\/\/www.xn--tuksimaailm-ffb.ee\/en\/wp-json\/wp\/v2\/filter_elektritoukeratas?post=60556"}],"curies":[{"name":"wp","href":"https:\/\/api.w.org\/{rel}","templated":true}]}}