{"id":60558,"date":"2022-05-07T09:52:38","date_gmt":"2022-05-07T09:52:38","guid":{"rendered":"http:\/\/www.xn--tuksimaailm-ffb.ee\/shop\/chain-lock-abus-steel-o-chain-5805c-black-with-code\/"},"modified":"2022-05-07T09:52:38","modified_gmt":"2022-05-07T07:52:38","slug":"chain-lock-abus-steel-o-chain-5805c-black-with-code","status":"publish","type":"product","link":"https:\/\/www.xn--tuksimaailm-ffb.ee\/en\/product\/chain-lock-abus-steel-o-chain-5805c-black-with-code\/","title":{"rendered":"Chain lock Abus Steel-O-Chain 5805C black with code"},"content":{"rendered":"<p><b><strong>Chain lock Abus Steel-O-Chain 5805C black<\/strong><\/b> for bicycle \/ electric scooter. The lock weighs <b><strong>590g.<\/strong><\/b> The chain lock is coated with a black textile layer to prevent the lock from damaging the paint when in contact with the frame of the locked bicycle or electric scooter. Chain locks are the best locks in terms of price, compactness and security. An even more secure but also compact option is the<a href=\"http:\/\/www.xn--tuksimaailm-ffb.ee\/shop\/kompaktne-lulilukk-abus-bordo-5700-must\/\"><b><strong> switch lock<\/strong><\/b><\/a>. The chain lock is <b><strong>coded<\/strong><\/b>.<\/p>\n","protected":false},"excerpt":{"rendered":"<p>Chain lock Abus Steel-O-Chain 5805C black for bicycle \/ electric scooter. The lock weighs 590g. The chain lock is coated with a black textile layer to prevent the lock from damaging the paint when in contact with the frame of the locked bicycle or electric scooter. Chain locks are the &hellip;<\/p>\n","protected":false},"featured_media":17501,"template":"","meta":[],"product_brand":[],"product_cat":[746],"product_tag":[3224],"filter_elektritoukeratas":[],"class_list":{"0":"post-60558","1":"product","2":"type-product","3":"status-publish","4":"has-post-thumbnail","6":"product_cat-accessories","7":"product_tag-locks","8":"pa_tootetuup-locks","10":"first","11":"outofstock","12":"taxable","13":"shipping-taxable","14":"purchasable","15":"product-type-simple"},"yoast_head":"<!-- This site is optimized with the Yoast SEO Premium plugin v26.8 (Yoast SEO v27.5) - https:\/\/yoast.com\/product\/yoast-seo-premium-wordpress\/ -->\n<title>Chain lock Abus Steel-O-Chain 5805C black with code &#8212; T\u00f5uksimaailm<\/title>\n<meta name=\"description\" content=\"Chain lock Abus Steel-O-Chain 5805C black for bicycle \/ electric scooter. The weight of the lock is 590g. The lock is coded.\" \/>\n<meta name=\"robots\" content=\"index, follow, max-snippet:-1, max-image-preview:large, max-video-preview:-1\" \/>\n<link rel=\"canonical\" href=\"https:\/\/www.xn--tuksimaailm-ffb.ee\/en\/product\/chain-lock-abus-steel-o-chain-5805c-black-with-code\/\" \/>\n<meta property=\"og:locale\" content=\"en_US\" \/>\n<meta property=\"og:type\" content=\"article\" \/>\n<meta property=\"og:title\" content=\"Chain lock Abus Steel-O-Chain 5805C black with code\" \/>\n<meta property=\"og:description\" content=\"Chain lock Abus Steel-O-Chain 5805C black for bicycle \/ electric scooter. The weight of the lock is 590g. The lock is coded.\" \/>\n<meta property=\"og:url\" content=\"https:\/\/www.xn--tuksimaailm-ffb.ee\/en\/product\/chain-lock-abus-steel-o-chain-5805c-black-with-code\/\" \/>\n<meta property=\"og:site_name\" content=\"T\u00f5uksimaailm\" \/>\n<meta property=\"article:publisher\" content=\"https:\/\/www.facebook.com\/touksimaailm\/\" \/>\n<meta property=\"og:image\" content=\"https:\/\/www.xn--tuksimaailm-ffb.ee\/wp-content\/uploads\/2022\/05\/kettlukk-abus.jpg\" \/>\n\t<meta property=\"og:image:width\" content=\"570\" \/>\n\t<meta property=\"og:image:height\" content=\"553\" \/>\n\t<meta property=\"og:image:type\" content=\"image\/jpeg\" \/>\n<meta name=\"twitter:card\" content=\"summary_large_image\" \/>\n<meta name=\"twitter:label1\" content=\"Price\" \/>\n\t<meta name=\"twitter:data1\" content=\"&euro;49.50\" \/>\n\t<meta name=\"twitter:label2\" content=\"Availability\" \/>\n\t<meta name=\"twitter:data2\" content=\"Out of stock\" \/>\n<meta property=\"product:price:amount\" content=\"49.50\" \/>\n<meta property=\"product:price:currency\" content=\"EUR\" \/>\n<meta property=\"og:availability\" content=\"out of stock\" \/>\n<meta property=\"product:availability\" content=\"out of stock\" \/>\n<meta property=\"product:condition\" content=\"new\" \/>\n<!-- \/ Yoast SEO Premium plugin. -->","yoast_head_json":{"title":"Chain lock Abus Steel-O-Chain 5805C black with code &#8212; T\u00f5uksimaailm","description":"Chain lock Abus Steel-O-Chain 5805C black for bicycle \/ electric scooter. The weight of the lock is 590g. The lock is coded.","robots":{"index":"index","follow":"follow","max-snippet":"max-snippet:-1","max-image-preview":"max-image-preview:large","max-video-preview":"max-video-preview:-1"},"canonical":"https:\/\/www.xn--tuksimaailm-ffb.ee\/en\/product\/chain-lock-abus-steel-o-chain-5805c-black-with-code\/","og_locale":"en_US","og_type":"article","og_title":"Chain lock Abus Steel-O-Chain 5805C black with code","og_description":"Chain lock Abus Steel-O-Chain 5805C black for bicycle \/ electric scooter. The weight of the lock is 590g. The lock is coded.","og_url":"https:\/\/www.xn--tuksimaailm-ffb.ee\/en\/product\/chain-lock-abus-steel-o-chain-5805c-black-with-code\/","og_site_name":"T\u00f5uksimaailm","article_publisher":"https:\/\/www.facebook.com\/touksimaailm\/","og_image":[{"width":570,"height":553,"url":"https:\/\/www.xn--tuksimaailm-ffb.ee\/wp-content\/uploads\/2022\/05\/kettlukk-abus.jpg","type":"image\/jpeg"}],"twitter_card":"summary_large_image","twitter_misc":{"Price":"&euro;49.50","Availability":"Out of stock"},"schema":{"@context":"https:\/\/schema.org","@graph":[{"@type":"WebPage","@id":"https:\/\/www.xn--tuksimaailm-ffb.ee\/en\/product\/chain-lock-abus-steel-o-chain-5805c-black-with-code\/","url":"https:\/\/www.xn--tuksimaailm-ffb.ee\/en\/product\/chain-lock-abus-steel-o-chain-5805c-black-with-code\/","name":"Chain lock Abus Steel-O-Chain 5805C black with code &#8212; T\u00f5uksimaailm","isPartOf":{"@id":"https:\/\/www.xn--tuksimaailm-ffb.ee\/en\/#website"},"primaryImageOfPage":{"@id":"https:\/\/www.xn--tuksimaailm-ffb.ee\/en\/product\/chain-lock-abus-steel-o-chain-5805c-black-with-code\/#primaryimage"},"image":{"@id":"https:\/\/www.xn--tuksimaailm-ffb.ee\/en\/product\/chain-lock-abus-steel-o-chain-5805c-black-with-code\/#primaryimage"},"thumbnailUrl":"https:\/\/www.xn--tuksimaailm-ffb.ee\/wp-content\/uploads\/2022\/05\/kettlukk-abus.jpg","datePublished":"2022-05-07T09:52:38+00:00","description":"Chain lock Abus Steel-O-Chain 5805C black for bicycle \/ electric scooter. The weight of the lock is 590g. The lock is coded.","breadcrumb":{"@id":"https:\/\/www.xn--tuksimaailm-ffb.ee\/en\/product\/chain-lock-abus-steel-o-chain-5805c-black-with-code\/#breadcrumb"},"inLanguage":"en-US","potentialAction":[{"@type":"ReadAction","target":["https:\/\/www.xn--tuksimaailm-ffb.ee\/en\/product\/chain-lock-abus-steel-o-chain-5805c-black-with-code\/"]}]},{"@type":"ImageObject","inLanguage":"en-US","@id":"https:\/\/www.xn--tuksimaailm-ffb.ee\/en\/product\/chain-lock-abus-steel-o-chain-5805c-black-with-code\/#primaryimage","url":"https:\/\/www.xn--tuksimaailm-ffb.ee\/wp-content\/uploads\/2022\/05\/kettlukk-abus.jpg","contentUrl":"https:\/\/www.xn--tuksimaailm-ffb.ee\/wp-content\/uploads\/2022\/05\/kettlukk-abus.jpg","width":570,"height":553,"caption":"Chain lock Abus Steel-O-Chain 5805C black with code"},{"@type":"BreadcrumbList","@id":"https:\/\/www.xn--tuksimaailm-ffb.ee\/en\/product\/chain-lock-abus-steel-o-chain-5805c-black-with-code\/#breadcrumb","itemListElement":[{"@type":"ListItem","position":1,"name":"Home","item":"https:\/\/www.xn--tuksimaailm-ffb.ee\/en\/main-page\/"},{"@type":"ListItem","position":2,"name":"Shop","item":"https:\/\/www.xn--tuksimaailm-ffb.ee\/elektritoukerataste-pood\/"},{"@type":"ListItem","position":3,"name":"Chain lock Abus Steel-O-Chain 5805C black with code"}]},{"@type":"WebSite","@id":"https:\/\/www.xn--tuksimaailm-ffb.ee\/en\/#website","url":"https:\/\/www.xn--tuksimaailm-ffb.ee\/en\/","name":"T\u00f5uksimaailm","description":"Elektrit\u00f5ukerataste m\u00fc\u00fck, remont ja rent","publisher":{"@id":"https:\/\/www.xn--tuksimaailm-ffb.ee\/en\/#organization"},"potentialAction":[{"@type":"SearchAction","target":{"@type":"EntryPoint","urlTemplate":"https:\/\/www.xn--tuksimaailm-ffb.ee\/en\/?s={search_term_string}"},"query-input":{"@type":"PropertyValueSpecification","valueRequired":true,"valueName":"search_term_string"}}],"inLanguage":"en-US"},{"@type":"Organization","@id":"https:\/\/www.xn--tuksimaailm-ffb.ee\/en\/#organization","name":"T\u00f5uksimaailm","url":"https:\/\/www.xn--tuksimaailm-ffb.ee\/en\/","logo":{"@type":"ImageObject","inLanguage":"en-US","@id":"https:\/\/www.xn--tuksimaailm-ffb.ee\/en\/#\/schema\/logo\/image\/","url":"https:\/\/www.xn--tuksimaailm-ffb.ee\/wp-content\/uploads\/2020\/01\/logoz-e1579792875517.png","contentUrl":"https:\/\/www.xn--tuksimaailm-ffb.ee\/wp-content\/uploads\/2020\/01\/logoz-e1579792875517.png","width":250,"height":250,"caption":"T\u00f5uksimaailm"},"image":{"@id":"https:\/\/www.xn--tuksimaailm-ffb.ee\/en\/#\/schema\/logo\/image\/"},"sameAs":["https:\/\/www.facebook.com\/touksimaailm\/","https:\/\/www.instagram.com\/touksimaailm_\/","https:\/\/www.youtube.com\/channel\/UC18ml0EKIDLP1xGuQjFzcXQ"]}]},"product_price_amount":"49.50","product_price_currency":"EUR","og_availability":"out of stock","product_availability":"out of stock","product_condition":"new"},"jetpack_sharing_enabled":true,"_links":{"self":[{"href":"https:\/\/www.xn--tuksimaailm-ffb.ee\/en\/wp-json\/wp\/v2\/product\/60558","targetHints":{"allow":["GET"]}}],"collection":[{"href":"https:\/\/www.xn--tuksimaailm-ffb.ee\/en\/wp-json\/wp\/v2\/product"}],"about":[{"href":"https:\/\/www.xn--tuksimaailm-ffb.ee\/en\/wp-json\/wp\/v2\/types\/product"}],"wp:featuredmedia":[{"embeddable":true,"href":"https:\/\/www.xn--tuksimaailm-ffb.ee\/en\/wp-json\/wp\/v2\/media\/17501"}],"wp:attachment":[{"href":"https:\/\/www.xn--tuksimaailm-ffb.ee\/en\/wp-json\/wp\/v2\/media?parent=60558"}],"wp:term":[{"taxonomy":"product_brand","embeddable":true,"href":"https:\/\/www.xn--tuksimaailm-ffb.ee\/en\/wp-json\/wp\/v2\/product_brand?post=60558"},{"taxonomy":"product_cat","embeddable":true,"href":"https:\/\/www.xn--tuksimaailm-ffb.ee\/en\/wp-json\/wp\/v2\/product_cat?post=60558"},{"taxonomy":"product_tag","embeddable":true,"href":"https:\/\/www.xn--tuksimaailm-ffb.ee\/en\/wp-json\/wp\/v2\/product_tag?post=60558"},{"taxonomy":"filter_elektritoukeratas","embeddable":true,"href":"https:\/\/www.xn--tuksimaailm-ffb.ee\/en\/wp-json\/wp\/v2\/filter_elektritoukeratas?post=60558"}],"curies":[{"name":"wp","href":"https:\/\/api.w.org\/{rel}","templated":true}]}}