{"id":60559,"date":"2022-05-07T10:36:20","date_gmt":"2022-05-07T07:36:20","guid":{"rendered":"http:\/\/www.xn--tuksimaailm-ffb.ee\/shop\/electric-scooter-bike-u-lock-oxford-shackle-12\/"},"modified":"2022-05-07T10:36:20","modified_gmt":"2022-05-07T08:36:20","slug":"electric-scooter-bike-u-lock-oxford-shackle-12","status":"publish","type":"product","link":"https:\/\/www.xn--tuksimaailm-ffb.ee\/en\/product\/electric-scooter-bike-u-lock-oxford-shackle-12\/","title":{"rendered":"Electric scooter bike U-lock Oxford Shackle 12"},"content":{"rendered":"<p>Electric scooter\/bicycle <b><strong>U-lock Oxford Shackle 12<\/strong><\/b>. The lock measures<b><strong> 245mm x 190mm.<\/strong><\/b> The bracket makes it very convenient to attach the lock to the frame of the bicycle and some electric scooters. The U-lock is made of a non-flexible material and has a strong steel alloy interior covered with a layer of rubber to prevent the lock from damaging the paint when in contact with the frame of the bicycle or electric scooter to be locked. The 'U' shaped lock is the most economical option for a very secure lock that can only be cut with a chain cutter (relakas). A slightly more expensive option is a<a href=\"http:\/\/www.xn--tuksimaailm-ffb.ee\/shop\/kompaktne-lulilukk-abus-bordo-5700-must\/\"><b><strong> switch lock<\/strong><\/b><\/a>. It comes with <b><strong>2 keys<\/strong><\/b>.<\/p>\n","protected":false},"excerpt":{"rendered":"<p>Electric scooter\/bicycle U-lock Oxford Shackle 12. The lock measures 245mm x 190mm. The bracket makes it very convenient to attach the lock to the frame of the bicycle and some electric scooters. The U-lock is made of a non-flexible material and has a strong steel alloy interior covered with a &hellip;<\/p>\n","protected":false},"featured_media":17503,"template":"","meta":[],"product_brand":[],"product_cat":[746],"product_tag":[3224],"filter_elektritoukeratas":[],"class_list":{"0":"post-60559","1":"product","2":"type-product","3":"status-publish","4":"has-post-thumbnail","6":"product_cat-accessories","7":"product_tag-locks","8":"pa_tootetuup-locks","10":"first","11":"instock","12":"taxable","13":"shipping-taxable","14":"purchasable","15":"product-type-simple"},"yoast_head":"<!-- This site is optimized with the Yoast SEO Premium plugin v26.8 (Yoast SEO v27.5) - https:\/\/yoast.com\/product\/yoast-seo-premium-wordpress\/ -->\n<title>Electric scooter bike U-lock Oxford Shackle 12 | T\u00f5uksimaailm<\/title>\n<meta name=\"description\" content=\"Electric bicycle U-lock Oxford Shackle 12. The lock measures 245mm x 190mm. The lock comes with 2 keys.\" \/>\n<meta name=\"robots\" content=\"index, follow, max-snippet:-1, max-image-preview:large, max-video-preview:-1\" \/>\n<link rel=\"canonical\" href=\"https:\/\/www.xn--tuksimaailm-ffb.ee\/en\/product\/electric-scooter-bike-u-lock-oxford-shackle-12\/\" \/>\n<meta property=\"og:locale\" content=\"en_US\" \/>\n<meta property=\"og:type\" content=\"article\" \/>\n<meta property=\"og:title\" content=\"Electric scooter bike U-lock Oxford Shackle 12\" \/>\n<meta property=\"og:description\" content=\"Electric bicycle U-lock Oxford Shackle 12. The lock measures 245mm x 190mm. The lock comes with 2 keys.\" \/>\n<meta property=\"og:url\" content=\"https:\/\/www.xn--tuksimaailm-ffb.ee\/en\/product\/electric-scooter-bike-u-lock-oxford-shackle-12\/\" \/>\n<meta property=\"og:site_name\" content=\"T\u00f5uksimaailm\" \/>\n<meta property=\"article:publisher\" content=\"https:\/\/www.facebook.com\/touksimaailm\/\" \/>\n<meta property=\"article:modified_time\" content=\"2022-05-07T08:36:20+00:00\" \/>\n<meta property=\"og:image\" content=\"https:\/\/www.xn--tuksimaailm-ffb.ee\/wp-content\/uploads\/2022\/05\/oxford-shackle-12-1.jpg\" \/>\n\t<meta property=\"og:image:width\" content=\"495\" \/>\n\t<meta property=\"og:image:height\" content=\"531\" \/>\n\t<meta property=\"og:image:type\" content=\"image\/jpeg\" \/>\n<meta name=\"twitter:card\" content=\"summary_large_image\" \/>\n<meta name=\"twitter:label1\" content=\"Price\" \/>\n\t<meta name=\"twitter:data1\" content=\"&euro;39.50\" \/>\n\t<meta name=\"twitter:label2\" content=\"Availability\" \/>\n\t<meta name=\"twitter:data2\" content=\"In stock\" \/>\n<meta property=\"product:price:amount\" content=\"39.50\" \/>\n<meta property=\"product:price:currency\" content=\"EUR\" \/>\n<meta property=\"og:availability\" content=\"instock\" \/>\n<meta property=\"product:availability\" content=\"instock\" \/>\n<meta property=\"product:condition\" content=\"new\" \/>\n<!-- \/ Yoast SEO Premium plugin. -->","yoast_head_json":{"title":"Electric scooter bike U-lock Oxford Shackle 12 | T\u00f5uksimaailm","description":"Electric bicycle U-lock Oxford Shackle 12. The lock measures 245mm x 190mm. The lock comes with 2 keys.","robots":{"index":"index","follow":"follow","max-snippet":"max-snippet:-1","max-image-preview":"max-image-preview:large","max-video-preview":"max-video-preview:-1"},"canonical":"https:\/\/www.xn--tuksimaailm-ffb.ee\/en\/product\/electric-scooter-bike-u-lock-oxford-shackle-12\/","og_locale":"en_US","og_type":"article","og_title":"Electric scooter bike U-lock Oxford Shackle 12","og_description":"Electric bicycle U-lock Oxford Shackle 12. The lock measures 245mm x 190mm. The lock comes with 2 keys.","og_url":"https:\/\/www.xn--tuksimaailm-ffb.ee\/en\/product\/electric-scooter-bike-u-lock-oxford-shackle-12\/","og_site_name":"T\u00f5uksimaailm","article_publisher":"https:\/\/www.facebook.com\/touksimaailm\/","article_modified_time":"2022-05-07T08:36:20+00:00","og_image":[{"width":495,"height":531,"url":"https:\/\/www.xn--tuksimaailm-ffb.ee\/wp-content\/uploads\/2022\/05\/oxford-shackle-12-1.jpg","type":"image\/jpeg"}],"twitter_card":"summary_large_image","twitter_misc":{"Price":"&euro;39.50","Availability":"In stock"},"schema":{"@context":"https:\/\/schema.org","@graph":[{"@type":"WebPage","@id":"https:\/\/www.xn--tuksimaailm-ffb.ee\/en\/product\/electric-scooter-bike-u-lock-oxford-shackle-12\/","url":"https:\/\/www.xn--tuksimaailm-ffb.ee\/en\/product\/electric-scooter-bike-u-lock-oxford-shackle-12\/","name":"Electric scooter bike U-lock Oxford Shackle 12 | T\u00f5uksimaailm","isPartOf":{"@id":"https:\/\/www.xn--tuksimaailm-ffb.ee\/en\/#website"},"primaryImageOfPage":{"@id":"https:\/\/www.xn--tuksimaailm-ffb.ee\/en\/product\/electric-scooter-bike-u-lock-oxford-shackle-12\/#primaryimage"},"image":{"@id":"https:\/\/www.xn--tuksimaailm-ffb.ee\/en\/product\/electric-scooter-bike-u-lock-oxford-shackle-12\/#primaryimage"},"thumbnailUrl":"https:\/\/www.xn--tuksimaailm-ffb.ee\/wp-content\/uploads\/2022\/05\/oxford-shackle-12-1.jpg","datePublished":"2022-05-07T07:36:20+00:00","dateModified":"2022-05-07T08:36:20+00:00","description":"Electric bicycle U-lock Oxford Shackle 12. The lock measures 245mm x 190mm. The lock comes with 2 keys.","breadcrumb":{"@id":"https:\/\/www.xn--tuksimaailm-ffb.ee\/en\/product\/electric-scooter-bike-u-lock-oxford-shackle-12\/#breadcrumb"},"inLanguage":"en-US","potentialAction":[{"@type":"ReadAction","target":["https:\/\/www.xn--tuksimaailm-ffb.ee\/en\/product\/electric-scooter-bike-u-lock-oxford-shackle-12\/"]}]},{"@type":"ImageObject","inLanguage":"en-US","@id":"https:\/\/www.xn--tuksimaailm-ffb.ee\/en\/product\/electric-scooter-bike-u-lock-oxford-shackle-12\/#primaryimage","url":"https:\/\/www.xn--tuksimaailm-ffb.ee\/wp-content\/uploads\/2022\/05\/oxford-shackle-12-1.jpg","contentUrl":"https:\/\/www.xn--tuksimaailm-ffb.ee\/wp-content\/uploads\/2022\/05\/oxford-shackle-12-1.jpg","width":495,"height":531,"caption":"Electric scooter bike U-lock Oxford Shackle 12"},{"@type":"BreadcrumbList","@id":"https:\/\/www.xn--tuksimaailm-ffb.ee\/en\/product\/electric-scooter-bike-u-lock-oxford-shackle-12\/#breadcrumb","itemListElement":[{"@type":"ListItem","position":1,"name":"Home","item":"https:\/\/www.xn--tuksimaailm-ffb.ee\/en\/main-page\/"},{"@type":"ListItem","position":2,"name":"Shop","item":"https:\/\/www.xn--tuksimaailm-ffb.ee\/elektritoukerataste-pood\/"},{"@type":"ListItem","position":3,"name":"Electric scooter bike U-lock Oxford Shackle 12"}]},{"@type":"WebSite","@id":"https:\/\/www.xn--tuksimaailm-ffb.ee\/en\/#website","url":"https:\/\/www.xn--tuksimaailm-ffb.ee\/en\/","name":"T\u00f5uksimaailm","description":"Elektrit\u00f5ukerataste m\u00fc\u00fck, remont ja rent","publisher":{"@id":"https:\/\/www.xn--tuksimaailm-ffb.ee\/en\/#organization"},"potentialAction":[{"@type":"SearchAction","target":{"@type":"EntryPoint","urlTemplate":"https:\/\/www.xn--tuksimaailm-ffb.ee\/en\/?s={search_term_string}"},"query-input":{"@type":"PropertyValueSpecification","valueRequired":true,"valueName":"search_term_string"}}],"inLanguage":"en-US"},{"@type":"Organization","@id":"https:\/\/www.xn--tuksimaailm-ffb.ee\/en\/#organization","name":"T\u00f5uksimaailm","url":"https:\/\/www.xn--tuksimaailm-ffb.ee\/en\/","logo":{"@type":"ImageObject","inLanguage":"en-US","@id":"https:\/\/www.xn--tuksimaailm-ffb.ee\/en\/#\/schema\/logo\/image\/","url":"https:\/\/www.xn--tuksimaailm-ffb.ee\/wp-content\/uploads\/2020\/01\/logoz-e1579792875517.png","contentUrl":"https:\/\/www.xn--tuksimaailm-ffb.ee\/wp-content\/uploads\/2020\/01\/logoz-e1579792875517.png","width":250,"height":250,"caption":"T\u00f5uksimaailm"},"image":{"@id":"https:\/\/www.xn--tuksimaailm-ffb.ee\/en\/#\/schema\/logo\/image\/"},"sameAs":["https:\/\/www.facebook.com\/touksimaailm\/","https:\/\/www.instagram.com\/touksimaailm_\/","https:\/\/www.youtube.com\/channel\/UC18ml0EKIDLP1xGuQjFzcXQ"]}]},"product_price_amount":"39.50","product_price_currency":"EUR","og_availability":"instock","product_availability":"instock","product_condition":"new"},"jetpack_sharing_enabled":true,"_links":{"self":[{"href":"https:\/\/www.xn--tuksimaailm-ffb.ee\/en\/wp-json\/wp\/v2\/product\/60559","targetHints":{"allow":["GET"]}}],"collection":[{"href":"https:\/\/www.xn--tuksimaailm-ffb.ee\/en\/wp-json\/wp\/v2\/product"}],"about":[{"href":"https:\/\/www.xn--tuksimaailm-ffb.ee\/en\/wp-json\/wp\/v2\/types\/product"}],"wp:featuredmedia":[{"embeddable":true,"href":"https:\/\/www.xn--tuksimaailm-ffb.ee\/en\/wp-json\/wp\/v2\/media\/17503"}],"wp:attachment":[{"href":"https:\/\/www.xn--tuksimaailm-ffb.ee\/en\/wp-json\/wp\/v2\/media?parent=60559"}],"wp:term":[{"taxonomy":"product_brand","embeddable":true,"href":"https:\/\/www.xn--tuksimaailm-ffb.ee\/en\/wp-json\/wp\/v2\/product_brand?post=60559"},{"taxonomy":"product_cat","embeddable":true,"href":"https:\/\/www.xn--tuksimaailm-ffb.ee\/en\/wp-json\/wp\/v2\/product_cat?post=60559"},{"taxonomy":"product_tag","embeddable":true,"href":"https:\/\/www.xn--tuksimaailm-ffb.ee\/en\/wp-json\/wp\/v2\/product_tag?post=60559"},{"taxonomy":"filter_elektritoukeratas","embeddable":true,"href":"https:\/\/www.xn--tuksimaailm-ffb.ee\/en\/wp-json\/wp\/v2\/filter_elektritoukeratas?post=60559"}],"curies":[{"name":"wp","href":"https:\/\/api.w.org\/{rel}","templated":true}]}}