{"id":60628,"date":"2022-06-19T15:22:21","date_gmt":"2022-06-19T15:22:21","guid":{"rendered":"http:\/\/www.xn--tuksimaailm-ffb.ee\/shop\/ninebot-max-all-terrain-tyre-g30-g30e-winter-tyre\/"},"modified":"2026-02-08T19:57:26","modified_gmt":"2026-02-08T17:57:26","slug":"ninebot-max-all-terrain-tyre-g30-g30e-winter-tyre","status":"publish","type":"product","link":"https:\/\/www.xn--tuksimaailm-ffb.ee\/en\/product\/ninebot-max-all-terrain-tyre-g30-g30e-winter-tyre\/","title":{"rendered":"Ninebot Max landscape tyre G30 G30E winter tyre"},"content":{"rendered":"<p>Ninebot Max landscape tyre G30 G30E G30LE (also winter tyre, flat tyre) - suitable for Segway Ninebot Max series electric scooters and all other electric scooters with 60\/70-6.5 tubeless tyres. Xiaomi landscape tyre is the ideal tyre for riding your electric scooter in autumn and winter weather. The deep (solid) tread pattern helps improve stability when riding on slippery leaves, black ice and snow. The tyre is also better suited <a href=\"http:\/\/www.xn--tuksimaailm-ffb.ee\/shop\/xiaomi-valiskumm-8-5x2-m365-pro-1s-pro2\/\">than the original tyre<\/a> for riding on more demanding terrain, in green areas or forests.   <\/p>\n<p>As electric scooters are at risk of internal tyre rupture due to impact shocks due to the small size and air volume of their tyres, we recommend that you check tyre pressure every 2 weeks, or before each ride if you ride electric scooters less frequently. When inflating tyres, we strongly recommend the use of <a href=\"https:\/\/www.t%C3%B5uksimaailm.ee\/tootekategooria\/lisavarustus\/\">pressure gauge pumps<\/a> to ensure the exact tyre pressure recommended by the electric scooter manufacturer. If your electric scooter is in need of repair or if it's too much to <a href=\"https:\/\/www.youtube.com\/watch?v=9c5oaCgBtVA\">change the tyres<\/a>yourself, our specialist electric scooter <a href=\"https:\/\/www.t%C3%B5uksimaailm.ee\/elektrilise-toukeratta-remont\/\">workshop<\/a> can help.  <\/p>\n<p>We can also carry out tyre changes on standby. You can read more about electric scooter tyre replacement in our <a href=\"https:\/\/www.t%C3%B5uksimaailm.ee\/elektritoukeratta-rehvivahetus\/\">blog post.<\/a> <\/p>\n","protected":false},"excerpt":{"rendered":"<p>Ninebot Max landscape tyre G30 G30E G30LE (also winter tyre, flat tyre) - suitable for Segway Ninebot Max series electric scooters and all other electric scooters with 60\/70-6.5 tubeless tyres. Xiaomi landscape tyre is the ideal tyre for riding your electric scooter in autumn and winter weather. The deep (solid) &hellip;<\/p>\n","protected":false},"featured_media":17713,"template":"","meta":[],"product_brand":[],"product_cat":[726],"product_tag":[3208],"filter_elektritoukeratas":[2699,2680,2637,2619,2622],"class_list":{"0":"post-60628","1":"product","2":"type-product","3":"status-publish","4":"has-post-thumbnail","6":"product_cat-spare-parts","7":"product_tag-tyres","8":"pa_tootetuup-tyres","9":"filter_elektritoukeratas-ft_hx_x9_max_x9_plus","10":"filter_elektritoukeratas-ft_kugoo_g1_pro","11":"filter_elektritoukeratas-ft_segway_ninebot_max_g30p_g30le_g30e_ii_g30lp_ii","12":"filter_elektritoukeratas-ft_xiaomi_4_4_lite_4_pro","13":"filter_elektritoukeratas-ft_xiaomi_4_ultra","15":"first","16":"instock","17":"taxable","18":"shipping-taxable","19":"purchasable","20":"product-type-simple"},"yoast_head":"<!-- This site is optimized with the Yoast SEO Premium plugin v26.8 (Yoast SEO v27.5) - https:\/\/yoast.com\/product\/yoast-seo-premium-wordpress\/ -->\n<title>Ninebot Max landscape tyre G30 G30E winter tyre | T\u00f5uksimaailm<\/title>\n<meta name=\"description\" content=\"Ninebot Max landscape tire G30 G30E G30LE (also winter tire, flat tire) 60\/70-6.5 - Suitable for Segway Ninebot Max series electric scooters.\" \/>\n<meta name=\"robots\" content=\"index, follow, max-snippet:-1, max-image-preview:large, max-video-preview:-1\" \/>\n<link rel=\"canonical\" href=\"https:\/\/www.xn--tuksimaailm-ffb.ee\/en\/product\/ninebot-max-all-terrain-tyre-g30-g30e-winter-tyre\/\" \/>\n<meta property=\"og:locale\" content=\"en_US\" \/>\n<meta property=\"og:type\" content=\"article\" \/>\n<meta property=\"og:title\" content=\"Ninebot Max landscape tyre G30 G30E winter tyre\" \/>\n<meta property=\"og:description\" content=\"Ninebot Max landscape tire G30 G30E G30LE (also winter tire, flat tire) 60\/70-6.5 - Suitable for Segway Ninebot Max series electric scooters.\" \/>\n<meta property=\"og:url\" content=\"https:\/\/www.xn--tuksimaailm-ffb.ee\/en\/product\/ninebot-max-all-terrain-tyre-g30-g30e-winter-tyre\/\" \/>\n<meta property=\"og:site_name\" content=\"T\u00f5uksimaailm\" \/>\n<meta property=\"article:publisher\" content=\"https:\/\/www.facebook.com\/touksimaailm\/\" \/>\n<meta property=\"article:modified_time\" content=\"2026-02-08T17:57:26+00:00\" \/>\n<meta property=\"og:image\" content=\"https:\/\/www.xn--tuksimaailm-ffb.ee\/wp-content\/uploads\/2022\/06\/maastikurehv-max-1.jpg\" \/>\n\t<meta property=\"og:image:width\" content=\"503\" \/>\n\t<meta property=\"og:image:height\" content=\"541\" \/>\n\t<meta property=\"og:image:type\" content=\"image\/jpeg\" \/>\n<meta name=\"twitter:card\" content=\"summary_large_image\" \/>\n<meta name=\"twitter:label1\" content=\"Price\" \/>\n\t<meta name=\"twitter:data1\" content=\"&euro;49.50\" \/>\n\t<meta name=\"twitter:label2\" content=\"Availability\" \/>\n\t<meta name=\"twitter:data2\" content=\"In stock\" \/>\n<meta property=\"product:price:amount\" content=\"49.50\" \/>\n<meta property=\"product:price:currency\" content=\"EUR\" \/>\n<meta property=\"og:availability\" content=\"instock\" \/>\n<meta property=\"product:availability\" content=\"instock\" \/>\n<meta property=\"product:condition\" content=\"new\" \/>\n<!-- \/ Yoast SEO Premium plugin. -->","yoast_head_json":{"title":"Ninebot Max landscape tyre G30 G30E winter tyre | T\u00f5uksimaailm","description":"Ninebot Max landscape tire G30 G30E G30LE (also winter tire, flat tire) 60\/70-6.5 - Suitable for Segway Ninebot Max series electric scooters.","robots":{"index":"index","follow":"follow","max-snippet":"max-snippet:-1","max-image-preview":"max-image-preview:large","max-video-preview":"max-video-preview:-1"},"canonical":"https:\/\/www.xn--tuksimaailm-ffb.ee\/en\/product\/ninebot-max-all-terrain-tyre-g30-g30e-winter-tyre\/","og_locale":"en_US","og_type":"article","og_title":"Ninebot Max landscape tyre G30 G30E winter tyre","og_description":"Ninebot Max landscape tire G30 G30E G30LE (also winter tire, flat tire) 60\/70-6.5 - Suitable for Segway Ninebot Max series electric scooters.","og_url":"https:\/\/www.xn--tuksimaailm-ffb.ee\/en\/product\/ninebot-max-all-terrain-tyre-g30-g30e-winter-tyre\/","og_site_name":"T\u00f5uksimaailm","article_publisher":"https:\/\/www.facebook.com\/touksimaailm\/","article_modified_time":"2026-02-08T17:57:26+00:00","og_image":[{"width":503,"height":541,"url":"https:\/\/www.xn--tuksimaailm-ffb.ee\/wp-content\/uploads\/2022\/06\/maastikurehv-max-1.jpg","type":"image\/jpeg"}],"twitter_card":"summary_large_image","twitter_misc":{"Price":"&euro;49.50","Availability":"In stock"},"schema":{"@context":"https:\/\/schema.org","@graph":[{"@type":"WebPage","@id":"https:\/\/www.xn--tuksimaailm-ffb.ee\/en\/product\/ninebot-max-all-terrain-tyre-g30-g30e-winter-tyre\/","url":"https:\/\/www.xn--tuksimaailm-ffb.ee\/en\/product\/ninebot-max-all-terrain-tyre-g30-g30e-winter-tyre\/","name":"Ninebot Max landscape tyre G30 G30E winter tyre | T\u00f5uksimaailm","isPartOf":{"@id":"https:\/\/www.xn--tuksimaailm-ffb.ee\/en\/#website"},"primaryImageOfPage":{"@id":"https:\/\/www.xn--tuksimaailm-ffb.ee\/en\/product\/ninebot-max-all-terrain-tyre-g30-g30e-winter-tyre\/#primaryimage"},"image":{"@id":"https:\/\/www.xn--tuksimaailm-ffb.ee\/en\/product\/ninebot-max-all-terrain-tyre-g30-g30e-winter-tyre\/#primaryimage"},"thumbnailUrl":"https:\/\/www.xn--tuksimaailm-ffb.ee\/wp-content\/uploads\/2022\/06\/maastikurehv-max-1.jpg","datePublished":"2022-06-19T15:22:21+00:00","dateModified":"2026-02-08T17:57:26+00:00","description":"Ninebot Max landscape tire G30 G30E G30LE (also winter tire, flat tire) 60\/70-6.5 - Suitable for Segway Ninebot Max series electric scooters.","breadcrumb":{"@id":"https:\/\/www.xn--tuksimaailm-ffb.ee\/en\/product\/ninebot-max-all-terrain-tyre-g30-g30e-winter-tyre\/#breadcrumb"},"inLanguage":"en-US","potentialAction":[{"@type":"ReadAction","target":["https:\/\/www.xn--tuksimaailm-ffb.ee\/en\/product\/ninebot-max-all-terrain-tyre-g30-g30e-winter-tyre\/"]}]},{"@type":"ImageObject","inLanguage":"en-US","@id":"https:\/\/www.xn--tuksimaailm-ffb.ee\/en\/product\/ninebot-max-all-terrain-tyre-g30-g30e-winter-tyre\/#primaryimage","url":"https:\/\/www.xn--tuksimaailm-ffb.ee\/wp-content\/uploads\/2022\/06\/maastikurehv-max-1.jpg","contentUrl":"https:\/\/www.xn--tuksimaailm-ffb.ee\/wp-content\/uploads\/2022\/06\/maastikurehv-max-1.jpg","width":503,"height":541,"caption":"segway ninebot max g30 g30e II g30le lp snow tyre snow tyre 1"},{"@type":"BreadcrumbList","@id":"https:\/\/www.xn--tuksimaailm-ffb.ee\/en\/product\/ninebot-max-all-terrain-tyre-g30-g30e-winter-tyre\/#breadcrumb","itemListElement":[{"@type":"ListItem","position":1,"name":"Home","item":"https:\/\/www.xn--tuksimaailm-ffb.ee\/en\/main-page\/"},{"@type":"ListItem","position":2,"name":"Shop","item":"https:\/\/www.xn--tuksimaailm-ffb.ee\/elektritoukerataste-pood\/"},{"@type":"ListItem","position":3,"name":"Ninebot Max landscape tyre G30 G30E winter tyre"}]},{"@type":"WebSite","@id":"https:\/\/www.xn--tuksimaailm-ffb.ee\/en\/#website","url":"https:\/\/www.xn--tuksimaailm-ffb.ee\/en\/","name":"T\u00f5uksimaailm","description":"Elektrit\u00f5ukerataste m\u00fc\u00fck, remont ja rent","publisher":{"@id":"https:\/\/www.xn--tuksimaailm-ffb.ee\/en\/#organization"},"potentialAction":[{"@type":"SearchAction","target":{"@type":"EntryPoint","urlTemplate":"https:\/\/www.xn--tuksimaailm-ffb.ee\/en\/?s={search_term_string}"},"query-input":{"@type":"PropertyValueSpecification","valueRequired":true,"valueName":"search_term_string"}}],"inLanguage":"en-US"},{"@type":"Organization","@id":"https:\/\/www.xn--tuksimaailm-ffb.ee\/en\/#organization","name":"T\u00f5uksimaailm","url":"https:\/\/www.xn--tuksimaailm-ffb.ee\/en\/","logo":{"@type":"ImageObject","inLanguage":"en-US","@id":"https:\/\/www.xn--tuksimaailm-ffb.ee\/en\/#\/schema\/logo\/image\/","url":"https:\/\/www.xn--tuksimaailm-ffb.ee\/wp-content\/uploads\/2020\/01\/logoz-e1579792875517.png","contentUrl":"https:\/\/www.xn--tuksimaailm-ffb.ee\/wp-content\/uploads\/2020\/01\/logoz-e1579792875517.png","width":250,"height":250,"caption":"T\u00f5uksimaailm"},"image":{"@id":"https:\/\/www.xn--tuksimaailm-ffb.ee\/en\/#\/schema\/logo\/image\/"},"sameAs":["https:\/\/www.facebook.com\/touksimaailm\/","https:\/\/www.instagram.com\/touksimaailm_\/","https:\/\/www.youtube.com\/channel\/UC18ml0EKIDLP1xGuQjFzcXQ"]}]},"product_price_amount":"49.50","product_price_currency":"EUR","og_availability":"instock","product_availability":"instock","product_condition":"new"},"jetpack_sharing_enabled":true,"_links":{"self":[{"href":"https:\/\/www.xn--tuksimaailm-ffb.ee\/en\/wp-json\/wp\/v2\/product\/60628","targetHints":{"allow":["GET"]}}],"collection":[{"href":"https:\/\/www.xn--tuksimaailm-ffb.ee\/en\/wp-json\/wp\/v2\/product"}],"about":[{"href":"https:\/\/www.xn--tuksimaailm-ffb.ee\/en\/wp-json\/wp\/v2\/types\/product"}],"wp:featuredmedia":[{"embeddable":true,"href":"https:\/\/www.xn--tuksimaailm-ffb.ee\/en\/wp-json\/wp\/v2\/media\/17713"}],"wp:attachment":[{"href":"https:\/\/www.xn--tuksimaailm-ffb.ee\/en\/wp-json\/wp\/v2\/media?parent=60628"}],"wp:term":[{"taxonomy":"product_brand","embeddable":true,"href":"https:\/\/www.xn--tuksimaailm-ffb.ee\/en\/wp-json\/wp\/v2\/product_brand?post=60628"},{"taxonomy":"product_cat","embeddable":true,"href":"https:\/\/www.xn--tuksimaailm-ffb.ee\/en\/wp-json\/wp\/v2\/product_cat?post=60628"},{"taxonomy":"product_tag","embeddable":true,"href":"https:\/\/www.xn--tuksimaailm-ffb.ee\/en\/wp-json\/wp\/v2\/product_tag?post=60628"},{"taxonomy":"filter_elektritoukeratas","embeddable":true,"href":"https:\/\/www.xn--tuksimaailm-ffb.ee\/en\/wp-json\/wp\/v2\/filter_elektritoukeratas?post=60628"}],"curies":[{"name":"wp","href":"https:\/\/api.w.org\/{rel}","templated":true}]}}