{"id":60681,"date":"2022-07-05T08:54:38","date_gmt":"2022-07-05T08:54:38","guid":{"rendered":"http:\/\/www.xn--tuksimaailm-ffb.ee\/shop\/hybrid-tubeless-tyre-10x2-75-6-5\/"},"modified":"2022-07-05T08:54:38","modified_gmt":"2022-07-05T06:54:38","slug":"hybrid-tubeless-tyre-10x2-75-6-5","status":"publish","type":"product","link":"https:\/\/www.xn--tuksimaailm-ffb.ee\/en\/product\/hybrid-tubeless-tyre-10x2-75-6-5\/","title":{"rendered":"Hybrid tubeless tyre 10x2.75-6.5\""},"content":{"rendered":"<p>Hybrid tyre <b><strong>10x2.75-6.5<\/strong><\/b> \" (also external tyre, casing, off-road, flat, winter tyre) for difficult roads. Suitable for mounting in place of <b><strong>11<\/strong><\/b> \" external tyres. <b><strong>One (1) tyre per set.<\/strong><\/b> The <b><strong>10x2.75-6.5<\/strong><\/b> \" hybrid tyre is also perfect for enthusiasts who are interested in riding their electric scooter all year round. It is also possible to mount studs on the tyres.<\/p>\n<p>As the small size and air capacity of electric scooter tyres are conducive to the internal tyres rupturing under impact, we recommend checking the tyre pressure every 2 weeks, or before each ride if the electric scooter is ridden less frequently. When inflating the tyres, we strongly recommend the use of <a href=\"http:\/\/www.xn--tuksimaailm-ffb.ee\/tootekategooria\/lisavarustus\/\">pressure gauge pumps<\/a> to ensure the exact tyre pressure recommended by the electric scooter manufacturer. We also recommend thick-patterned tyres for all daily urban riders, as the thickness of the tyre will also significantly help to prevent the possibility of punctures caused by a few splinters or nails. If <a href=\"https:\/\/et.wikipedia.org\/wiki\/Rehv\">changing <\/a>or repairing a <a href=\"https:\/\/et.wikipedia.org\/wiki\/Rehv\">tyre <\/a>on your electric scooter is too much for you or you don't have the means to do it, our specialist electric scooter <a href=\"http:\/\/www.xn--tuksimaailm-ffb.ee\/elektrilise-toukeratta-remont\/\">workshop<\/a> can help. We can also carry out inner tyre replacements on standby. You can read more about electric scooter tyre replacement in our <a href=\"http:\/\/www.xn--tuksimaailm-ffb.ee\/elektritoukeratta-rehvivahetus\/\">blog post<\/a><a href=\"https:\/\/et.wikipedia.org\/wiki\/Rehv\">.<\/a><\/p>\n","protected":false},"excerpt":{"rendered":"<p>Hybrid tyre 10x2.75-6.5 \" (also external tyre, casing, off-road, flat, winter tyre) for difficult roads. Suitable for mounting in place of 11 \" external tyres. One (1) tyre per set. The 10x2.75-6.5 \" hybrid tyre is also perfect for enthusiasts who are interested in riding their electric scooter all year &hellip;<\/p>\n","protected":false},"featured_media":71117,"template":"","meta":[],"product_brand":[],"product_cat":[726],"product_tag":[],"filter_elektritoukeratas":[],"class_list":{"0":"post-60681","1":"product","2":"type-product","3":"status-publish","4":"has-post-thumbnail","6":"product_cat-spare-parts","7":"pa_mudel-vsett-11-en","8":"pa_mudel-vsett-11-super-en","9":"pa_tootetuup-tyres","11":"first","12":"instock","13":"taxable","14":"shipping-taxable","15":"purchasable","16":"product-type-simple"},"yoast_head":"<!-- This site is optimized with the Yoast SEO Premium plugin v26.8 (Yoast SEO v27.5) - https:\/\/yoast.com\/product\/yoast-seo-premium-wordpress\/ -->\n<title>Hybrid tubeless tyre 10x2.75-6.5&quot; &#8212; T\u00f5uksimaailm<\/title>\n<meta name=\"description\" content=\"Hybrid tyre 10x2.75-6.5&quot; outer tyre, wrapped. Suitable for 11&quot; tyres. High and strong patterned hybrid tyre for all-season use.\" \/>\n<meta name=\"robots\" content=\"index, follow, max-snippet:-1, max-image-preview:large, max-video-preview:-1\" \/>\n<link rel=\"canonical\" href=\"https:\/\/www.xn--tuksimaailm-ffb.ee\/en\/product\/hybrid-tubeless-tyre-10x2-75-6-5\/\" \/>\n<meta property=\"og:locale\" content=\"en_US\" \/>\n<meta property=\"og:type\" content=\"article\" \/>\n<meta property=\"og:title\" content=\"Hybrid tubeless tyre 10x2.75-6.5&quot;\" \/>\n<meta property=\"og:description\" content=\"Hybrid tyre 10x2.75-6.5&quot; outer tyre, wrapped. Suitable for 11&quot; tyres. High and strong patterned hybrid tyre for all-season use.\" \/>\n<meta property=\"og:url\" content=\"https:\/\/www.xn--tuksimaailm-ffb.ee\/en\/product\/hybrid-tubeless-tyre-10x2-75-6-5\/\" \/>\n<meta property=\"og:site_name\" content=\"T\u00f5uksimaailm\" \/>\n<meta property=\"article:publisher\" content=\"https:\/\/www.facebook.com\/touksimaailm\/\" \/>\n<meta property=\"og:image\" content=\"https:\/\/www.xn--tuksimaailm-ffb.ee\/wp-content\/uploads\/2022\/07\/IMG_1952-scaled.jpg\" \/>\n\t<meta property=\"og:image:width\" content=\"1920\" \/>\n\t<meta property=\"og:image:height\" content=\"2560\" \/>\n\t<meta property=\"og:image:type\" content=\"image\/jpeg\" \/>\n<meta name=\"twitter:card\" content=\"summary_large_image\" \/>\n<meta name=\"twitter:label1\" content=\"Price\" \/>\n\t<meta name=\"twitter:data1\" content=\"&euro;26.00\" \/>\n\t<meta name=\"twitter:label2\" content=\"Availability\" \/>\n\t<meta name=\"twitter:data2\" content=\"In stock\" \/>\n<meta property=\"product:price:amount\" content=\"26.00\" \/>\n<meta property=\"product:price:currency\" content=\"EUR\" \/>\n<meta property=\"og:availability\" content=\"instock\" \/>\n<meta property=\"product:availability\" content=\"instock\" \/>\n<meta property=\"product:condition\" content=\"new\" \/>\n<!-- \/ Yoast SEO Premium plugin. -->","yoast_head_json":{"title":"Hybrid tubeless tyre 10x2.75-6.5\" &#8212; T\u00f5uksimaailm","description":"Hybrid tyre 10x2.75-6.5\" outer tyre, wrapped. Suitable for 11\" tyres. High and strong patterned hybrid tyre for all-season use.","robots":{"index":"index","follow":"follow","max-snippet":"max-snippet:-1","max-image-preview":"max-image-preview:large","max-video-preview":"max-video-preview:-1"},"canonical":"https:\/\/www.xn--tuksimaailm-ffb.ee\/en\/product\/hybrid-tubeless-tyre-10x2-75-6-5\/","og_locale":"en_US","og_type":"article","og_title":"Hybrid tubeless tyre 10x2.75-6.5\"","og_description":"Hybrid tyre 10x2.75-6.5\" outer tyre, wrapped. Suitable for 11\" tyres. High and strong patterned hybrid tyre for all-season use.","og_url":"https:\/\/www.xn--tuksimaailm-ffb.ee\/en\/product\/hybrid-tubeless-tyre-10x2-75-6-5\/","og_site_name":"T\u00f5uksimaailm","article_publisher":"https:\/\/www.facebook.com\/touksimaailm\/","og_image":[{"width":1920,"height":2560,"url":"https:\/\/www.xn--tuksimaailm-ffb.ee\/wp-content\/uploads\/2022\/07\/IMG_1952-scaled.jpg","type":"image\/jpeg"}],"twitter_card":"summary_large_image","twitter_misc":{"Price":"&euro;26.00","Availability":"In stock"},"schema":{"@context":"https:\/\/schema.org","@graph":[{"@type":"WebPage","@id":"https:\/\/www.xn--tuksimaailm-ffb.ee\/en\/product\/hybrid-tubeless-tyre-10x2-75-6-5\/","url":"https:\/\/www.xn--tuksimaailm-ffb.ee\/en\/product\/hybrid-tubeless-tyre-10x2-75-6-5\/","name":"Hybrid tubeless tyre 10x2.75-6.5\" &#8212; T\u00f5uksimaailm","isPartOf":{"@id":"https:\/\/www.xn--tuksimaailm-ffb.ee\/en\/#website"},"primaryImageOfPage":{"@id":"https:\/\/www.xn--tuksimaailm-ffb.ee\/en\/product\/hybrid-tubeless-tyre-10x2-75-6-5\/#primaryimage"},"image":{"@id":"https:\/\/www.xn--tuksimaailm-ffb.ee\/en\/product\/hybrid-tubeless-tyre-10x2-75-6-5\/#primaryimage"},"thumbnailUrl":"https:\/\/www.xn--tuksimaailm-ffb.ee\/wp-content\/uploads\/2022\/07\/Screenshot-2025-11-25-023134.webp","datePublished":"2022-07-05T08:54:38+00:00","description":"Hybrid tyre 10x2.75-6.5\" outer tyre, wrapped. Suitable for 11\" tyres. High and strong patterned hybrid tyre for all-season use.","breadcrumb":{"@id":"https:\/\/www.xn--tuksimaailm-ffb.ee\/en\/product\/hybrid-tubeless-tyre-10x2-75-6-5\/#breadcrumb"},"inLanguage":"en-US","potentialAction":[{"@type":"ReadAction","target":["https:\/\/www.xn--tuksimaailm-ffb.ee\/en\/product\/hybrid-tubeless-tyre-10x2-75-6-5\/"]}]},{"@type":"ImageObject","inLanguage":"en-US","@id":"https:\/\/www.xn--tuksimaailm-ffb.ee\/en\/product\/hybrid-tubeless-tyre-10x2-75-6-5\/#primaryimage","url":"https:\/\/www.xn--tuksimaailm-ffb.ee\/wp-content\/uploads\/2022\/07\/Screenshot-2025-11-25-023134.webp","contentUrl":"https:\/\/www.xn--tuksimaailm-ffb.ee\/wp-content\/uploads\/2022\/07\/Screenshot-2025-11-25-023134.webp","width":1065,"height":939,"caption":"H\u00fcbriidrehv tubeless 10x2.75-6.5\""},{"@type":"BreadcrumbList","@id":"https:\/\/www.xn--tuksimaailm-ffb.ee\/en\/product\/hybrid-tubeless-tyre-10x2-75-6-5\/#breadcrumb","itemListElement":[{"@type":"ListItem","position":1,"name":"Home","item":"https:\/\/www.xn--tuksimaailm-ffb.ee\/en\/main-page\/"},{"@type":"ListItem","position":2,"name":"Shop","item":"https:\/\/www.xn--tuksimaailm-ffb.ee\/elektritoukerataste-pood\/"},{"@type":"ListItem","position":3,"name":"Hybrid tubeless tyre 10x2.75-6.5\""}]},{"@type":"WebSite","@id":"https:\/\/www.xn--tuksimaailm-ffb.ee\/en\/#website","url":"https:\/\/www.xn--tuksimaailm-ffb.ee\/en\/","name":"T\u00f5uksimaailm","description":"Elektrit\u00f5ukerataste m\u00fc\u00fck, remont ja rent","publisher":{"@id":"https:\/\/www.xn--tuksimaailm-ffb.ee\/en\/#organization"},"potentialAction":[{"@type":"SearchAction","target":{"@type":"EntryPoint","urlTemplate":"https:\/\/www.xn--tuksimaailm-ffb.ee\/en\/?s={search_term_string}"},"query-input":{"@type":"PropertyValueSpecification","valueRequired":true,"valueName":"search_term_string"}}],"inLanguage":"en-US"},{"@type":"Organization","@id":"https:\/\/www.xn--tuksimaailm-ffb.ee\/en\/#organization","name":"T\u00f5uksimaailm","url":"https:\/\/www.xn--tuksimaailm-ffb.ee\/en\/","logo":{"@type":"ImageObject","inLanguage":"en-US","@id":"https:\/\/www.xn--tuksimaailm-ffb.ee\/en\/#\/schema\/logo\/image\/","url":"https:\/\/www.xn--tuksimaailm-ffb.ee\/wp-content\/uploads\/2020\/01\/logoz-e1579792875517.png","contentUrl":"https:\/\/www.xn--tuksimaailm-ffb.ee\/wp-content\/uploads\/2020\/01\/logoz-e1579792875517.png","width":250,"height":250,"caption":"T\u00f5uksimaailm"},"image":{"@id":"https:\/\/www.xn--tuksimaailm-ffb.ee\/en\/#\/schema\/logo\/image\/"},"sameAs":["https:\/\/www.facebook.com\/touksimaailm\/","https:\/\/www.instagram.com\/touksimaailm_\/","https:\/\/www.youtube.com\/channel\/UC18ml0EKIDLP1xGuQjFzcXQ"]}]},"product_price_amount":"26.00","product_price_currency":"EUR","og_availability":"instock","product_availability":"instock","product_condition":"new"},"jetpack_sharing_enabled":true,"_links":{"self":[{"href":"https:\/\/www.xn--tuksimaailm-ffb.ee\/en\/wp-json\/wp\/v2\/product\/60681","targetHints":{"allow":["GET"]}}],"collection":[{"href":"https:\/\/www.xn--tuksimaailm-ffb.ee\/en\/wp-json\/wp\/v2\/product"}],"about":[{"href":"https:\/\/www.xn--tuksimaailm-ffb.ee\/en\/wp-json\/wp\/v2\/types\/product"}],"wp:featuredmedia":[{"embeddable":true,"href":"https:\/\/www.xn--tuksimaailm-ffb.ee\/en\/wp-json\/wp\/v2\/media\/71117"}],"wp:attachment":[{"href":"https:\/\/www.xn--tuksimaailm-ffb.ee\/en\/wp-json\/wp\/v2\/media?parent=60681"}],"wp:term":[{"taxonomy":"product_brand","embeddable":true,"href":"https:\/\/www.xn--tuksimaailm-ffb.ee\/en\/wp-json\/wp\/v2\/product_brand?post=60681"},{"taxonomy":"product_cat","embeddable":true,"href":"https:\/\/www.xn--tuksimaailm-ffb.ee\/en\/wp-json\/wp\/v2\/product_cat?post=60681"},{"taxonomy":"product_tag","embeddable":true,"href":"https:\/\/www.xn--tuksimaailm-ffb.ee\/en\/wp-json\/wp\/v2\/product_tag?post=60681"},{"taxonomy":"filter_elektritoukeratas","embeddable":true,"href":"https:\/\/www.xn--tuksimaailm-ffb.ee\/en\/wp-json\/wp\/v2\/filter_elektritoukeratas?post=60681"}],"curies":[{"name":"wp","href":"https:\/\/api.w.org\/{rel}","templated":true}]}}