{"id":60691,"date":"2022-08-01T15:56:37","date_gmt":"2022-08-01T12:56:37","guid":{"rendered":"http:\/\/www.xn--tuksimaailm-ffb.ee\/shop\/apollo-electric-scooter-extra-guarantee-1-year\/"},"modified":"2022-08-01T15:56:37","modified_gmt":"2022-08-01T13:56:37","slug":"apollo-electric-scooter-extra-guarantee-1-year","status":"publish","type":"product","link":"https:\/\/www.xn--tuksimaailm-ffb.ee\/en\/product\/apollo-electric-scooter-extra-guarantee-1-year\/","title":{"rendered":"Apollo electric scooter extra guarantee - 1 year"},"content":{"rendered":"<p>Additional Apollo electric scooter warranty - 1 year. The product is intended for purchase with <a href=\"http:\/\/www.xn--tuksimaailm-ffb.ee\/tootekategooria\/elektritoukeratas\/\"><b>a new electric scooter<\/b><\/a>. To purchase the additional warranty, select the model name from the drop-down menu above and add the product with the scooter to your shopping cart. When purchased with a new electric scooter, the electric scooter comes with an additional 1 year warranty. This is in addition to the existing 2-year (private customer) or 1-year (business customer\/company) post-purchase warranty.<\/p>\n","protected":false},"excerpt":{"rendered":"<p>To purchase an additional warranty, select the model name from the drop-down menu below and add the product with the scooter to your shopping cart.<\/p>\n","protected":false},"featured_media":63851,"template":"","meta":[],"product_brand":[],"product_cat":[750],"product_tag":[],"filter_elektritoukeratas":[],"class_list":{"0":"post-60691","1":"product","2":"type-product","3":"status-publish","4":"has-post-thumbnail","6":"product_cat-services","7":"pa_tootja-apollo-air-en","8":"pa_tootja-apollo-city-en","9":"pa_tootja-apollo-city-pro-en","10":"pa_tootja-apollo-phantom-52v-hudrauliline-ketaspidurisusteem-en","11":"pa_tootja-apollo-phantom-52v-mehaaniline-ketaspidurisusteem-en","12":"pa_tootja-apollo-phantom-60v-en","14":"first","15":"instock","16":"taxable","17":"shipping-taxable","18":"purchasable","19":"product-type-variable"},"yoast_head":"<!-- This site is optimized with the Yoast SEO Premium plugin v26.8 (Yoast SEO v27.3) - https:\/\/yoast.com\/product\/yoast-seo-premium-wordpress\/ -->\n<title>Apollo electric scooter extra guarantee - 1 year &#8212; T\u00f5uksimaailm<\/title>\n<meta name=\"description\" content=\"Apollo electric scooter extra warranty, City, City Pro, Phantom V2 and Air electric scooter\" \/>\n<meta name=\"robots\" content=\"index, follow, max-snippet:-1, max-image-preview:large, max-video-preview:-1\" \/>\n<link rel=\"canonical\" href=\"https:\/\/www.xn--tuksimaailm-ffb.ee\/en\/product\/apollo-electric-scooter-extra-guarantee-1-year\/\" \/>\n<meta property=\"og:locale\" content=\"en_US\" \/>\n<meta property=\"og:type\" content=\"article\" \/>\n<meta property=\"og:title\" content=\"Apollo electric scooter extra guarantee - 1 year\" \/>\n<meta property=\"og:description\" content=\"Apollo electric scooter extra warranty, City, City Pro, Phantom V2 and Air electric scooter\" \/>\n<meta property=\"og:url\" content=\"https:\/\/www.xn--tuksimaailm-ffb.ee\/en\/product\/apollo-electric-scooter-extra-guarantee-1-year\/\" \/>\n<meta property=\"og:site_name\" content=\"T\u00f5uksimaailm\" \/>\n<meta property=\"article:publisher\" content=\"https:\/\/www.facebook.com\/touksimaailm\/\" \/>\n<meta property=\"article:modified_time\" content=\"2022-08-01T13:56:37+00:00\" \/>\n<meta property=\"og:image\" content=\"https:\/\/www.xn--tuksimaailm-ffb.ee\/wp-content\/uploads\/2022\/02\/Type-1_Version-1_Black-1.png\" \/>\n\t<meta property=\"og:image:width\" content=\"1835\" \/>\n\t<meta property=\"og:image:height\" content=\"1195\" \/>\n\t<meta property=\"og:image:type\" content=\"image\/png\" \/>\n<meta name=\"twitter:card\" content=\"summary_large_image\" \/>\n<meta name=\"twitter:label1\" content=\"Availability\" \/>\n\t<meta name=\"twitter:data1\" content=\"In stock\" \/>\n<meta property=\"og:availability\" content=\"instock\" \/>\n<meta property=\"product:availability\" content=\"instock\" \/>\n<meta property=\"product:condition\" content=\"new\" \/>\n<!-- \/ Yoast SEO Premium plugin. -->","yoast_head_json":{"title":"Apollo electric scooter extra guarantee - 1 year &#8212; T\u00f5uksimaailm","description":"Apollo electric scooter extra warranty, City, City Pro, Phantom V2 and Air electric scooter","robots":{"index":"index","follow":"follow","max-snippet":"max-snippet:-1","max-image-preview":"max-image-preview:large","max-video-preview":"max-video-preview:-1"},"canonical":"https:\/\/www.xn--tuksimaailm-ffb.ee\/en\/product\/apollo-electric-scooter-extra-guarantee-1-year\/","og_locale":"en_US","og_type":"article","og_title":"Apollo electric scooter extra guarantee - 1 year","og_description":"Apollo electric scooter extra warranty, City, City Pro, Phantom V2 and Air electric scooter","og_url":"https:\/\/www.xn--tuksimaailm-ffb.ee\/en\/product\/apollo-electric-scooter-extra-guarantee-1-year\/","og_site_name":"T\u00f5uksimaailm","article_publisher":"https:\/\/www.facebook.com\/touksimaailm\/","article_modified_time":"2022-08-01T13:56:37+00:00","og_image":[{"width":1835,"height":1195,"url":"https:\/\/www.xn--tuksimaailm-ffb.ee\/wp-content\/uploads\/2022\/02\/Type-1_Version-1_Black-1.png","type":"image\/png"}],"twitter_card":"summary_large_image","twitter_misc":{"Availability":"In stock"},"schema":{"@context":"https:\/\/schema.org","@graph":[{"@type":"WebPage","@id":"https:\/\/www.xn--tuksimaailm-ffb.ee\/en\/product\/apollo-electric-scooter-extra-guarantee-1-year\/","url":"https:\/\/www.xn--tuksimaailm-ffb.ee\/en\/product\/apollo-electric-scooter-extra-guarantee-1-year\/","name":"Apollo electric scooter extra guarantee - 1 year &#8212; T\u00f5uksimaailm","isPartOf":{"@id":"https:\/\/www.xn--tuksimaailm-ffb.ee\/en\/#website"},"primaryImageOfPage":{"@id":"https:\/\/www.xn--tuksimaailm-ffb.ee\/en\/product\/apollo-electric-scooter-extra-guarantee-1-year\/#primaryimage"},"image":{"@id":"https:\/\/www.xn--tuksimaailm-ffb.ee\/en\/product\/apollo-electric-scooter-extra-guarantee-1-year\/#primaryimage"},"thumbnailUrl":"https:\/\/www.xn--tuksimaailm-ffb.ee\/wp-content\/uploads\/2022\/02\/Touksimaailm_logo_uus_12.png","datePublished":"2022-08-01T12:56:37+00:00","dateModified":"2022-08-01T13:56:37+00:00","description":"Apollo electric scooter extra warranty, City, City Pro, Phantom V2 and Air electric scooter","breadcrumb":{"@id":"https:\/\/www.xn--tuksimaailm-ffb.ee\/en\/product\/apollo-electric-scooter-extra-guarantee-1-year\/#breadcrumb"},"inLanguage":"en-US","potentialAction":[{"@type":"ReadAction","target":["https:\/\/www.xn--tuksimaailm-ffb.ee\/en\/product\/apollo-electric-scooter-extra-guarantee-1-year\/"]}]},{"@type":"ImageObject","inLanguage":"en-US","@id":"https:\/\/www.xn--tuksimaailm-ffb.ee\/en\/product\/apollo-electric-scooter-extra-guarantee-1-year\/#primaryimage","url":"https:\/\/www.xn--tuksimaailm-ffb.ee\/wp-content\/uploads\/2022\/02\/Touksimaailm_logo_uus_12.png","contentUrl":"https:\/\/www.xn--tuksimaailm-ffb.ee\/wp-content\/uploads\/2022\/02\/Touksimaailm_logo_uus_12.png","width":2050,"height":2547,"caption":"t\u00f5uksimaailm"},{"@type":"BreadcrumbList","@id":"https:\/\/www.xn--tuksimaailm-ffb.ee\/en\/product\/apollo-electric-scooter-extra-guarantee-1-year\/#breadcrumb","itemListElement":[{"@type":"ListItem","position":1,"name":"Home","item":"https:\/\/www.xn--tuksimaailm-ffb.ee\/en\/main-page\/"},{"@type":"ListItem","position":2,"name":"Shop","item":"https:\/\/www.xn--tuksimaailm-ffb.ee\/elektritoukerataste-pood\/"},{"@type":"ListItem","position":3,"name":"Apollo electric scooter extra guarantee - 1 year"}]},{"@type":"WebSite","@id":"https:\/\/www.xn--tuksimaailm-ffb.ee\/en\/#website","url":"https:\/\/www.xn--tuksimaailm-ffb.ee\/en\/","name":"T\u00f5uksimaailm","description":"Elektrit\u00f5ukerataste m\u00fc\u00fck, remont ja rent","publisher":{"@id":"https:\/\/www.xn--tuksimaailm-ffb.ee\/en\/#organization"},"potentialAction":[{"@type":"SearchAction","target":{"@type":"EntryPoint","urlTemplate":"https:\/\/www.xn--tuksimaailm-ffb.ee\/en\/?s={search_term_string}"},"query-input":{"@type":"PropertyValueSpecification","valueRequired":true,"valueName":"search_term_string"}}],"inLanguage":"en-US"},{"@type":"Organization","@id":"https:\/\/www.xn--tuksimaailm-ffb.ee\/en\/#organization","name":"T\u00f5uksimaailm","url":"https:\/\/www.xn--tuksimaailm-ffb.ee\/en\/","logo":{"@type":"ImageObject","inLanguage":"en-US","@id":"https:\/\/www.xn--tuksimaailm-ffb.ee\/en\/#\/schema\/logo\/image\/","url":"https:\/\/www.xn--tuksimaailm-ffb.ee\/wp-content\/uploads\/2020\/01\/logoz-e1579792875517.png","contentUrl":"https:\/\/www.xn--tuksimaailm-ffb.ee\/wp-content\/uploads\/2020\/01\/logoz-e1579792875517.png","width":250,"height":250,"caption":"T\u00f5uksimaailm"},"image":{"@id":"https:\/\/www.xn--tuksimaailm-ffb.ee\/en\/#\/schema\/logo\/image\/"},"sameAs":["https:\/\/www.facebook.com\/touksimaailm\/","https:\/\/www.instagram.com\/touksimaailm_\/","https:\/\/www.youtube.com\/channel\/UC18ml0EKIDLP1xGuQjFzcXQ"]}]},"og_availability":"instock","product_availability":"instock","product_condition":"new"},"jetpack_sharing_enabled":true,"_links":{"self":[{"href":"https:\/\/www.xn--tuksimaailm-ffb.ee\/en\/wp-json\/wp\/v2\/product\/60691","targetHints":{"allow":["GET"]}}],"collection":[{"href":"https:\/\/www.xn--tuksimaailm-ffb.ee\/en\/wp-json\/wp\/v2\/product"}],"about":[{"href":"https:\/\/www.xn--tuksimaailm-ffb.ee\/en\/wp-json\/wp\/v2\/types\/product"}],"wp:featuredmedia":[{"embeddable":true,"href":"https:\/\/www.xn--tuksimaailm-ffb.ee\/en\/wp-json\/wp\/v2\/media\/63851"}],"wp:attachment":[{"href":"https:\/\/www.xn--tuksimaailm-ffb.ee\/en\/wp-json\/wp\/v2\/media?parent=60691"}],"wp:term":[{"taxonomy":"product_brand","embeddable":true,"href":"https:\/\/www.xn--tuksimaailm-ffb.ee\/en\/wp-json\/wp\/v2\/product_brand?post=60691"},{"taxonomy":"product_cat","embeddable":true,"href":"https:\/\/www.xn--tuksimaailm-ffb.ee\/en\/wp-json\/wp\/v2\/product_cat?post=60691"},{"taxonomy":"product_tag","embeddable":true,"href":"https:\/\/www.xn--tuksimaailm-ffb.ee\/en\/wp-json\/wp\/v2\/product_tag?post=60691"},{"taxonomy":"filter_elektritoukeratas","embeddable":true,"href":"https:\/\/www.xn--tuksimaailm-ffb.ee\/en\/wp-json\/wp\/v2\/filter_elektritoukeratas?post=60691"}],"curies":[{"name":"wp","href":"https:\/\/api.w.org\/{rel}","templated":true}]}}