{"id":60698,"date":"2022-09-10T10:57:06","date_gmt":"2022-09-10T10:57:06","guid":{"rendered":"http:\/\/www.xn--tuksimaailm-ffb.ee\/shop\/road-tyre-10-pmt-10x3-b-stradale-tubeless\/"},"modified":"2022-09-10T10:57:06","modified_gmt":"2022-09-10T08:57:06","slug":"road-tyre-10-pmt-10x3-b-stradale-tubeless","status":"publish","type":"product","link":"https:\/\/www.xn--tuksimaailm-ffb.ee\/en\/product\/road-tyre-10-pmt-10x3-b-stradale-tubeless\/","title":{"rendered":"Road tyre 10\" PMT 10x3\" B Stradale tubeless"},"content":{"rendered":"<p>Road tyre 10\" PMT 10x3\" B Stradale tubeless (also external tyre, outer tyre, casing, vacuum tyre). Extra high quality PMT branded tyre for stable driving at high speeds. Suitable for electric scooters <a href=\"http:\/\/www.xn--tuksimaailm-ffb.ee\/shop\/apollo-city-elektritoukeratas\/\"><b><strong>Apollo City<\/strong><\/b><\/a>, electric scooter <a href=\"http:\/\/www.xn--tuksimaailm-ffb.ee\/shop\/inokim-ox-hero-elektritoukeratas\/\"><b><strong>Inokim OX<\/strong><\/b><\/a>, <a href=\"http:\/\/www.xn--tuksimaailm-ffb.ee\/shop\/elektriline-toukeratas-inokim-oxo\/\"><b><strong>Inokim OXO<\/strong><\/b><\/a><b><strong>.<\/strong><\/b> <b><strong>NB:<\/strong><\/b> Road tyre 10\" PMT 10x3\" B Stradale is only suitable for electric scooters with tyres without inner tube (e.g.<a href=\"http:\/\/www.xn--tuksimaailm-ffb.ee\/shop\/dualtron-victor-elektritoukeratas\/\"><b><strong> Dualtron Victor<\/strong><\/b><\/a> electric scooter). The tubeless tyre that is normally used on wheels with inner tubes will not stay on well enough to be used without an inner tube. If your electric scooter needs a repair, or if it is too much for you to replace the <a href=\"https:\/\/www.youtube.com\/watch?v=9c5oaCgBtVA\">wheel<\/a>yourself, our specialist electric scooter <a href=\"http:\/\/www.xn--tuksimaailm-ffb.ee\/elektrilise-toukeratta-remont\/\">workshop<\/a> can help. We can also carry out tyre replacements on standby. You can read more about electric scooter tyre replacement in our <a href=\"http:\/\/www.xn--tuksimaailm-ffb.ee\/elektritoukeratta-rehvivahetus\/\">blog post<\/a>.<\/p>\n","protected":false},"excerpt":{"rendered":"<p>Road tyre 10\" PMT 10x3\" B Stradale tubeless (also external tyre, outer tyre, casing, vacuum tyre). Extra high quality PMT branded tyre for stable driving at high speeds. Suitable for electric scooters Apollo City, electric scooter Inokim OX, Inokim OXO. NB: Road tyre 10\" PMT 10x3\" B Stradale is only &hellip;<\/p>\n","protected":false},"featured_media":19806,"template":"","meta":[],"product_brand":[],"product_cat":[726],"product_tag":[3208],"filter_elektritoukeratas":[2732,2610,2705,2706,2714,2715,2726,2724,2672,2670,2668,2740,2755,2646,2750],"class_list":{"0":"post-60698","1":"product","2":"type-product","3":"status-publish","4":"has-post-thumbnail","6":"product_cat-spare-parts","7":"product_tag-tyres","8":"pa_tootetuup-tyres","9":"filter_elektritoukeratas-ft_dualtron_spider","10":"filter_elektritoukeratas-ft_dualtron_victor","11":"filter_elektritoukeratas-ft_gpad_foxen","12":"filter_elektritoukeratas-ft_gpad_storm","13":"filter_elektritoukeratas-ft_inokim_ox_eco_hero_super","14":"filter_elektritoukeratas-ft_inokim_oxo","15":"filter_elektritoukeratas-ft_kaabo_mantis_10","16":"filter_elektritoukeratas-ft_kaabo_skywalker","17":"filter_elektritoukeratas-ft_kugoo_g2_master","18":"filter_elektritoukeratas-ft_kugoo_g2_max","19":"filter_elektritoukeratas-ft_kugoo_m4_m4_pro","20":"filter_elektritoukeratas-ft_nanrobot_d4_plus","21":"filter_elektritoukeratas-ft_techlife_x7_x7_lite_x7s","22":"filter_elektritoukeratas-ft_vsett_10_plus","23":"filter_elektritoukeratas-ft_zero_10x","25":"first","26":"instock","27":"taxable","28":"shipping-taxable","29":"purchasable","30":"product-type-simple"},"yoast_head":"<!-- This site is optimized with the Yoast SEO Premium plugin v26.8 (Yoast SEO v27.5) - https:\/\/yoast.com\/product\/yoast-seo-premium-wordpress\/ -->\n<title>Road tyre 10&quot; PMT 10x3&quot; B Stradale tubeless &#8212; T\u00f5uksimaailm<\/title>\n<meta name=\"description\" content=\"Road tyre 10&quot; PMT 10x3&quot; B Stradale tubeless. Suitable for electric scooters Inokim OX\/OXO, Dualtron Victor, Apollo City\/PRO.\" \/>\n<meta name=\"robots\" content=\"index, follow, max-snippet:-1, max-image-preview:large, max-video-preview:-1\" \/>\n<link rel=\"canonical\" href=\"https:\/\/www.xn--tuksimaailm-ffb.ee\/en\/product\/road-tyre-10-pmt-10x3-b-stradale-tubeless\/\" \/>\n<meta property=\"og:locale\" content=\"en_US\" \/>\n<meta property=\"og:type\" content=\"article\" \/>\n<meta property=\"og:title\" content=\"Road tyre 10&quot; PMT 10x3&quot; B Stradale tubeless\" \/>\n<meta property=\"og:description\" content=\"Road tyre 10&quot; PMT 10x3&quot; B Stradale tubeless. Suitable for electric scooters Inokim OX\/OXO, Dualtron Victor, Apollo City\/PRO.\" \/>\n<meta property=\"og:url\" content=\"https:\/\/www.xn--tuksimaailm-ffb.ee\/en\/product\/road-tyre-10-pmt-10x3-b-stradale-tubeless\/\" \/>\n<meta property=\"og:site_name\" content=\"T\u00f5uksimaailm\" \/>\n<meta property=\"article:publisher\" content=\"https:\/\/www.facebook.com\/touksimaailm\/\" \/>\n<meta property=\"og:image\" content=\"https:\/\/www.xn--tuksimaailm-ffb.ee\/wp-content\/uploads\/2022\/09\/10Px3-R6.0-600x600_600x600.webp\" \/>\n\t<meta property=\"og:image:width\" content=\"600\" \/>\n\t<meta property=\"og:image:height\" content=\"600\" \/>\n\t<meta property=\"og:image:type\" content=\"image\/webp\" \/>\n<meta name=\"twitter:card\" content=\"summary_large_image\" \/>\n<meta name=\"twitter:label1\" content=\"Price\" \/>\n\t<meta name=\"twitter:data1\" content=\"&euro;89.50\" \/>\n\t<meta name=\"twitter:label2\" content=\"Availability\" \/>\n\t<meta name=\"twitter:data2\" content=\"In stock\" \/>\n<meta property=\"product:price:amount\" content=\"89.50\" \/>\n<meta property=\"product:price:currency\" content=\"EUR\" \/>\n<meta property=\"og:availability\" content=\"instock\" \/>\n<meta property=\"product:availability\" content=\"instock\" \/>\n<meta property=\"product:condition\" content=\"new\" \/>\n<!-- \/ Yoast SEO Premium plugin. -->","yoast_head_json":{"title":"Road tyre 10\" PMT 10x3\" B Stradale tubeless &#8212; T\u00f5uksimaailm","description":"Road tyre 10\" PMT 10x3\" B Stradale tubeless. Suitable for electric scooters Inokim OX\/OXO, Dualtron Victor, Apollo City\/PRO.","robots":{"index":"index","follow":"follow","max-snippet":"max-snippet:-1","max-image-preview":"max-image-preview:large","max-video-preview":"max-video-preview:-1"},"canonical":"https:\/\/www.xn--tuksimaailm-ffb.ee\/en\/product\/road-tyre-10-pmt-10x3-b-stradale-tubeless\/","og_locale":"en_US","og_type":"article","og_title":"Road tyre 10\" PMT 10x3\" B Stradale tubeless","og_description":"Road tyre 10\" PMT 10x3\" B Stradale tubeless. Suitable for electric scooters Inokim OX\/OXO, Dualtron Victor, Apollo City\/PRO.","og_url":"https:\/\/www.xn--tuksimaailm-ffb.ee\/en\/product\/road-tyre-10-pmt-10x3-b-stradale-tubeless\/","og_site_name":"T\u00f5uksimaailm","article_publisher":"https:\/\/www.facebook.com\/touksimaailm\/","og_image":[{"width":600,"height":600,"url":"https:\/\/www.xn--tuksimaailm-ffb.ee\/wp-content\/uploads\/2022\/09\/10Px3-R6.0-600x600_600x600.webp","type":"image\/webp"}],"twitter_card":"summary_large_image","twitter_misc":{"Price":"&euro;89.50","Availability":"In stock"},"schema":{"@context":"https:\/\/schema.org","@graph":[{"@type":"WebPage","@id":"https:\/\/www.xn--tuksimaailm-ffb.ee\/en\/product\/road-tyre-10-pmt-10x3-b-stradale-tubeless\/","url":"https:\/\/www.xn--tuksimaailm-ffb.ee\/en\/product\/road-tyre-10-pmt-10x3-b-stradale-tubeless\/","name":"Road tyre 10\" PMT 10x3\" B Stradale tubeless &#8212; T\u00f5uksimaailm","isPartOf":{"@id":"https:\/\/www.xn--tuksimaailm-ffb.ee\/en\/#website"},"primaryImageOfPage":{"@id":"https:\/\/www.xn--tuksimaailm-ffb.ee\/en\/product\/road-tyre-10-pmt-10x3-b-stradale-tubeless\/#primaryimage"},"image":{"@id":"https:\/\/www.xn--tuksimaailm-ffb.ee\/en\/product\/road-tyre-10-pmt-10x3-b-stradale-tubeless\/#primaryimage"},"thumbnailUrl":"https:\/\/www.xn--tuksimaailm-ffb.ee\/wp-content\/uploads\/2022\/09\/10Px3-R6.0-600x600_600x600.webp","datePublished":"2022-09-10T10:57:06+00:00","description":"Road tyre 10\" PMT 10x3\" B Stradale tubeless. Suitable for electric scooters Inokim OX\/OXO, Dualtron Victor, Apollo City\/PRO.","breadcrumb":{"@id":"https:\/\/www.xn--tuksimaailm-ffb.ee\/en\/product\/road-tyre-10-pmt-10x3-b-stradale-tubeless\/#breadcrumb"},"inLanguage":"en-US","potentialAction":[{"@type":"ReadAction","target":["https:\/\/www.xn--tuksimaailm-ffb.ee\/en\/product\/road-tyre-10-pmt-10x3-b-stradale-tubeless\/"]}]},{"@type":"ImageObject","inLanguage":"en-US","@id":"https:\/\/www.xn--tuksimaailm-ffb.ee\/en\/product\/road-tyre-10-pmt-10x3-b-stradale-tubeless\/#primaryimage","url":"https:\/\/www.xn--tuksimaailm-ffb.ee\/wp-content\/uploads\/2022\/09\/10Px3-R6.0-600x600_600x600.webp","contentUrl":"https:\/\/www.xn--tuksimaailm-ffb.ee\/wp-content\/uploads\/2022\/09\/10Px3-R6.0-600x600_600x600.webp","width":600,"height":600,"caption":"Road tyre 10\" PMT 10x3\" B Stradale tubeless"},{"@type":"BreadcrumbList","@id":"https:\/\/www.xn--tuksimaailm-ffb.ee\/en\/product\/road-tyre-10-pmt-10x3-b-stradale-tubeless\/#breadcrumb","itemListElement":[{"@type":"ListItem","position":1,"name":"Home","item":"https:\/\/www.xn--tuksimaailm-ffb.ee\/en\/main-page\/"},{"@type":"ListItem","position":2,"name":"Shop","item":"https:\/\/www.xn--tuksimaailm-ffb.ee\/elektritoukerataste-pood\/"},{"@type":"ListItem","position":3,"name":"Road tyre 10\" PMT 10x3\" B Stradale tubeless"}]},{"@type":"WebSite","@id":"https:\/\/www.xn--tuksimaailm-ffb.ee\/en\/#website","url":"https:\/\/www.xn--tuksimaailm-ffb.ee\/en\/","name":"T\u00f5uksimaailm","description":"Elektrit\u00f5ukerataste m\u00fc\u00fck, remont ja rent","publisher":{"@id":"https:\/\/www.xn--tuksimaailm-ffb.ee\/en\/#organization"},"potentialAction":[{"@type":"SearchAction","target":{"@type":"EntryPoint","urlTemplate":"https:\/\/www.xn--tuksimaailm-ffb.ee\/en\/?s={search_term_string}"},"query-input":{"@type":"PropertyValueSpecification","valueRequired":true,"valueName":"search_term_string"}}],"inLanguage":"en-US"},{"@type":"Organization","@id":"https:\/\/www.xn--tuksimaailm-ffb.ee\/en\/#organization","name":"T\u00f5uksimaailm","url":"https:\/\/www.xn--tuksimaailm-ffb.ee\/en\/","logo":{"@type":"ImageObject","inLanguage":"en-US","@id":"https:\/\/www.xn--tuksimaailm-ffb.ee\/en\/#\/schema\/logo\/image\/","url":"https:\/\/www.xn--tuksimaailm-ffb.ee\/wp-content\/uploads\/2020\/01\/logoz-e1579792875517.png","contentUrl":"https:\/\/www.xn--tuksimaailm-ffb.ee\/wp-content\/uploads\/2020\/01\/logoz-e1579792875517.png","width":250,"height":250,"caption":"T\u00f5uksimaailm"},"image":{"@id":"https:\/\/www.xn--tuksimaailm-ffb.ee\/en\/#\/schema\/logo\/image\/"},"sameAs":["https:\/\/www.facebook.com\/touksimaailm\/","https:\/\/www.instagram.com\/touksimaailm_\/","https:\/\/www.youtube.com\/channel\/UC18ml0EKIDLP1xGuQjFzcXQ"]}]},"product_price_amount":"89.50","product_price_currency":"EUR","og_availability":"instock","product_availability":"instock","product_condition":"new"},"jetpack_sharing_enabled":true,"_links":{"self":[{"href":"https:\/\/www.xn--tuksimaailm-ffb.ee\/en\/wp-json\/wp\/v2\/product\/60698","targetHints":{"allow":["GET"]}}],"collection":[{"href":"https:\/\/www.xn--tuksimaailm-ffb.ee\/en\/wp-json\/wp\/v2\/product"}],"about":[{"href":"https:\/\/www.xn--tuksimaailm-ffb.ee\/en\/wp-json\/wp\/v2\/types\/product"}],"wp:featuredmedia":[{"embeddable":true,"href":"https:\/\/www.xn--tuksimaailm-ffb.ee\/en\/wp-json\/wp\/v2\/media\/19806"}],"wp:attachment":[{"href":"https:\/\/www.xn--tuksimaailm-ffb.ee\/en\/wp-json\/wp\/v2\/media?parent=60698"}],"wp:term":[{"taxonomy":"product_brand","embeddable":true,"href":"https:\/\/www.xn--tuksimaailm-ffb.ee\/en\/wp-json\/wp\/v2\/product_brand?post=60698"},{"taxonomy":"product_cat","embeddable":true,"href":"https:\/\/www.xn--tuksimaailm-ffb.ee\/en\/wp-json\/wp\/v2\/product_cat?post=60698"},{"taxonomy":"product_tag","embeddable":true,"href":"https:\/\/www.xn--tuksimaailm-ffb.ee\/en\/wp-json\/wp\/v2\/product_tag?post=60698"},{"taxonomy":"filter_elektritoukeratas","embeddable":true,"href":"https:\/\/www.xn--tuksimaailm-ffb.ee\/en\/wp-json\/wp\/v2\/filter_elektritoukeratas?post=60698"}],"curies":[{"name":"wp","href":"https:\/\/api.w.org\/{rel}","templated":true}]}}