{"id":60699,"date":"2022-10-12T09:55:55","date_gmt":"2022-10-12T06:55:55","guid":{"rendered":"http:\/\/www.xn--tuksimaailm-ffb.ee\/shop\/inokim-light-inner-tube-8-5x2-00-5-5-45-degrees-front\/"},"modified":"2022-10-12T09:55:55","modified_gmt":"2022-10-12T07:55:55","slug":"inokim-light-inner-tube-8-5x2-00-5-5-45-degrees-front","status":"publish","type":"product","link":"https:\/\/www.xn--tuksimaailm-ffb.ee\/en\/product\/inokim-light-inner-tube-8-5x2-00-5-5-45-degrees-front\/","title":{"rendered":"Inokim Light inner tube 8.5x2.00-5.5 45 degrees front"},"content":{"rendered":"<p>Inokim Light inner tube<b><strong> 8.5x2.00-5.5<\/strong><\/b> (also inner tyre, inner tube, pneumatic), high quality <b><strong>CST<\/strong><\/b> brand tyre. Valve angle <b><strong>45 degrees<\/strong><\/b>. The inner tube is suitable for the <a href=\"https:\/\/www.veltekspert.ee\/elektritoukerattad-elektritoukeratas-inokim-light-hero-must\"><b><strong>Inokim Light Hero<\/strong><\/b><\/a> and Inokim <a href=\"http:\/\/www.xn--tuksimaailm-ffb.ee\/shop\/inokim-light-2-super-elektritoukeratas\/\"><b><strong>Light 2 Super<\/strong><\/b><\/a> <b><strong>first wheel without motor<\/strong><\/b>. If repairing or replacing a tyre is too much for you or you don't have the means to do it, our <a href=\"http:\/\/www.xn--tuksimaailm-ffb.ee\/elektrilise-toukeratta-remont\/\">workshop<\/a> specialising in electric scooters can help. You can read more about electric scooter tyre replacement in our <a href=\"http:\/\/www.xn--tuksimaailm-ffb.ee\/elektritoukeratta-rehvivahetus\/\">blog post<\/a>.<\/p>\n","protected":false},"excerpt":{"rendered":"<p>Inokim Light inner tube 8.5x2.00-5.5 (also inner tyre, inner tube, pneumatic), high quality CST brand tyre. Valve angle 45 degrees. The inner tube is suitable for the Inokim Light Hero and Inokim Light 2 Super first wheel without motor. If repairing or replacing a tyre is too much for you &hellip;<\/p>\n","protected":false},"featured_media":26348,"template":"","meta":[],"product_brand":[],"product_cat":[726],"product_tag":[3204,3221],"filter_elektritoukeratas":[2711,2709,2669,2648,2647],"class_list":{"0":"post-60699","1":"product","2":"type-product","3":"status-publish","4":"has-post-thumbnail","6":"product_cat-spare-parts","7":"product_tag-inner-tubes","8":"product_tag-inokim-spare-parts","9":"pa_tootetuup-inner-tubes","10":"filter_elektritoukeratas-ft_inokim_light_2_max_super","11":"filter_elektritoukeratas-ft_inokim_light_hero_2_hero","12":"filter_elektritoukeratas-ft_kugoo_g2_pro","13":"filter_elektritoukeratas-ft_vsett_8_8_plus","14":"filter_elektritoukeratas-ft_vsett_9_9_plus","16":"first","17":"instock","18":"taxable","19":"shipping-taxable","20":"purchasable","21":"product-type-simple"},"yoast_head":"<!-- This site is optimized with the Yoast SEO Premium plugin v26.8 (Yoast SEO v27.3) - https:\/\/yoast.com\/product\/yoast-seo-premium-wordpress\/ -->\n<title>Inokim Light inner tube 8.5x2.00-5.5 45 degrees front &#8212; T\u00f5uksimaailm<\/title>\n<meta name=\"description\" content=\"Inokim Light inner tube 8.5x2.00-5.5 (rubber, inner tube), for Inokim Hero, Inokim Light 2 Super. 45 kraadise ventiiliga.\" \/>\n<meta name=\"robots\" content=\"index, follow, max-snippet:-1, max-image-preview:large, max-video-preview:-1\" \/>\n<link rel=\"canonical\" href=\"https:\/\/www.xn--tuksimaailm-ffb.ee\/en\/product\/inokim-light-inner-tube-8-5x2-00-5-5-45-degrees-front\/\" \/>\n<meta property=\"og:locale\" content=\"en_US\" \/>\n<meta property=\"og:type\" content=\"article\" \/>\n<meta property=\"og:title\" content=\"Inokim Light inner tube 8.5x2.00-5.5 45 degrees front\" \/>\n<meta property=\"og:description\" content=\"Inokim Light inner tube 8.5x2.00-5.5 (rubber, inner tube), for Inokim Hero, Inokim Light 2 Super. 45 kraadise ventiiliga.\" \/>\n<meta property=\"og:url\" content=\"https:\/\/www.xn--tuksimaailm-ffb.ee\/en\/product\/inokim-light-inner-tube-8-5x2-00-5-5-45-degrees-front\/\" \/>\n<meta property=\"og:site_name\" content=\"T\u00f5uksimaailm\" \/>\n<meta property=\"article:publisher\" content=\"https:\/\/www.facebook.com\/touksimaailm\/\" \/>\n<meta property=\"article:modified_time\" content=\"2022-10-12T07:55:55+00:00\" \/>\n<meta property=\"og:image\" content=\"https:\/\/www.xn--tuksimaailm-ffb.ee\/wp-content\/uploads\/2022\/10\/8.5\u00d72.00-5.5-45-inokim-light-1.jpeg\" \/>\n\t<meta property=\"og:image:width\" content=\"400\" \/>\n\t<meta property=\"og:image:height\" content=\"400\" \/>\n\t<meta property=\"og:image:type\" content=\"image\/jpeg\" \/>\n<meta name=\"twitter:card\" content=\"summary_large_image\" \/>\n<meta name=\"twitter:label1\" content=\"Price\" \/>\n\t<meta name=\"twitter:data1\" content=\"&euro;12.00\" \/>\n\t<meta name=\"twitter:label2\" content=\"Availability\" \/>\n\t<meta name=\"twitter:data2\" content=\"In stock\" \/>\n<meta property=\"product:price:amount\" content=\"12.00\" \/>\n<meta property=\"product:price:currency\" content=\"EUR\" \/>\n<meta property=\"og:availability\" content=\"instock\" \/>\n<meta property=\"product:availability\" content=\"instock\" \/>\n<meta property=\"product:retailer_item_id\" content=\"SR-8.5x2-45-125G\" \/>\n<meta property=\"product:condition\" content=\"new\" \/>\n<!-- \/ Yoast SEO Premium plugin. -->","yoast_head_json":{"title":"Inokim Light inner tube 8.5x2.00-5.5 45 degrees front &#8212; T\u00f5uksimaailm","description":"Inokim Light inner tube 8.5x2.00-5.5 (rubber, inner tube), for Inokim Hero, Inokim Light 2 Super. 45 kraadise ventiiliga.","robots":{"index":"index","follow":"follow","max-snippet":"max-snippet:-1","max-image-preview":"max-image-preview:large","max-video-preview":"max-video-preview:-1"},"canonical":"https:\/\/www.xn--tuksimaailm-ffb.ee\/en\/product\/inokim-light-inner-tube-8-5x2-00-5-5-45-degrees-front\/","og_locale":"en_US","og_type":"article","og_title":"Inokim Light inner tube 8.5x2.00-5.5 45 degrees front","og_description":"Inokim Light inner tube 8.5x2.00-5.5 (rubber, inner tube), for Inokim Hero, Inokim Light 2 Super. 45 kraadise ventiiliga.","og_url":"https:\/\/www.xn--tuksimaailm-ffb.ee\/en\/product\/inokim-light-inner-tube-8-5x2-00-5-5-45-degrees-front\/","og_site_name":"T\u00f5uksimaailm","article_publisher":"https:\/\/www.facebook.com\/touksimaailm\/","article_modified_time":"2022-10-12T07:55:55+00:00","og_image":[{"width":400,"height":400,"url":"https:\/\/www.xn--tuksimaailm-ffb.ee\/wp-content\/uploads\/2022\/10\/8.5\u00d72.00-5.5-45-inokim-light-1.jpeg","type":"image\/jpeg"}],"twitter_card":"summary_large_image","twitter_misc":{"Price":"&euro;12.00","Availability":"In stock"},"schema":{"@context":"https:\/\/schema.org","@graph":[{"@type":"WebPage","@id":"https:\/\/www.xn--tuksimaailm-ffb.ee\/en\/product\/inokim-light-inner-tube-8-5x2-00-5-5-45-degrees-front\/","url":"https:\/\/www.xn--tuksimaailm-ffb.ee\/en\/product\/inokim-light-inner-tube-8-5x2-00-5-5-45-degrees-front\/","name":"Inokim Light inner tube 8.5x2.00-5.5 45 degrees front &#8212; T\u00f5uksimaailm","isPartOf":{"@id":"https:\/\/www.xn--tuksimaailm-ffb.ee\/en\/#website"},"primaryImageOfPage":{"@id":"https:\/\/www.xn--tuksimaailm-ffb.ee\/en\/product\/inokim-light-inner-tube-8-5x2-00-5-5-45-degrees-front\/#primaryimage"},"image":{"@id":"https:\/\/www.xn--tuksimaailm-ffb.ee\/en\/product\/inokim-light-inner-tube-8-5x2-00-5-5-45-degrees-front\/#primaryimage"},"thumbnailUrl":"https:\/\/www.xn--tuksimaailm-ffb.ee\/wp-content\/uploads\/2022\/10\/8.5\u00d72.00-5.5-45-inokim-light-1.jpeg","datePublished":"2022-10-12T06:55:55+00:00","dateModified":"2022-10-12T07:55:55+00:00","description":"Inokim Light inner tube 8.5x2.00-5.5 (rubber, inner tube), for Inokim Hero, Inokim Light 2 Super. 45 kraadise ventiiliga.","breadcrumb":{"@id":"https:\/\/www.xn--tuksimaailm-ffb.ee\/en\/product\/inokim-light-inner-tube-8-5x2-00-5-5-45-degrees-front\/#breadcrumb"},"inLanguage":"en-US","potentialAction":[{"@type":"ReadAction","target":["https:\/\/www.xn--tuksimaailm-ffb.ee\/en\/product\/inokim-light-inner-tube-8-5x2-00-5-5-45-degrees-front\/"]}]},{"@type":"ImageObject","inLanguage":"en-US","@id":"https:\/\/www.xn--tuksimaailm-ffb.ee\/en\/product\/inokim-light-inner-tube-8-5x2-00-5-5-45-degrees-front\/#primaryimage","url":"https:\/\/www.xn--tuksimaailm-ffb.ee\/wp-content\/uploads\/2022\/10\/8.5\u00d72.00-5.5-45-inokim-light-1.jpeg","contentUrl":"https:\/\/www.xn--tuksimaailm-ffb.ee\/wp-content\/uploads\/2022\/10\/8.5\u00d72.00-5.5-45-inokim-light-1.jpeg","width":400,"height":400,"caption":"Inokim Light inner tube 8.5x2.00-5.5 45 degrees front"},{"@type":"BreadcrumbList","@id":"https:\/\/www.xn--tuksimaailm-ffb.ee\/en\/product\/inokim-light-inner-tube-8-5x2-00-5-5-45-degrees-front\/#breadcrumb","itemListElement":[{"@type":"ListItem","position":1,"name":"Home","item":"https:\/\/www.xn--tuksimaailm-ffb.ee\/en\/main-page\/"},{"@type":"ListItem","position":2,"name":"Shop","item":"https:\/\/www.xn--tuksimaailm-ffb.ee\/elektritoukerataste-pood\/"},{"@type":"ListItem","position":3,"name":"Inokim Light inner tube 8.5x2.00-5.5 45 degrees front"}]},{"@type":"WebSite","@id":"https:\/\/www.xn--tuksimaailm-ffb.ee\/en\/#website","url":"https:\/\/www.xn--tuksimaailm-ffb.ee\/en\/","name":"T\u00f5uksimaailm","description":"Elektrit\u00f5ukerataste m\u00fc\u00fck, remont ja rent","publisher":{"@id":"https:\/\/www.xn--tuksimaailm-ffb.ee\/en\/#organization"},"potentialAction":[{"@type":"SearchAction","target":{"@type":"EntryPoint","urlTemplate":"https:\/\/www.xn--tuksimaailm-ffb.ee\/en\/?s={search_term_string}"},"query-input":{"@type":"PropertyValueSpecification","valueRequired":true,"valueName":"search_term_string"}}],"inLanguage":"en-US"},{"@type":"Organization","@id":"https:\/\/www.xn--tuksimaailm-ffb.ee\/en\/#organization","name":"T\u00f5uksimaailm","url":"https:\/\/www.xn--tuksimaailm-ffb.ee\/en\/","logo":{"@type":"ImageObject","inLanguage":"en-US","@id":"https:\/\/www.xn--tuksimaailm-ffb.ee\/en\/#\/schema\/logo\/image\/","url":"https:\/\/www.xn--tuksimaailm-ffb.ee\/wp-content\/uploads\/2020\/01\/logoz-e1579792875517.png","contentUrl":"https:\/\/www.xn--tuksimaailm-ffb.ee\/wp-content\/uploads\/2020\/01\/logoz-e1579792875517.png","width":250,"height":250,"caption":"T\u00f5uksimaailm"},"image":{"@id":"https:\/\/www.xn--tuksimaailm-ffb.ee\/en\/#\/schema\/logo\/image\/"},"sameAs":["https:\/\/www.facebook.com\/touksimaailm\/","https:\/\/www.instagram.com\/touksimaailm_\/","https:\/\/www.youtube.com\/channel\/UC18ml0EKIDLP1xGuQjFzcXQ"]}]},"product_price_amount":"12.00","product_price_currency":"EUR","og_availability":"instock","product_availability":"instock","product_retailer_item_id":"SR-8.5x2-45-125G","product_condition":"new"},"jetpack_sharing_enabled":true,"_links":{"self":[{"href":"https:\/\/www.xn--tuksimaailm-ffb.ee\/en\/wp-json\/wp\/v2\/product\/60699","targetHints":{"allow":["GET"]}}],"collection":[{"href":"https:\/\/www.xn--tuksimaailm-ffb.ee\/en\/wp-json\/wp\/v2\/product"}],"about":[{"href":"https:\/\/www.xn--tuksimaailm-ffb.ee\/en\/wp-json\/wp\/v2\/types\/product"}],"wp:featuredmedia":[{"embeddable":true,"href":"https:\/\/www.xn--tuksimaailm-ffb.ee\/en\/wp-json\/wp\/v2\/media\/26348"}],"wp:attachment":[{"href":"https:\/\/www.xn--tuksimaailm-ffb.ee\/en\/wp-json\/wp\/v2\/media?parent=60699"}],"wp:term":[{"taxonomy":"product_brand","embeddable":true,"href":"https:\/\/www.xn--tuksimaailm-ffb.ee\/en\/wp-json\/wp\/v2\/product_brand?post=60699"},{"taxonomy":"product_cat","embeddable":true,"href":"https:\/\/www.xn--tuksimaailm-ffb.ee\/en\/wp-json\/wp\/v2\/product_cat?post=60699"},{"taxonomy":"product_tag","embeddable":true,"href":"https:\/\/www.xn--tuksimaailm-ffb.ee\/en\/wp-json\/wp\/v2\/product_tag?post=60699"},{"taxonomy":"filter_elektritoukeratas","embeddable":true,"href":"https:\/\/www.xn--tuksimaailm-ffb.ee\/en\/wp-json\/wp\/v2\/filter_elektritoukeratas?post=60699"}],"curies":[{"name":"wp","href":"https:\/\/api.w.org\/{rel}","templated":true}]}}