{"id":60700,"date":"2022-10-13T15:16:59","date_gmt":"2022-10-13T15:16:59","guid":{"rendered":"http:\/\/www.xn--tuksimaailm-ffb.ee\/shop\/electric-scooter-motor-cable-wire-universal\/"},"modified":"2022-10-13T15:16:59","modified_gmt":"2022-10-13T13:16:59","slug":"electric-scooter-motor-cable-wire-universal","status":"publish","type":"product","link":"https:\/\/www.xn--tuksimaailm-ffb.ee\/en\/product\/electric-scooter-motor-cable-wire-universal\/","title":{"rendered":"Electric scooter motor cable \/ wire universal"},"content":{"rendered":"<p>Electric scooter motor cable \/ wire, universal brushless DC motor (BLDC) power cable, 3 motor phase (winding) power leads and 5 Hall sensor leads.<\/p>\n<p>We recommend this cable for powerful electric motorcycles over 1000W power.<\/p>\n<p>The electric scooter motor cable \/ wire will need to be replaced when the existing motor cable can no longer be repaired due to the location of the damage, for example the cable is broken right at the point of entry into the motor and it is not possible to give way from inside the electric motor for the cable to be repaired. If an electric scooter repair or motor cable replacement is required, our experienced<a href=\"http:\/\/www.xn--tuksimaailm-ffb.ee\/elektrilise-toukeratta-remont\/\"><b><strong>electric scooter workshop<\/strong><\/b><\/a><b> <\/b> can help.<\/p>\n","protected":false},"excerpt":{"rendered":"<p>Electric scooter motor cable \/ wire, universal brushless DC motor (BLDC) power cable, 3 motor phase (winding) power leads and 5 Hall sensor leads. We recommend this cable for powerful electric motorcycles over 1000W power. The electric scooter motor cable \/ wire will need to be replaced when the existing &hellip;<\/p>\n","protected":false},"featured_media":75769,"template":"","meta":[],"product_brand":[],"product_cat":[726],"product_tag":[3410],"filter_elektritoukeratas":[2707,2705,2706,2714,2715,2712,2713,2720,2722,2726,2681,2678,2679,2680,2671,2672,2670,2669,2673,2674,2675,2676,2668,2677,2740,2741,2739,2743,2742,2744,2753,2754,2755,2756,2646,2602,2645,2648,2647,2748,2750,2751,2746,2749,2747],"class_list":{"0":"post-60700","1":"product","2":"type-product","3":"status-publish","4":"has-post-thumbnail","6":"product_cat-spare-parts","7":"product_tag-universal-electricscooter-spare-parts","8":"pa_tootetuup-universal-electricscooter-spare-parts","9":"pa_tootetuup-wires-cables-extensions","10":"filter_elektritoukeratas-ft_gpad_f3_max","11":"filter_elektritoukeratas-ft_gpad_foxen","12":"filter_elektritoukeratas-ft_gpad_storm","13":"filter_elektritoukeratas-ft_inokim_ox_eco_hero_super","14":"filter_elektritoukeratas-ft_inokim_oxo","15":"filter_elektritoukeratas-ft_inokim_quick_3_hero_super","16":"filter_elektritoukeratas-ft_inokim_quick_4_hero_super","17":"filter_elektritoukeratas-ft_joyor_s5_s10-s_s_pro","18":"filter_elektritoukeratas-ft_joyor_y10_y6_s_y5s","19":"filter_elektritoukeratas-ft_kaabo_mantis_10","20":"filter_elektritoukeratas-ft_kugoo_c1_c1_pro","21":"filter_elektritoukeratas-ft_kugoo_g_booster","22":"filter_elektritoukeratas-ft_kugoo_g1","23":"filter_elektritoukeratas-ft_kugoo_g1_pro","24":"filter_elektritoukeratas-ft_kugoo_g2","25":"filter_elektritoukeratas-ft_kugoo_g2_master","26":"filter_elektritoukeratas-ft_kugoo_g2_max","27":"filter_elektritoukeratas-ft_kugoo_g2_pro","28":"filter_elektritoukeratas-ft_kugoo_g3","29":"filter_elektritoukeratas-ft_kugoo_g3_pro","30":"filter_elektritoukeratas-ft_kugoo_g4","31":"filter_elektritoukeratas-ft_kugoo_g4_max","32":"filter_elektritoukeratas-ft_kugoo_m4_m4_pro","33":"filter_elektritoukeratas-ft_kugoo_m5_pro","34":"filter_elektritoukeratas-ft_nanrobot_d4_plus","35":"filter_elektritoukeratas-ft_nanrobot_d6_plus","36":"filter_elektritoukeratas-ft_nanrobot_lightning","37":"filter_elektritoukeratas-ft_nanrobot_ls7plus","38":"filter_elektritoukeratas-ft_nanrobot_n6","39":"filter_elektritoukeratas-ft_nanrobot_x_spark","40":"filter_elektritoukeratas-ft_techlife_x5_x5s","41":"filter_elektritoukeratas-ft_techlife_x6","42":"filter_elektritoukeratas-ft_techlife_x7_x7_lite_x7s","43":"filter_elektritoukeratas-ft_techlife_x8_x8s","44":"filter_elektritoukeratas-ft_vsett_10_plus","45":"filter_elektritoukeratas-ft_vsett_11_plus","46":"filter_elektritoukeratas-ft_vsett_11_plus_super","47":"filter_elektritoukeratas-ft_vsett_8_8_plus","48":"filter_elektritoukeratas-ft_vsett_9_9_plus","49":"filter_elektritoukeratas-ft_zero_10","50":"filter_elektritoukeratas-ft_zero_10x","51":"filter_elektritoukeratas-ft_zero_11x","52":"filter_elektritoukeratas-ft_zero_8","53":"filter_elektritoukeratas-ft_zero_8x_compact","54":"filter_elektritoukeratas-ft_zero_9","56":"first","57":"instock","58":"taxable","59":"shipping-taxable","60":"purchasable","61":"product-type-simple"},"yoast_head":"<!-- This site is optimized with the Yoast SEO Premium plugin v26.8 (Yoast SEO v27.5) - https:\/\/yoast.com\/product\/yoast-seo-premium-wordpress\/ -->\n<title>Electric scooter motor cable \/ wire universal | T\u00f5uksimaailm<\/title>\n<meta name=\"description\" content=\"Electric scooter motor cable, universal brushless DC motor (BLDC) power cable, power cord for powerful electric scooter.\" \/>\n<meta name=\"robots\" content=\"index, follow, max-snippet:-1, max-image-preview:large, max-video-preview:-1\" \/>\n<link rel=\"canonical\" href=\"https:\/\/www.xn--tuksimaailm-ffb.ee\/en\/product\/electric-scooter-motor-cable-wire-universal\/\" \/>\n<meta property=\"og:locale\" content=\"en_US\" \/>\n<meta property=\"og:type\" content=\"article\" \/>\n<meta property=\"og:title\" content=\"Electric scooter motor cable \/ wire universal\" \/>\n<meta property=\"og:description\" content=\"Electric scooter motor cable, universal brushless DC motor (BLDC) power cable, power cord for powerful electric scooter.\" \/>\n<meta property=\"og:url\" content=\"https:\/\/www.xn--tuksimaailm-ffb.ee\/en\/product\/electric-scooter-motor-cable-wire-universal\/\" \/>\n<meta property=\"og:site_name\" content=\"T\u00f5uksimaailm\" \/>\n<meta property=\"article:publisher\" content=\"https:\/\/www.facebook.com\/touksimaailm\/\" \/>\n<meta property=\"og:image\" content=\"https:\/\/www.xn--tuksimaailm-ffb.ee\/wp-content\/uploads\/2022\/10\/mootori-kaabel-universaalne.jpg\" \/>\n\t<meta property=\"og:image:width\" content=\"2016\" \/>\n\t<meta property=\"og:image:height\" content=\"1512\" \/>\n\t<meta property=\"og:image:type\" content=\"image\/jpeg\" \/>\n<meta name=\"twitter:card\" content=\"summary_large_image\" \/>\n<meta name=\"twitter:label1\" content=\"Price\" \/>\n\t<meta name=\"twitter:data1\" content=\"&euro;25.00\" \/>\n\t<meta name=\"twitter:label2\" content=\"Availability\" \/>\n\t<meta name=\"twitter:data2\" content=\"In stock\" \/>\n<meta property=\"product:price:amount\" content=\"25.00\" \/>\n<meta property=\"product:price:currency\" content=\"EUR\" \/>\n<meta property=\"og:availability\" content=\"instock\" \/>\n<meta property=\"product:availability\" content=\"instock\" \/>\n<meta property=\"product:condition\" content=\"new\" \/>\n<!-- \/ Yoast SEO Premium plugin. -->","yoast_head_json":{"title":"Electric scooter motor cable \/ wire universal | T\u00f5uksimaailm","description":"Electric scooter motor cable, universal brushless DC motor (BLDC) power cable, power cord for powerful electric scooter.","robots":{"index":"index","follow":"follow","max-snippet":"max-snippet:-1","max-image-preview":"max-image-preview:large","max-video-preview":"max-video-preview:-1"},"canonical":"https:\/\/www.xn--tuksimaailm-ffb.ee\/en\/product\/electric-scooter-motor-cable-wire-universal\/","og_locale":"en_US","og_type":"article","og_title":"Electric scooter motor cable \/ wire universal","og_description":"Electric scooter motor cable, universal brushless DC motor (BLDC) power cable, power cord for powerful electric scooter.","og_url":"https:\/\/www.xn--tuksimaailm-ffb.ee\/en\/product\/electric-scooter-motor-cable-wire-universal\/","og_site_name":"T\u00f5uksimaailm","article_publisher":"https:\/\/www.facebook.com\/touksimaailm\/","og_image":[{"width":2016,"height":1512,"url":"https:\/\/www.xn--tuksimaailm-ffb.ee\/wp-content\/uploads\/2022\/10\/mootori-kaabel-universaalne.jpg","type":"image\/jpeg"}],"twitter_card":"summary_large_image","twitter_misc":{"Price":"&euro;25.00","Availability":"In stock"},"schema":{"@context":"https:\/\/schema.org","@graph":[{"@type":"WebPage","@id":"https:\/\/www.xn--tuksimaailm-ffb.ee\/en\/product\/electric-scooter-motor-cable-wire-universal\/","url":"https:\/\/www.xn--tuksimaailm-ffb.ee\/en\/product\/electric-scooter-motor-cable-wire-universal\/","name":"Electric scooter motor cable \/ wire universal | T\u00f5uksimaailm","isPartOf":{"@id":"https:\/\/www.xn--tuksimaailm-ffb.ee\/en\/#website"},"primaryImageOfPage":{"@id":"https:\/\/www.xn--tuksimaailm-ffb.ee\/en\/product\/electric-scooter-motor-cable-wire-universal\/#primaryimage"},"image":{"@id":"https:\/\/www.xn--tuksimaailm-ffb.ee\/en\/product\/electric-scooter-motor-cable-wire-universal\/#primaryimage"},"thumbnailUrl":"https:\/\/www.xn--tuksimaailm-ffb.ee\/wp-content\/uploads\/2022\/10\/Screenshot-2026-01-27-220505.webp","datePublished":"2022-10-13T15:16:59+00:00","description":"Electric scooter motor cable, universal brushless DC motor (BLDC) power cable, power cord for powerful electric scooter.","breadcrumb":{"@id":"https:\/\/www.xn--tuksimaailm-ffb.ee\/en\/product\/electric-scooter-motor-cable-wire-universal\/#breadcrumb"},"inLanguage":"en-US","potentialAction":[{"@type":"ReadAction","target":["https:\/\/www.xn--tuksimaailm-ffb.ee\/en\/product\/electric-scooter-motor-cable-wire-universal\/"]}]},{"@type":"ImageObject","inLanguage":"en-US","@id":"https:\/\/www.xn--tuksimaailm-ffb.ee\/en\/product\/electric-scooter-motor-cable-wire-universal\/#primaryimage","url":"https:\/\/www.xn--tuksimaailm-ffb.ee\/wp-content\/uploads\/2022\/10\/Screenshot-2026-01-27-220505.webp","contentUrl":"https:\/\/www.xn--tuksimaailm-ffb.ee\/wp-content\/uploads\/2022\/10\/Screenshot-2026-01-27-220505.webp","width":1272,"height":1016,"caption":"Elektrit\u00f5ukeratta mootori kaabel \/ juhe universaalne"},{"@type":"BreadcrumbList","@id":"https:\/\/www.xn--tuksimaailm-ffb.ee\/en\/product\/electric-scooter-motor-cable-wire-universal\/#breadcrumb","itemListElement":[{"@type":"ListItem","position":1,"name":"Home","item":"https:\/\/www.xn--tuksimaailm-ffb.ee\/en\/main-page\/"},{"@type":"ListItem","position":2,"name":"Shop","item":"https:\/\/www.xn--tuksimaailm-ffb.ee\/elektritoukerataste-pood\/"},{"@type":"ListItem","position":3,"name":"Electric scooter motor cable \/ wire universal"}]},{"@type":"WebSite","@id":"https:\/\/www.xn--tuksimaailm-ffb.ee\/en\/#website","url":"https:\/\/www.xn--tuksimaailm-ffb.ee\/en\/","name":"T\u00f5uksimaailm","description":"Elektrit\u00f5ukerataste m\u00fc\u00fck, remont ja rent","publisher":{"@id":"https:\/\/www.xn--tuksimaailm-ffb.ee\/en\/#organization"},"potentialAction":[{"@type":"SearchAction","target":{"@type":"EntryPoint","urlTemplate":"https:\/\/www.xn--tuksimaailm-ffb.ee\/en\/?s={search_term_string}"},"query-input":{"@type":"PropertyValueSpecification","valueRequired":true,"valueName":"search_term_string"}}],"inLanguage":"en-US"},{"@type":"Organization","@id":"https:\/\/www.xn--tuksimaailm-ffb.ee\/en\/#organization","name":"T\u00f5uksimaailm","url":"https:\/\/www.xn--tuksimaailm-ffb.ee\/en\/","logo":{"@type":"ImageObject","inLanguage":"en-US","@id":"https:\/\/www.xn--tuksimaailm-ffb.ee\/en\/#\/schema\/logo\/image\/","url":"https:\/\/www.xn--tuksimaailm-ffb.ee\/wp-content\/uploads\/2020\/01\/logoz-e1579792875517.png","contentUrl":"https:\/\/www.xn--tuksimaailm-ffb.ee\/wp-content\/uploads\/2020\/01\/logoz-e1579792875517.png","width":250,"height":250,"caption":"T\u00f5uksimaailm"},"image":{"@id":"https:\/\/www.xn--tuksimaailm-ffb.ee\/en\/#\/schema\/logo\/image\/"},"sameAs":["https:\/\/www.facebook.com\/touksimaailm\/","https:\/\/www.instagram.com\/touksimaailm_\/","https:\/\/www.youtube.com\/channel\/UC18ml0EKIDLP1xGuQjFzcXQ"]}]},"product_price_amount":"25.00","product_price_currency":"EUR","og_availability":"instock","product_availability":"instock","product_condition":"new"},"jetpack_sharing_enabled":true,"_links":{"self":[{"href":"https:\/\/www.xn--tuksimaailm-ffb.ee\/en\/wp-json\/wp\/v2\/product\/60700","targetHints":{"allow":["GET"]}}],"collection":[{"href":"https:\/\/www.xn--tuksimaailm-ffb.ee\/en\/wp-json\/wp\/v2\/product"}],"about":[{"href":"https:\/\/www.xn--tuksimaailm-ffb.ee\/en\/wp-json\/wp\/v2\/types\/product"}],"wp:featuredmedia":[{"embeddable":true,"href":"https:\/\/www.xn--tuksimaailm-ffb.ee\/en\/wp-json\/wp\/v2\/media\/75769"}],"wp:attachment":[{"href":"https:\/\/www.xn--tuksimaailm-ffb.ee\/en\/wp-json\/wp\/v2\/media?parent=60700"}],"wp:term":[{"taxonomy":"product_brand","embeddable":true,"href":"https:\/\/www.xn--tuksimaailm-ffb.ee\/en\/wp-json\/wp\/v2\/product_brand?post=60700"},{"taxonomy":"product_cat","embeddable":true,"href":"https:\/\/www.xn--tuksimaailm-ffb.ee\/en\/wp-json\/wp\/v2\/product_cat?post=60700"},{"taxonomy":"product_tag","embeddable":true,"href":"https:\/\/www.xn--tuksimaailm-ffb.ee\/en\/wp-json\/wp\/v2\/product_tag?post=60700"},{"taxonomy":"filter_elektritoukeratas","embeddable":true,"href":"https:\/\/www.xn--tuksimaailm-ffb.ee\/en\/wp-json\/wp\/v2\/filter_elektritoukeratas?post=60700"}],"curies":[{"name":"wp","href":"https:\/\/api.w.org\/{rel}","templated":true}]}}