{"id":60721,"date":"2022-12-30T19:57:14","date_gmt":"2022-12-30T17:57:14","guid":{"rendered":"http:\/\/www.xn--tuksimaailm-ffb.ee\/shop\/10x2-125-solid-tyre-with-coloured-dots-hx-x7-x8\/"},"modified":"2022-12-30T19:57:14","modified_gmt":"2022-12-30T17:57:14","slug":"10x2-125-solid-tyre-with-coloured-dots-hx-x7-x8","status":"publish","type":"product","link":"https:\/\/www.xn--tuksimaailm-ffb.ee\/en\/product\/10x2-125-solid-tyre-with-coloured-dots-hx-x7-x8\/","title":{"rendered":"10x2.125 solid tyre with coloured dots HX X7 X8"},"content":{"rendered":"<p>10x2.125 solid tyre with coloured dots, suitable for electric scooter HX X7 and X8, Blaupunkt ESC808 and ESC910, Velt Smart Scooter.<\/p>\n","protected":false},"excerpt":{"rendered":"<p>10x2.125 solid tyre with coloured dots, suitable for electric scooter HX X7 and X8, Blaupunkt ESC808 and ESC910, Velt Smart Scooter.<\/p>\n","protected":false},"featured_media":21549,"template":"","meta":[],"product_brand":[],"product_cat":[726],"product_tag":[3392,3211],"filter_elektritoukeratas":[2686,2687,2730,2732,2610,2705,2704,2706,2697,2698,2714,2715,2712,2713,2721,2720,2717,2722,2726,2724,2679,2672,2670,2668,2740,2639,2755,2694,2695,2693,2691,2692,2646,2748,2750],"class_list":{"0":"post-60721","1":"product","2":"type-product","3":"status-publish","4":"has-post-thumbnail","6":"product_cat-spare-parts","7":"product_tag-hx-spare-parts","8":"product_tag-solid-tyres-honeycomb-tyres","9":"pa_size-blue-dots","10":"pa_size-red-dots","11":"pa_size-yellow-dots","12":"pa_tootetuup-solid-tyres-honeycomb-tyres","13":"filter_elektritoukeratas-ft_blaupunkt_esc808","14":"filter_elektritoukeratas-ft_blaupunkt_esc910","15":"filter_elektritoukeratas-ft_dualtron_eagle","16":"filter_elektritoukeratas-ft_dualtron_spider","17":"filter_elektritoukeratas-ft_dualtron_victor","18":"filter_elektritoukeratas-ft_gpad_foxen","19":"filter_elektritoukeratas-ft_gpad_joyride","20":"filter_elektritoukeratas-ft_gpad_storm","21":"filter_elektritoukeratas-ft_hx_x7","22":"filter_elektritoukeratas-ft_hx_x8","23":"filter_elektritoukeratas-ft_inokim_ox_eco_hero_super","24":"filter_elektritoukeratas-ft_inokim_oxo","25":"filter_elektritoukeratas-ft_inokim_quick_3_hero_super","26":"filter_elektritoukeratas-ft_inokim_quick_4_hero_super","27":"filter_elektritoukeratas-ft_joyor_g5_g5s","28":"filter_elektritoukeratas-ft_joyor_s5_s10-s_s_pro","29":"filter_elektritoukeratas-ft_joyor_x1_x5s","30":"filter_elektritoukeratas-ft_joyor_y10_y6_s_y5s","31":"filter_elektritoukeratas-ft_kaabo_mantis_10","32":"filter_elektritoukeratas-ft_kaabo_skywalker","33":"filter_elektritoukeratas-ft_kugoo_g1","34":"filter_elektritoukeratas-ft_kugoo_g2_master","35":"filter_elektritoukeratas-ft_kugoo_g2_max","36":"filter_elektritoukeratas-ft_kugoo_m4_m4_pro","37":"filter_elektritoukeratas-ft_nanrobot_d4_plus","38":"filter_elektritoukeratas-ft_segway_ninebot_d18e_d28e_d38e","39":"filter_elektritoukeratas-ft_techlife_x7_x7_lite_x7s","40":"filter_elektritoukeratas-ft_velt_smart_eco","41":"filter_elektritoukeratas-ft_velt_smart_pro","42":"filter_elektritoukeratas-ft_velt_smart_x7","43":"filter_elektritoukeratas-ft_velt_smart_x8","44":"filter_elektritoukeratas-ft_velt_smart_x8_pro","45":"filter_elektritoukeratas-ft_vsett_10_plus","46":"filter_elektritoukeratas-ft_zero_10","47":"filter_elektritoukeratas-ft_zero_10x","49":"first","50":"instock","51":"taxable","52":"shipping-taxable","53":"purchasable","54":"product-type-variable"},"yoast_head":"<!-- This site is optimized with the Yoast SEO Premium plugin v26.8 (Yoast SEO v27.5) - https:\/\/yoast.com\/product\/yoast-seo-premium-wordpress\/ -->\n<title>10x2.125 solid tyre with coloured dots HX X7 X8 | T\u00f5uksimaailm<\/title>\n<meta name=\"description\" content=\"10x2.125 solid tyre with coloured dots, suitable for electric scooter HX X7 and X8, Blaupunkt ESC808 and ESC910, Velt Smart Scooter.\" \/>\n<meta name=\"robots\" content=\"index, follow, max-snippet:-1, max-image-preview:large, max-video-preview:-1\" \/>\n<link rel=\"canonical\" href=\"https:\/\/www.xn--tuksimaailm-ffb.ee\/en\/product\/10x2-125-solid-tyre-with-coloured-dots-hx-x7-x8\/\" \/>\n<meta property=\"og:locale\" content=\"en_US\" \/>\n<meta property=\"og:type\" content=\"article\" \/>\n<meta property=\"og:title\" content=\"10x2.125 solid tyre with coloured dots HX X7 X8\" \/>\n<meta property=\"og:description\" content=\"10x2.125 solid tyre with coloured dots, suitable for electric scooter HX X7 and X8, Blaupunkt ESC808 and ESC910, Velt Smart Scooter.\" \/>\n<meta property=\"og:url\" content=\"https:\/\/www.xn--tuksimaailm-ffb.ee\/en\/product\/10x2-125-solid-tyre-with-coloured-dots-hx-x7-x8\/\" \/>\n<meta property=\"og:site_name\" content=\"T\u00f5uksimaailm\" \/>\n<meta property=\"article:publisher\" content=\"https:\/\/www.facebook.com\/touksimaailm\/\" \/>\n<meta property=\"og:image\" content=\"https:\/\/www.XN--TUKSIMAAILM-FFB.EE\/wp-content\/uploads\/2022\/12\/10x2.125-taisrehv-varviliste-tappidega-HX-X7-X8.png\" \/>\n\t<meta property=\"og:image:width\" content=\"1030\" \/>\n\t<meta property=\"og:image:height\" content=\"772\" \/>\n\t<meta property=\"og:image:type\" content=\"image\/png\" \/>\n<meta name=\"twitter:card\" content=\"summary_large_image\" \/>\n<meta name=\"twitter:label1\" content=\"Availability\" \/>\n\t<meta name=\"twitter:data1\" content=\"In stock\" \/>\n<meta property=\"og:availability\" content=\"instock\" \/>\n<meta property=\"product:availability\" content=\"instock\" \/>\n<meta property=\"product:condition\" content=\"new\" \/>\n<!-- \/ Yoast SEO Premium plugin. -->","yoast_head_json":{"title":"10x2.125 solid tyre with coloured dots HX X7 X8 | T\u00f5uksimaailm","description":"10x2.125 solid tyre with coloured dots, suitable for electric scooter HX X7 and X8, Blaupunkt ESC808 and ESC910, Velt Smart Scooter.","robots":{"index":"index","follow":"follow","max-snippet":"max-snippet:-1","max-image-preview":"max-image-preview:large","max-video-preview":"max-video-preview:-1"},"canonical":"https:\/\/www.xn--tuksimaailm-ffb.ee\/en\/product\/10x2-125-solid-tyre-with-coloured-dots-hx-x7-x8\/","og_locale":"en_US","og_type":"article","og_title":"10x2.125 solid tyre with coloured dots HX X7 X8","og_description":"10x2.125 solid tyre with coloured dots, suitable for electric scooter HX X7 and X8, Blaupunkt ESC808 and ESC910, Velt Smart Scooter.","og_url":"https:\/\/www.xn--tuksimaailm-ffb.ee\/en\/product\/10x2-125-solid-tyre-with-coloured-dots-hx-x7-x8\/","og_site_name":"T\u00f5uksimaailm","article_publisher":"https:\/\/www.facebook.com\/touksimaailm\/","og_image":[{"width":1030,"height":772,"url":"https:\/\/www.XN--TUKSIMAAILM-FFB.EE\/wp-content\/uploads\/2022\/12\/10x2.125-taisrehv-varviliste-tappidega-HX-X7-X8.png","type":"image\/png"}],"twitter_card":"summary_large_image","twitter_misc":{"Availability":"In stock"},"schema":{"@context":"https:\/\/schema.org","@graph":[{"@type":"WebPage","@id":"https:\/\/www.xn--tuksimaailm-ffb.ee\/en\/product\/10x2-125-solid-tyre-with-coloured-dots-hx-x7-x8\/","url":"https:\/\/www.xn--tuksimaailm-ffb.ee\/en\/product\/10x2-125-solid-tyre-with-coloured-dots-hx-x7-x8\/","name":"10x2.125 solid tyre with coloured dots HX X7 X8 | T\u00f5uksimaailm","isPartOf":{"@id":"https:\/\/www.xn--tuksimaailm-ffb.ee\/en\/#website"},"primaryImageOfPage":{"@id":"https:\/\/www.xn--tuksimaailm-ffb.ee\/en\/product\/10x2-125-solid-tyre-with-coloured-dots-hx-x7-x8\/#primaryimage"},"image":{"@id":"https:\/\/www.xn--tuksimaailm-ffb.ee\/en\/product\/10x2-125-solid-tyre-with-coloured-dots-hx-x7-x8\/#primaryimage"},"thumbnailUrl":"https:\/\/www.xn--tuksimaailm-ffb.ee\/wp-content\/uploads\/2022\/12\/10x2.125-taisrehv-varviliste-tappidega-HX-X7-X8.png","datePublished":"2022-12-30T17:57:14+00:00","description":"10x2.125 solid tyre with coloured dots, suitable for electric scooter HX X7 and X8, Blaupunkt ESC808 and ESC910, Velt Smart Scooter.","breadcrumb":{"@id":"https:\/\/www.xn--tuksimaailm-ffb.ee\/en\/product\/10x2-125-solid-tyre-with-coloured-dots-hx-x7-x8\/#breadcrumb"},"inLanguage":"en-US","potentialAction":[{"@type":"ReadAction","target":["https:\/\/www.xn--tuksimaailm-ffb.ee\/en\/product\/10x2-125-solid-tyre-with-coloured-dots-hx-x7-x8\/"]}]},{"@type":"ImageObject","inLanguage":"en-US","@id":"https:\/\/www.xn--tuksimaailm-ffb.ee\/en\/product\/10x2-125-solid-tyre-with-coloured-dots-hx-x7-x8\/#primaryimage","url":"https:\/\/www.xn--tuksimaailm-ffb.ee\/wp-content\/uploads\/2022\/12\/10x2.125-taisrehv-varviliste-tappidega-HX-X7-X8.png","contentUrl":"https:\/\/www.xn--tuksimaailm-ffb.ee\/wp-content\/uploads\/2022\/12\/10x2.125-taisrehv-varviliste-tappidega-HX-X7-X8.png","width":1030,"height":772,"caption":"10x2.125 solid tyre with coloured dots HX X7 X8"},{"@type":"BreadcrumbList","@id":"https:\/\/www.xn--tuksimaailm-ffb.ee\/en\/product\/10x2-125-solid-tyre-with-coloured-dots-hx-x7-x8\/#breadcrumb","itemListElement":[{"@type":"ListItem","position":1,"name":"Home","item":"https:\/\/www.xn--tuksimaailm-ffb.ee\/en\/main-page\/"},{"@type":"ListItem","position":2,"name":"Shop","item":"https:\/\/www.xn--tuksimaailm-ffb.ee\/elektritoukerataste-pood\/"},{"@type":"ListItem","position":3,"name":"10x2.125 solid tyre with coloured dots HX X7 X8"}]},{"@type":"WebSite","@id":"https:\/\/www.xn--tuksimaailm-ffb.ee\/en\/#website","url":"https:\/\/www.xn--tuksimaailm-ffb.ee\/en\/","name":"T\u00f5uksimaailm","description":"Elektrit\u00f5ukerataste m\u00fc\u00fck, remont ja rent","publisher":{"@id":"https:\/\/www.xn--tuksimaailm-ffb.ee\/en\/#organization"},"potentialAction":[{"@type":"SearchAction","target":{"@type":"EntryPoint","urlTemplate":"https:\/\/www.xn--tuksimaailm-ffb.ee\/en\/?s={search_term_string}"},"query-input":{"@type":"PropertyValueSpecification","valueRequired":true,"valueName":"search_term_string"}}],"inLanguage":"en-US"},{"@type":"Organization","@id":"https:\/\/www.xn--tuksimaailm-ffb.ee\/en\/#organization","name":"T\u00f5uksimaailm","url":"https:\/\/www.xn--tuksimaailm-ffb.ee\/en\/","logo":{"@type":"ImageObject","inLanguage":"en-US","@id":"https:\/\/www.xn--tuksimaailm-ffb.ee\/en\/#\/schema\/logo\/image\/","url":"https:\/\/www.xn--tuksimaailm-ffb.ee\/wp-content\/uploads\/2020\/01\/logoz-e1579792875517.png","contentUrl":"https:\/\/www.xn--tuksimaailm-ffb.ee\/wp-content\/uploads\/2020\/01\/logoz-e1579792875517.png","width":250,"height":250,"caption":"T\u00f5uksimaailm"},"image":{"@id":"https:\/\/www.xn--tuksimaailm-ffb.ee\/en\/#\/schema\/logo\/image\/"},"sameAs":["https:\/\/www.facebook.com\/touksimaailm\/","https:\/\/www.instagram.com\/touksimaailm_\/","https:\/\/www.youtube.com\/channel\/UC18ml0EKIDLP1xGuQjFzcXQ"]}]},"og_availability":"instock","product_availability":"instock","product_condition":"new"},"jetpack_sharing_enabled":true,"_links":{"self":[{"href":"https:\/\/www.xn--tuksimaailm-ffb.ee\/en\/wp-json\/wp\/v2\/product\/60721","targetHints":{"allow":["GET"]}}],"collection":[{"href":"https:\/\/www.xn--tuksimaailm-ffb.ee\/en\/wp-json\/wp\/v2\/product"}],"about":[{"href":"https:\/\/www.xn--tuksimaailm-ffb.ee\/en\/wp-json\/wp\/v2\/types\/product"}],"wp:featuredmedia":[{"embeddable":true,"href":"https:\/\/www.xn--tuksimaailm-ffb.ee\/en\/wp-json\/wp\/v2\/media\/21549"}],"wp:attachment":[{"href":"https:\/\/www.xn--tuksimaailm-ffb.ee\/en\/wp-json\/wp\/v2\/media?parent=60721"}],"wp:term":[{"taxonomy":"product_brand","embeddable":true,"href":"https:\/\/www.xn--tuksimaailm-ffb.ee\/en\/wp-json\/wp\/v2\/product_brand?post=60721"},{"taxonomy":"product_cat","embeddable":true,"href":"https:\/\/www.xn--tuksimaailm-ffb.ee\/en\/wp-json\/wp\/v2\/product_cat?post=60721"},{"taxonomy":"product_tag","embeddable":true,"href":"https:\/\/www.xn--tuksimaailm-ffb.ee\/en\/wp-json\/wp\/v2\/product_tag?post=60721"},{"taxonomy":"filter_elektritoukeratas","embeddable":true,"href":"https:\/\/www.xn--tuksimaailm-ffb.ee\/en\/wp-json\/wp\/v2\/filter_elektritoukeratas?post=60721"}],"curies":[{"name":"wp","href":"https:\/\/api.w.org\/{rel}","templated":true}]}}