{"id":60955,"date":"2022-12-30T20:26:24","date_gmt":"2022-12-30T18:26:24","guid":{"rendered":"http:\/\/www.xn--tuksimaailm-ffb.ee\/shop\/8-5x2-solid-tyre-with-coloured-dots-xiaomi-pro-1s\/"},"modified":"2022-12-30T20:26:24","modified_gmt":"2022-12-30T18:26:24","slug":"8-5x2-solid-tyre-with-coloured-dots-xiaomi-pro-1s","status":"publish","type":"product","link":"https:\/\/www.xn--tuksimaailm-ffb.ee\/en\/product\/8-5x2-solid-tyre-with-coloured-dots-xiaomi-pro-1s\/","title":{"rendered":"8.5x2\" solid tyre with coloured dots Xiaomi Pro 1S"},"content":{"rendered":"<p>8.5x2\" solid tyre with coloured dots, suitable for Xiaomi Pro 2, 1S, 4 Pro, Essential, Mi 3 (Lite). Also suitable for Gotrax GXL, Viron, Zeeclo and all Xiaomi clones\/copies.<\/p>\n","protected":false},"excerpt":{"rendered":"<p>8.5x2\" solid tyre with coloured dots, suitable for Xiaomi Pro 2, 1S, 4 Pro, Essential, Mi 3 (Lite). Also suitable for Gotrax GXL, Viron, Zeeclo and all Xiaomi clones\/copies.<\/p>\n","protected":false},"featured_media":21569,"template":"","meta":[],"product_brand":[],"product_cat":[726],"product_tag":[3211,3209],"filter_elektritoukeratas":[2688,2686,2613,2612],"class_list":{"0":"post-60955","1":"product","2":"type-product","3":"status-publish","4":"has-post-thumbnail","6":"product_cat-spare-parts","7":"product_tag-solid-tyres-honeycomb-tyres","8":"product_tag-xiaomi-spare-parts","9":"pa_size-blue-dots","10":"pa_size-red-dots","11":"pa_size-yellow-dots","12":"pa_tootetuup-solid-tyres-honeycomb-tyres","13":"filter_elektritoukeratas-ft_blaupunkt_esc608","14":"filter_elektritoukeratas-ft_blaupunkt_esc808","15":"filter_elektritoukeratas-ft_xiaomi_1s_mi3_pro_2_3_lite","16":"filter_elektritoukeratas-ft_xiaomi_m365_m365_pro_essential","18":"first","19":"instock","20":"taxable","21":"shipping-taxable","22":"purchasable","23":"product-type-variable"},"yoast_head":"<!-- This site is optimized with the Yoast SEO Premium plugin v26.8 (Yoast SEO v27.5) - https:\/\/yoast.com\/product\/yoast-seo-premium-wordpress\/ -->\n<title>8.5x2&quot; solid tyre with coloured dots Xiaomi Pro 1S | T\u00f5uksimaailm<\/title>\n<meta name=\"description\" content=\"8.5x2&quot; solid tyre with coloured dots, suitable for Xiaomi Pro 2, 1S, 4 Pro, Essential, Mi 3 (Lite).\" \/>\n<meta name=\"robots\" content=\"index, follow, max-snippet:-1, max-image-preview:large, max-video-preview:-1\" \/>\n<link rel=\"canonical\" href=\"https:\/\/www.xn--tuksimaailm-ffb.ee\/en\/product\/8-5x2-solid-tyre-with-coloured-dots-xiaomi-pro-1s\/\" \/>\n<meta property=\"og:locale\" content=\"en_US\" \/>\n<meta property=\"og:type\" content=\"article\" \/>\n<meta property=\"og:title\" content=\"8.5x2&quot; solid tyre with coloured dots Xiaomi Pro 1S\" \/>\n<meta property=\"og:description\" content=\"8.5x2&quot; solid tyre with coloured dots, suitable for Xiaomi Pro 2, 1S, 4 Pro, Essential, Mi 3 (Lite).\" \/>\n<meta property=\"og:url\" content=\"https:\/\/www.xn--tuksimaailm-ffb.ee\/en\/product\/8-5x2-solid-tyre-with-coloured-dots-xiaomi-pro-1s\/\" \/>\n<meta property=\"og:site_name\" content=\"T\u00f5uksimaailm\" \/>\n<meta property=\"article:publisher\" content=\"https:\/\/www.facebook.com\/touksimaailm\/\" \/>\n<meta property=\"og:image\" content=\"https:\/\/www.xn--tuksimaailm-ffb.ee\/wp-content\/uploads\/2022\/12\/8.5x2-taisrehv-varviliste-tappidega-Xiaomi-Pro-1S-1.jpeg\" \/>\n\t<meta property=\"og:image:width\" content=\"1001\" \/>\n\t<meta property=\"og:image:height\" content=\"1001\" \/>\n\t<meta property=\"og:image:type\" content=\"image\/jpeg\" \/>\n<meta name=\"twitter:card\" content=\"summary_large_image\" \/>\n<meta name=\"twitter:label1\" content=\"Availability\" \/>\n\t<meta name=\"twitter:data1\" content=\"In stock\" \/>\n<meta property=\"og:availability\" content=\"instock\" \/>\n<meta property=\"product:availability\" content=\"instock\" \/>\n<meta property=\"product:condition\" content=\"new\" \/>\n<!-- \/ Yoast SEO Premium plugin. -->","yoast_head_json":{"title":"8.5x2\" solid tyre with coloured dots Xiaomi Pro 1S | T\u00f5uksimaailm","description":"8.5x2\" solid tyre with coloured dots, suitable for Xiaomi Pro 2, 1S, 4 Pro, Essential, Mi 3 (Lite).","robots":{"index":"index","follow":"follow","max-snippet":"max-snippet:-1","max-image-preview":"max-image-preview:large","max-video-preview":"max-video-preview:-1"},"canonical":"https:\/\/www.xn--tuksimaailm-ffb.ee\/en\/product\/8-5x2-solid-tyre-with-coloured-dots-xiaomi-pro-1s\/","og_locale":"en_US","og_type":"article","og_title":"8.5x2\" solid tyre with coloured dots Xiaomi Pro 1S","og_description":"8.5x2\" solid tyre with coloured dots, suitable for Xiaomi Pro 2, 1S, 4 Pro, Essential, Mi 3 (Lite).","og_url":"https:\/\/www.xn--tuksimaailm-ffb.ee\/en\/product\/8-5x2-solid-tyre-with-coloured-dots-xiaomi-pro-1s\/","og_site_name":"T\u00f5uksimaailm","article_publisher":"https:\/\/www.facebook.com\/touksimaailm\/","og_image":[{"width":1001,"height":1001,"url":"https:\/\/www.xn--tuksimaailm-ffb.ee\/wp-content\/uploads\/2022\/12\/8.5x2-taisrehv-varviliste-tappidega-Xiaomi-Pro-1S-1.jpeg","type":"image\/jpeg"}],"twitter_card":"summary_large_image","twitter_misc":{"Availability":"In stock"},"schema":{"@context":"https:\/\/schema.org","@graph":[{"@type":"WebPage","@id":"https:\/\/www.xn--tuksimaailm-ffb.ee\/en\/product\/8-5x2-solid-tyre-with-coloured-dots-xiaomi-pro-1s\/","url":"https:\/\/www.xn--tuksimaailm-ffb.ee\/en\/product\/8-5x2-solid-tyre-with-coloured-dots-xiaomi-pro-1s\/","name":"8.5x2\" solid tyre with coloured dots Xiaomi Pro 1S | T\u00f5uksimaailm","isPartOf":{"@id":"https:\/\/www.xn--tuksimaailm-ffb.ee\/en\/#website"},"primaryImageOfPage":{"@id":"https:\/\/www.xn--tuksimaailm-ffb.ee\/en\/product\/8-5x2-solid-tyre-with-coloured-dots-xiaomi-pro-1s\/#primaryimage"},"image":{"@id":"https:\/\/www.xn--tuksimaailm-ffb.ee\/en\/product\/8-5x2-solid-tyre-with-coloured-dots-xiaomi-pro-1s\/#primaryimage"},"thumbnailUrl":"https:\/\/www.xn--tuksimaailm-ffb.ee\/wp-content\/uploads\/2022\/12\/8.5x2-taisrehv-varviliste-tappidega-Xiaomi-Pro-1S-1.jpeg","datePublished":"2022-12-30T18:26:24+00:00","description":"8.5x2\" solid tyre with coloured dots, suitable for Xiaomi Pro 2, 1S, 4 Pro, Essential, Mi 3 (Lite).","breadcrumb":{"@id":"https:\/\/www.xn--tuksimaailm-ffb.ee\/en\/product\/8-5x2-solid-tyre-with-coloured-dots-xiaomi-pro-1s\/#breadcrumb"},"inLanguage":"en-US","potentialAction":[{"@type":"ReadAction","target":["https:\/\/www.xn--tuksimaailm-ffb.ee\/en\/product\/8-5x2-solid-tyre-with-coloured-dots-xiaomi-pro-1s\/"]}]},{"@type":"ImageObject","inLanguage":"en-US","@id":"https:\/\/www.xn--tuksimaailm-ffb.ee\/en\/product\/8-5x2-solid-tyre-with-coloured-dots-xiaomi-pro-1s\/#primaryimage","url":"https:\/\/www.xn--tuksimaailm-ffb.ee\/wp-content\/uploads\/2022\/12\/8.5x2-taisrehv-varviliste-tappidega-Xiaomi-Pro-1S-1.jpeg","contentUrl":"https:\/\/www.xn--tuksimaailm-ffb.ee\/wp-content\/uploads\/2022\/12\/8.5x2-taisrehv-varviliste-tappidega-Xiaomi-Pro-1S-1.jpeg","width":1001,"height":1001,"caption":"8.5x2\" solid tyre with coloured dots Xiaomi Pro 1S"},{"@type":"BreadcrumbList","@id":"https:\/\/www.xn--tuksimaailm-ffb.ee\/en\/product\/8-5x2-solid-tyre-with-coloured-dots-xiaomi-pro-1s\/#breadcrumb","itemListElement":[{"@type":"ListItem","position":1,"name":"Home","item":"https:\/\/www.xn--tuksimaailm-ffb.ee\/en\/main-page\/"},{"@type":"ListItem","position":2,"name":"Shop","item":"https:\/\/www.xn--tuksimaailm-ffb.ee\/elektritoukerataste-pood\/"},{"@type":"ListItem","position":3,"name":"8.5x2\" solid tyre with coloured dots Xiaomi Pro 1S"}]},{"@type":"WebSite","@id":"https:\/\/www.xn--tuksimaailm-ffb.ee\/en\/#website","url":"https:\/\/www.xn--tuksimaailm-ffb.ee\/en\/","name":"T\u00f5uksimaailm","description":"Elektrit\u00f5ukerataste m\u00fc\u00fck, remont ja rent","publisher":{"@id":"https:\/\/www.xn--tuksimaailm-ffb.ee\/en\/#organization"},"potentialAction":[{"@type":"SearchAction","target":{"@type":"EntryPoint","urlTemplate":"https:\/\/www.xn--tuksimaailm-ffb.ee\/en\/?s={search_term_string}"},"query-input":{"@type":"PropertyValueSpecification","valueRequired":true,"valueName":"search_term_string"}}],"inLanguage":"en-US"},{"@type":"Organization","@id":"https:\/\/www.xn--tuksimaailm-ffb.ee\/en\/#organization","name":"T\u00f5uksimaailm","url":"https:\/\/www.xn--tuksimaailm-ffb.ee\/en\/","logo":{"@type":"ImageObject","inLanguage":"en-US","@id":"https:\/\/www.xn--tuksimaailm-ffb.ee\/en\/#\/schema\/logo\/image\/","url":"https:\/\/www.xn--tuksimaailm-ffb.ee\/wp-content\/uploads\/2020\/01\/logoz-e1579792875517.png","contentUrl":"https:\/\/www.xn--tuksimaailm-ffb.ee\/wp-content\/uploads\/2020\/01\/logoz-e1579792875517.png","width":250,"height":250,"caption":"T\u00f5uksimaailm"},"image":{"@id":"https:\/\/www.xn--tuksimaailm-ffb.ee\/en\/#\/schema\/logo\/image\/"},"sameAs":["https:\/\/www.facebook.com\/touksimaailm\/","https:\/\/www.instagram.com\/touksimaailm_\/","https:\/\/www.youtube.com\/channel\/UC18ml0EKIDLP1xGuQjFzcXQ"]}]},"og_availability":"instock","product_availability":"instock","product_condition":"new"},"jetpack_sharing_enabled":true,"_links":{"self":[{"href":"https:\/\/www.xn--tuksimaailm-ffb.ee\/en\/wp-json\/wp\/v2\/product\/60955","targetHints":{"allow":["GET"]}}],"collection":[{"href":"https:\/\/www.xn--tuksimaailm-ffb.ee\/en\/wp-json\/wp\/v2\/product"}],"about":[{"href":"https:\/\/www.xn--tuksimaailm-ffb.ee\/en\/wp-json\/wp\/v2\/types\/product"}],"wp:featuredmedia":[{"embeddable":true,"href":"https:\/\/www.xn--tuksimaailm-ffb.ee\/en\/wp-json\/wp\/v2\/media\/21569"}],"wp:attachment":[{"href":"https:\/\/www.xn--tuksimaailm-ffb.ee\/en\/wp-json\/wp\/v2\/media?parent=60955"}],"wp:term":[{"taxonomy":"product_brand","embeddable":true,"href":"https:\/\/www.xn--tuksimaailm-ffb.ee\/en\/wp-json\/wp\/v2\/product_brand?post=60955"},{"taxonomy":"product_cat","embeddable":true,"href":"https:\/\/www.xn--tuksimaailm-ffb.ee\/en\/wp-json\/wp\/v2\/product_cat?post=60955"},{"taxonomy":"product_tag","embeddable":true,"href":"https:\/\/www.xn--tuksimaailm-ffb.ee\/en\/wp-json\/wp\/v2\/product_tag?post=60955"},{"taxonomy":"filter_elektritoukeratas","embeddable":true,"href":"https:\/\/www.xn--tuksimaailm-ffb.ee\/en\/wp-json\/wp\/v2\/filter_elektritoukeratas?post=60955"}],"curies":[{"name":"wp","href":"https:\/\/api.w.org\/{rel}","templated":true}]}}