{"id":60982,"date":"2022-12-30T22:10:57","date_gmt":"2022-12-30T20:10:57","guid":{"rendered":"http:\/\/www.xn--tuksimaailm-ffb.ee\/shop\/floor-pump-sks-air-compressor-10-0\/"},"modified":"2022-12-30T22:10:57","modified_gmt":"2022-12-30T20:10:57","slug":"floor-pump-sks-air-compressor-10-0","status":"publish","type":"product","link":"https:\/\/www.xn--tuksimaailm-ffb.ee\/en\/product\/floor-pump-sks-air-compressor-10-0\/","title":{"rendered":"Floor pump SKS Air compressor 10.0"},"content":{"rendered":"<p>Floor pump SKS Air Compressor 10.0, maximum pumpable pressure<b><strong> 10bar \/ 144PSI<\/strong><\/b>. The floor pump is equipped with a large 80mm diameter <b><strong>pressure gauge and a long hose<\/strong><\/b> for accurate pressure. The floor pump is designed for pumping auto-valves (all electric actuators). The pump tube is made of steel and the upper and lower housing parts are made of plastic. The T-shaped pump handle and the wide footrest allow quick and comfortable pumping of tyres.<\/p>\n<p>As the dimensions and air capacity of the electric scooter tyres are such that they are prone to internal tyre rupture due to impact, we recommend checking the tyre pressure once every 2 weeks, or before each ride if the electric scooter is ridden less frequently. When inflating the tyres, we strongly recommend the use of pressure gauge pumps to ensure the exact tyre pressure recommended by the electric scooter manufacturer. The SKS Airkompressor 10.0 floor pump, other pumps and other accessories are available in our <a href=\"http:\/\/www.xn--tuksimaailm-ffb.ee\/kontakt\/\">shop<\/a>.<\/p>\n","protected":false},"excerpt":{"rendered":"<p>Floor pump SKS Air Compressor 10.0, maximum pumpable pressure 10bar \/ 144PSI. The floor pump is equipped with a large 80mm diameter pressure gauge and a long hose for accurate pressure. The floor pump is designed for pumping auto-valves (all electric actuators). The pump tube is made of steel and &hellip;<\/p>\n","protected":false},"featured_media":21646,"template":"","meta":[],"product_brand":[],"product_cat":[746,749],"product_tag":[3456],"filter_elektritoukeratas":[],"class_list":{"0":"post-60982","1":"product","2":"type-product","3":"status-publish","4":"has-post-thumbnail","6":"product_cat-accessories","7":"product_cat-tools-and-supplies","8":"product_tag-pumps","9":"product_shipping_class-keskmine-pakk-en","10":"pa_tootetuup-pumps","12":"first","13":"instock","14":"taxable","15":"shipping-taxable","16":"purchasable","17":"product-type-simple"},"yoast_head":"<!-- This site is optimized with the Yoast SEO Premium plugin v26.8 (Yoast SEO v27.5) - https:\/\/yoast.com\/product\/yoast-seo-premium-wordpress\/ -->\n<title>Floor pump SKS Air compressor 10.0 | T\u00f5uksimaailm<\/title>\n<meta name=\"description\" content=\"Floor pump SKS Air compressor 10.0, maximum pumpable pressure 10bar \/ 144PSI. The floor pump is equipped with a large 80mm diameter manometer.\" \/>\n<meta name=\"robots\" content=\"index, follow, max-snippet:-1, max-image-preview:large, max-video-preview:-1\" \/>\n<link rel=\"canonical\" href=\"https:\/\/www.xn--tuksimaailm-ffb.ee\/en\/product\/floor-pump-sks-air-compressor-10-0\/\" \/>\n<meta property=\"og:locale\" content=\"en_US\" \/>\n<meta property=\"og:type\" content=\"article\" \/>\n<meta property=\"og:title\" content=\"Floor pump SKS Air compressor 10.0\" \/>\n<meta property=\"og:description\" content=\"Floor pump SKS Air compressor 10.0, maximum pumpable pressure 10bar \/ 144PSI. The floor pump is equipped with a large 80mm diameter manometer.\" \/>\n<meta property=\"og:url\" content=\"https:\/\/www.xn--tuksimaailm-ffb.ee\/en\/product\/floor-pump-sks-air-compressor-10-0\/\" \/>\n<meta property=\"og:site_name\" content=\"T\u00f5uksimaailm\" \/>\n<meta property=\"article:publisher\" content=\"https:\/\/www.facebook.com\/touksimaailm\/\" \/>\n<meta property=\"og:image\" content=\"https:\/\/www.xn--tuksimaailm-ffb.ee\/wp-content\/uploads\/2022\/12\/10.0-6.jpg\" \/>\n\t<meta property=\"og:image:width\" content=\"537\" \/>\n\t<meta property=\"og:image:height\" content=\"565\" \/>\n\t<meta property=\"og:image:type\" content=\"image\/jpeg\" \/>\n<meta name=\"twitter:card\" content=\"summary_large_image\" \/>\n<meta name=\"twitter:label1\" content=\"Price\" \/>\n\t<meta name=\"twitter:data1\" content=\"&euro;35.00\" \/>\n\t<meta name=\"twitter:label2\" content=\"Availability\" \/>\n\t<meta name=\"twitter:data2\" content=\"In stock\" \/>\n<meta property=\"product:price:amount\" content=\"35.00\" \/>\n<meta property=\"product:price:currency\" content=\"EUR\" \/>\n<meta property=\"og:availability\" content=\"instock\" \/>\n<meta property=\"product:availability\" content=\"instock\" \/>\n<meta property=\"product:condition\" content=\"new\" \/>\n<!-- \/ Yoast SEO Premium plugin. -->","yoast_head_json":{"title":"Floor pump SKS Air compressor 10.0 | T\u00f5uksimaailm","description":"Floor pump SKS Air compressor 10.0, maximum pumpable pressure 10bar \/ 144PSI. The floor pump is equipped with a large 80mm diameter manometer.","robots":{"index":"index","follow":"follow","max-snippet":"max-snippet:-1","max-image-preview":"max-image-preview:large","max-video-preview":"max-video-preview:-1"},"canonical":"https:\/\/www.xn--tuksimaailm-ffb.ee\/en\/product\/floor-pump-sks-air-compressor-10-0\/","og_locale":"en_US","og_type":"article","og_title":"Floor pump SKS Air compressor 10.0","og_description":"Floor pump SKS Air compressor 10.0, maximum pumpable pressure 10bar \/ 144PSI. The floor pump is equipped with a large 80mm diameter manometer.","og_url":"https:\/\/www.xn--tuksimaailm-ffb.ee\/en\/product\/floor-pump-sks-air-compressor-10-0\/","og_site_name":"T\u00f5uksimaailm","article_publisher":"https:\/\/www.facebook.com\/touksimaailm\/","og_image":[{"width":537,"height":565,"url":"https:\/\/www.xn--tuksimaailm-ffb.ee\/wp-content\/uploads\/2022\/12\/10.0-6.jpg","type":"image\/jpeg"}],"twitter_card":"summary_large_image","twitter_misc":{"Price":"&euro;35.00","Availability":"In stock"},"schema":{"@context":"https:\/\/schema.org","@graph":[{"@type":"WebPage","@id":"https:\/\/www.xn--tuksimaailm-ffb.ee\/en\/product\/floor-pump-sks-air-compressor-10-0\/","url":"https:\/\/www.xn--tuksimaailm-ffb.ee\/en\/product\/floor-pump-sks-air-compressor-10-0\/","name":"Floor pump SKS Air compressor 10.0 | T\u00f5uksimaailm","isPartOf":{"@id":"https:\/\/www.xn--tuksimaailm-ffb.ee\/en\/#website"},"primaryImageOfPage":{"@id":"https:\/\/www.xn--tuksimaailm-ffb.ee\/en\/product\/floor-pump-sks-air-compressor-10-0\/#primaryimage"},"image":{"@id":"https:\/\/www.xn--tuksimaailm-ffb.ee\/en\/product\/floor-pump-sks-air-compressor-10-0\/#primaryimage"},"thumbnailUrl":"https:\/\/www.xn--tuksimaailm-ffb.ee\/wp-content\/uploads\/2022\/12\/10.0-6.jpg","datePublished":"2022-12-30T20:10:57+00:00","description":"Floor pump SKS Air compressor 10.0, maximum pumpable pressure 10bar \/ 144PSI. The floor pump is equipped with a large 80mm diameter manometer.","breadcrumb":{"@id":"https:\/\/www.xn--tuksimaailm-ffb.ee\/en\/product\/floor-pump-sks-air-compressor-10-0\/#breadcrumb"},"inLanguage":"en-US","potentialAction":[{"@type":"ReadAction","target":["https:\/\/www.xn--tuksimaailm-ffb.ee\/en\/product\/floor-pump-sks-air-compressor-10-0\/"]}]},{"@type":"ImageObject","inLanguage":"en-US","@id":"https:\/\/www.xn--tuksimaailm-ffb.ee\/en\/product\/floor-pump-sks-air-compressor-10-0\/#primaryimage","url":"https:\/\/www.xn--tuksimaailm-ffb.ee\/wp-content\/uploads\/2022\/12\/10.0-6.jpg","contentUrl":"https:\/\/www.xn--tuksimaailm-ffb.ee\/wp-content\/uploads\/2022\/12\/10.0-6.jpg","width":537,"height":565,"caption":"Floor pump SKS Air compressor 10.0"},{"@type":"BreadcrumbList","@id":"https:\/\/www.xn--tuksimaailm-ffb.ee\/en\/product\/floor-pump-sks-air-compressor-10-0\/#breadcrumb","itemListElement":[{"@type":"ListItem","position":1,"name":"Home","item":"https:\/\/www.xn--tuksimaailm-ffb.ee\/en\/main-page\/"},{"@type":"ListItem","position":2,"name":"Shop","item":"https:\/\/www.xn--tuksimaailm-ffb.ee\/elektritoukerataste-pood\/"},{"@type":"ListItem","position":3,"name":"Floor pump SKS Air compressor 10.0"}]},{"@type":"WebSite","@id":"https:\/\/www.xn--tuksimaailm-ffb.ee\/en\/#website","url":"https:\/\/www.xn--tuksimaailm-ffb.ee\/en\/","name":"T\u00f5uksimaailm","description":"Elektrit\u00f5ukerataste m\u00fc\u00fck, remont ja rent","publisher":{"@id":"https:\/\/www.xn--tuksimaailm-ffb.ee\/en\/#organization"},"potentialAction":[{"@type":"SearchAction","target":{"@type":"EntryPoint","urlTemplate":"https:\/\/www.xn--tuksimaailm-ffb.ee\/en\/?s={search_term_string}"},"query-input":{"@type":"PropertyValueSpecification","valueRequired":true,"valueName":"search_term_string"}}],"inLanguage":"en-US"},{"@type":"Organization","@id":"https:\/\/www.xn--tuksimaailm-ffb.ee\/en\/#organization","name":"T\u00f5uksimaailm","url":"https:\/\/www.xn--tuksimaailm-ffb.ee\/en\/","logo":{"@type":"ImageObject","inLanguage":"en-US","@id":"https:\/\/www.xn--tuksimaailm-ffb.ee\/en\/#\/schema\/logo\/image\/","url":"https:\/\/www.xn--tuksimaailm-ffb.ee\/wp-content\/uploads\/2020\/01\/logoz-e1579792875517.png","contentUrl":"https:\/\/www.xn--tuksimaailm-ffb.ee\/wp-content\/uploads\/2020\/01\/logoz-e1579792875517.png","width":250,"height":250,"caption":"T\u00f5uksimaailm"},"image":{"@id":"https:\/\/www.xn--tuksimaailm-ffb.ee\/en\/#\/schema\/logo\/image\/"},"sameAs":["https:\/\/www.facebook.com\/touksimaailm\/","https:\/\/www.instagram.com\/touksimaailm_\/","https:\/\/www.youtube.com\/channel\/UC18ml0EKIDLP1xGuQjFzcXQ"]}]},"product_price_amount":"35.00","product_price_currency":"EUR","og_availability":"instock","product_availability":"instock","product_condition":"new"},"jetpack_sharing_enabled":true,"_links":{"self":[{"href":"https:\/\/www.xn--tuksimaailm-ffb.ee\/en\/wp-json\/wp\/v2\/product\/60982","targetHints":{"allow":["GET"]}}],"collection":[{"href":"https:\/\/www.xn--tuksimaailm-ffb.ee\/en\/wp-json\/wp\/v2\/product"}],"about":[{"href":"https:\/\/www.xn--tuksimaailm-ffb.ee\/en\/wp-json\/wp\/v2\/types\/product"}],"wp:featuredmedia":[{"embeddable":true,"href":"https:\/\/www.xn--tuksimaailm-ffb.ee\/en\/wp-json\/wp\/v2\/media\/21646"}],"wp:attachment":[{"href":"https:\/\/www.xn--tuksimaailm-ffb.ee\/en\/wp-json\/wp\/v2\/media?parent=60982"}],"wp:term":[{"taxonomy":"product_brand","embeddable":true,"href":"https:\/\/www.xn--tuksimaailm-ffb.ee\/en\/wp-json\/wp\/v2\/product_brand?post=60982"},{"taxonomy":"product_cat","embeddable":true,"href":"https:\/\/www.xn--tuksimaailm-ffb.ee\/en\/wp-json\/wp\/v2\/product_cat?post=60982"},{"taxonomy":"product_tag","embeddable":true,"href":"https:\/\/www.xn--tuksimaailm-ffb.ee\/en\/wp-json\/wp\/v2\/product_tag?post=60982"},{"taxonomy":"filter_elektritoukeratas","embeddable":true,"href":"https:\/\/www.xn--tuksimaailm-ffb.ee\/en\/wp-json\/wp\/v2\/filter_elektritoukeratas?post=60982"}],"curies":[{"name":"wp","href":"https:\/\/api.w.org\/{rel}","templated":true}]}}