{"id":61002,"date":"2022-12-31T17:53:17","date_gmt":"2022-12-31T15:53:17","guid":{"rendered":"http:\/\/www.xn--tuksimaailm-ffb.ee\/shop\/handlebar-elevation-xiaomi-electric-scooter\/"},"modified":"2022-12-31T17:53:17","modified_gmt":"2022-12-31T15:53:17","slug":"handlebar-elevation-xiaomi-electric-scooter","status":"publish","type":"product","link":"https:\/\/www.xn--tuksimaailm-ffb.ee\/en\/product\/handlebar-elevation-xiaomi-electric-scooter\/","title":{"rendered":"Handlebar elevation Xiaomi electric scooter"},"content":{"rendered":"","protected":false},"excerpt":{"rendered":"","protected":false},"featured_media":21722,"template":"","meta":[],"product_brand":[],"product_cat":[746,726],"product_tag":[3209],"filter_elektritoukeratas":[2613,2612],"class_list":{"0":"post-61002","1":"product","2":"type-product","3":"status-publish","4":"has-post-thumbnail","6":"product_cat-accessories","7":"product_cat-spare-parts","8":"product_tag-xiaomi-spare-parts","9":"pa_tootetuup-extra-handlebars-handlebar-extenders-and-risers","10":"filter_elektritoukeratas-ft_xiaomi_1s_mi3_pro_2_3_lite","11":"filter_elektritoukeratas-ft_xiaomi_m365_m365_pro_essential","13":"first","14":"instock","15":"taxable","16":"shipping-taxable","17":"purchasable","18":"product-type-simple"},"yoast_head":"<!-- This site is optimized with the Yoast SEO Premium plugin v26.8 (Yoast SEO v27.5) - https:\/\/yoast.com\/product\/yoast-seo-premium-wordpress\/ -->\n<title>Handlebar elevation Xiaomi electric scooter | T\u00f5uksimaailm<\/title>\n<meta name=\"description\" content=\"Handlebar lift, suitable for Xiaomi electric scooter M365, Pro 2, 1S, Mi 3 (+ Lite), 4 Pro. Adapter raises the lens 58mm.\" \/>\n<meta name=\"robots\" content=\"index, follow, max-snippet:-1, max-image-preview:large, max-video-preview:-1\" \/>\n<link rel=\"canonical\" href=\"https:\/\/www.xn--tuksimaailm-ffb.ee\/en\/product\/handlebar-elevation-xiaomi-electric-scooter\/\" \/>\n<meta property=\"og:locale\" content=\"en_US\" \/>\n<meta property=\"og:type\" content=\"article\" \/>\n<meta property=\"og:title\" content=\"Handlebar elevation Xiaomi electric scooter\" \/>\n<meta property=\"og:description\" content=\"Handlebar lift, suitable for Xiaomi electric scooter M365, Pro 2, 1S, Mi 3 (+ Lite), 4 Pro. Adapter raises the lens 58mm.\" \/>\n<meta property=\"og:url\" content=\"https:\/\/www.xn--tuksimaailm-ffb.ee\/en\/product\/handlebar-elevation-xiaomi-electric-scooter\/\" \/>\n<meta property=\"og:site_name\" content=\"T\u00f5uksimaailm\" \/>\n<meta property=\"article:publisher\" content=\"https:\/\/www.facebook.com\/touksimaailm\/\" \/>\n<meta property=\"og:image\" content=\"https:\/\/www.xn--tuksimaailm-ffb.ee\/wp-content\/uploads\/2022\/12\/Lenksu-poomi-korgendus-Xiaomi-elektritoukeratas.jpeg\" \/>\n\t<meta property=\"og:image:width\" content=\"1600\" \/>\n\t<meta property=\"og:image:height\" content=\"1600\" \/>\n\t<meta property=\"og:image:type\" content=\"image\/jpeg\" \/>\n<meta name=\"twitter:card\" content=\"summary_large_image\" \/>\n<meta name=\"twitter:label1\" content=\"Price\" \/>\n\t<meta name=\"twitter:data1\" content=\"&euro;24.90\" \/>\n\t<meta name=\"twitter:label2\" content=\"Availability\" \/>\n\t<meta name=\"twitter:data2\" content=\"In stock\" \/>\n<meta property=\"product:price:amount\" content=\"24.90\" \/>\n<meta property=\"product:price:currency\" content=\"EUR\" \/>\n<meta property=\"og:availability\" content=\"instock\" \/>\n<meta property=\"product:availability\" content=\"instock\" \/>\n<meta property=\"product:condition\" content=\"new\" \/>\n<!-- \/ Yoast SEO Premium plugin. -->","yoast_head_json":{"title":"Handlebar elevation Xiaomi electric scooter | T\u00f5uksimaailm","description":"Handlebar lift, suitable for Xiaomi electric scooter M365, Pro 2, 1S, Mi 3 (+ Lite), 4 Pro. Adapter raises the lens 58mm.","robots":{"index":"index","follow":"follow","max-snippet":"max-snippet:-1","max-image-preview":"max-image-preview:large","max-video-preview":"max-video-preview:-1"},"canonical":"https:\/\/www.xn--tuksimaailm-ffb.ee\/en\/product\/handlebar-elevation-xiaomi-electric-scooter\/","og_locale":"en_US","og_type":"article","og_title":"Handlebar elevation Xiaomi electric scooter","og_description":"Handlebar lift, suitable for Xiaomi electric scooter M365, Pro 2, 1S, Mi 3 (+ Lite), 4 Pro. Adapter raises the lens 58mm.","og_url":"https:\/\/www.xn--tuksimaailm-ffb.ee\/en\/product\/handlebar-elevation-xiaomi-electric-scooter\/","og_site_name":"T\u00f5uksimaailm","article_publisher":"https:\/\/www.facebook.com\/touksimaailm\/","og_image":[{"width":1600,"height":1600,"url":"https:\/\/www.xn--tuksimaailm-ffb.ee\/wp-content\/uploads\/2022\/12\/Lenksu-poomi-korgendus-Xiaomi-elektritoukeratas.jpeg","type":"image\/jpeg"}],"twitter_card":"summary_large_image","twitter_misc":{"Price":"&euro;24.90","Availability":"In stock"},"schema":{"@context":"https:\/\/schema.org","@graph":[{"@type":"WebPage","@id":"https:\/\/www.xn--tuksimaailm-ffb.ee\/en\/product\/handlebar-elevation-xiaomi-electric-scooter\/","url":"https:\/\/www.xn--tuksimaailm-ffb.ee\/en\/product\/handlebar-elevation-xiaomi-electric-scooter\/","name":"Handlebar elevation Xiaomi electric scooter | T\u00f5uksimaailm","isPartOf":{"@id":"https:\/\/www.xn--tuksimaailm-ffb.ee\/en\/#website"},"primaryImageOfPage":{"@id":"https:\/\/www.xn--tuksimaailm-ffb.ee\/en\/product\/handlebar-elevation-xiaomi-electric-scooter\/#primaryimage"},"image":{"@id":"https:\/\/www.xn--tuksimaailm-ffb.ee\/en\/product\/handlebar-elevation-xiaomi-electric-scooter\/#primaryimage"},"thumbnailUrl":"https:\/\/www.xn--tuksimaailm-ffb.ee\/wp-content\/uploads\/2022\/12\/Lenksu-poomi-korgendus-Xiaomi-elektritoukeratas.jpeg","datePublished":"2022-12-31T15:53:17+00:00","description":"Handlebar lift, suitable for Xiaomi electric scooter M365, Pro 2, 1S, Mi 3 (+ Lite), 4 Pro. Adapter raises the lens 58mm.","breadcrumb":{"@id":"https:\/\/www.xn--tuksimaailm-ffb.ee\/en\/product\/handlebar-elevation-xiaomi-electric-scooter\/#breadcrumb"},"inLanguage":"en-US","potentialAction":[{"@type":"ReadAction","target":["https:\/\/www.xn--tuksimaailm-ffb.ee\/en\/product\/handlebar-elevation-xiaomi-electric-scooter\/"]}]},{"@type":"ImageObject","inLanguage":"en-US","@id":"https:\/\/www.xn--tuksimaailm-ffb.ee\/en\/product\/handlebar-elevation-xiaomi-electric-scooter\/#primaryimage","url":"https:\/\/www.xn--tuksimaailm-ffb.ee\/wp-content\/uploads\/2022\/12\/Lenksu-poomi-korgendus-Xiaomi-elektritoukeratas.jpeg","contentUrl":"https:\/\/www.xn--tuksimaailm-ffb.ee\/wp-content\/uploads\/2022\/12\/Lenksu-poomi-korgendus-Xiaomi-elektritoukeratas.jpeg","width":1600,"height":1600,"caption":"Handlebar elevation Xiaomi electric scooter"},{"@type":"BreadcrumbList","@id":"https:\/\/www.xn--tuksimaailm-ffb.ee\/en\/product\/handlebar-elevation-xiaomi-electric-scooter\/#breadcrumb","itemListElement":[{"@type":"ListItem","position":1,"name":"Home","item":"https:\/\/www.xn--tuksimaailm-ffb.ee\/en\/main-page\/"},{"@type":"ListItem","position":2,"name":"Shop","item":"https:\/\/www.xn--tuksimaailm-ffb.ee\/elektritoukerataste-pood\/"},{"@type":"ListItem","position":3,"name":"Handlebar elevation Xiaomi electric scooter"}]},{"@type":"WebSite","@id":"https:\/\/www.xn--tuksimaailm-ffb.ee\/en\/#website","url":"https:\/\/www.xn--tuksimaailm-ffb.ee\/en\/","name":"T\u00f5uksimaailm","description":"Elektrit\u00f5ukerataste m\u00fc\u00fck, remont ja rent","publisher":{"@id":"https:\/\/www.xn--tuksimaailm-ffb.ee\/en\/#organization"},"potentialAction":[{"@type":"SearchAction","target":{"@type":"EntryPoint","urlTemplate":"https:\/\/www.xn--tuksimaailm-ffb.ee\/en\/?s={search_term_string}"},"query-input":{"@type":"PropertyValueSpecification","valueRequired":true,"valueName":"search_term_string"}}],"inLanguage":"en-US"},{"@type":"Organization","@id":"https:\/\/www.xn--tuksimaailm-ffb.ee\/en\/#organization","name":"T\u00f5uksimaailm","url":"https:\/\/www.xn--tuksimaailm-ffb.ee\/en\/","logo":{"@type":"ImageObject","inLanguage":"en-US","@id":"https:\/\/www.xn--tuksimaailm-ffb.ee\/en\/#\/schema\/logo\/image\/","url":"https:\/\/www.xn--tuksimaailm-ffb.ee\/wp-content\/uploads\/2020\/01\/logoz-e1579792875517.png","contentUrl":"https:\/\/www.xn--tuksimaailm-ffb.ee\/wp-content\/uploads\/2020\/01\/logoz-e1579792875517.png","width":250,"height":250,"caption":"T\u00f5uksimaailm"},"image":{"@id":"https:\/\/www.xn--tuksimaailm-ffb.ee\/en\/#\/schema\/logo\/image\/"},"sameAs":["https:\/\/www.facebook.com\/touksimaailm\/","https:\/\/www.instagram.com\/touksimaailm_\/","https:\/\/www.youtube.com\/channel\/UC18ml0EKIDLP1xGuQjFzcXQ"]}]},"product_price_amount":"24.90","product_price_currency":"EUR","og_availability":"instock","product_availability":"instock","product_condition":"new"},"jetpack_sharing_enabled":true,"_links":{"self":[{"href":"https:\/\/www.xn--tuksimaailm-ffb.ee\/en\/wp-json\/wp\/v2\/product\/61002","targetHints":{"allow":["GET"]}}],"collection":[{"href":"https:\/\/www.xn--tuksimaailm-ffb.ee\/en\/wp-json\/wp\/v2\/product"}],"about":[{"href":"https:\/\/www.xn--tuksimaailm-ffb.ee\/en\/wp-json\/wp\/v2\/types\/product"}],"wp:featuredmedia":[{"embeddable":true,"href":"https:\/\/www.xn--tuksimaailm-ffb.ee\/en\/wp-json\/wp\/v2\/media\/21722"}],"wp:attachment":[{"href":"https:\/\/www.xn--tuksimaailm-ffb.ee\/en\/wp-json\/wp\/v2\/media?parent=61002"}],"wp:term":[{"taxonomy":"product_brand","embeddable":true,"href":"https:\/\/www.xn--tuksimaailm-ffb.ee\/en\/wp-json\/wp\/v2\/product_brand?post=61002"},{"taxonomy":"product_cat","embeddable":true,"href":"https:\/\/www.xn--tuksimaailm-ffb.ee\/en\/wp-json\/wp\/v2\/product_cat?post=61002"},{"taxonomy":"product_tag","embeddable":true,"href":"https:\/\/www.xn--tuksimaailm-ffb.ee\/en\/wp-json\/wp\/v2\/product_tag?post=61002"},{"taxonomy":"filter_elektritoukeratas","embeddable":true,"href":"https:\/\/www.xn--tuksimaailm-ffb.ee\/en\/wp-json\/wp\/v2\/filter_elektritoukeratas?post=61002"}],"curies":[{"name":"wp","href":"https:\/\/api.w.org\/{rel}","templated":true}]}}