{"id":26092,"date":"2021-12-20T19:34:47","date_gmt":"2021-12-20T17:34:47","guid":{"rendered":"http:\/\/www.xn--tuksimaailm-ffb.ee\/tuotemerkit\/"},"modified":"2023-01-18T17:19:45","modified_gmt":"2023-01-18T15:19:45","slug":"tuotemerkit","status":"publish","type":"page","link":"https:\/\/www.xn--tuksimaailm-ffb.ee\/fi\/tuotemerkit\/","title":{"rendered":"Tuotemerkit"},"content":{"rendered":"\n<figure class=\"wp-block-embed aligncenter is-type-wp-embed is-provider-touksimaailm wp-block-embed-touksimaailm\"><div class=\"wp-block-embed__wrapper\">\r\n<blockquote class=\"wp-embedded-content\" data-secret=\"fLMfEIyTPk\"><a href=\"https:\/\/www.xn--tuksimaailm-ffb.ee\/fi\/inokim\/\">Inokim<\/a><\/blockquote><iframe class=\"wp-embedded-content\" sandbox=\"allow-scripts\" security=\"restricted\" style=\"position: absolute; visibility: hidden;\" title=\"&#8221;Inokim&#8221; &#8212; T\u00f5uksimaailm\" src=\"https:\/\/www.xn--tuksimaailm-ffb.ee\/fi\/inokim\/embed\/#?secret=bULjRcC73a#?secret=fLMfEIyTPk\" data-secret=\"fLMfEIyTPk\" width=\"600\" height=\"338\" frameborder=\"0\" marginwidth=\"0\" marginheight=\"0\" scrolling=\"no\"><\/iframe>\r\n<\/div><\/figure>\r\n\n<figure class=\"wp-block-embed aligncenter is-type-wp-embed is-provider-touksimaailm wp-block-embed-touksimaailm\"><div class=\"wp-block-embed__wrapper\">\r\n<blockquote class=\"wp-embedded-content\" data-secret=\"qwPMS37enf\"><a href=\"https:\/\/www.xn--tuksimaailm-ffb.ee\/fi\/vsett\/\">VSETT<\/a><\/blockquote><iframe class=\"wp-embedded-content\" sandbox=\"allow-scripts\" security=\"restricted\" style=\"position: absolute; visibility: hidden;\" title=\"&#8221;VSETT&#8221; &#8212; T\u00f5uksimaailm\" src=\"https:\/\/www.xn--tuksimaailm-ffb.ee\/fi\/vsett\/embed\/#?secret=XMcw5blMvD#?secret=qwPMS37enf\" data-secret=\"qwPMS37enf\" width=\"600\" height=\"338\" frameborder=\"0\" marginwidth=\"0\" marginheight=\"0\" scrolling=\"no\"><\/iframe>\r\n<\/div><\/figure>\n\n<figure class=\"wp-block-embed aligncenter is-type-wp-embed is-provider-touksimaailm wp-block-embed-touksimaailm\"><div class=\"wp-block-embed__wrapper\">\r\nhttp:\/\/www.xn--tuksimaailm-ffb.ee\/fi\/kaabo\/\r\n<\/div><\/figure>\n\n<figure class=\"wp-block-embed aligncenter is-type-wp-embed is-provider-touksimaailm wp-block-embed-touksimaailm\"><div class=\"wp-block-embed__wrapper\">\r\n<blockquote class=\"wp-embedded-content\" data-secret=\"kSjdnKBNgq\"><a href=\"https:\/\/www.xn--tuksimaailm-ffb.ee\/fi\/nami\/\">Nami<\/a><\/blockquote><iframe class=\"wp-embedded-content\" sandbox=\"allow-scripts\" security=\"restricted\" style=\"position: absolute; visibility: hidden;\" title=\"&#8221;Nami&#8221; &#8212; T\u00f5uksimaailm\" src=\"https:\/\/www.xn--tuksimaailm-ffb.ee\/fi\/nami\/embed\/#?secret=DdASf2ZPza#?secret=kSjdnKBNgq\" data-secret=\"kSjdnKBNgq\" width=\"600\" height=\"338\" frameborder=\"0\" marginwidth=\"0\" marginheight=\"0\" scrolling=\"no\"><\/iframe>\r\n<\/div><\/figure>\n\n<figure class=\"wp-block-embed aligncenter is-type-wp-embed is-provider-touksimaailm wp-block-embed-touksimaailm\"><div class=\"wp-block-embed__wrapper\">\r\n<blockquote class=\"wp-embedded-content\" data-secret=\"SkuUp9WsEO\"><a href=\"https:\/\/www.xn--tuksimaailm-ffb.ee\/fi\/nanrobot\/\">Nanrobot<\/a><\/blockquote><iframe class=\"wp-embedded-content\" sandbox=\"allow-scripts\" security=\"restricted\" style=\"position: absolute; visibility: hidden;\" title=\"&#8221;Nanrobot&#8221; &#8212; T\u00f5uksimaailm\" src=\"https:\/\/www.xn--tuksimaailm-ffb.ee\/fi\/nanrobot\/embed\/#?secret=OgAKkks2wE#?secret=SkuUp9WsEO\" data-secret=\"SkuUp9WsEO\" width=\"600\" height=\"338\" frameborder=\"0\" marginwidth=\"0\" marginheight=\"0\" scrolling=\"no\"><\/iframe>\r\n<\/div><\/figure>\n\n<figure class=\"wp-block-embed aligncenter is-type-wp-embed is-provider-touksimaailm wp-block-embed-touksimaailm\"><div class=\"wp-block-embed__wrapper\">\r\n<blockquote class=\"wp-embedded-content\" data-secret=\"tu2wJKojYd\"><a href=\"https:\/\/www.xn--tuksimaailm-ffb.ee\/fi\/dualtron\/\">Dualtron<\/a><\/blockquote><iframe class=\"wp-embedded-content\" sandbox=\"allow-scripts\" security=\"restricted\" style=\"position: absolute; visibility: hidden;\" title=\"&#8221;Dualtron&#8221; &#8212; T\u00f5uksimaailm\" src=\"https:\/\/www.xn--tuksimaailm-ffb.ee\/fi\/dualtron\/embed\/#?secret=dRDPeddHJN#?secret=tu2wJKojYd\" data-secret=\"tu2wJKojYd\" width=\"600\" height=\"338\" frameborder=\"0\" marginwidth=\"0\" marginheight=\"0\" scrolling=\"no\"><\/iframe>\r\n<\/div><\/figure>\n\n<figure class=\"wp-block-embed aligncenter is-type-wp-embed is-provider-touksimaailm wp-block-embed-touksimaailm\"><div class=\"wp-block-embed__wrapper\">\r\n<blockquote class=\"wp-embedded-content\" data-secret=\"Wouomt6Tzm\"><a href=\"https:\/\/www.xn--tuksimaailm-ffb.ee\/fi\/techlife\/\">Techlife<\/a><\/blockquote><iframe class=\"wp-embedded-content\" sandbox=\"allow-scripts\" security=\"restricted\" style=\"position: absolute; visibility: hidden;\" title=\"&#8221;Techlife&#8221; &#8212; T\u00f5uksimaailm\" src=\"https:\/\/www.xn--tuksimaailm-ffb.ee\/fi\/techlife\/embed\/#?secret=MfHhaxALsD#?secret=Wouomt6Tzm\" data-secret=\"Wouomt6Tzm\" width=\"600\" height=\"338\" frameborder=\"0\" marginwidth=\"0\" marginheight=\"0\" scrolling=\"no\"><\/iframe>\r\n<\/div><\/figure>\n","protected":false},"excerpt":{"rendered":"","protected":false},"author":2,"featured_media":0,"parent":0,"menu_order":0,"comment_status":"closed","ping_status":"closed","template":"","meta":{"footnotes":""},"class_list":["post-26092","page","type-page","status-publish","hentry"],"yoast_head":"<!-- This site is optimized with the Yoast SEO Premium plugin v26.8 (Yoast SEO v27.5) - https:\/\/yoast.com\/product\/yoast-seo-premium-wordpress\/ -->\n<title>Tuotemerkit | T\u00f5uksimaailm | Inokim | Vsett | Kaabo | Xiaomi | Segway Ninebot<\/title>\n<meta name=\"description\" content=\"T\u00f5uksimaailm - laadukkaat s\u00e4hk\u00f6potkulaudan merkit Inokim, Vsett, Kaabo, Xiaomi, Segway Ninebot, Nanrobot, Techlife, Minimotors Dualtron.\" \/>\n<meta name=\"robots\" content=\"index, follow, max-snippet:-1, max-image-preview:large, max-video-preview:-1\" \/>\n<link rel=\"canonical\" href=\"https:\/\/www.xn--tuksimaailm-ffb.ee\/fi\/tuotemerkit\/\" \/>\n<meta property=\"og:locale\" content=\"fi_FI\" \/>\n<meta property=\"og:type\" content=\"article\" \/>\n<meta property=\"og:title\" content=\"Tuotemerkit\" \/>\n<meta property=\"og:description\" content=\"T\u00f5uksimaailm - laadukkaat s\u00e4hk\u00f6potkulaudan merkit Inokim, Vsett, Kaabo, Xiaomi, Segway Ninebot, Nanrobot, Techlife, Minimotors Dualtron.\" \/>\n<meta property=\"og:url\" content=\"https:\/\/www.xn--tuksimaailm-ffb.ee\/fi\/tuotemerkit\/\" \/>\n<meta property=\"og:site_name\" content=\"T\u00f5uksimaailm\" \/>\n<meta property=\"article:publisher\" content=\"https:\/\/www.facebook.com\/touksimaailm\/\" \/>\n<meta property=\"article:modified_time\" content=\"2023-01-18T15:19:45+00:00\" \/>\n<meta name=\"twitter:card\" content=\"summary_large_image\" \/>\n<!-- \/ Yoast SEO Premium plugin. -->","yoast_head_json":{"title":"Tuotemerkit | T\u00f5uksimaailm | Inokim | Vsett | Kaabo | Xiaomi | Segway Ninebot","description":"T\u00f5uksimaailm - laadukkaat s\u00e4hk\u00f6potkulaudan merkit Inokim, Vsett, Kaabo, Xiaomi, Segway Ninebot, Nanrobot, Techlife, Minimotors Dualtron.","robots":{"index":"index","follow":"follow","max-snippet":"max-snippet:-1","max-image-preview":"max-image-preview:large","max-video-preview":"max-video-preview:-1"},"canonical":"https:\/\/www.xn--tuksimaailm-ffb.ee\/fi\/tuotemerkit\/","og_locale":"fi_FI","og_type":"article","og_title":"Tuotemerkit","og_description":"T\u00f5uksimaailm - laadukkaat s\u00e4hk\u00f6potkulaudan merkit Inokim, Vsett, Kaabo, Xiaomi, Segway Ninebot, Nanrobot, Techlife, Minimotors Dualtron.","og_url":"https:\/\/www.xn--tuksimaailm-ffb.ee\/fi\/tuotemerkit\/","og_site_name":"T\u00f5uksimaailm","article_publisher":"https:\/\/www.facebook.com\/touksimaailm\/","article_modified_time":"2023-01-18T15:19:45+00:00","twitter_card":"summary_large_image","schema":{"@context":"https:\/\/schema.org","@graph":[{"@type":"WebPage","@id":"https:\/\/www.xn--tuksimaailm-ffb.ee\/fi\/tuotemerkit\/","url":"https:\/\/www.xn--tuksimaailm-ffb.ee\/fi\/tuotemerkit\/","name":"Tuotemerkit | T\u00f5uksimaailm | Inokim | Vsett | Kaabo | Xiaomi | Segway Ninebot","isPartOf":{"@id":"https:\/\/www.xn--tuksimaailm-ffb.ee\/fi\/#website"},"datePublished":"2021-12-20T17:34:47+00:00","dateModified":"2023-01-18T15:19:45+00:00","description":"T\u00f5uksimaailm - laadukkaat s\u00e4hk\u00f6potkulaudan merkit Inokim, Vsett, Kaabo, Xiaomi, Segway Ninebot, Nanrobot, Techlife, Minimotors Dualtron.","breadcrumb":{"@id":"https:\/\/www.xn--tuksimaailm-ffb.ee\/fi\/tuotemerkit\/#breadcrumb"},"inLanguage":"fi","potentialAction":[{"@type":"ReadAction","target":["https:\/\/www.xn--tuksimaailm-ffb.ee\/fi\/tuotemerkit\/"]}]},{"@type":"BreadcrumbList","@id":"https:\/\/www.xn--tuksimaailm-ffb.ee\/fi\/tuotemerkit\/#breadcrumb","itemListElement":[{"@type":"ListItem","position":1,"name":"Home","item":"https:\/\/www.xn--tuksimaailm-ffb.ee\/fi\/kotisivu\/"},{"@type":"ListItem","position":2,"name":"Tuotemerkit"}]},{"@type":"WebSite","@id":"https:\/\/www.xn--tuksimaailm-ffb.ee\/fi\/#website","url":"https:\/\/www.xn--tuksimaailm-ffb.ee\/fi\/","name":"T\u00f5uksimaailm","description":"Elektrit\u00f5ukerataste m\u00fc\u00fck, remont ja rent","publisher":{"@id":"https:\/\/www.xn--tuksimaailm-ffb.ee\/fi\/#organization"},"potentialAction":[{"@type":"SearchAction","target":{"@type":"EntryPoint","urlTemplate":"https:\/\/www.xn--tuksimaailm-ffb.ee\/fi\/?s={search_term_string}"},"query-input":{"@type":"PropertyValueSpecification","valueRequired":true,"valueName":"search_term_string"}}],"inLanguage":"fi"},{"@type":"Organization","@id":"https:\/\/www.xn--tuksimaailm-ffb.ee\/fi\/#organization","name":"T\u00f5uksimaailm","url":"https:\/\/www.xn--tuksimaailm-ffb.ee\/fi\/","logo":{"@type":"ImageObject","inLanguage":"fi","@id":"https:\/\/www.xn--tuksimaailm-ffb.ee\/fi\/#\/schema\/logo\/image\/","url":"https:\/\/www.xn--tuksimaailm-ffb.ee\/wp-content\/uploads\/2020\/01\/logoz-e1579792875517.png","contentUrl":"https:\/\/www.xn--tuksimaailm-ffb.ee\/wp-content\/uploads\/2020\/01\/logoz-e1579792875517.png","width":250,"height":250,"caption":"T\u00f5uksimaailm"},"image":{"@id":"https:\/\/www.xn--tuksimaailm-ffb.ee\/fi\/#\/schema\/logo\/image\/"},"sameAs":["https:\/\/www.facebook.com\/touksimaailm\/","https:\/\/www.instagram.com\/touksimaailm_\/","https:\/\/www.youtube.com\/channel\/UC18ml0EKIDLP1xGuQjFzcXQ"]}]}},"jetpack_sharing_enabled":true,"_links":{"self":[{"href":"https:\/\/www.xn--tuksimaailm-ffb.ee\/fi\/wp-json\/wp\/v2\/pages\/26092","targetHints":{"allow":["GET"]}}],"collection":[{"href":"https:\/\/www.xn--tuksimaailm-ffb.ee\/fi\/wp-json\/wp\/v2\/pages"}],"about":[{"href":"https:\/\/www.xn--tuksimaailm-ffb.ee\/fi\/wp-json\/wp\/v2\/types\/page"}],"author":[{"embeddable":true,"href":"https:\/\/www.xn--tuksimaailm-ffb.ee\/fi\/wp-json\/wp\/v2\/users\/2"}],"replies":[{"embeddable":true,"href":"https:\/\/www.xn--tuksimaailm-ffb.ee\/fi\/wp-json\/wp\/v2\/comments?post=26092"}],"version-history":[{"count":33,"href":"https:\/\/www.xn--tuksimaailm-ffb.ee\/fi\/wp-json\/wp\/v2\/pages\/26092\/revisions"}],"predecessor-version":[{"id":28428,"href":"https:\/\/www.xn--tuksimaailm-ffb.ee\/fi\/wp-json\/wp\/v2\/pages\/26092\/revisions\/28428"}],"wp:attachment":[{"href":"https:\/\/www.xn--tuksimaailm-ffb.ee\/fi\/wp-json\/wp\/v2\/media?parent=26092"}],"curies":[{"name":"wp","href":"https:\/\/api.w.org\/{rel}","templated":true}]}}