{"id":26298,"date":"2020-01-23T12:06:14","date_gmt":"2020-01-23T10:06:14","guid":{"rendered":"http:\/\/www.xn--tuksimaailm-ffb.ee\/yhteys\/"},"modified":"2025-11-01T12:38:58","modified_gmt":"2025-11-01T10:38:58","slug":"yhteys","status":"publish","type":"page","link":"https:\/\/www.xn--tuksimaailm-ffb.ee\/fi\/yhteys\/","title":{"rendered":"Yhteystiedot | Edustajat"},"content":{"rendered":"\n<p><p>T\u00f5uksimaailman edustajat - <strong>s\u00e4hk\u00f6potkulautat, s\u00e4hk\u00f6py\u00f6r\u00e4t, s\u00e4hk\u00f6potkulaudat, s\u00e4hk\u00f6moottoripy\u00f6r\u00e4t<\/strong> ja niiden <strong>varaosien \/ lis\u00e4varusteiden<\/strong> myym\u00e4l\u00e4t sek\u00e4 korjaamot sijaitsevat:<\/p><\/p>\n\n\n\n<ol class=\"wp-block-list\">\n<li>P\u00f5hja-Tallinna, Kalamaja, T\u00f6\u00f6stuse 47a (Ty\u00f6paja, Volta rakennus) ja T\u00f6\u00f6stuse 48 (kauppa):\n<ul class=\"wp-block-list\">\n<li><p>Myym\u00e4l\u00e4: <strong>+372&nbsp;<\/strong><strong>5354 7011<\/strong>&nbsp;(EE \/ EN \/ RU \/ FI)<\/p><\/li>\n\n\n\n<li><p>Ty\u00f6paja: <strong>+372&nbsp;<\/strong><strong>5650 5933<\/strong>&nbsp;(EE \/ EN)<\/p><\/li>\n\n\n\n<li><p>Vuokraus: <strong>+372 5303 4581<\/strong> \/ <strong>rent@touksimaailm.ee<\/strong><\/p><\/li>\n\n\n\n<li><p>S\u00e4hk\u00f6posti:<strong> tallinn@touksimaailm.ee<\/strong><\/p><\/li>\n<\/ul>\n<\/li>\n\n\n\n<li>Tartu, Aardla 23:\n<ul class=\"wp-block-list\">\n<li><p>Myym\u00e4l\u00e4\/ty\u00f6paja\/ymp\u00e4r\u00f6iv\u00e4t tiedot:&nbsp;+<strong>372 5457 2804<\/strong> (EE \/ EN)<\/p><\/li>\n\n\n\n<li><p>S\u00e4hk\u00f6postiosoite: <strong>tartu@touksimaailm.ee<\/strong><\/p><\/li>\n<\/ul>\n<\/li>\n<\/ol>\n\n\n\n<p>Tulka k\u00e4ym\u00e4\u00e4n! Meill\u00e4 on mahdollisuus kokeilla tuotteitamme, kuten s\u00e4hk\u00f6potkulautoja, s\u00e4hk\u00f6py\u00f6ri\u00e4, s\u00e4hk\u00f6potkulautoja ja s\u00e4hk\u00f6moottoripy\u00f6ri\u00e4, salongillamme. Valitse tarpeisiisi parhaiten sopiva s\u00e4hk\u00f6potkulauta, jokin muu s\u00e4hk\u00f6k\u00e4ytt\u00f6inen ajoneuvo tai kysy vain neuvoja.<\/p>\n\n\n\n<p>Muut yhteystiedot:<\/p>\n\n\n\n<p><div class=\"flex flex-grow flex-col max-w-full\"><div class=\"min-h-[20px] text-message flex flex-col items-start gap-3 whitespace-pre-wrap break-words [.text-message+&amp;]:mt-5 overflow-x-auto\" data-message-author-role=\"assistant\" data-message-id=\"16fa3466-2bbf-4e7d-bae8-3f15359012d6\"><div class=\"markdown prose w-full break-words dark:prose-invert light\"><p>Hintatiedustelut, yleistiedot, yhteisty\u00f6ehdotukset ja laskuihin liittyv\u00e4t kysymykset: <strong><a target=\"_new\" rel=\"noopener\">info@touksimaailm.ee<br\/><\/a><\/strong>Tiedot verkkokaupan tilauksista ja varastosaldoista: <strong>+372 5650 5933<\/strong>\u00a0(EE \/ EN)<br\/>Yhteisty\u00f6ehdotukset, yleistiedot:<strong> +372\u00a0<\/strong><strong>5354 7011<\/strong>\u00a0(EE \/ EN)<br\/>S\u00e4hk\u00f6potkulautojen vuokrauksen infopuhelin: <strong>+372 5303 4581<\/strong> (EE \/ EN)\u00a0<span style=\"background-color: #eeeeee;\">\/\u00a0<\/span><strong>rent@touksimaailm.ee<\/strong><\/p><\/div><\/div><\/div><\/p>\n\n\n\n<hr class=\"wp-block-separator has-css-opacity\"\/>\n\n\n\n<div class=\"wp-block-columns is-layout-flex wp-container-core-columns-is-layout-9d6595d7 wp-block-columns-is-layout-flex\">\n<div class=\"wp-block-column is-layout-flow wp-block-column-is-layout-flow\" style=\"flex-basis:25%\"><\/div>\n\n\n\n<div class=\"wp-block-column is-layout-flow wp-block-column-is-layout-flow\" style=\"flex-basis:50%\">\n<div class=\"wp-block-columns is-layout-flex wp-container-core-columns-is-layout-9d6595d7 wp-block-columns-is-layout-flex\">\n<div class=\"wp-block-column is-layout-flow wp-block-column-is-layout-flow\">\n<p class=\"has-text-align-center\"><\/p>\n\n\n\n<p>Tallinnan toimisto on avoinna:<br><strong>E-R 10:00-18:00<\/strong><br><strong>L-P \u2013 Suljettu<\/strong><\/p>\n\n\n\n<p><\/p>\n<\/div>\n\n\n\n<div class=\"wp-block-column is-layout-flow wp-block-column-is-layout-flow\">\n<p class=\"has-text-align-center\"><\/p>\n\n\n\n<p>Tallinnan ty\u00f6paja on avoinna:<br><strong>E-R 10:00-18:00<\/strong><br><strong>L-P \u2013 Suljettu<\/strong><\/p>\n\n\n\n<p><\/p>\n<\/div>\n<\/div>\n<\/div>\n\n\n\n<div class=\"wp-block-column is-layout-flow wp-block-column-is-layout-flow\" style=\"flex-basis:25%\"><\/div>\n<\/div>\n\n\n\n<div class=\"wp-block-column is-layout-flow wp-block-column-is-layout-flow\">\n<p class=\"has-text-align-center\"><\/p>\n\n\n\n<p>Tarton toimisto ja ty\u00f6paja avoinna:<br><strong>E-R 10:00-18:00<\/strong><br><strong>L-P \u2013 Suljettu<\/strong><\/p>\n\n\n\n<p><\/p>\n<\/div>\n\n\n<p><!-- \/wp:post-content --><\/p>\n<p><!-- \/wp:group --><\/p>\n<p><!-- wp:separator --><\/p>\n<div class=\"wp-block-group\">\n<div class=\"wp-block-columns\">\n<div class=\"wp-block-column\" style=\"padding: 0 0.5rem 0 0.5rem;\"><iframe style=\"border: 0;\" src=\"https:\/\/www.google.com\/maps\/embed?pb=!1m18!1m12!1m3!1d507.02255093018425!2d24.726500029267815!3d59.4482470988563!2m3!1f0!2f0!3f0!3m2!1i1024!2i768!4f13.1!3m3!1m2!1s0x469293788c483b79%3A0x423c9a86b7be3e55!2sT%C3%B6%C3%B6stuse%2047a%2C%2010411%20Tallinn!5e0!3m2!1sen!2see!4v1579785889071!5m2!1sen!2see\" width=\"400\" height=\"450\" frameborder=\"0\" allowfullscreen=\"allowfullscreen\"><\/iframe><br \/><!-- \/wp:html --><\/div>\n<div class=\"wp-block-column\" style=\"padding: 0 0.5rem 0 0.5rem; text-align: right;\"><iframe style=\"border: 0;\" src=\"https:\/\/www.google.com\/maps\/embed?pb=!1m18!1m12!1m3!1d622.3202634705681!2d26.717414881299987!3d58.355834350854366!2m3!1f0!2f0!3f0!3m2!1i1024!2i768!4f13.1!3m3!1m2!1s0x46eb3739900ecd33%3A0x5d6ef45c88c4048d!2sAardla%2023%2C%2050110%20Tartu!5e0!3m2!1set!2see!4v1684965237357!5m2!1set!2see\" width=\"400\" height=\"450\" allowfullscreen=\"allowfullscreen\"><\/iframe><\/div>\n<\/div>\n<p><!-- \/wp:columns --><\/p>\n<\/div>\n<p><!-- \/wp:group --><\/p>\n<p><!-- wp:separator --><\/p>\n<hr class=\"wp-block-separator\" \/><!-- \/wp:separator -->\n<p><!-- wp:paragraph {\"align\":\"center\"} --><\/p>\n<p class=\"has-text-align-center\">ExoCool O\u00dc <br \/>Y-tunnus: 12857616 <br \/>ALV-numero: EE102121227 <br \/>T\u00f6\u00f6stuse 47a, Tallinn, 10416<\/p>\n<p><!-- \/wp:paragraph --><\/p>","protected":false},"excerpt":{"rendered":"<p>T\u00f5uksimaailman edustajat - s\u00e4hk\u00f6potkulautat, s\u00e4hk\u00f6py\u00f6r\u00e4t, s\u00e4hk\u00f6potkulaudat, s\u00e4hk\u00f6moottoripy\u00f6r\u00e4t ja niiden varaosien \/ lis\u00e4varusteiden myym\u00e4l\u00e4t sek\u00e4 korjaamot sijaitsevat: Tulka k\u00e4ym\u00e4\u00e4n! Meill\u00e4 on mahdollisuus kokeilla tuotteitamme, kuten s\u00e4hk\u00f6potkulautoja, s\u00e4hk\u00f6py\u00f6ri\u00e4, s\u00e4hk\u00f6potkulautoja ja s\u00e4hk\u00f6moottoripy\u00f6ri\u00e4, salongillamme. Valitse tarpeisiisi parhaiten sopiva s\u00e4hk\u00f6potkulauta, jokin muu s\u00e4hk\u00f6k\u00e4ytt\u00f6inen ajoneuvo tai kysy vain neuvoja. Muut yhteystiedot: Hintatiedustelut, yleistiedot, yhteisty\u00f6ehdotukset ja laskuihin &hellip;<\/p>\n","protected":false},"author":1,"featured_media":24488,"parent":0,"menu_order":0,"comment_status":"closed","ping_status":"closed","template":"","meta":{"footnotes":""},"class_list":["post-26298","page","type-page","status-publish","has-post-thumbnail","hentry"],"yoast_head":"<!-- This site is optimized with the Yoast SEO Premium plugin v26.8 (Yoast SEO v27.5) - https:\/\/yoast.com\/product\/yoast-seo-premium-wordpress\/ -->\n<title>Yhteystiedot | Edustajat | T\u00f5uksimaailm | Tule tutvu elektris\u00f5idukitega!<\/title>\n<meta name=\"description\" content=\"T\u00f5uksimaailma esindused, t\u00f6\u00f6koda ja elektrit\u00f5ukerataste, elektrirataste, elektrirollerite ja elektrimootorrataste poed. Tulge proovis\u00f5idule\" \/>\n<meta name=\"robots\" content=\"index, follow, max-snippet:-1, max-image-preview:large, max-video-preview:-1\" \/>\n<link rel=\"canonical\" href=\"https:\/\/www.xn--tuksimaailm-ffb.ee\/fi\/yhteys\/\" \/>\n<meta property=\"og:locale\" content=\"fi_FI\" \/>\n<meta property=\"og:type\" content=\"article\" \/>\n<meta property=\"og:title\" content=\"Yhteystiedot | Edustajat\" \/>\n<meta property=\"og:description\" content=\"T\u00f5uksimaailma esindused, t\u00f6\u00f6koda ja elektrit\u00f5ukerataste, elektrirataste, elektrirollerite ja elektrimootorrataste poed. Tulge proovis\u00f5idule\" \/>\n<meta property=\"og:url\" content=\"https:\/\/www.xn--tuksimaailm-ffb.ee\/fi\/yhteys\/\" \/>\n<meta property=\"og:site_name\" content=\"T\u00f5uksimaailm\" \/>\n<meta property=\"article:publisher\" content=\"https:\/\/www.facebook.com\/touksimaailm\/\" \/>\n<meta property=\"article:modified_time\" content=\"2025-11-01T10:38:58+00:00\" \/>\n<meta property=\"og:image\" content=\"https:\/\/www.xn--tuksimaailm-ffb.ee\/wp-content\/uploads\/2022\/01\/Touksimaailm-vaaike.jpg\" \/>\n\t<meta property=\"og:image:width\" content=\"1828\" \/>\n\t<meta property=\"og:image:height\" content=\"751\" \/>\n\t<meta property=\"og:image:type\" content=\"image\/jpeg\" \/>\n<meta name=\"twitter:card\" content=\"summary_large_image\" \/>\n<meta name=\"twitter:label1\" content=\"Arvioitu lukuaika\" \/>\n\t<meta name=\"twitter:data1\" content=\"2 minuuttia\" \/>\n<!-- \/ Yoast SEO Premium plugin. -->","yoast_head_json":{"title":"Yhteystiedot | Edustajat | T\u00f5uksimaailm | Tule tutvu elektris\u00f5idukitega!","description":"T\u00f5uksimaailma esindused, t\u00f6\u00f6koda ja elektrit\u00f5ukerataste, elektrirataste, elektrirollerite ja elektrimootorrataste poed. Tulge proovis\u00f5idule","robots":{"index":"index","follow":"follow","max-snippet":"max-snippet:-1","max-image-preview":"max-image-preview:large","max-video-preview":"max-video-preview:-1"},"canonical":"https:\/\/www.xn--tuksimaailm-ffb.ee\/fi\/yhteys\/","og_locale":"fi_FI","og_type":"article","og_title":"Yhteystiedot | Edustajat","og_description":"T\u00f5uksimaailma esindused, t\u00f6\u00f6koda ja elektrit\u00f5ukerataste, elektrirataste, elektrirollerite ja elektrimootorrataste poed. Tulge proovis\u00f5idule","og_url":"https:\/\/www.xn--tuksimaailm-ffb.ee\/fi\/yhteys\/","og_site_name":"T\u00f5uksimaailm","article_publisher":"https:\/\/www.facebook.com\/touksimaailm\/","article_modified_time":"2025-11-01T10:38:58+00:00","og_image":[{"width":1828,"height":751,"url":"https:\/\/www.xn--tuksimaailm-ffb.ee\/wp-content\/uploads\/2022\/01\/Touksimaailm-vaaike.jpg","type":"image\/jpeg"}],"twitter_card":"summary_large_image","twitter_misc":{"Arvioitu lukuaika":"2 minuuttia"},"schema":{"@context":"https:\/\/schema.org","@graph":[{"@type":"WebPage","@id":"https:\/\/www.xn--tuksimaailm-ffb.ee\/fi\/yhteys\/","url":"https:\/\/www.xn--tuksimaailm-ffb.ee\/fi\/yhteys\/","name":"Yhteystiedot | Edustajat | T\u00f5uksimaailm | Tule tutvu elektris\u00f5idukitega!","isPartOf":{"@id":"https:\/\/www.xn--tuksimaailm-ffb.ee\/fi\/#website"},"primaryImageOfPage":{"@id":"https:\/\/www.xn--tuksimaailm-ffb.ee\/fi\/yhteys\/#primaryimage"},"image":{"@id":"https:\/\/www.xn--tuksimaailm-ffb.ee\/fi\/yhteys\/#primaryimage"},"thumbnailUrl":"https:\/\/www.xn--tuksimaailm-ffb.ee\/wp-content\/uploads\/2022\/01\/Touksimaailm-vaaike.jpg","datePublished":"2020-01-23T10:06:14+00:00","dateModified":"2025-11-01T10:38:58+00:00","description":"T\u00f5uksimaailma esindused, t\u00f6\u00f6koda ja elektrit\u00f5ukerataste, elektrirataste, elektrirollerite ja elektrimootorrataste poed. Tulge proovis\u00f5idule","breadcrumb":{"@id":"https:\/\/www.xn--tuksimaailm-ffb.ee\/fi\/yhteys\/#breadcrumb"},"inLanguage":"fi","potentialAction":[{"@type":"ReadAction","target":["https:\/\/www.xn--tuksimaailm-ffb.ee\/fi\/yhteys\/"]}]},{"@type":"ImageObject","inLanguage":"fi","@id":"https:\/\/www.xn--tuksimaailm-ffb.ee\/fi\/yhteys\/#primaryimage","url":"https:\/\/www.xn--tuksimaailm-ffb.ee\/wp-content\/uploads\/2022\/01\/Touksimaailm-vaaike.jpg","contentUrl":"https:\/\/www.xn--tuksimaailm-ffb.ee\/wp-content\/uploads\/2022\/01\/Touksimaailm-vaaike.jpg","width":1828,"height":751},{"@type":"BreadcrumbList","@id":"https:\/\/www.xn--tuksimaailm-ffb.ee\/fi\/yhteys\/#breadcrumb","itemListElement":[{"@type":"ListItem","position":1,"name":"Home","item":"https:\/\/www.xn--tuksimaailm-ffb.ee\/fi\/kotisivu\/"},{"@type":"ListItem","position":2,"name":"Yhteystiedot | Edustajat"}]},{"@type":"WebSite","@id":"https:\/\/www.xn--tuksimaailm-ffb.ee\/fi\/#website","url":"https:\/\/www.xn--tuksimaailm-ffb.ee\/fi\/","name":"T\u00f5uksimaailm","description":"Elektrit\u00f5ukerataste m\u00fc\u00fck, remont ja rent","publisher":{"@id":"https:\/\/www.xn--tuksimaailm-ffb.ee\/fi\/#organization"},"potentialAction":[{"@type":"SearchAction","target":{"@type":"EntryPoint","urlTemplate":"https:\/\/www.xn--tuksimaailm-ffb.ee\/fi\/?s={search_term_string}"},"query-input":{"@type":"PropertyValueSpecification","valueRequired":true,"valueName":"search_term_string"}}],"inLanguage":"fi"},{"@type":"Organization","@id":"https:\/\/www.xn--tuksimaailm-ffb.ee\/fi\/#organization","name":"T\u00f5uksimaailm","url":"https:\/\/www.xn--tuksimaailm-ffb.ee\/fi\/","logo":{"@type":"ImageObject","inLanguage":"fi","@id":"https:\/\/www.xn--tuksimaailm-ffb.ee\/fi\/#\/schema\/logo\/image\/","url":"https:\/\/www.xn--tuksimaailm-ffb.ee\/wp-content\/uploads\/2020\/01\/logoz-e1579792875517.png","contentUrl":"https:\/\/www.xn--tuksimaailm-ffb.ee\/wp-content\/uploads\/2020\/01\/logoz-e1579792875517.png","width":250,"height":250,"caption":"T\u00f5uksimaailm"},"image":{"@id":"https:\/\/www.xn--tuksimaailm-ffb.ee\/fi\/#\/schema\/logo\/image\/"},"sameAs":["https:\/\/www.facebook.com\/touksimaailm\/","https:\/\/www.instagram.com\/touksimaailm_\/","https:\/\/www.youtube.com\/channel\/UC18ml0EKIDLP1xGuQjFzcXQ"]}]}},"jetpack_sharing_enabled":true,"_links":{"self":[{"href":"https:\/\/www.xn--tuksimaailm-ffb.ee\/fi\/wp-json\/wp\/v2\/pages\/26298","targetHints":{"allow":["GET"]}}],"collection":[{"href":"https:\/\/www.xn--tuksimaailm-ffb.ee\/fi\/wp-json\/wp\/v2\/pages"}],"about":[{"href":"https:\/\/www.xn--tuksimaailm-ffb.ee\/fi\/wp-json\/wp\/v2\/types\/page"}],"author":[{"embeddable":true,"href":"https:\/\/www.xn--tuksimaailm-ffb.ee\/fi\/wp-json\/wp\/v2\/users\/1"}],"replies":[{"embeddable":true,"href":"https:\/\/www.xn--tuksimaailm-ffb.ee\/fi\/wp-json\/wp\/v2\/comments?post=26298"}],"version-history":[{"count":12,"href":"https:\/\/www.xn--tuksimaailm-ffb.ee\/fi\/wp-json\/wp\/v2\/pages\/26298\/revisions"}],"predecessor-version":[{"id":70756,"href":"https:\/\/www.xn--tuksimaailm-ffb.ee\/fi\/wp-json\/wp\/v2\/pages\/26298\/revisions\/70756"}],"wp:featuredmedia":[{"embeddable":true,"href":"https:\/\/www.xn--tuksimaailm-ffb.ee\/fi\/wp-json\/wp\/v2\/media\/24488"}],"wp:attachment":[{"href":"https:\/\/www.xn--tuksimaailm-ffb.ee\/fi\/wp-json\/wp\/v2\/media?parent=26298"}],"curies":[{"name":"wp","href":"https:\/\/api.w.org\/{rel}","templated":true}]}}